{"id":994,"date":"2019-04-07T12:04:37","date_gmt":"2019-04-07T12:04:37","guid":{"rendered":"https:\/\/basicincomeday.org\/ubi\/?page_id=994"},"modified":"2019-04-07T12:04:37","modified_gmt":"2019-04-07T12:04:37","slug":"pourquoi-le-jour-du-revenue-de-base-sur-le-1er-mai","status":"publish","type":"page","link":"https:\/\/basicincomeday.org\/ubi\/pourquoi-le-jour-du-revenue-de-base-sur-le-1er-mai\/","title":{"rendered":"Pourquoi le Jour du Revenue de Base sur le 1er Mai?"},"content":{"rendered":"<h3><img loading=\"lazy\" decoding=\"async\" class=\"alignright wp-image-549 size-medium\" src=\"https:\/\/basicincomeday.org\/ubi\/wp-content\/uploads\/2015\/05\/labor-300x225.jpg\" alt=\"\" width=\"300\" height=\"225\" srcset=\"https:\/\/basicincomeday.org\/ubi\/wp-content\/uploads\/2015\/05\/labor-300x225.jpg 300w, https:\/\/basicincomeday.org\/ubi\/wp-content\/uploads\/2015\/05\/labor.jpg 500w\" sizes=\"auto, (max-width: 300px) 100vw, 300px\" \/>La Journ\u00e9e du Revenu de Base est une excellente id\u00e9e, surtout le 1er Mai!<\/h3>\n<p>Dans un r\u00e9cent article d&#8217;opinion publi\u00e9 e 2 mai 2015, <a href=\"https:\/\/basicincome.org\/news\/2015\/05\/basic-income-day-is-a-great-idea-but-not-on-may-day\/\">https:\/\/basicincome.org\/news\/2015\/05\/basic-income-day-is-a-great-idea-but-not-on-may-day\/<\/a> , Jurgen De Wispelaere a plaid\u00e9 en faveur de la n\u00e9cessit\u00e9 de mettre le Jour du Revenu de Base \u00e0 une autre date\u00a0 que le 1er mai, la journ\u00e9e de la F\u00eate du Travail. En tant qu\u2019organisateur de l\u2019engagement de la communaut\u00e9 Reddit Basic Income\u00a0 <a href=\"https:\/\/www.reddit.com\/r\/BasicIncome\/wiki\/index\">https:\/\/www.reddit.com\/r\/BasicIncome\/wiki\/index<\/a> dans la promotion de la Journ\u00e9e du Revenu de Base au cours des deux derni\u00e8res ann\u00e9es, j\u2019ai \u00e9t\u00e9 invit\u00e9 \u00e0 r\u00e9pondre \u00e0 ses critiques. Ceci est ma r\u00e9ponse et je vais commencer par une question.<\/p>\n<h3>Pourquoi le mouvement ouvrier existe-t-il?<\/h3>\n<p>R\u00e9fl\u00e9chissez-y un instant. Quel est le but ultime de tout mouvement syndical? D&#8217;o\u00f9 vient-il? O\u00f9 se situe-t-il\u00a0 aujourd\u2019hui? O\u00f9 sera-t-il dans 50 ans? Et comment respecter au mieux l\u2019histoire du mouvement ouvriers? Dans un article r\u00e9cent publi\u00e9 par la revue am\u00e9ricaine Jacobin, l\u2019\u00e9crivain Peter Frase plaide en faveur de ce qu\u2019il appelle un \u00abludisme \u00e9clair\u00e9\u00bb dans lequel il n\u2019y aurait plus, dans la logique du travail, un parti pris \u00e0 courte vue contre les nouvelles technologies innovantes. Les technologies de pointe doivent \u00eatre accueillies pour tout ce qu\u2019elles sont capables de faire. Si une machine peut faire le travail de quelqu\u2019un mieux et moins cher, il faut l\u2019accepter. Le probl\u00e8me, ce n\u2019est pas l\u2019\u00e9limination d\u2019emplois par la technologie, mais la mauvaise distribution des gains qu\u2019elle apporte. Que faire? Selon Peter Frase&#8230;.<\/p>\n<p>\u00ab<em>Obtenir le partage des fruits de l\u2018automatisation pour tous demande la victoire au niveau de\u00a0<\/em><em>l\u2019\u00c9tat plut\u00f4t qu\u2019au niveau de l\u2019entreprise. Ce qui peut se faire gr\u00e2ce \u00e0 une allocation universelle, allocation garantie \u00e0 tous les citoyens, et compl\u00e8tement ind\u00e9pendante de l\u2019emploi. Si elle est propuls\u00e9e par des forces progressistes, <\/em><em>Cette allocation peut devenir une r\u00e9forme non r\u00e9formiste qui doit aussi acc\u00e9l\u00e9rer l\u2019automatisation si on fabrique des machines plus comp\u00e9titives que les travailleurs les mieux plac\u00e9s pour refuser les bas salaires. Cela permet aussi de faciliter l\u2019organisation du travail en agissant comme un fonds de gr\u00e8ve et un coussin contre la menace du ch\u00f4mage. <\/em><em>Cette allocation universelle permettrait aux travailleurs de se d\u00e9fendre et de mettre en \u0153uvre une \u00e9conomie post raret\u00e9 d\u00e9velopp\u00e9e ; elle pourrait rompre le faux choix entre travailleurs bien pay\u00e9s et machines \u00e9conomisant le travail, syndicats contre progr\u00e8s techniques.\u00a0<\/em><em>Il faut comprendre quelques id\u00e9es importantes. Au XXI\u00e8me si\u00e8cle, le mouvement ouvrier aura besoin d\u2019obtenir un revenu de base pour remporter une victoire d\u00e9cisive de fa\u00e7on non seulement \u00e0 ce que les gains de la technologie ne continuent pas de tomber dans les mains de ceux qui poss\u00e8dent le capital, mais aussi pour renforcer r\u00e9ellement le mouvement ouvrier lui-m\u00eame en \u00e9tablissant un potentiel massif de gr\u00e8ve g\u00e9n\u00e9rale sans \u00e9quivalent dans l\u2019histoire.\u00a0<\/em><em>Qui plus est, en donnant la possibilit\u00e9 \u00e0 tous les travailleurs de refuser un salaire et des conditions de travail, leur pouvoir de n\u00e9gociation augmentera\u00bb<\/em><\/p>\n<p><em>\u00a0<\/em>Quelques id\u00e9es tr\u00e8s importantes doivent \u00eatre reprises ici. Au 21\u00e8me si\u00e8cle, le Revenu de Base Universel devrait \u00eatre la revendication essentielle des syndicats,\u00a0 non seulement pour conqu\u00e9rir les avantages de la technologie et d\u2019\u00e9viter de tomber entre les mains des propri\u00e9taires du capital, mais aussi pour renforcer le pouvoir du mouvement ouvrier lui-m\u00eame en permettant un \u00e9norme potentiel de gr\u00e8ve g\u00e9n\u00e9rale comme jamais auparavant dans toute l&#8217;histoire. De plus, en donnant \u00e0 tous les travailleurs la possibilit\u00e9 de dire \u00abnon\u00bb \u00e0 des salaires et conditions insatisfaisants, le pouvoir de n\u00e9gociation de chaque travailleur sera accru avec le Revenu de Base Universel.<\/p>\n<blockquote><p><strong>En d&#8217;autres termes, le Revenu de Base Universel n&#8217;est pas l&#8217;ennemi du mouvement ouvrier. C\u2019est son meilleur ami\u00a0!<\/strong><\/p><\/blockquote>\n<p>C\u2019est pour cette raison qu\u2019une journ\u00e9e comme le 1<sup>er<\/sup> Mai, F\u00eate du travail, devrait dans les ann\u00e9es \u00e0 venir\u00a0 se concentrer\u00a0 autour de l\u2019id\u00e9e de mettre la technologie au service des travailleurs &#8211; tous les travailleurs &#8211; y compris ceux qui participent \u00e0 toutes les formes de travail non r\u00e9mun\u00e9r\u00e9 impliquant aussi les jobs nouveaux qui \u00e9mergent par la transition vers un nouveau march\u00e9 de travail.\u00a0 C\u2019est \u00e7a la LUTTE du 21\u00e8me si\u00e8cle, la lutte pour le Revenu de Base Universel\u00a0!<\/p>\n<p>La Journ\u00e9e du Revenu de Base n\u2019est pas antagoniste avec le 1er Mai,\u00a0 F\u00eate du Travail. C&#8217;est synergique. Son but n\u2019est pas de s\u2019appuyer sur les r\u00e9alisations du mouvement ouvrier des si\u00e8cles pr\u00e9c\u00e9dents, mais de les honorer et de propulser le mouvement ouvrier dans un avenir de r\u00e9alisations encore plus grandes. Oui, des gens sont morts pour le mouvement syndical\u00a0! Le 1er mai,\u00a0 \u00e9v\u00e9nements en histoire:\u00a0 <a href=\"https:\/\/www.brainyhistory.com\/days\/may_1.html\">https:\/\/www.brainyhistory.com\/days\/may_1.html<\/a><\/p>\n<p>C\u2019est pour cette m\u00eame raison qu\u2019un groupe de mineurs de charbon se mit en gr\u00e8ve le 1er mai 1926. C\u2019est pour cette m\u00eame raison que la 1\u00e8re Journ\u00e9e internationale des ouvriers fut organis\u00e9e le 1er mai 1889. C\u2019est pour cette m\u00eame raison que le mouvement ouvrier\u00a0 aux \u00c9tats-Unis a appel\u00e9 \u00e0 une gr\u00e8ve g\u00e9n\u00e9rale pour la\u00a0 journ\u00e9e de travail de 8 heures le 1er mai 1886, quelques jours avant l&#8217;attentat \u00e0 la bombe perp\u00e9tr\u00e9 \u00e0 Chicago le 4 mai. Et c\u2019est pour cette m\u00eame raison essentielle qu\u2019ils \u00e9taient pr\u00e9sents \u00e0 la cr\u00e9ation de l\u2019American Equal Rights Association \u00a0le 1er mai 1866.<\/p>\n<p>Quelle est donc cette raison? La raison ultime est la r\u00e9ponse \u00e0 la question que j&#8217;ai pos\u00e9e au d\u00e9but: \u00abPourquoi le mouvement ouvrier existe-t-il?<\/p>\n<p>Le mouvement ouvrier existe parce qu&#8217;il a le droit d&#8217;exister, parce que les humains ont le droit d&#8217;exister. Le mouvement ouvrier existe parce que le travail ne doit pas seulement profiter au travailleur individuel, mais \u00e0 tous les travailleurs solidaires et m\u00eame \u00e0 toute l&#8217;humanit\u00e9 en toute solidarit\u00e9, et pas seulement aux propri\u00e9taires du capital. Et le mouvement ouvrier cessera d&#8217;exister s&#8217;il ne se rallie pas \u00e0 l&#8217;id\u00e9e du\u00a0 Revenu de Base universel, un revenu garanti pour tous. Il s\u2019agit d\u2019une question d\u2019\u00e9galit\u00e9 des droits \u00e9conomiques pour lequel\u00a0 le mouvement ouvrier doit se battre\u00a0!<\/p>\n<p>Sans cette lutte pour le revenu de base universel, les syndicats continueront \u00e0 perdre leur pouvoir\u00a0 et leur raison d\u2019\u00eatre, cette lutte ne peut plus se limiter\u00a0 \u00e0 la lutte d\u2019autrefois pour des emplois \u00e0 temps plein dans le secteur manufacturier.<\/p>\n<p>Les emplois \u00e0 temps partiel et la main-d\u2019\u0153uvre ind\u00e9pendante mondialis\u00e9e, comportant des contrats \u00e0 z\u00e9ro heure et des horaires variant continuellement rend extr\u00eamement difficile l&#8217;obtention d&#8217;un effet de levier sur le capital.<\/p>\n<p><a href=\"https:\/\/www.salon.com\/2015\/04\/21\/robert_reich_americas_flexible_economy_is_making_workers_lives_hell_partner\/\">https:\/\/www.salon.com\/2015\/04\/21\/robert_reich_americas_flexible_economy_is_making_workers_lives_hell_partner\/<\/a><\/p>\n<p>Le mouvement ouvrier a besoin du Revenu de B ase Universel ,non seulement survivre mais aussi pour avancer et prosp\u00e9rer. Les travailleurs doivent avoir la possibilit\u00e9 de choisir de travailler pour eux-m\u00eames et de refuser de travailler pour les autres, ce qui n&#8217;est possible que gr\u00e2ce au Revenu de Base\u00a0 Universel. Les travailleurs devraient \u00e9galement pouvoir b\u00e9n\u00e9ficier des b\u00e9n\u00e9fices de la technologie, gr\u00e2ce \u00e0 une augmentation des revenus ou \u00e0 une r\u00e9duction des heures de travail, \u00e0 des avantages plus importants, voire \u00e0 la propri\u00e9t\u00e9. Travailler pour les autres devrait \u00eatre un choix, et ce choix doit \u00eatre gagn\u00e9 par tous les travailleurs pour tous les travailleurs, que ce soit pour du travail traditionnel ou pas.<\/p>\n<p>C&#8217;est la Solidarit\u00e9 Universelle et c&#8217;est le jour du Revenu de Base Universel\u00a0!<\/p>\n<p>Personnellement, j\u2019estime que la Journ\u00e9e du Revenu de Base Universel est beaucoup plus respectueuse de tous ceux pour lesquels les travailleurs se sont battus au fil des temps &#8211; et certains y ont m\u00eame laiss\u00e9 leur vie .\u00a0 Au lieu de continuer \u00e0 se battre pour travailler,\u00a0 le mouvement ouvrier moderne doit se lib\u00e9rer du travail si non il s&#8217;estompe compl\u00e8tement \u00e0 mesure que le travail humain est remplac\u00e9 par les robots.<\/p>\n<p>Quel est le but d&#8217;un syndicat, de toute fa\u00e7on? Je veux dire, quand nous en arrivons \u00e0 l&#8217;objectif principal. Eh bien, quel est le but d&#8217;une entreprise automobile? Le PDG qui estime que le but d\u2019une soci\u00e9t\u00e9 automobile est de fabriquer des voitures est \u00e0 la fois incorrect et \u00e0 courte vue. Le v\u00e9ritable objectif d\u2019une entreprise automobile est de permettre le transport de ses clients d\u2019une mani\u00e8re qui ne cesse de s\u2019am\u00e9liorer. S&#8217;en tenir \u00e0 un moyen de transport existant, tel qu&#8217;une voiture, est un obstacle au progr\u00e8s. Une entreprise doit toujours rechercher des moyens d&#8217;am\u00e9liorer la qualit\u00e9 pour ses consommateurs. Les voitures ne repr\u00e9sentent pas le probl\u00e8me ultime de la fa\u00e7on de faire passer le consommateur du point A \u00e0 un point B, et l&#8217;entreprise qui ne le voit pas \u00e9chouera en tant qu&#8217;entreprise, car une autre entreprise innovera de mani\u00e8re nouvelle et meilleure.<\/p>\n<p>C\u2019est pour la m\u00eame raisonnement que les syndicats doivent cesser de se limiter \u00e0 leurs propres objectifs. Le but des syndicats est-il de se perp\u00e9tuer dans sa forme actuelle? Leur but est-il d\u2019augmenter les salaires et de r\u00e9duire les heures de travail par un pouvoir de n\u00e9gociation accru r\u00e9serv\u00e9 qu\u2019\u00e0 leurs membres? Qu&#8217;adviendra-t-il des syndicats dans un monde qui n&#8217;exige plus de travail humain? Souhaitez-vous c\u00e9l\u00e9brer le 1er mai 2050 en tant que jour de comm\u00e9moration de l&#8217;\u00e9poque o\u00f9 les syndicats existaient encore et luttaient pour le bien-\u00eatre des travailleurs\u00a0?<\/p>\n<p>Le mouvement syndical doit oser faire face \u00e0 l\u2019\u00e9poque dans laquelle nous vivons, comme le font tous les autres. La technologie et la mondialisation existent et nous devons reconna\u00eetre les effets qu\u2019elles ont d\u00e9j\u00e0 sur nous tous. Le Revenu de Base Universel est la seule et v\u00e9ritable \u00abLUTTE\u00a0\u00bb du si\u00e8cle et le mouvement ouvrier doit non seulement participer au combat, mais aussi le mener. Si l&#8217;on veut obtenir un Revenu de Base v\u00e9ritablement Universel, d&#8217;une mani\u00e8re qui, au fil du temps, devienne plus que fondamentale, il doit venir de la gauche. La droite, bien que soutenant \u00e9galement cette id\u00e9e, semble plus susceptible de soutenir une version qui privil\u00e9gie le capital au travail. L\u2019obtenir sous forme progressive\u00a0 en tant que part de la productivit\u00e9 nationale croissante\u00a0 en augmentation constante doit \u00eatre le combat de la gauche.<\/p>\n<p>La lutte syndicale pour un Revenu de Base Universel existe d\u00e9j\u00e0 , mais le\u00a0 mouvement syndical la m\u00e8ne\u00a0 sans m\u00eame le savoir\u00a0: le droit pour que \u00ab\u00a0chaque \u00eatre humain puisse profiter des\u00a0 fruits de son propre travail\u00a0\u00bb.\u00a0 Le droit \u00e0 la vie elle-m\u00eame.<\/p>\n<p>Nous avons tous droit \u00e0 un plus grand pouvoir de n\u00e9gociation.<\/p>\n<p>Nous avons tous le droit de ne plus jamais avoir \u00e0 nous soucier de notre prochain repas ou d&#8217;un toit au-dessus de nos t\u00eates. Nous avons tous le droit de faire remplacer notre travail par des machines et de b\u00e9n\u00e9ficier de ce remplacement. Nous avons donc tous droit \u00e0 un Revenu de Base Universel.<\/p>\n<p>Et c\u2019est donc \u00e7a le message de la Journ\u00e9e du Revenu de Base et de tous les travailleurs, ceux de hier et d\u2019aujourd\u2019hui\u00a0: faire de\u00a0 chaque 1<sup>er<\/sup> Mai , F\u00eate du travail,\u00a0 la journ\u00e9e du Revenu de Base Universel. Continuons cette lutte avec vous, les syndicats,\u00a0 jusqu\u2019au jour o\u00f9 nous nous rassemblons pour nous souvenir de notre pass\u00e9 o\u00f9 nous \u00e9tions oblig\u00e9s de travailler pour les autres afin d\u2019avoir le droit de\u00a0 vivre.<\/p>\n<p><strong>Source\u00a0<\/strong>: <a href=\"https:\/\/basicincome.org\/news\/2015\/05\/opinion-basic-income-day-is-a-great-idea-and-especially-on-may-day\/\" target=\"_blank\" rel=\"noopener noreferrer\">https:\/\/basicincome.org\/news\/2015\/05\/opinion-basic-income-day-is-a-great-idea-and-especially-on-may-day\/<\/a><\/p>\n<p>&nbsp;<\/p>\n<p><strong>Scott Santens:<\/strong><\/p>\n<p>\u00c9crivain vivant \u00e0 la Nouvelle-Orl\u00e9ans, en Louisiane. Mod\u00e9rateur de la communaut\u00e9<a href=\"http:\/\/www.reddit.com\/r\/BasicIncome\" target=\"_blank\" rel=\"noopener noreferrer\"> \/ r \/ BasicIncome sur Reddit<\/a> et fondateur de The BIG Patreon Creator Engage pour le crowdsourcing en ligne des revenus de base.<\/p>\n<p><strong>Traduction libre<\/strong>\u00a0: Christina Lambrecht<\/p>\n","protected":false},"excerpt":{"rendered":"<p>La Journ\u00e9e du Revenu de Base est une excellente id\u00e9e, surtout le 1er Mai! Dans un r\u00e9cent article d&#8217;opinion publi\u00e9 e 2 mai 2015, https:\/\/basicincome.org\/news\/2015\/05\/basic-income-day-is-a-great-idea-but-not-on-may-day\/ , Jurgen De Wispelaere a [&hellip;]<\/p>\n","protected":false},"author":1,"featured_media":549,"parent":0,"menu_order":0,"comment_status":"closed","ping_status":"closed","template":"","meta":{"footnotes":""},"class_list":["post-994","page","type-page","status-publish","has-post-thumbnail","hentry"],"yoast_head":"<!-- This site is optimized with the Yoast SEO plugin v27.3 - https:\/\/yoast.com\/product\/yoast-seo-wordpress\/ -->\n<title>Pourquoi le Jour du Revenue de Base sur le 1er Mai? - Basic Income Day<\/title>\n<meta name=\"robots\" content=\"index, follow, max-snippet:-1, max-image-preview:large, max-video-preview:-1\" \/>\n<link rel=\"canonical\" href=\"https:\/\/basicincomeday.org\/ubi\/pourquoi-le-jour-du-revenue-de-base-sur-le-1er-mai\/\" \/>\n<meta property=\"og:locale\" content=\"en_US\" \/>\n<meta property=\"og:type\" content=\"article\" \/>\n<meta property=\"og:title\" content=\"Pourquoi le Jour du Revenue de Base sur le 1er Mai? - Basic Income Day\" \/>\n<meta property=\"og:description\" content=\"La Journ\u00e9e du Revenu de Base est une excellente id\u00e9e, surtout le 1er Mai! Dans un r\u00e9cent article d&#8217;opinion publi\u00e9 e 2 mai 2015, https:\/\/basicincome.org\/news\/2015\/05\/basic-income-day-is-a-great-idea-but-not-on-may-day\/ , Jurgen De Wispelaere a [&hellip;]\" \/>\n<meta property=\"og:url\" content=\"https:\/\/basicincomeday.org\/ubi\/pourquoi-le-jour-du-revenue-de-base-sur-le-1er-mai\/\" \/>\n<meta property=\"og:site_name\" content=\"Basic Income Day\" \/>\n<meta property=\"og:image\" content=\"https:\/\/basicincomeday.org\/ubi\/wp-content\/uploads\/2015\/05\/labor.jpg\" \/>\n\t<meta property=\"og:image:width\" content=\"500\" \/>\n\t<meta property=\"og:image:height\" content=\"375\" \/>\n\t<meta property=\"og:image:type\" content=\"image\/jpeg\" \/>\n<meta name=\"twitter:label1\" content=\"Est. reading time\" \/>\n\t<meta name=\"twitter:data1\" content=\"10 minutes\" \/>\n<script type=\"application\/ld+json\" class=\"yoast-schema-graph\">{\"@context\":\"https:\\\/\\\/schema.org\",\"@graph\":[{\"@type\":\"WebPage\",\"@id\":\"https:\\\/\\\/basicincomeday.org\\\/ubi\\\/pourquoi-le-jour-du-revenue-de-base-sur-le-1er-mai\\\/\",\"url\":\"https:\\\/\\\/basicincomeday.org\\\/ubi\\\/pourquoi-le-jour-du-revenue-de-base-sur-le-1er-mai\\\/\",\"name\":\"Pourquoi le Jour du Revenue de Base sur le 1er Mai? - Basic Income Day\",\"isPartOf\":{\"@id\":\"https:\\\/\\\/basicincomeday.org\\\/ubi\\\/#website\"},\"primaryImageOfPage\":{\"@id\":\"https:\\\/\\\/basicincomeday.org\\\/ubi\\\/pourquoi-le-jour-du-revenue-de-base-sur-le-1er-mai\\\/#primaryimage\"},\"image\":{\"@id\":\"https:\\\/\\\/basicincomeday.org\\\/ubi\\\/pourquoi-le-jour-du-revenue-de-base-sur-le-1er-mai\\\/#primaryimage\"},\"thumbnailUrl\":\"https:\\\/\\\/basicincomeday.org\\\/ubi\\\/wp-content\\\/uploads\\\/2015\\\/05\\\/labor.jpg\",\"datePublished\":\"2019-04-07T12:04:37+00:00\",\"breadcrumb\":{\"@id\":\"https:\\\/\\\/basicincomeday.org\\\/ubi\\\/pourquoi-le-jour-du-revenue-de-base-sur-le-1er-mai\\\/#breadcrumb\"},\"inLanguage\":\"en-US\",\"potentialAction\":[{\"@type\":\"ReadAction\",\"target\":[\"https:\\\/\\\/basicincomeday.org\\\/ubi\\\/pourquoi-le-jour-du-revenue-de-base-sur-le-1er-mai\\\/\"]}]},{\"@type\":\"ImageObject\",\"inLanguage\":\"en-US\",\"@id\":\"https:\\\/\\\/basicincomeday.org\\\/ubi\\\/pourquoi-le-jour-du-revenue-de-base-sur-le-1er-mai\\\/#primaryimage\",\"url\":\"https:\\\/\\\/basicincomeday.org\\\/ubi\\\/wp-content\\\/uploads\\\/2015\\\/05\\\/labor.jpg\",\"contentUrl\":\"https:\\\/\\\/basicincomeday.org\\\/ubi\\\/wp-content\\\/uploads\\\/2015\\\/05\\\/labor.jpg\",\"width\":500,\"height\":375},{\"@type\":\"BreadcrumbList\",\"@id\":\"https:\\\/\\\/basicincomeday.org\\\/ubi\\\/pourquoi-le-jour-du-revenue-de-base-sur-le-1er-mai\\\/#breadcrumb\",\"itemListElement\":[{\"@type\":\"ListItem\",\"position\":1,\"name\":\"Home\",\"item\":\"https:\\\/\\\/basicincomeday.org\\\/ubi\\\/\"},{\"@type\":\"ListItem\",\"position\":2,\"name\":\"Pourquoi le Jour du Revenue de Base sur le 1er Mai?\"}]},{\"@type\":\"WebSite\",\"@id\":\"https:\\\/\\\/basicincomeday.org\\\/ubi\\\/#website\",\"url\":\"https:\\\/\\\/basicincomeday.org\\\/ubi\\\/\",\"name\":\"Basic Income Day\",\"description\":\"Basic Income is a Human Right\",\"potentialAction\":[{\"@type\":\"SearchAction\",\"target\":{\"@type\":\"EntryPoint\",\"urlTemplate\":\"https:\\\/\\\/basicincomeday.org\\\/ubi\\\/?s={search_term_string}\"},\"query-input\":{\"@type\":\"PropertyValueSpecification\",\"valueRequired\":true,\"valueName\":\"search_term_string\"}}],\"inLanguage\":\"en-US\"}]}<\/script>\n<!-- \/ Yoast SEO plugin. -->","yoast_head_json":{"title":"Pourquoi le Jour du Revenue de Base sur le 1er Mai? - Basic Income Day","robots":{"index":"index","follow":"follow","max-snippet":"max-snippet:-1","max-image-preview":"max-image-preview:large","max-video-preview":"max-video-preview:-1"},"canonical":"https:\/\/basicincomeday.org\/ubi\/pourquoi-le-jour-du-revenue-de-base-sur-le-1er-mai\/","og_locale":"en_US","og_type":"article","og_title":"Pourquoi le Jour du Revenue de Base sur le 1er Mai? - Basic Income Day","og_description":"La Journ\u00e9e du Revenu de Base est une excellente id\u00e9e, surtout le 1er Mai! Dans un r\u00e9cent article d&#8217;opinion publi\u00e9 e 2 mai 2015, https:\/\/basicincome.org\/news\/2015\/05\/basic-income-day-is-a-great-idea-but-not-on-may-day\/ , Jurgen De Wispelaere a [&hellip;]","og_url":"https:\/\/basicincomeday.org\/ubi\/pourquoi-le-jour-du-revenue-de-base-sur-le-1er-mai\/","og_site_name":"Basic Income Day","og_image":[{"width":500,"height":375,"url":"https:\/\/basicincomeday.org\/ubi\/wp-content\/uploads\/2015\/05\/labor.jpg","type":"image\/jpeg"}],"twitter_misc":{"Est. reading time":"10 minutes"},"schema":{"@context":"https:\/\/schema.org","@graph":[{"@type":"WebPage","@id":"https:\/\/basicincomeday.org\/ubi\/pourquoi-le-jour-du-revenue-de-base-sur-le-1er-mai\/","url":"https:\/\/basicincomeday.org\/ubi\/pourquoi-le-jour-du-revenue-de-base-sur-le-1er-mai\/","name":"Pourquoi le Jour du Revenue de Base sur le 1er Mai? - Basic Income Day","isPartOf":{"@id":"https:\/\/basicincomeday.org\/ubi\/#website"},"primaryImageOfPage":{"@id":"https:\/\/basicincomeday.org\/ubi\/pourquoi-le-jour-du-revenue-de-base-sur-le-1er-mai\/#primaryimage"},"image":{"@id":"https:\/\/basicincomeday.org\/ubi\/pourquoi-le-jour-du-revenue-de-base-sur-le-1er-mai\/#primaryimage"},"thumbnailUrl":"https:\/\/basicincomeday.org\/ubi\/wp-content\/uploads\/2015\/05\/labor.jpg","datePublished":"2019-04-07T12:04:37+00:00","breadcrumb":{"@id":"https:\/\/basicincomeday.org\/ubi\/pourquoi-le-jour-du-revenue-de-base-sur-le-1er-mai\/#breadcrumb"},"inLanguage":"en-US","potentialAction":[{"@type":"ReadAction","target":["https:\/\/basicincomeday.org\/ubi\/pourquoi-le-jour-du-revenue-de-base-sur-le-1er-mai\/"]}]},{"@type":"ImageObject","inLanguage":"en-US","@id":"https:\/\/basicincomeday.org\/ubi\/pourquoi-le-jour-du-revenue-de-base-sur-le-1er-mai\/#primaryimage","url":"https:\/\/basicincomeday.org\/ubi\/wp-content\/uploads\/2015\/05\/labor.jpg","contentUrl":"https:\/\/basicincomeday.org\/ubi\/wp-content\/uploads\/2015\/05\/labor.jpg","width":500,"height":375},{"@type":"BreadcrumbList","@id":"https:\/\/basicincomeday.org\/ubi\/pourquoi-le-jour-du-revenue-de-base-sur-le-1er-mai\/#breadcrumb","itemListElement":[{"@type":"ListItem","position":1,"name":"Home","item":"https:\/\/basicincomeday.org\/ubi\/"},{"@type":"ListItem","position":2,"name":"Pourquoi le Jour du Revenue de Base sur le 1er Mai?"}]},{"@type":"WebSite","@id":"https:\/\/basicincomeday.org\/ubi\/#website","url":"https:\/\/basicincomeday.org\/ubi\/","name":"Basic Income Day","description":"Basic Income is a Human Right","potentialAction":[{"@type":"SearchAction","target":{"@type":"EntryPoint","urlTemplate":"https:\/\/basicincomeday.org\/ubi\/?s={search_term_string}"},"query-input":{"@type":"PropertyValueSpecification","valueRequired":true,"valueName":"search_term_string"}}],"inLanguage":"en-US"}]}},"_links":{"self":[{"href":"https:\/\/basicincomeday.org\/ubi\/wp-json\/wp\/v2\/pages\/994","targetHints":{"allow":["GET"]}}],"collection":[{"href":"https:\/\/basicincomeday.org\/ubi\/wp-json\/wp\/v2\/pages"}],"about":[{"href":"https:\/\/basicincomeday.org\/ubi\/wp-json\/wp\/v2\/types\/page"}],"author":[{"embeddable":true,"href":"https:\/\/basicincomeday.org\/ubi\/wp-json\/wp\/v2\/users\/1"}],"replies":[{"embeddable":true,"href":"https:\/\/basicincomeday.org\/ubi\/wp-json\/wp\/v2\/comments?post=994"}],"version-history":[{"count":1,"href":"https:\/\/basicincomeday.org\/ubi\/wp-json\/wp\/v2\/pages\/994\/revisions"}],"predecessor-version":[{"id":995,"href":"https:\/\/basicincomeday.org\/ubi\/wp-json\/wp\/v2\/pages\/994\/revisions\/995"}],"wp:featuredmedia":[{"embeddable":true,"href":"https:\/\/basicincomeday.org\/ubi\/wp-json\/wp\/v2\/media\/549"}],"wp:attachment":[{"href":"https:\/\/basicincomeday.org\/ubi\/wp-json\/wp\/v2\/media?parent=994"}],"curies":[{"name":"wp","href":"https:\/\/api.w.org\/{rel}","templated":true}]}}