{"id":786,"date":"2016-03-12T21:30:23","date_gmt":"2016-03-12T21:30:23","guid":{"rendered":"http:\/\/basicincomeday.org\/?page_id=786"},"modified":"2016-03-12T21:30:23","modified_gmt":"2016-03-12T21:30:23","slug":"contact-form","status":"publish","type":"page","link":"https:\/\/basicincomeday.org\/ubi\/contact-form\/","title":{"rendered":"Contact form"},"content":{"rendered":"<p>If you want to contact us, send in this form. If you have an event on may 1st, please send it in to have it put on this website<\/p>\n<p>\u0410\u043a\u043e \u0438\u0441\u043a\u0430\u0442\u0435 \u0434\u0430 \u0441\u0435 \u0441\u0432\u044a\u0440\u0436\u0435\u0442\u0435 \u0441 \u043d\u0430\u0441, \u0438\u0437\u043f\u0440\u0430\u0442\u0435\u0442\u0435 \u0442\u0430\u0437\u0438 \u0444\u043e\u0440\u043c\u0430. \u0410\u043a\u043e \u0438\u043c\u0430\u0442\u0435 \u0441\u044a\u0431\u0438\u0442\u0438\u0435 \u043d\u0430 1 \u043c\u0430\u0439, \u043c\u043e\u043b\u044f \u0434\u0430 \u0433\u043e \u0438\u0437\u043f\u0440\u0430\u0442\u0438, \u0437\u0430 \u0434\u0430 \u0433\u043e \u0441\u043b\u043e\u0436\u0438 \u043d\u0430 \u0442\u043e\u0437\u0438 \u0441\u0430\u0439\u0442<\/p>\n<p>Si vis ad contactus nos mitte in hac forma. Si res May 1 mitte in induere habere website<\/p>\n<p>Se vi volas kontakti nin, sendu en tiu formo. Se vi havas okaza\u0135o sur Majo 1, bonvolu sendi \u011din en havi \u011din metis sur tiu retejo<\/p>\n<p>Si desea ponerse en contacto con nosotros, env\u00ede este formulario. Si usted tiene un evento el 1 de mayo, por favor enviarlo a tener que poner en este sitio web<\/p>\n<p>Ak n\u00e1s chcete kontaktova\u0165, zasla\u0165 v tejto podobe. Ak m\u00e1te udalos\u0165 na 1. m\u00e1ja, po\u0161lite ho pros\u00edm, aby to da\u0165 na tejto webovej str\u00e1nke<\/p>\n<p>Si vous souhaitez nous contacter, envoyez ce formulaire. Si vous avez un \u00e9v\u00e9nement le 1er mai, s&#8217;il vous pla\u00eet envoyez-le dans de l&#8217;avoir mis sur ce site<\/p>\n<p>Wenn Sie uns kontaktieren wollen, in dieser Form senden. Wenn Sie eine Veranstaltung am 1. Mai haben, bitte schicken Sie es in zu haben, es auf dieser Website stellen<\/p>\n<p>As jo wolle kontakt mei \u00fas opnimme, stjoer yn dizze foarm. As jo in evenemint op maaie 1st, stjoer it yn te hawwe it setten op dizze webside<\/p>\n<p>Jos haluat ottaa meihin yhteytt\u00e4, l\u00e4hett\u00e4\u00e4 t\u00e4ss\u00e4 muodossa. Jos sinulla on tapahtuma 1. toukokuuta, l\u00e4het\u00e4 se on se laittaa t\u00e4ll\u00e4 sivustolla<\/p>\n\n<div class=\"wpcf7 no-js\" id=\"wpcf7-f785-o1\" lang=\"nl-NL\" dir=\"ltr\" data-wpcf7-id=\"785\">\n<div class=\"screen-reader-response\"><p role=\"status\" aria-live=\"polite\" aria-atomic=\"true\"><\/p> <ul><\/ul><\/div>\n<form action=\"\/ubi\/wp-json\/wp\/v2\/pages\/786#wpcf7-f785-o1\" method=\"post\" class=\"wpcf7-form init\" aria-label=\"Contactformulier\" novalidate=\"novalidate\" data-status=\"init\">\n<fieldset class=\"hidden-fields-container\"><input type=\"hidden\" name=\"_wpcf7\" value=\"785\" \/><input type=\"hidden\" name=\"_wpcf7_version\" value=\"6.1.5\" \/><input type=\"hidden\" name=\"_wpcf7_locale\" value=\"nl_NL\" \/><input type=\"hidden\" name=\"_wpcf7_unit_tag\" value=\"wpcf7-f785-o1\" \/><input type=\"hidden\" name=\"_wpcf7_container_post\" value=\"0\" \/><input type=\"hidden\" name=\"_wpcf7_posted_data_hash\" value=\"\" \/>\n<\/fieldset>\n<p>Name*\n<\/p>\n<p><span class=\"wpcf7-form-control-wrap\" data-name=\"your-name\"><input size=\"40\" maxlength=\"400\" class=\"wpcf7-form-control wpcf7-text wpcf7-validates-as-required\" aria-required=\"true\" aria-invalid=\"false\" value=\"\" type=\"text\" name=\"your-name\" \/><\/span>\n<\/p>\n<p>E-mail*\n<\/p>\n<p><span class=\"wpcf7-form-control-wrap\" data-name=\"your-email\"><input size=\"40\" maxlength=\"400\" class=\"wpcf7-form-control wpcf7-email wpcf7-validates-as-required wpcf7-text wpcf7-validates-as-email\" aria-required=\"true\" aria-invalid=\"false\" value=\"\" type=\"email\" name=\"your-email\" \/><\/span>\n<\/p>\n<p>Subject\n<\/p>\n<p><span class=\"wpcf7-form-control-wrap\" data-name=\"your-subject\"><input size=\"40\" maxlength=\"400\" class=\"wpcf7-form-control wpcf7-text\" aria-invalid=\"false\" value=\"\" type=\"text\" name=\"your-subject\" \/><\/span>\n<\/p>\n<p>Message\n<\/p>\n<p><span class=\"wpcf7-form-control-wrap\" data-name=\"your-message\"><textarea cols=\"40\" rows=\"10\" maxlength=\"2000\" class=\"wpcf7-form-control wpcf7-textarea\" aria-invalid=\"false\" name=\"your-message\"><\/textarea><\/span>\n<\/p>\n<p><span class=\"wpcf7-form-control-wrap\" data-name=\"quiz-738\"><label><span class=\"wpcf7-quiz-label\">Over which date in may are we talking about?<\/span> <input size=\"40\" class=\"wpcf7-form-control wpcf7-quiz\" autocomplete=\"off\" aria-required=\"true\" aria-invalid=\"false\" type=\"text\" name=\"quiz-738\" \/><\/label><input type=\"hidden\" name=\"_wpcf7_quiz_answer_quiz-738\" value=\"c2740594fba40c108c45be934ce63345\" \/><\/span>\n<\/p>\n<p><input class=\"wpcf7-form-control wpcf7-submit has-spinner\" type=\"submit\" value=\"Verzenden\" \/>\n<\/p><div class=\"wpcf7-response-output\" aria-hidden=\"true\"><\/div>\n<\/form>\n<\/div>\n\n","protected":false},"excerpt":{"rendered":"<p>If you want to contact us, send in this form. If you have an event on may 1st, please send it in to have it put on this website \u0410\u043a\u043e [&hellip;]<\/p>\n","protected":false},"author":1,"featured_media":140,"parent":0,"menu_order":0,"comment_status":"closed","ping_status":"closed","template":"","meta":{"footnotes":""},"class_list":["post-786","page","type-page","status-publish","has-post-thumbnail","hentry"],"yoast_head":"<!-- This site is optimized with the Yoast SEO plugin v27.3 - https:\/\/yoast.com\/product\/yoast-seo-wordpress\/ -->\n<title>Contact form - Basic Income Day<\/title>\n<meta name=\"robots\" content=\"index, follow, max-snippet:-1, max-image-preview:large, max-video-preview:-1\" \/>\n<link rel=\"canonical\" href=\"https:\/\/basicincomeday.org\/ubi\/contact-form\/\" \/>\n<meta property=\"og:locale\" content=\"en_US\" \/>\n<meta property=\"og:type\" content=\"article\" \/>\n<meta property=\"og:title\" content=\"Contact form - Basic Income Day\" \/>\n<meta property=\"og:description\" content=\"If you want to contact us, send in this form. If you have an event on may 1st, please send it in to have it put on this website \u0410\u043a\u043e [&hellip;]\" \/>\n<meta property=\"og:url\" content=\"https:\/\/basicincomeday.org\/ubi\/contact-form\/\" \/>\n<meta property=\"og:site_name\" content=\"Basic Income Day\" \/>\n<meta property=\"og:image\" content=\"https:\/\/basicincomeday.org\/ubi\/wp-content\/uploads\/2015\/02\/EE-tu_rkis.png\" \/>\n\t<meta property=\"og:image:width\" content=\"318\" \/>\n\t<meta property=\"og:image:height\" content=\"302\" \/>\n\t<meta property=\"og:image:type\" content=\"image\/png\" \/>\n<meta name=\"twitter:label1\" content=\"Est. reading time\" \/>\n\t<meta name=\"twitter:data1\" content=\"1 minute\" \/>\n<script type=\"application\/ld+json\" class=\"yoast-schema-graph\">{\"@context\":\"https:\\\/\\\/schema.org\",\"@graph\":[{\"@type\":\"WebPage\",\"@id\":\"https:\\\/\\\/basicincomeday.org\\\/ubi\\\/contact-form\\\/\",\"url\":\"https:\\\/\\\/basicincomeday.org\\\/ubi\\\/contact-form\\\/\",\"name\":\"Contact form - Basic Income Day\",\"isPartOf\":{\"@id\":\"https:\\\/\\\/basicincomeday.org\\\/ubi\\\/#website\"},\"primaryImageOfPage\":{\"@id\":\"https:\\\/\\\/basicincomeday.org\\\/ubi\\\/contact-form\\\/#primaryimage\"},\"image\":{\"@id\":\"https:\\\/\\\/basicincomeday.org\\\/ubi\\\/contact-form\\\/#primaryimage\"},\"thumbnailUrl\":\"https:\\\/\\\/basicincomeday.org\\\/ubi\\\/wp-content\\\/uploads\\\/2015\\\/02\\\/PT-rot1.png\",\"datePublished\":\"2016-03-12T21:30:23+00:00\",\"breadcrumb\":{\"@id\":\"https:\\\/\\\/basicincomeday.org\\\/ubi\\\/contact-form\\\/#breadcrumb\"},\"inLanguage\":\"en-US\",\"potentialAction\":[{\"@type\":\"ReadAction\",\"target\":[\"https:\\\/\\\/basicincomeday.org\\\/ubi\\\/contact-form\\\/\"]}]},{\"@type\":\"ImageObject\",\"inLanguage\":\"en-US\",\"@id\":\"https:\\\/\\\/basicincomeday.org\\\/ubi\\\/contact-form\\\/#primaryimage\",\"url\":\"https:\\\/\\\/basicincomeday.org\\\/ubi\\\/wp-content\\\/uploads\\\/2015\\\/02\\\/PT-rot1.png\",\"contentUrl\":\"https:\\\/\\\/basicincomeday.org\\\/ubi\\\/wp-content\\\/uploads\\\/2015\\\/02\\\/PT-rot1.png\",\"width\":318,\"height\":302},{\"@type\":\"BreadcrumbList\",\"@id\":\"https:\\\/\\\/basicincomeday.org\\\/ubi\\\/contact-form\\\/#breadcrumb\",\"itemListElement\":[{\"@type\":\"ListItem\",\"position\":1,\"name\":\"Home\",\"item\":\"https:\\\/\\\/basicincomeday.org\\\/ubi\\\/\"},{\"@type\":\"ListItem\",\"position\":2,\"name\":\"Contact form\"}]},{\"@type\":\"WebSite\",\"@id\":\"https:\\\/\\\/basicincomeday.org\\\/ubi\\\/#website\",\"url\":\"https:\\\/\\\/basicincomeday.org\\\/ubi\\\/\",\"name\":\"Basic Income Day\",\"description\":\"Basic Income is a Human Right\",\"potentialAction\":[{\"@type\":\"SearchAction\",\"target\":{\"@type\":\"EntryPoint\",\"urlTemplate\":\"https:\\\/\\\/basicincomeday.org\\\/ubi\\\/?s={search_term_string}\"},\"query-input\":{\"@type\":\"PropertyValueSpecification\",\"valueRequired\":true,\"valueName\":\"search_term_string\"}}],\"inLanguage\":\"en-US\"}]}<\/script>\n<!-- \/ Yoast SEO plugin. -->","yoast_head_json":{"title":"Contact form - Basic Income Day","robots":{"index":"index","follow":"follow","max-snippet":"max-snippet:-1","max-image-preview":"max-image-preview:large","max-video-preview":"max-video-preview:-1"},"canonical":"https:\/\/basicincomeday.org\/ubi\/contact-form\/","og_locale":"en_US","og_type":"article","og_title":"Contact form - Basic Income Day","og_description":"If you want to contact us, send in this form. If you have an event on may 1st, please send it in to have it put on this website \u0410\u043a\u043e [&hellip;]","og_url":"https:\/\/basicincomeday.org\/ubi\/contact-form\/","og_site_name":"Basic Income Day","og_image":[{"width":318,"height":302,"url":"https:\/\/basicincomeday.org\/ubi\/wp-content\/uploads\/2015\/02\/EE-tu_rkis.png","type":"image\/png"}],"twitter_misc":{"Est. reading time":"1 minute"},"schema":{"@context":"https:\/\/schema.org","@graph":[{"@type":"WebPage","@id":"https:\/\/basicincomeday.org\/ubi\/contact-form\/","url":"https:\/\/basicincomeday.org\/ubi\/contact-form\/","name":"Contact form - Basic Income Day","isPartOf":{"@id":"https:\/\/basicincomeday.org\/ubi\/#website"},"primaryImageOfPage":{"@id":"https:\/\/basicincomeday.org\/ubi\/contact-form\/#primaryimage"},"image":{"@id":"https:\/\/basicincomeday.org\/ubi\/contact-form\/#primaryimage"},"thumbnailUrl":"https:\/\/basicincomeday.org\/ubi\/wp-content\/uploads\/2015\/02\/PT-rot1.png","datePublished":"2016-03-12T21:30:23+00:00","breadcrumb":{"@id":"https:\/\/basicincomeday.org\/ubi\/contact-form\/#breadcrumb"},"inLanguage":"en-US","potentialAction":[{"@type":"ReadAction","target":["https:\/\/basicincomeday.org\/ubi\/contact-form\/"]}]},{"@type":"ImageObject","inLanguage":"en-US","@id":"https:\/\/basicincomeday.org\/ubi\/contact-form\/#primaryimage","url":"https:\/\/basicincomeday.org\/ubi\/wp-content\/uploads\/2015\/02\/PT-rot1.png","contentUrl":"https:\/\/basicincomeday.org\/ubi\/wp-content\/uploads\/2015\/02\/PT-rot1.png","width":318,"height":302},{"@type":"BreadcrumbList","@id":"https:\/\/basicincomeday.org\/ubi\/contact-form\/#breadcrumb","itemListElement":[{"@type":"ListItem","position":1,"name":"Home","item":"https:\/\/basicincomeday.org\/ubi\/"},{"@type":"ListItem","position":2,"name":"Contact form"}]},{"@type":"WebSite","@id":"https:\/\/basicincomeday.org\/ubi\/#website","url":"https:\/\/basicincomeday.org\/ubi\/","name":"Basic Income Day","description":"Basic Income is a Human Right","potentialAction":[{"@type":"SearchAction","target":{"@type":"EntryPoint","urlTemplate":"https:\/\/basicincomeday.org\/ubi\/?s={search_term_string}"},"query-input":{"@type":"PropertyValueSpecification","valueRequired":true,"valueName":"search_term_string"}}],"inLanguage":"en-US"}]}},"_links":{"self":[{"href":"https:\/\/basicincomeday.org\/ubi\/wp-json\/wp\/v2\/pages\/786","targetHints":{"allow":["GET"]}}],"collection":[{"href":"https:\/\/basicincomeday.org\/ubi\/wp-json\/wp\/v2\/pages"}],"about":[{"href":"https:\/\/basicincomeday.org\/ubi\/wp-json\/wp\/v2\/types\/page"}],"author":[{"embeddable":true,"href":"https:\/\/basicincomeday.org\/ubi\/wp-json\/wp\/v2\/users\/1"}],"replies":[{"embeddable":true,"href":"https:\/\/basicincomeday.org\/ubi\/wp-json\/wp\/v2\/comments?post=786"}],"version-history":[{"count":1,"href":"https:\/\/basicincomeday.org\/ubi\/wp-json\/wp\/v2\/pages\/786\/revisions"}],"predecessor-version":[{"id":787,"href":"https:\/\/basicincomeday.org\/ubi\/wp-json\/wp\/v2\/pages\/786\/revisions\/787"}],"wp:featuredmedia":[{"embeddable":true,"href":"https:\/\/basicincomeday.org\/ubi\/wp-json\/wp\/v2\/media\/140"}],"wp:attachment":[{"href":"https:\/\/basicincomeday.org\/ubi\/wp-json\/wp\/v2\/media?parent=786"}],"curies":[{"name":"wp","href":"https:\/\/api.w.org\/{rel}","templated":true}]}}