{"id":753,"date":"2015-11-27T23:41:21","date_gmt":"2015-11-27T23:41:21","guid":{"rendered":"http:\/\/basicincomeday.org\/?page_id=753"},"modified":"2015-11-28T00:07:15","modified_gmt":"2015-11-28T00:07:15","slug":"tago-de-homaj-rajtoj-10-decembro-2015","status":"publish","type":"page","link":"https:\/\/basicincomeday.org\/ubi\/tago-de-homaj-rajtoj-10-decembro-2015\/","title":{"rendered":"Tago de Homaj Rajtoj  &#8211; 10 decembro 2015"},"content":{"rendered":"<div class='content-column one_third'><div style=\"padding-right:20px;\"><h3>Profilon bildo kampanjo &#8211; Tago de Homaj Rajtoj<\/h3>\n<p>La dato estis elektita honori la adopton kaj proklamon de la \u011cenerala Asembleo de Unui\u011dintaj Nacioj, la 10-an de decembro 1950, de la\u00a0<a title=\"Universala Deklaracio de Homaj Rajtoj\" href=\"https:\/\/eo.wikipedia.org\/wiki\/Universala_Deklaracio_de_Homaj_Rajtoj\" target=\"_blank\">Universala Deklaracio de Homaj Rajtoj<\/a>, la unua tutmonda elparolo de homaj rajtoj. La memortago establi\u011dis en <a title=\"1950\" href=\"https:\/\/eo.wikipedia.org\/wiki\/1950\" target=\"_blank\">1950<\/a>, kiam la \u011cenerala Asembleo invitis \u0109iujn \u015dtatojn kaj interesitajn organizojn celebri la tagon kiel ili vidis konvenan.<\/p>\n<div>\n<div dir=\"ltr\">\u0108iuj homoj estas denaske liberaj kaj egalaj la\u016d digno kaj rajtoj.\u00a0<span style=\"font-family: Calibri; font-size: medium;\"><a href=\"http:\/\/pages.ucsd.edu\/~dkjordan\/eo\/homrajtoj.html\" target=\"_blank\">http:\/\/pages.ucsd.edu\/~<wbr \/>dkjordan\/eo\/homrajtoj.html<\/a><br \/>\n<\/span><span lang=\"eo\">Senkondi\u0109a Baza Enspezo estas nova homa rajto!<\/span><span lang=\"eo\"> Subteno partoprenante en tiu agado! <\/span><span lang=\"eo\">Invitu amikojn!<br \/>\n<\/span><span lang=\"eo\"><br \/>\nKun respekto al la fotoj; <\/span><span lang=\"eo\">Iuj havas fonon en oro, <\/span><span lang=\"eo\">kiel por la filmo Baza Enspezo-kulturon akcelon (Enno Schmidt&amp; daniel H\u00e4nni)<br \/>\n<\/span><span lang=\"eo\">La simbolo mano\/ paco kolombo<\/span><span lang=\"eo\"> estas la logoo de Homaj Rajtoj.<\/span><\/div>\n<div dir=\"ltr\"><span lang=\"eo\"><br \/>\n<\/span><span lang=\"eo\">Facebook okaza\u0135o:\u00a0<\/span><a href=\"https:\/\/www.facebook.com\/events\/182293778635013\" target=\"_blank\">https:\/\/www.facebook.<wbr \/>com\/events\/182293778635013<\/a><\/div>\n<\/div>\n<p>&nbsp;<\/p>\n<p>&nbsp;<\/p><\/div><\/div>\n<div class='content-column two_third last_column'><div id=\"gallery_753_1\" class=\"row\">\r\n\t    \t<div id=\"753-image-754\" class=\"col-xs-12 col-sm-4 col-md-4\">\r\n        \t\t\t\t\t\r\n\t\t\t<div class=\"thumbnail\">\r\n        \t\t\t\t\t\r\n\t\t\t\t<a href='https:\/\/basicincomeday.org\/ubi\/tago-de-homaj-rajtoj-10-decembro-2015\/bi-eo-rajtoj-001\/'><img loading=\"lazy\" decoding=\"async\" width=\"206\" height=\"206\" src=\"https:\/\/basicincomeday.org\/ubi\/wp-content\/uploads\/2015\/11\/BI-EO-rajtoj-001.jpg\" class=\"attachment-medium size-medium\" alt=\"\" srcset=\"https:\/\/basicincomeday.org\/ubi\/wp-content\/uploads\/2015\/11\/BI-EO-rajtoj-001.jpg 206w, https:\/\/basicincomeday.org\/ubi\/wp-content\/uploads\/2015\/11\/BI-EO-rajtoj-001-150x150.jpg 150w\" sizes=\"auto, (max-width: 206px) 100vw, 206px\" \/><\/a>            <\/div>\r\n        <\/div>\r\n        \t<div id=\"753-image-759\" class=\"col-xs-12 col-sm-4 col-md-4\">\r\n        \t\t\t\t\t\r\n\t\t\t<div class=\"thumbnail\">\r\n        \t\t\t\t\t\r\n\t\t\t\t<a href='https:\/\/basicincomeday.org\/ubi\/tago-de-homaj-rajtoj-10-decembro-2015\/bi-eo-rajtoj-012\/'><img loading=\"lazy\" decoding=\"async\" width=\"206\" height=\"206\" src=\"https:\/\/basicincomeday.org\/ubi\/wp-content\/uploads\/2015\/11\/BI-EO-rajtoj-012.jpg\" class=\"attachment-medium size-medium\" alt=\"\" srcset=\"https:\/\/basicincomeday.org\/ubi\/wp-content\/uploads\/2015\/11\/BI-EO-rajtoj-012.jpg 206w, https:\/\/basicincomeday.org\/ubi\/wp-content\/uploads\/2015\/11\/BI-EO-rajtoj-012-150x150.jpg 150w\" sizes=\"auto, (max-width: 206px) 100vw, 206px\" \/><\/a>            <\/div>\r\n        <\/div>\r\n    <div class=\"clearfix visible-sm-block\"><\/div>    \t<div id=\"753-image-757\" class=\"col-xs-12 col-sm-4 col-md-4\">\r\n        \t\t\t\t\t\r\n\t\t\t<div class=\"thumbnail\">\r\n        \t\t\t\t\t\r\n\t\t\t\t<a href='https:\/\/basicincomeday.org\/ubi\/tago-de-homaj-rajtoj-10-decembro-2015\/bi-eo-rajtoj-006\/'><img loading=\"lazy\" decoding=\"async\" width=\"206\" height=\"206\" src=\"https:\/\/basicincomeday.org\/ubi\/wp-content\/uploads\/2015\/11\/BI-EO-rajtoj-006.jpg\" class=\"attachment-medium size-medium\" alt=\"\" srcset=\"https:\/\/basicincomeday.org\/ubi\/wp-content\/uploads\/2015\/11\/BI-EO-rajtoj-006.jpg 206w, https:\/\/basicincomeday.org\/ubi\/wp-content\/uploads\/2015\/11\/BI-EO-rajtoj-006-150x150.jpg 150w\" sizes=\"auto, (max-width: 206px) 100vw, 206px\" \/><\/a>            <\/div>\r\n        <\/div>\r\n    <div class=\"clearfix visible-md-block visible-lg-block\"><\/div>    \t<div id=\"753-image-760\" class=\"col-xs-12 col-sm-4 col-md-4\">\r\n        \t\t\t\t\t\r\n\t\t\t<div class=\"thumbnail\">\r\n        \t\t\t\t\t\r\n\t\t\t\t<a href='https:\/\/basicincomeday.org\/ubi\/tago-de-homaj-rajtoj-10-decembro-2015\/bi-eo-ratoy-004\/'><img loading=\"lazy\" decoding=\"async\" width=\"206\" height=\"206\" src=\"https:\/\/basicincomeday.org\/ubi\/wp-content\/uploads\/2015\/11\/BI-EO-ratoy-004.jpg\" class=\"attachment-medium size-medium\" alt=\"\" srcset=\"https:\/\/basicincomeday.org\/ubi\/wp-content\/uploads\/2015\/11\/BI-EO-ratoy-004.jpg 206w, https:\/\/basicincomeday.org\/ubi\/wp-content\/uploads\/2015\/11\/BI-EO-ratoy-004-150x150.jpg 150w\" sizes=\"auto, (max-width: 206px) 100vw, 206px\" \/><\/a>            <\/div>\r\n        <\/div>\r\n        \t<div id=\"753-image-755\" class=\"col-xs-12 col-sm-4 col-md-4\">\r\n        \t\t\t\t\t\r\n\t\t\t<div class=\"thumbnail\">\r\n        \t\t\t\t\t\r\n\t\t\t\t<a href='https:\/\/basicincomeday.org\/ubi\/tago-de-homaj-rajtoj-10-decembro-2015\/bi-eo-rajtoj-002\/'><img loading=\"lazy\" decoding=\"async\" width=\"206\" height=\"206\" src=\"https:\/\/basicincomeday.org\/ubi\/wp-content\/uploads\/2015\/11\/BI-EO-rajtoj-002.jpg\" class=\"attachment-medium size-medium\" alt=\"\" srcset=\"https:\/\/basicincomeday.org\/ubi\/wp-content\/uploads\/2015\/11\/BI-EO-rajtoj-002.jpg 206w, https:\/\/basicincomeday.org\/ubi\/wp-content\/uploads\/2015\/11\/BI-EO-rajtoj-002-150x150.jpg 150w\" sizes=\"auto, (max-width: 206px) 100vw, 206px\" \/><\/a>            <\/div>\r\n        <\/div>\r\n    <div class=\"clearfix visible-sm-block\"><\/div>    \t<div id=\"753-image-772\" class=\"col-xs-12 col-sm-4 col-md-4\">\r\n        \t\t\t\t\t\r\n\t\t\t<div class=\"thumbnail\">\r\n        \t\t\t\t\t\r\n\t\t\t\t<a href='https:\/\/basicincomeday.org\/ubi\/tago-de-homaj-rajtoj-10-decembro-2015\/bi-eo-rajtoj-010\/'><img loading=\"lazy\" decoding=\"async\" width=\"206\" height=\"206\" src=\"https:\/\/basicincomeday.org\/ubi\/wp-content\/uploads\/2015\/11\/BI-EO-rajtoj-010.jpg\" class=\"attachment-medium size-medium\" alt=\"\" srcset=\"https:\/\/basicincomeday.org\/ubi\/wp-content\/uploads\/2015\/11\/BI-EO-rajtoj-010.jpg 206w, https:\/\/basicincomeday.org\/ubi\/wp-content\/uploads\/2015\/11\/BI-EO-rajtoj-010-150x150.jpg 150w\" sizes=\"auto, (max-width: 206px) 100vw, 206px\" \/><\/a>            <\/div>\r\n        <\/div>\r\n    <div class=\"clearfix visible-md-block visible-lg-block\"><\/div>    \t<div id=\"753-image-756\" class=\"col-xs-12 col-sm-4 col-md-4\">\r\n        \t\t\t\t\t\r\n\t\t\t<div class=\"thumbnail\">\r\n        \t\t\t\t\t\r\n\t\t\t\t<a href='https:\/\/basicincomeday.org\/ubi\/tago-de-homaj-rajtoj-10-decembro-2015\/bi-eo-rajtoj-003\/'><img loading=\"lazy\" decoding=\"async\" width=\"206\" height=\"206\" src=\"https:\/\/basicincomeday.org\/ubi\/wp-content\/uploads\/2015\/11\/BI-EO-rajtoj-003.jpg\" class=\"attachment-medium size-medium\" alt=\"\" srcset=\"https:\/\/basicincomeday.org\/ubi\/wp-content\/uploads\/2015\/11\/BI-EO-rajtoj-003.jpg 206w, https:\/\/basicincomeday.org\/ubi\/wp-content\/uploads\/2015\/11\/BI-EO-rajtoj-003-150x150.jpg 150w\" sizes=\"auto, (max-width: 206px) 100vw, 206px\" \/><\/a>            <\/div>\r\n        <\/div>\r\n        \t<div id=\"753-image-758\" class=\"col-xs-12 col-sm-4 col-md-4\">\r\n        \t\t\t\t\t\r\n\t\t\t<div class=\"thumbnail\">\r\n        \t\t\t\t\t\r\n\t\t\t\t<a href='https:\/\/basicincomeday.org\/ubi\/tago-de-homaj-rajtoj-10-decembro-2015\/bi-eo-rajtoj-008\/'><img loading=\"lazy\" decoding=\"async\" width=\"206\" height=\"206\" src=\"https:\/\/basicincomeday.org\/ubi\/wp-content\/uploads\/2015\/11\/BI-EO-rajtoj-008.jpg\" class=\"attachment-medium size-medium\" alt=\"\" srcset=\"https:\/\/basicincomeday.org\/ubi\/wp-content\/uploads\/2015\/11\/BI-EO-rajtoj-008.jpg 206w, https:\/\/basicincomeday.org\/ubi\/wp-content\/uploads\/2015\/11\/BI-EO-rajtoj-008-150x150.jpg 150w\" sizes=\"auto, (max-width: 206px) 100vw, 206px\" \/><\/a>            <\/div>\r\n        <\/div>\r\n    <div class=\"clearfix visible-sm-block\"><\/div>\r\n<\/div>\n<p><iframe loading=\"lazy\" width=\"900\" height=\"506\" src=\"https:\/\/www.youtube.com\/embed\/ExRs75isitw?feature=oembed\" frameborder=\"0\" allow=\"accelerometer; autoplay; encrypted-media; gyroscope; picture-in-picture\" allowfullscreen><\/iframe><\/p><\/div><div class='clear_column'><\/div>\n","protected":false},"excerpt":{"rendered":"","protected":false},"author":1,"featured_media":755,"parent":0,"menu_order":0,"comment_status":"closed","ping_status":"closed","template":"page-full-width.php","meta":{"footnotes":""},"class_list":["post-753","page","type-page","status-publish","has-post-thumbnail","hentry"],"yoast_head":"<!-- This site is optimized with the Yoast SEO plugin v27.5 - https:\/\/yoast.com\/product\/yoast-seo-wordpress\/ -->\n<title>Tago de Homaj Rajtoj - 10 decembro 2015 - Basic Income Day<\/title>\n<meta name=\"robots\" content=\"index, follow, max-snippet:-1, max-image-preview:large, max-video-preview:-1\" \/>\n<link rel=\"canonical\" href=\"https:\/\/basicincomeday.org\/ubi\/tago-de-homaj-rajtoj-10-decembro-2015\/\" \/>\n<meta property=\"og:locale\" content=\"en_US\" \/>\n<meta property=\"og:type\" content=\"article\" \/>\n<meta property=\"og:title\" content=\"Tago de Homaj Rajtoj - 10 decembro 2015 - Basic Income Day\" \/>\n<meta property=\"og:url\" content=\"https:\/\/basicincomeday.org\/ubi\/tago-de-homaj-rajtoj-10-decembro-2015\/\" \/>\n<meta property=\"og:site_name\" content=\"Basic Income Day\" \/>\n<meta property=\"article:modified_time\" content=\"2015-11-28T00:07:15+00:00\" \/>\n<meta property=\"og:image\" content=\"https:\/\/basicincomeday.org\/ubi\/wp-content\/uploads\/2015\/11\/BI-EO-rajtoj-012.jpg\" \/>\n\t<meta property=\"og:image:width\" content=\"206\" \/>\n\t<meta property=\"og:image:height\" content=\"206\" \/>\n\t<meta property=\"og:image:type\" content=\"image\/jpeg\" \/>\n<meta name=\"twitter:label1\" content=\"Est. reading time\" \/>\n\t<meta name=\"twitter:data1\" content=\"1 minute\" \/>\n<script type=\"application\/ld+json\" class=\"yoast-schema-graph\">{\"@context\":\"https:\\\/\\\/schema.org\",\"@graph\":[{\"@type\":\"WebPage\",\"@id\":\"https:\\\/\\\/basicincomeday.org\\\/ubi\\\/tago-de-homaj-rajtoj-10-decembro-2015\\\/\",\"url\":\"https:\\\/\\\/basicincomeday.org\\\/ubi\\\/tago-de-homaj-rajtoj-10-decembro-2015\\\/\",\"name\":\"Tago de Homaj Rajtoj - 10 decembro 2015 - Basic Income Day\",\"isPartOf\":{\"@id\":\"https:\\\/\\\/basicincomeday.org\\\/ubi\\\/#website\"},\"primaryImageOfPage\":{\"@id\":\"https:\\\/\\\/basicincomeday.org\\\/ubi\\\/tago-de-homaj-rajtoj-10-decembro-2015\\\/#primaryimage\"},\"image\":{\"@id\":\"https:\\\/\\\/basicincomeday.org\\\/ubi\\\/tago-de-homaj-rajtoj-10-decembro-2015\\\/#primaryimage\"},\"thumbnailUrl\":\"https:\\\/\\\/basicincomeday.org\\\/ubi\\\/wp-content\\\/uploads\\\/2015\\\/11\\\/BI-EO-rajtoj-002.jpg\",\"datePublished\":\"2015-11-27T23:41:21+00:00\",\"dateModified\":\"2015-11-28T00:07:15+00:00\",\"breadcrumb\":{\"@id\":\"https:\\\/\\\/basicincomeday.org\\\/ubi\\\/tago-de-homaj-rajtoj-10-decembro-2015\\\/#breadcrumb\"},\"inLanguage\":\"en-US\",\"potentialAction\":[{\"@type\":\"ReadAction\",\"target\":[\"https:\\\/\\\/basicincomeday.org\\\/ubi\\\/tago-de-homaj-rajtoj-10-decembro-2015\\\/\"]}]},{\"@type\":\"ImageObject\",\"inLanguage\":\"en-US\",\"@id\":\"https:\\\/\\\/basicincomeday.org\\\/ubi\\\/tago-de-homaj-rajtoj-10-decembro-2015\\\/#primaryimage\",\"url\":\"https:\\\/\\\/basicincomeday.org\\\/ubi\\\/wp-content\\\/uploads\\\/2015\\\/11\\\/BI-EO-rajtoj-002.jpg\",\"contentUrl\":\"https:\\\/\\\/basicincomeday.org\\\/ubi\\\/wp-content\\\/uploads\\\/2015\\\/11\\\/BI-EO-rajtoj-002.jpg\",\"width\":206,\"height\":206},{\"@type\":\"BreadcrumbList\",\"@id\":\"https:\\\/\\\/basicincomeday.org\\\/ubi\\\/tago-de-homaj-rajtoj-10-decembro-2015\\\/#breadcrumb\",\"itemListElement\":[{\"@type\":\"ListItem\",\"position\":1,\"name\":\"Home\",\"item\":\"https:\\\/\\\/basicincomeday.org\\\/ubi\\\/\"},{\"@type\":\"ListItem\",\"position\":2,\"name\":\"Tago de Homaj Rajtoj &#8211; 10 decembro 2015\"}]},{\"@type\":\"WebSite\",\"@id\":\"https:\\\/\\\/basicincomeday.org\\\/ubi\\\/#website\",\"url\":\"https:\\\/\\\/basicincomeday.org\\\/ubi\\\/\",\"name\":\"Basic Income Day\",\"description\":\"Basic Income is a Human Right\",\"potentialAction\":[{\"@type\":\"SearchAction\",\"target\":{\"@type\":\"EntryPoint\",\"urlTemplate\":\"https:\\\/\\\/basicincomeday.org\\\/ubi\\\/?s={search_term_string}\"},\"query-input\":{\"@type\":\"PropertyValueSpecification\",\"valueRequired\":true,\"valueName\":\"search_term_string\"}}],\"inLanguage\":\"en-US\"}]}<\/script>\n<!-- \/ Yoast SEO plugin. -->","yoast_head_json":{"title":"Tago de Homaj Rajtoj - 10 decembro 2015 - Basic Income Day","robots":{"index":"index","follow":"follow","max-snippet":"max-snippet:-1","max-image-preview":"max-image-preview:large","max-video-preview":"max-video-preview:-1"},"canonical":"https:\/\/basicincomeday.org\/ubi\/tago-de-homaj-rajtoj-10-decembro-2015\/","og_locale":"en_US","og_type":"article","og_title":"Tago de Homaj Rajtoj - 10 decembro 2015 - Basic Income Day","og_url":"https:\/\/basicincomeday.org\/ubi\/tago-de-homaj-rajtoj-10-decembro-2015\/","og_site_name":"Basic Income Day","article_modified_time":"2015-11-28T00:07:15+00:00","og_image":[{"width":206,"height":206,"url":"https:\/\/basicincomeday.org\/ubi\/wp-content\/uploads\/2015\/11\/BI-EO-rajtoj-012.jpg","type":"image\/jpeg"}],"twitter_misc":{"Est. reading time":"1 minute"},"schema":{"@context":"https:\/\/schema.org","@graph":[{"@type":"WebPage","@id":"https:\/\/basicincomeday.org\/ubi\/tago-de-homaj-rajtoj-10-decembro-2015\/","url":"https:\/\/basicincomeday.org\/ubi\/tago-de-homaj-rajtoj-10-decembro-2015\/","name":"Tago de Homaj Rajtoj - 10 decembro 2015 - Basic Income Day","isPartOf":{"@id":"https:\/\/basicincomeday.org\/ubi\/#website"},"primaryImageOfPage":{"@id":"https:\/\/basicincomeday.org\/ubi\/tago-de-homaj-rajtoj-10-decembro-2015\/#primaryimage"},"image":{"@id":"https:\/\/basicincomeday.org\/ubi\/tago-de-homaj-rajtoj-10-decembro-2015\/#primaryimage"},"thumbnailUrl":"https:\/\/basicincomeday.org\/ubi\/wp-content\/uploads\/2015\/11\/BI-EO-rajtoj-002.jpg","datePublished":"2015-11-27T23:41:21+00:00","dateModified":"2015-11-28T00:07:15+00:00","breadcrumb":{"@id":"https:\/\/basicincomeday.org\/ubi\/tago-de-homaj-rajtoj-10-decembro-2015\/#breadcrumb"},"inLanguage":"en-US","potentialAction":[{"@type":"ReadAction","target":["https:\/\/basicincomeday.org\/ubi\/tago-de-homaj-rajtoj-10-decembro-2015\/"]}]},{"@type":"ImageObject","inLanguage":"en-US","@id":"https:\/\/basicincomeday.org\/ubi\/tago-de-homaj-rajtoj-10-decembro-2015\/#primaryimage","url":"https:\/\/basicincomeday.org\/ubi\/wp-content\/uploads\/2015\/11\/BI-EO-rajtoj-002.jpg","contentUrl":"https:\/\/basicincomeday.org\/ubi\/wp-content\/uploads\/2015\/11\/BI-EO-rajtoj-002.jpg","width":206,"height":206},{"@type":"BreadcrumbList","@id":"https:\/\/basicincomeday.org\/ubi\/tago-de-homaj-rajtoj-10-decembro-2015\/#breadcrumb","itemListElement":[{"@type":"ListItem","position":1,"name":"Home","item":"https:\/\/basicincomeday.org\/ubi\/"},{"@type":"ListItem","position":2,"name":"Tago de Homaj Rajtoj &#8211; 10 decembro 2015"}]},{"@type":"WebSite","@id":"https:\/\/basicincomeday.org\/ubi\/#website","url":"https:\/\/basicincomeday.org\/ubi\/","name":"Basic Income Day","description":"Basic Income is a Human Right","potentialAction":[{"@type":"SearchAction","target":{"@type":"EntryPoint","urlTemplate":"https:\/\/basicincomeday.org\/ubi\/?s={search_term_string}"},"query-input":{"@type":"PropertyValueSpecification","valueRequired":true,"valueName":"search_term_string"}}],"inLanguage":"en-US"}]}},"_links":{"self":[{"href":"https:\/\/basicincomeday.org\/ubi\/wp-json\/wp\/v2\/pages\/753","targetHints":{"allow":["GET"]}}],"collection":[{"href":"https:\/\/basicincomeday.org\/ubi\/wp-json\/wp\/v2\/pages"}],"about":[{"href":"https:\/\/basicincomeday.org\/ubi\/wp-json\/wp\/v2\/types\/page"}],"author":[{"embeddable":true,"href":"https:\/\/basicincomeday.org\/ubi\/wp-json\/wp\/v2\/users\/1"}],"replies":[{"embeddable":true,"href":"https:\/\/basicincomeday.org\/ubi\/wp-json\/wp\/v2\/comments?post=753"}],"version-history":[{"count":4,"href":"https:\/\/basicincomeday.org\/ubi\/wp-json\/wp\/v2\/pages\/753\/revisions"}],"predecessor-version":[{"id":773,"href":"https:\/\/basicincomeday.org\/ubi\/wp-json\/wp\/v2\/pages\/753\/revisions\/773"}],"wp:featuredmedia":[{"embeddable":true,"href":"https:\/\/basicincomeday.org\/ubi\/wp-json\/wp\/v2\/media\/755"}],"wp:attachment":[{"href":"https:\/\/basicincomeday.org\/ubi\/wp-json\/wp\/v2\/media?parent=753"}],"curies":[{"name":"wp","href":"https:\/\/api.w.org\/{rel}","templated":true}]}}