{"id":721,"date":"2015-11-06T16:05:00","date_gmt":"2015-11-06T16:05:00","guid":{"rendered":"http:\/\/basicincomeday.org\/?page_id=721"},"modified":"2015-11-07T07:28:32","modified_gmt":"2015-11-07T07:28:32","slug":"emberi-jogok-napja-december-10","status":"publish","type":"page","link":"https:\/\/basicincomeday.org\/ubi\/emberi-jogok-napja-december-10\/","title":{"rendered":"Emberi jogok napja &#8211; december 10"},"content":{"rendered":"<div class='content-column one_third'><div style=\"padding-right:20px;\"><h1 class=\"page-header page-title entry-title\">Profil k\u00e9p Akci\u00f3 emberi jog alapj\u00f6vedelem<\/h1>\n<p><span data-reactid=\".39.1.$mg=2mid=11446843438741=29534ad20aef9133b85.2.$mid=11446843438741=29534ad20aef9133b85.0.0.0.1.0.0.0.$text0\/=1$text4\/=010\">December 10-\u00e9n vil\u00e1gszerte az Emberi Jogok Napj\u00e1t \u00fcnnepelj\u00fck.<\/span><br data-reactid=\".39.1.$mg=2mid=11446843438741=29534ad20aef9133b85.2.$mid=11446843438741=29534ad20aef9133b85.0.0.0.1.0.0.0.$text0\/=1$text5\/=010\" \/><br data-reactid=\".39.1.$mg=2mid=11446843438741=29534ad20aef9133b85.2.$mid=11446843438741=29534ad20aef9133b85.0.0.0.1.0.0.0.$text0\/=1$text7\/=010\" \/><span data-reactid=\".39.1.$mg=2mid=11446843438741=29534ad20aef9133b85.2.$mid=11446843438741=29534ad20aef9133b85.0.0.0.1.0.0.0.$text0\/=1$text8\/=010\">Az emberi m\u00e9lt\u00f3s\u00e1g s\u00e9rthetetlen \u2013 amit az alapj\u00f6vedelem biztos\u00edt! Mutassuk meg a vil\u00e1gnak profilk\u00e9p\u00fcnkkel is: a felt\u00e9tel n\u00e9lk\u00fcli alapj\u00f6vedelem emberi jog.<\/span><br data-reactid=\".39.1.$mg=2mid=11446843438741=29534ad20aef9133b85.2.$mid=11446843438741=29534ad20aef9133b85.0.0.0.1.0.0.0.$text0\/=1$text9\/=010\" \/><br data-reactid=\".39.1.$mg=2mid=11446843438741=29534ad20aef9133b85.2.$mid=11446843438741=29534ad20aef9133b85.0.0.0.1.0.0.0.$text0\/=1$text11\/=010\" \/><span data-reactid=\".39.1.$mg=2mid=11446843438741=29534ad20aef9133b85.2.$mid=11446843438741=29534ad20aef9133b85.0.0.0.1.0.0.0.$text0\/=1$text12\/=010\">Az akci\u00f3ra december 4-t\u0151l 10-ig ker\u00fcl sor. A d\u00e1tumot az ENSZ K\u00f6zgy\u0171l\u00e9se hat\u00e1rozta meg \u00e9s fogadta el az 1948. december 10-i Egyetemes Emberi Jogok Nyilatkozat\u00e1val egyetemben. V\u00e1lassz k\u00e9pet, h\u00edvd meg bar\u00e1taidat \u00e9s vegy\u00e9l r\u00e9szt ebben a l\u00e1tv\u00e1nyos akci\u00f3ban. <\/span><a href=\"https:\/\/hu.wikipedia.org\/wiki\/Az_emberi_jogok_vil%C3%A1gnapja\" target=\"_blank\" rel=\"nofollow\" data-reactid=\".39.1.$mg=2mid=11446843438741=29534ad20aef9133b85.2.$mid=11446843438741=29534ad20aef9133b85.0.0.0.1.0.0.0.$range0\/=10\">https:\/\/hu.wikipedia.org\/wiki\/Az_emberi_jogok_vil%C3%A1gnapja<\/a><br data-reactid=\".39.1.$mg=2mid=11446843438741=29534ad20aef9133b85.2.$mid=11446843438741=29534ad20aef9133b85.0.0.0.1.0.0.0.$text1\/=1$text1\/=010\" \/><br data-reactid=\".39.1.$mg=2mid=11446843438741=29534ad20aef9133b85.2.$mid=11446843438741=29534ad20aef9133b85.0.0.0.1.0.0.0.$text1\/=1$text3\/=010\" \/><span data-reactid=\".39.1.$mg=2mid=11446843438741=29534ad20aef9133b85.2.$mid=11446843438741=29534ad20aef9133b85.0.0.0.1.0.0.0.$text1\/=1$text4\/=010\">A k\u00e9pekr\u0151l: a szimb\u00f3lum helyet kapott <a href=\"http:\/\/enno-schmidt.weebly.com\/\" target=\"_blank\">Enno Schmidt <\/a>\u00e9s Daniel Hani \u201cGrundeinkommen \u2013 ein Kulturimpuls\u201d (Alapj\u00f6vedelem) c\u00edm\u0171 filmj\u00e9ben.<\/span><br data-reactid=\".39.1.$mg=2mid=11446843438741=29534ad20aef9133b85.2.$mid=11446843438741=29534ad20aef9133b85.0.0.0.1.0.0.0.$text1\/=1$text5\/=010\" \/><span data-reactid=\".39.1.$mg=2mid=11446843438741=29534ad20aef9133b85.2.$mid=11446843438741=29534ad20aef9133b85.0.0.0.1.0.0.0.$text1\/=1$text6\/=010\">A \u201ck\u00e9z \/ galamb\u201d a hivatalos <a href=\"https:\/\/www.facebook.com\/humanrightslogo\" target=\"_blank\">szimb\u00f3lum az Emberi Jogok embl\u00e9m\u00e1ban<\/a>.<\/span><br data-reactid=\".39.1.$mg=2mid=11446843438741=29534ad20aef9133b85.2.$mid=11446843438741=29534ad20aef9133b85.0.0.0.1.0.0.0.$text1\/=1$text7\/=010\" \/><br data-reactid=\".39.1.$mg=2mid=11446843438741=29534ad20aef9133b85.2.$mid=11446843438741=29534ad20aef9133b85.0.0.0.1.0.0.0.$text1\/=1$text9\/=010\" \/><span data-reactid=\".39.1.$mg=2mid=11446843438741=29534ad20aef9133b85.2.$mid=11446843438741=29534ad20aef9133b85.0.0.0.1.0.0.0.$text1\/=1$text10\/=010\">Facebook Esem\u00e9ny:<\/span><br data-reactid=\".39.1.$mg=2mid=11446843438741=29534ad20aef9133b85.2.$mid=11446843438741=29534ad20aef9133b85.0.0.0.1.0.0.0.$text1\/=1$text11\/=010\" \/><a href=\"https:\/\/www.facebook.com\/events\/182293778635013\/?__mref=message_bubble\" target=\"_blank\" data-reactid=\".39.1.$mg=2mid=11446843438741=29534ad20aef9133b85.2.$mid=11446843438741=29534ad20aef9133b85.0.0.0.1.0.0.0.$range1\/=10\">https:\/\/www.facebook.com\/events\/182293778635013<\/a><\/p><\/div><\/div>\n<div class='content-column two_third last_column'><div id=\"gallery_721_1\" class=\"row\">\r\n\t    \t<div id=\"721-image-700\" class=\"col-xs-12 col-sm-4 col-md-4\">\r\n        \t\t\t\t\t\r\n\t\t\t<div class=\"thumbnail\">\r\n        \t\t\t\t\t\r\n\t\t\t\t<a href='https:\/\/basicincomeday.org\/ubi\/emberi-jogok-napja-december-10\/bi-hu-emberi-jog-010\/'><img loading=\"lazy\" decoding=\"async\" width=\"206\" height=\"206\" src=\"https:\/\/basicincomeday.org\/ubi\/wp-content\/uploads\/2015\/11\/BI-HU-emberi-jog-010.jpg\" class=\"attachment-medium size-medium\" alt=\"\" srcset=\"https:\/\/basicincomeday.org\/ubi\/wp-content\/uploads\/2015\/11\/BI-HU-emberi-jog-010.jpg 206w, https:\/\/basicincomeday.org\/ubi\/wp-content\/uploads\/2015\/11\/BI-HU-emberi-jog-010-150x150.jpg 150w\" sizes=\"auto, (max-width: 206px) 100vw, 206px\" \/><\/a>            <\/div>\r\n        <\/div>\r\n        \t<div id=\"721-image-699\" class=\"col-xs-12 col-sm-4 col-md-4\">\r\n        \t\t\t\t\t\r\n\t\t\t<div class=\"thumbnail\">\r\n        \t\t\t\t\t\r\n\t\t\t\t<a href='https:\/\/basicincomeday.org\/ubi\/emberi-jogok-napja-december-10\/bi-hu-emberi-jog-009\/'><img loading=\"lazy\" decoding=\"async\" width=\"206\" height=\"206\" src=\"https:\/\/basicincomeday.org\/ubi\/wp-content\/uploads\/2015\/11\/BI-HU-emberi-jog-009.jpg\" class=\"attachment-medium size-medium\" alt=\"\" srcset=\"https:\/\/basicincomeday.org\/ubi\/wp-content\/uploads\/2015\/11\/BI-HU-emberi-jog-009.jpg 206w, https:\/\/basicincomeday.org\/ubi\/wp-content\/uploads\/2015\/11\/BI-HU-emberi-jog-009-150x150.jpg 150w\" sizes=\"auto, (max-width: 206px) 100vw, 206px\" \/><\/a>            <\/div>\r\n        <\/div>\r\n    <div class=\"clearfix visible-sm-block\"><\/div>    \t<div id=\"721-image-698\" class=\"col-xs-12 col-sm-4 col-md-4\">\r\n        \t\t\t\t\t\r\n\t\t\t<div class=\"thumbnail\">\r\n        \t\t\t\t\t\r\n\t\t\t\t<a href='https:\/\/basicincomeday.org\/ubi\/emberi-jogok-napja-december-10\/bi-hu-emberi-jog-008\/'><img loading=\"lazy\" decoding=\"async\" width=\"206\" height=\"206\" src=\"https:\/\/basicincomeday.org\/ubi\/wp-content\/uploads\/2015\/11\/BI-HU-emberi-jog-008.jpg\" class=\"attachment-medium size-medium\" alt=\"\" srcset=\"https:\/\/basicincomeday.org\/ubi\/wp-content\/uploads\/2015\/11\/BI-HU-emberi-jog-008.jpg 206w, https:\/\/basicincomeday.org\/ubi\/wp-content\/uploads\/2015\/11\/BI-HU-emberi-jog-008-150x150.jpg 150w\" sizes=\"auto, (max-width: 206px) 100vw, 206px\" \/><\/a>            <\/div>\r\n        <\/div>\r\n    <div class=\"clearfix visible-md-block visible-lg-block\"><\/div>    \t<div id=\"721-image-697\" class=\"col-xs-12 col-sm-4 col-md-4\">\r\n        \t\t\t\t\t\r\n\t\t\t<div class=\"thumbnail\">\r\n        \t\t\t\t\t\r\n\t\t\t\t<a href='https:\/\/basicincomeday.org\/ubi\/emberi-jogok-napja-december-10\/bi-hu-emberi-jog-007\/'><img loading=\"lazy\" decoding=\"async\" width=\"206\" height=\"206\" src=\"https:\/\/basicincomeday.org\/ubi\/wp-content\/uploads\/2015\/11\/BI-HU-emberi-jog-007.jpg\" class=\"attachment-medium size-medium\" alt=\"\" srcset=\"https:\/\/basicincomeday.org\/ubi\/wp-content\/uploads\/2015\/11\/BI-HU-emberi-jog-007.jpg 206w, https:\/\/basicincomeday.org\/ubi\/wp-content\/uploads\/2015\/11\/BI-HU-emberi-jog-007-150x150.jpg 150w\" sizes=\"auto, (max-width: 206px) 100vw, 206px\" \/><\/a>            <\/div>\r\n        <\/div>\r\n        \t<div id=\"721-image-696\" class=\"col-xs-12 col-sm-4 col-md-4\">\r\n        \t\t\t\t\t\r\n\t\t\t<div class=\"thumbnail\">\r\n        \t\t\t\t\t\r\n\t\t\t\t<a href='https:\/\/basicincomeday.org\/ubi\/emberi-jogok-napja-december-10\/bi-hu-emberi-jog-006\/'><img loading=\"lazy\" decoding=\"async\" width=\"206\" height=\"206\" src=\"https:\/\/basicincomeday.org\/ubi\/wp-content\/uploads\/2015\/11\/BI-HU-emberi-jog-006.jpg\" class=\"attachment-medium size-medium\" alt=\"\" srcset=\"https:\/\/basicincomeday.org\/ubi\/wp-content\/uploads\/2015\/11\/BI-HU-emberi-jog-006.jpg 206w, https:\/\/basicincomeday.org\/ubi\/wp-content\/uploads\/2015\/11\/BI-HU-emberi-jog-006-150x150.jpg 150w\" sizes=\"auto, (max-width: 206px) 100vw, 206px\" \/><\/a>            <\/div>\r\n        <\/div>\r\n    <div class=\"clearfix visible-sm-block\"><\/div>    \t<div id=\"721-image-695\" class=\"col-xs-12 col-sm-4 col-md-4\">\r\n        \t\t\t\t\t\r\n\t\t\t<div class=\"thumbnail\">\r\n        \t\t\t\t\t\r\n\t\t\t\t<a href='https:\/\/basicincomeday.org\/ubi\/emberi-jogok-napja-december-10\/bi-hu-emberi-jog-005\/'><img loading=\"lazy\" decoding=\"async\" width=\"206\" height=\"206\" src=\"https:\/\/basicincomeday.org\/ubi\/wp-content\/uploads\/2015\/11\/BI-HU-emberi-jog-005.jpg\" class=\"attachment-medium size-medium\" alt=\"\" srcset=\"https:\/\/basicincomeday.org\/ubi\/wp-content\/uploads\/2015\/11\/BI-HU-emberi-jog-005.jpg 206w, https:\/\/basicincomeday.org\/ubi\/wp-content\/uploads\/2015\/11\/BI-HU-emberi-jog-005-150x150.jpg 150w\" sizes=\"auto, (max-width: 206px) 100vw, 206px\" \/><\/a>            <\/div>\r\n        <\/div>\r\n    <div class=\"clearfix visible-md-block visible-lg-block\"><\/div>    \t<div id=\"721-image-694\" class=\"col-xs-12 col-sm-4 col-md-4\">\r\n        \t\t\t\t\t\r\n\t\t\t<div class=\"thumbnail\">\r\n        \t\t\t\t\t\r\n\t\t\t\t<a href='https:\/\/basicincomeday.org\/ubi\/emberi-jogok-napja-december-10\/bi-hu-emberi-jog-004\/'><img loading=\"lazy\" decoding=\"async\" width=\"206\" height=\"206\" src=\"https:\/\/basicincomeday.org\/ubi\/wp-content\/uploads\/2015\/11\/BI-HU-emberi-jog-004.jpg\" class=\"attachment-medium size-medium\" alt=\"\" srcset=\"https:\/\/basicincomeday.org\/ubi\/wp-content\/uploads\/2015\/11\/BI-HU-emberi-jog-004.jpg 206w, https:\/\/basicincomeday.org\/ubi\/wp-content\/uploads\/2015\/11\/BI-HU-emberi-jog-004-150x150.jpg 150w\" sizes=\"auto, (max-width: 206px) 100vw, 206px\" \/><\/a>            <\/div>\r\n        <\/div>\r\n        \t<div id=\"721-image-693\" class=\"col-xs-12 col-sm-4 col-md-4\">\r\n        \t\t\t\t\t\r\n\t\t\t<div class=\"thumbnail\">\r\n        \t\t\t\t\t\r\n\t\t\t\t<a href='https:\/\/basicincomeday.org\/ubi\/emberi-jogok-napja-december-10\/bi-hu-emberi-jog-003\/'><img loading=\"lazy\" decoding=\"async\" width=\"206\" height=\"206\" src=\"https:\/\/basicincomeday.org\/ubi\/wp-content\/uploads\/2015\/11\/BI-HU-emberi-jog-003.jpg\" class=\"attachment-medium size-medium\" alt=\"\" srcset=\"https:\/\/basicincomeday.org\/ubi\/wp-content\/uploads\/2015\/11\/BI-HU-emberi-jog-003.jpg 206w, https:\/\/basicincomeday.org\/ubi\/wp-content\/uploads\/2015\/11\/BI-HU-emberi-jog-003-150x150.jpg 150w\" sizes=\"auto, (max-width: 206px) 100vw, 206px\" \/><\/a>            <\/div>\r\n        <\/div>\r\n    <div class=\"clearfix visible-sm-block\"><\/div>    \t<div id=\"721-image-692\" class=\"col-xs-12 col-sm-4 col-md-4\">\r\n        \t\t\t\t\t\r\n\t\t\t<div class=\"thumbnail\">\r\n        \t\t\t\t\t\r\n\t\t\t\t<a href='https:\/\/basicincomeday.org\/ubi\/emberi-jogok-napja-december-10\/bi-hu-emberi-jog-002\/'><img loading=\"lazy\" decoding=\"async\" width=\"206\" height=\"206\" src=\"https:\/\/basicincomeday.org\/ubi\/wp-content\/uploads\/2015\/11\/BI-HU-emberi-jog-002.jpg\" class=\"attachment-medium size-medium\" alt=\"\" srcset=\"https:\/\/basicincomeday.org\/ubi\/wp-content\/uploads\/2015\/11\/BI-HU-emberi-jog-002.jpg 206w, https:\/\/basicincomeday.org\/ubi\/wp-content\/uploads\/2015\/11\/BI-HU-emberi-jog-002-150x150.jpg 150w\" sizes=\"auto, (max-width: 206px) 100vw, 206px\" \/><\/a>            <\/div>\r\n        <\/div>\r\n    <div class=\"clearfix visible-md-block visible-lg-block\"><\/div>    \t<div id=\"721-image-691\" class=\"col-xs-12 col-sm-4 col-md-4\">\r\n        \t\t\t\t\t\r\n\t\t\t<div class=\"thumbnail\">\r\n        \t\t\t\t\t\r\n\t\t\t\t<a href='https:\/\/basicincomeday.org\/ubi\/emberi-jogok-napja-december-10\/bi-hu-emberi-jog-001\/'><img loading=\"lazy\" decoding=\"async\" width=\"206\" height=\"206\" src=\"https:\/\/basicincomeday.org\/ubi\/wp-content\/uploads\/2015\/11\/BI-HU-emberi-jog-001.jpg\" class=\"attachment-medium size-medium\" alt=\"\" srcset=\"https:\/\/basicincomeday.org\/ubi\/wp-content\/uploads\/2015\/11\/BI-HU-emberi-jog-001.jpg 206w, https:\/\/basicincomeday.org\/ubi\/wp-content\/uploads\/2015\/11\/BI-HU-emberi-jog-001-150x150.jpg 150w\" sizes=\"auto, (max-width: 206px) 100vw, 206px\" \/><\/a>            <\/div>\r\n        <\/div>\r\n    \r\n<\/div>\n<p><iframe loading=\"lazy\" width=\"900\" height=\"506\" src=\"https:\/\/www.youtube.com\/embed\/ExRs75isitw?feature=oembed\" frameborder=\"0\" allow=\"accelerometer; autoplay; encrypted-media; gyroscope; picture-in-picture\" allowfullscreen><\/iframe><\/p><\/div><div class='clear_column'><\/div>\n","protected":false},"excerpt":{"rendered":"","protected":false},"author":1,"featured_media":697,"parent":0,"menu_order":0,"comment_status":"closed","ping_status":"closed","template":"page-full-width.php","meta":{"footnotes":""},"class_list":["post-721","page","type-page","status-publish","has-post-thumbnail","hentry"],"yoast_head":"<!-- This site is optimized with the Yoast SEO plugin v27.4 - https:\/\/yoast.com\/product\/yoast-seo-wordpress\/ -->\n<title>Emberi jogok napja - december 10 - Basic Income Day<\/title>\n<meta name=\"robots\" content=\"index, follow, max-snippet:-1, max-image-preview:large, max-video-preview:-1\" \/>\n<link rel=\"canonical\" href=\"https:\/\/basicincomeday.org\/ubi\/emberi-jogok-napja-december-10\/\" \/>\n<meta property=\"og:locale\" content=\"en_US\" \/>\n<meta property=\"og:type\" content=\"article\" \/>\n<meta property=\"og:title\" content=\"Emberi jogok napja - december 10 - Basic Income Day\" \/>\n<meta property=\"og:url\" content=\"https:\/\/basicincomeday.org\/ubi\/emberi-jogok-napja-december-10\/\" \/>\n<meta property=\"og:site_name\" content=\"Basic Income Day\" \/>\n<meta property=\"article:modified_time\" content=\"2015-11-07T07:28:32+00:00\" \/>\n<meta property=\"og:image\" content=\"https:\/\/basicincomeday.org\/ubi\/wp-content\/uploads\/2015\/11\/BI-HU-emberi-jog-007.jpg\" \/>\n\t<meta property=\"og:image:width\" content=\"206\" \/>\n\t<meta property=\"og:image:height\" content=\"206\" \/>\n\t<meta property=\"og:image:type\" content=\"image\/jpeg\" \/>\n<meta name=\"twitter:label1\" content=\"Est. reading time\" \/>\n\t<meta name=\"twitter:data1\" content=\"1 minute\" \/>\n<script type=\"application\/ld+json\" class=\"yoast-schema-graph\">{\"@context\":\"https:\\\/\\\/schema.org\",\"@graph\":[{\"@type\":\"WebPage\",\"@id\":\"https:\\\/\\\/basicincomeday.org\\\/ubi\\\/emberi-jogok-napja-december-10\\\/\",\"url\":\"https:\\\/\\\/basicincomeday.org\\\/ubi\\\/emberi-jogok-napja-december-10\\\/\",\"name\":\"Emberi jogok napja - december 10 - Basic Income Day\",\"isPartOf\":{\"@id\":\"https:\\\/\\\/basicincomeday.org\\\/ubi\\\/#website\"},\"primaryImageOfPage\":{\"@id\":\"https:\\\/\\\/basicincomeday.org\\\/ubi\\\/emberi-jogok-napja-december-10\\\/#primaryimage\"},\"image\":{\"@id\":\"https:\\\/\\\/basicincomeday.org\\\/ubi\\\/emberi-jogok-napja-december-10\\\/#primaryimage\"},\"thumbnailUrl\":\"https:\\\/\\\/basicincomeday.org\\\/ubi\\\/wp-content\\\/uploads\\\/2015\\\/11\\\/BI-HU-emberi-jog-007.jpg\",\"datePublished\":\"2015-11-06T16:05:00+00:00\",\"dateModified\":\"2015-11-07T07:28:32+00:00\",\"breadcrumb\":{\"@id\":\"https:\\\/\\\/basicincomeday.org\\\/ubi\\\/emberi-jogok-napja-december-10\\\/#breadcrumb\"},\"inLanguage\":\"en-US\",\"potentialAction\":[{\"@type\":\"ReadAction\",\"target\":[\"https:\\\/\\\/basicincomeday.org\\\/ubi\\\/emberi-jogok-napja-december-10\\\/\"]}]},{\"@type\":\"ImageObject\",\"inLanguage\":\"en-US\",\"@id\":\"https:\\\/\\\/basicincomeday.org\\\/ubi\\\/emberi-jogok-napja-december-10\\\/#primaryimage\",\"url\":\"https:\\\/\\\/basicincomeday.org\\\/ubi\\\/wp-content\\\/uploads\\\/2015\\\/11\\\/BI-HU-emberi-jog-007.jpg\",\"contentUrl\":\"https:\\\/\\\/basicincomeday.org\\\/ubi\\\/wp-content\\\/uploads\\\/2015\\\/11\\\/BI-HU-emberi-jog-007.jpg\",\"width\":206,\"height\":206},{\"@type\":\"BreadcrumbList\",\"@id\":\"https:\\\/\\\/basicincomeday.org\\\/ubi\\\/emberi-jogok-napja-december-10\\\/#breadcrumb\",\"itemListElement\":[{\"@type\":\"ListItem\",\"position\":1,\"name\":\"Home\",\"item\":\"https:\\\/\\\/basicincomeday.org\\\/ubi\\\/\"},{\"@type\":\"ListItem\",\"position\":2,\"name\":\"Emberi jogok napja &#8211; december 10\"}]},{\"@type\":\"WebSite\",\"@id\":\"https:\\\/\\\/basicincomeday.org\\\/ubi\\\/#website\",\"url\":\"https:\\\/\\\/basicincomeday.org\\\/ubi\\\/\",\"name\":\"Basic Income Day\",\"description\":\"Basic Income is a Human Right\",\"potentialAction\":[{\"@type\":\"SearchAction\",\"target\":{\"@type\":\"EntryPoint\",\"urlTemplate\":\"https:\\\/\\\/basicincomeday.org\\\/ubi\\\/?s={search_term_string}\"},\"query-input\":{\"@type\":\"PropertyValueSpecification\",\"valueRequired\":true,\"valueName\":\"search_term_string\"}}],\"inLanguage\":\"en-US\"}]}<\/script>\n<!-- \/ Yoast SEO plugin. -->","yoast_head_json":{"title":"Emberi jogok napja - december 10 - Basic Income Day","robots":{"index":"index","follow":"follow","max-snippet":"max-snippet:-1","max-image-preview":"max-image-preview:large","max-video-preview":"max-video-preview:-1"},"canonical":"https:\/\/basicincomeday.org\/ubi\/emberi-jogok-napja-december-10\/","og_locale":"en_US","og_type":"article","og_title":"Emberi jogok napja - december 10 - Basic Income Day","og_url":"https:\/\/basicincomeday.org\/ubi\/emberi-jogok-napja-december-10\/","og_site_name":"Basic Income Day","article_modified_time":"2015-11-07T07:28:32+00:00","og_image":[{"width":206,"height":206,"url":"https:\/\/basicincomeday.org\/ubi\/wp-content\/uploads\/2015\/11\/BI-HU-emberi-jog-007.jpg","type":"image\/jpeg"}],"twitter_misc":{"Est. reading time":"1 minute"},"schema":{"@context":"https:\/\/schema.org","@graph":[{"@type":"WebPage","@id":"https:\/\/basicincomeday.org\/ubi\/emberi-jogok-napja-december-10\/","url":"https:\/\/basicincomeday.org\/ubi\/emberi-jogok-napja-december-10\/","name":"Emberi jogok napja - december 10 - Basic Income Day","isPartOf":{"@id":"https:\/\/basicincomeday.org\/ubi\/#website"},"primaryImageOfPage":{"@id":"https:\/\/basicincomeday.org\/ubi\/emberi-jogok-napja-december-10\/#primaryimage"},"image":{"@id":"https:\/\/basicincomeday.org\/ubi\/emberi-jogok-napja-december-10\/#primaryimage"},"thumbnailUrl":"https:\/\/basicincomeday.org\/ubi\/wp-content\/uploads\/2015\/11\/BI-HU-emberi-jog-007.jpg","datePublished":"2015-11-06T16:05:00+00:00","dateModified":"2015-11-07T07:28:32+00:00","breadcrumb":{"@id":"https:\/\/basicincomeday.org\/ubi\/emberi-jogok-napja-december-10\/#breadcrumb"},"inLanguage":"en-US","potentialAction":[{"@type":"ReadAction","target":["https:\/\/basicincomeday.org\/ubi\/emberi-jogok-napja-december-10\/"]}]},{"@type":"ImageObject","inLanguage":"en-US","@id":"https:\/\/basicincomeday.org\/ubi\/emberi-jogok-napja-december-10\/#primaryimage","url":"https:\/\/basicincomeday.org\/ubi\/wp-content\/uploads\/2015\/11\/BI-HU-emberi-jog-007.jpg","contentUrl":"https:\/\/basicincomeday.org\/ubi\/wp-content\/uploads\/2015\/11\/BI-HU-emberi-jog-007.jpg","width":206,"height":206},{"@type":"BreadcrumbList","@id":"https:\/\/basicincomeday.org\/ubi\/emberi-jogok-napja-december-10\/#breadcrumb","itemListElement":[{"@type":"ListItem","position":1,"name":"Home","item":"https:\/\/basicincomeday.org\/ubi\/"},{"@type":"ListItem","position":2,"name":"Emberi jogok napja &#8211; december 10"}]},{"@type":"WebSite","@id":"https:\/\/basicincomeday.org\/ubi\/#website","url":"https:\/\/basicincomeday.org\/ubi\/","name":"Basic Income Day","description":"Basic Income is a Human Right","potentialAction":[{"@type":"SearchAction","target":{"@type":"EntryPoint","urlTemplate":"https:\/\/basicincomeday.org\/ubi\/?s={search_term_string}"},"query-input":{"@type":"PropertyValueSpecification","valueRequired":true,"valueName":"search_term_string"}}],"inLanguage":"en-US"}]}},"_links":{"self":[{"href":"https:\/\/basicincomeday.org\/ubi\/wp-json\/wp\/v2\/pages\/721","targetHints":{"allow":["GET"]}}],"collection":[{"href":"https:\/\/basicincomeday.org\/ubi\/wp-json\/wp\/v2\/pages"}],"about":[{"href":"https:\/\/basicincomeday.org\/ubi\/wp-json\/wp\/v2\/types\/page"}],"author":[{"embeddable":true,"href":"https:\/\/basicincomeday.org\/ubi\/wp-json\/wp\/v2\/users\/1"}],"replies":[{"embeddable":true,"href":"https:\/\/basicincomeday.org\/ubi\/wp-json\/wp\/v2\/comments?post=721"}],"version-history":[{"count":6,"href":"https:\/\/basicincomeday.org\/ubi\/wp-json\/wp\/v2\/pages\/721\/revisions"}],"predecessor-version":[{"id":736,"href":"https:\/\/basicincomeday.org\/ubi\/wp-json\/wp\/v2\/pages\/721\/revisions\/736"}],"wp:featuredmedia":[{"embeddable":true,"href":"https:\/\/basicincomeday.org\/ubi\/wp-json\/wp\/v2\/media\/697"}],"wp:attachment":[{"href":"https:\/\/basicincomeday.org\/ubi\/wp-json\/wp\/v2\/media?parent=721"}],"curies":[{"name":"wp","href":"https:\/\/api.w.org\/{rel}","templated":true}]}}