{"id":465,"date":"2015-04-03T11:47:14","date_gmt":"2015-04-03T11:47:14","guid":{"rendered":"http:\/\/basicincomeday.org\/?page_id=465"},"modified":"2016-04-27T20:49:44","modified_gmt":"2016-04-27T20:49:44","slug":"magyar-1-mai-feletetel-nelkuli-alapjovedelem-fna","status":"publish","type":"page","link":"https:\/\/basicincomeday.org\/ubi\/magyar-1-mai-feletetel-nelkuli-alapjovedelem-fna\/","title":{"rendered":"Magyar &#8211; 1. Mai &#8211; Felet\u00e9tel n\u00e9lk\u00fcli alapj\u00f6vedelem #FNA"},"content":{"rendered":"<div class='content-column one_third'><div style=\"padding-right:20px;\"><p>&nbsp;<\/p>\n<p>A Munka \u00dcnnepe nem sz\u00f3lhat arr\u00f3l hogy \u201et\u00f6bb munk\u00e1t\u201d vagy \u201emagasabb fizet\u00e9st\u201d k\u00f6vetel\u00fcnk. A Munka \u00dcnnepe\u00a0 arr\u00f3l kell sz\u00f3ljon, hogy f\u00fcggetlen\u00edthess\u00fck\u00a0 magunkat a felesleges, haszontalan, nem magunk \u00e1ltal v\u00e1lasztott, kiszolg\u00e1ltatott\u00e1 tev\u0151 munk\u00e1t\u00f3l. \u00dcnnepeln\u00fcnk k\u00e9ne a munkaid\u0151\u00a0 cs\u00f6kkent\u00e9s\u00e9t, a t\u00f6bb szabadid\u0151t \u00e9s a piacgazdas\u00e1g korl\u00e1tait\u00f3l val\u00f3\u00a0 szabads\u00e1got.<\/p>\n<p>Nincs szabad munkahely v\u00e1laszt\u00e1s,\u00a0 amikor\u00a0\u00a0 mindenki alapb\u00f3l\u00a0 munk\u00e1t kell\u00a0 hogy v\u00e1llaljon, b\u00e1rmi \u00e1ron. Az FNA a sz\u00fcks\u00e9ges el\u0151felt\u00e9tel, mely lehet\u0151v\u00e9 teszi az embereknek, hogy be-, vagy kil\u00e9pjenek\u00a0 a munkaer\u0151piacra, \u00edgy megteremtve a val\u00f3s\u00a0 szabadkereskedelmet.<\/p>\n<p>M\u00e1jus 1 az a nap, amikor elismerj\u00fck a b\u00e9rb\u0151l \u00e9s fizet\u00e9sb\u0151l \u00e9l\u0151k eddigi harc\u00e1t\u00a0 \u00e9s eredm\u00e9nyeit az elm\u00falt \u00e9vekben. Amikor\u00a0 a szakszervezetek kor\u00e1bban\u00a0 el\u00e9rt\u00e9k a 40 \u00f3r\u00e1s hetet, a 8 \u00f3r\u00e1s napot, addig a globaliz\u00e1ci\u00f3 \u00e9s a technol\u00f3gia fejl\u0151d\u00e9s\u00e9vel\u00a0 a szakszervezetek eredm\u00e9nyes v\u00e1ltoztat\u00e1si\u00a0 k\u00e9pess\u00e9ge legyeng\u00fclt. A munkahelyek automatiz\u00e1l\u00e1sa oly\u00a0 gyorsas\u00e1ggal folyik, hogy 20 \u00e9v m\u00falva a mai munk\u00e1k fele meg fog sz\u0171nni. Az\u00a0 FNA azt a lehet\u0151s\u00e9get jelenti, hogy egy\u00e9nileg k\u00f6zel\u00edts\u00fck\u00a0 meg a munkapiacot. Az \u00faj\u00a0 lehet\u0151s\u00e9g &#8220;nem&#8221;-et mondani a\u00a0 munkaad\u00f3nak, k\u00e9ts\u00e9gk\u00edv\u00fcl kihat\u00e1ssal lenne a profit megoszt\u00e1s\u00e1ra\u00a0 a jobb fizet\u00e9s, munkahelyi kond\u00edci\u00f3k \u00e9s a t\u00f6bb juttat\u00e1s \u00e1ltal.<\/p>\n<p>Az FNA el\u00e9r\u00e9se\u00a0 egy \u00faj szerz\u0151d\u00e9s lenne a munkaad\u00f3 \u00e9s munkav\u00e1llal\u00f3 k\u00f6z\u00f6tt, bele\u00e9rtve azt a felhatalmaz\u00e1st, hogy a munkav\u00e1llal\u00f3 a saj\u00e1t f\u0151n\u00f6ke legyen. Ez azt jelenten\u00e9, hogy megreform\u00e1l\u00f3dna \u00e9s v\u00e1llalkoz\u00f3bb\u00e1 v\u00e1lna a j\u00f6v\u0151, mindenki<\/p>\n<p>szabadon v\u00e1lasztan\u00e1 meg a neki \u00e9rdekes szakm\u00e1t, az emberek pedig egy\u00fcttm\u0171k\u00f6dn\u00e9nek\u00a0 a t\u00e1rsadalom \u00e9rdek\u00e9ben ahelyett, hogy csak a fizet\u00e9s\u00e9rt v\u00e1llaljanak munk\u00e1t, mint ahogy jelenleg t\u00f6rt\u00e9nik..<\/p>\n<p>FNA a\u00a0 b\u00e9rb\u0151l \u00e9s fizet\u00e9sb\u0151l \u00e9l\u0151k j\u00f6v\u0151je, ez\u00e9rt az ir\u00e1nyelv\u00e9rt kell harcolnunk a 21.Sz\u00e1zadban.<\/p>\n<p>Ha seg\u00edteni akarod a mozgalmat az FNA bevezet\u00e9s\u00e9\u00e9rt, csatlakozz a <a href=\"http:\/\/www.reddit.com\/r\/BasicIncome\" target=\"_blank\">Reddit<\/a> <em>\u00a0<\/em>\u00a0csoporthoz, keresd meg <strong>hazai FNA csoportodat <\/strong><a href=\"http:\/\/alapjovedelem.org\/\">http:\/\/alapjovedelem.org\/<\/a>\u00a0 \u00e9s <a href=\"https:\/\/www.facebook.com\/FNA.hu?ref=bookmarks\">https:\/\/www.facebook.com\/FNA.hu<\/a>\u00a0, vagy organiz\u00e1ld a saj\u00e1t helyi<\/p>\n<p>FNA csoportodat. \u00cdrd al\u00e1 az <a href=\"https:\/\/secure.avaaz.org\/en\/petition\/our_chance_to_end_poverty\/\" target=\"_blank\">Avaaz<\/a> <em>\u00a0<\/em>\u00a0k\u00e9rv\u00e9nyt<em>, <\/em>\u00a0l\u00e9gy<\/p>\n<p>Te is akt\u00edv a <a href=\"http:\/\/basicincome-europe.org\/\" target=\"_blank\">glob\u00e1lis internetes<\/a>\u00a0 <em>\u00a0\u00a0<\/em>\u00e9s <a href=\"https:\/\/twitter.com\/basicincomeEU\" target=\"_blank\">mindennapi besz\u00e9lget\u00e9sekben<\/a><em> \u00a0<\/em><strong>\u00a0<\/strong>, cser\u00e9ld le profil k\u00e9pedet a M\u00e1jus 1-es k\u00e9pre p\u00e1r napra.<\/p>\n<p>Kapcsol\u00f3dj a mozgalomhoz , l\u00e9tes\u00edts egy <strong><a href=\"https:\/\/decorrespondent.nl\/541\/why-we-should-give-free-money-to-everyone\/35246939860-ec3a6c3e\" target=\"_blank\">alapj\u00f6vedelem vonalat mindenkihez<\/a><\/strong><\/p>\n<p>L\u00e9pj kapcsolatba a szakszervezeteddel, hogy \u0151k is csatlakozzanak az <a href=\"https:\/\/www.facebook.com\/groups\/laborunionforBIG\/\" target=\"_blank\">FNA Nemzetk\u00f6zi Szakszervezet\u00e9hez.<\/a><\/p>\n<p><a href=\"https:\/\/www.facebook.com\/events\/671798192883983\/\" target=\"_blank\">Csatlakozz az esem\u00e9nyhez\u00a0<\/a> \u00a0<strong>\u00a0<\/strong>, v\u00e1laszd ki kedvenc M\u00e1jus 1 k\u00e9pedet magyar felirattal \u00e9s haszn\u00e1ld mint saj\u00e1t profil k\u00e9pedet. Ez az esem\u00e9ny m\u00e1r 5-ik \u00e9ve megy. Csatlakozz \ud83d\ude42<\/p>\n<p>A k\u00e9pet Der Oliver tervezte, 2011-ben Mair Sylvia \u00e9s Der Olive hozta nyilv\u00e1noss\u00e1gra<\/p><\/div><\/div>\n<div class='content-column two_third last_column'><ul id=\"gallery_465_1\" class=\"loop_tile list-unstyled row\">\r\n\t    <li id=\"465_image_831\" class=\"col-xs-12 col-sm-4 col-md-4 loop_tile_item loop_tile_465_image_1_item fs-content-thumbnail\">\r\n\r\n        \t\t\t\t\t\r\n\t\t\t<div class=\"thumbnail\">\r\n        \t\t\t\t\t\r\n\t\t\t\t<a href='https:\/\/basicincomeday.org\/ubi\/hu-new-sotetkek\/'><img loading=\"lazy\" decoding=\"async\" width=\"318\" height=\"302\" src=\"https:\/\/basicincomeday.org\/ubi\/wp-content\/uploads\/2016\/04\/HU-new-sotetkek.jpg\" class=\"attachment-large size-large\" alt=\"\" srcset=\"https:\/\/basicincomeday.org\/ubi\/wp-content\/uploads\/2016\/04\/HU-new-sotetkek.jpg 318w, https:\/\/basicincomeday.org\/ubi\/wp-content\/uploads\/2016\/04\/HU-new-sotetkek-300x285.jpg 300w\" sizes=\"auto, (max-width: 318px) 100vw, 318px\" \/><\/a>            <\/div>\r\n    <\/li>\r\n    <li id=\"465_image_830\" class=\"col-xs-12 col-sm-2 col-md-2 loop_tile_item loop_tile_465_image_1_item fs-content-thumbnail\">\r\n\r\n        \t\t\t\t\t\r\n\t\t\t<div class=\"thumbnail\">\r\n        \t\t\t\t\t\r\n\t\t\t\t<a href='https:\/\/basicincomeday.org\/ubi\/hu-new-zold\/'><img loading=\"lazy\" decoding=\"async\" width=\"318\" height=\"302\" src=\"https:\/\/basicincomeday.org\/ubi\/wp-content\/uploads\/2016\/04\/HU-new-zold.jpg\" class=\"attachment-large size-large\" alt=\"\" srcset=\"https:\/\/basicincomeday.org\/ubi\/wp-content\/uploads\/2016\/04\/HU-new-zold.jpg 318w, https:\/\/basicincomeday.org\/ubi\/wp-content\/uploads\/2016\/04\/HU-new-zold-300x285.jpg 300w\" sizes=\"auto, (max-width: 318px) 100vw, 318px\" \/><\/a>            <\/div>\r\n    <\/li>\r\n    <li id=\"465_image_829\" class=\"col-xs-12 col-sm-2 col-md-2 loop_tile_item loop_tile_465_image_1_item fs-content-thumbnail\">\r\n\r\n        \t\t\t\t\t\r\n\t\t\t<div class=\"thumbnail\">\r\n        \t\t\t\t\t\r\n\t\t\t\t<a href='https:\/\/basicincomeday.org\/ubi\/hu-new-zoldes\/'><img loading=\"lazy\" decoding=\"async\" width=\"318\" height=\"302\" src=\"https:\/\/basicincomeday.org\/ubi\/wp-content\/uploads\/2016\/04\/HU-new-zoldes.jpg\" class=\"attachment-large size-large\" alt=\"\" srcset=\"https:\/\/basicincomeday.org\/ubi\/wp-content\/uploads\/2016\/04\/HU-new-zoldes.jpg 318w, https:\/\/basicincomeday.org\/ubi\/wp-content\/uploads\/2016\/04\/HU-new-zoldes-300x285.jpg 300w\" sizes=\"auto, (max-width: 318px) 100vw, 318px\" \/><\/a>            <\/div>\r\n    <\/li>\r\n    <li id=\"465_image_828\" class=\"col-xs-12 col-sm-2 col-md-2 loop_tile_item loop_tile_465_image_1_item fs-content-thumbnail\">\r\n\r\n        \t\t\t\t\t\r\n\t\t\t<div class=\"thumbnail\">\r\n        \t\t\t\t\t\r\n\t\t\t\t<a href='https:\/\/basicincomeday.org\/ubi\/hu-new-zoldesss\/'><img loading=\"lazy\" decoding=\"async\" width=\"318\" height=\"302\" src=\"https:\/\/basicincomeday.org\/ubi\/wp-content\/uploads\/2016\/04\/HU-new-zoldesss.jpg\" class=\"attachment-large size-large\" alt=\"\" srcset=\"https:\/\/basicincomeday.org\/ubi\/wp-content\/uploads\/2016\/04\/HU-new-zoldesss.jpg 318w, https:\/\/basicincomeday.org\/ubi\/wp-content\/uploads\/2016\/04\/HU-new-zoldesss-300x285.jpg 300w\" sizes=\"auto, (max-width: 318px) 100vw, 318px\" \/><\/a>            <\/div>\r\n    <\/li>\r\n    <li id=\"465_image_827\" class=\"col-xs-12 col-sm-2 col-md-2 loop_tile_item loop_tile_465_image_1_item fs-content-thumbnail\">\r\n\r\n        \t\t\t\t\t\r\n\t\t\t<div class=\"thumbnail\">\r\n        \t\t\t\t\t\r\n\t\t\t\t<a href='https:\/\/basicincomeday.org\/ubi\/hu-new-barna\/'><img loading=\"lazy\" decoding=\"async\" width=\"318\" height=\"302\" src=\"https:\/\/basicincomeday.org\/ubi\/wp-content\/uploads\/2016\/04\/HU-new-barna.jpg\" class=\"attachment-large size-large\" alt=\"\" srcset=\"https:\/\/basicincomeday.org\/ubi\/wp-content\/uploads\/2016\/04\/HU-new-barna.jpg 318w, https:\/\/basicincomeday.org\/ubi\/wp-content\/uploads\/2016\/04\/HU-new-barna-300x285.jpg 300w\" sizes=\"auto, (max-width: 318px) 100vw, 318px\" \/><\/a>            <\/div>\r\n    <\/li>\r\n    <li id=\"465_image_822\" class=\"col-xs-12 col-sm-4 col-md-4 loop_tile_item loop_tile_465_image_1_item fs-content-thumbnail\">\r\n\r\n        \t\t\t\t\t\r\n\t\t\t<div class=\"thumbnail\">\r\n        \t\t\t\t\t\r\n\t\t\t\t<a href='https:\/\/basicincomeday.org\/ubi\/hu-new-narancs\/'><img loading=\"lazy\" decoding=\"async\" width=\"318\" height=\"302\" src=\"https:\/\/basicincomeday.org\/ubi\/wp-content\/uploads\/2016\/04\/HU-new-narancs.jpg\" class=\"attachment-large size-large\" alt=\"\" srcset=\"https:\/\/basicincomeday.org\/ubi\/wp-content\/uploads\/2016\/04\/HU-new-narancs.jpg 318w, https:\/\/basicincomeday.org\/ubi\/wp-content\/uploads\/2016\/04\/HU-new-narancs-300x285.jpg 300w\" sizes=\"auto, (max-width: 318px) 100vw, 318px\" \/><\/a>            <\/div>\r\n    <\/li>\r\n    <li id=\"465_image_823\" class=\"col-xs-12 col-sm-2 col-md-2 loop_tile_item loop_tile_465_image_1_item fs-content-thumbnail\">\r\n\r\n        \t\t\t\t\t\r\n\t\t\t<div class=\"thumbnail\">\r\n        \t\t\t\t\t\r\n\t\t\t\t<a href='https:\/\/basicincomeday.org\/ubi\/hu-new-lila\/'><img loading=\"lazy\" decoding=\"async\" width=\"318\" height=\"302\" src=\"https:\/\/basicincomeday.org\/ubi\/wp-content\/uploads\/2016\/04\/HU-new-lila.jpg\" class=\"attachment-large size-large\" alt=\"\" srcset=\"https:\/\/basicincomeday.org\/ubi\/wp-content\/uploads\/2016\/04\/HU-new-lila.jpg 318w, https:\/\/basicincomeday.org\/ubi\/wp-content\/uploads\/2016\/04\/HU-new-lila-300x285.jpg 300w\" sizes=\"auto, (max-width: 318px) 100vw, 318px\" \/><\/a>            <\/div>\r\n    <\/li>\r\n    <li id=\"465_image_824\" class=\"col-xs-12 col-sm-2 col-md-2 loop_tile_item loop_tile_465_image_1_item fs-content-thumbnail\">\r\n\r\n        \t\t\t\t\t\r\n\t\t\t<div class=\"thumbnail\">\r\n        \t\t\t\t\t\r\n\t\t\t\t<a href='https:\/\/basicincomeday.org\/ubi\/hu-new-kekes\/'><img loading=\"lazy\" decoding=\"async\" width=\"318\" height=\"302\" src=\"https:\/\/basicincomeday.org\/ubi\/wp-content\/uploads\/2016\/04\/HU-new-kekes.jpg\" class=\"attachment-large size-large\" alt=\"\" srcset=\"https:\/\/basicincomeday.org\/ubi\/wp-content\/uploads\/2016\/04\/HU-new-kekes.jpg 318w, https:\/\/basicincomeday.org\/ubi\/wp-content\/uploads\/2016\/04\/HU-new-kekes-300x285.jpg 300w\" sizes=\"auto, (max-width: 318px) 100vw, 318px\" \/><\/a>            <\/div>\r\n    <\/li>\r\n    <li id=\"465_image_825\" class=\"col-xs-12 col-sm-2 col-md-2 loop_tile_item loop_tile_465_image_1_item fs-content-thumbnail\">\r\n\r\n        \t\t\t\t\t\r\n\t\t\t<div class=\"thumbnail\">\r\n        \t\t\t\t\t\r\n\t\t\t\t<a href='https:\/\/basicincomeday.org\/ubi\/hu-new-kek\/'><img loading=\"lazy\" decoding=\"async\" width=\"318\" height=\"302\" src=\"https:\/\/basicincomeday.org\/ubi\/wp-content\/uploads\/2016\/04\/HU-new-kek.jpg\" class=\"attachment-large size-large\" alt=\"\" srcset=\"https:\/\/basicincomeday.org\/ubi\/wp-content\/uploads\/2016\/04\/HU-new-kek.jpg 318w, https:\/\/basicincomeday.org\/ubi\/wp-content\/uploads\/2016\/04\/HU-new-kek-300x285.jpg 300w\" sizes=\"auto, (max-width: 318px) 100vw, 318px\" \/><\/a>            <\/div>\r\n    <\/li>\r\n    <li id=\"465_image_826\" class=\"col-xs-12 col-sm-2 col-md-2 loop_tile_item loop_tile_465_image_1_item fs-content-thumbnail\">\r\n\r\n        \t\t\t\t\t\r\n\t\t\t<div class=\"thumbnail\">\r\n        \t\t\t\t\t\r\n\t\t\t\t<a href='https:\/\/basicincomeday.org\/ubi\/hu-new-bordo\/'><img loading=\"lazy\" decoding=\"async\" width=\"318\" height=\"302\" src=\"https:\/\/basicincomeday.org\/ubi\/wp-content\/uploads\/2016\/04\/HU-new-bordo.jpg\" class=\"attachment-large size-large\" alt=\"\" srcset=\"https:\/\/basicincomeday.org\/ubi\/wp-content\/uploads\/2016\/04\/HU-new-bordo.jpg 318w, https:\/\/basicincomeday.org\/ubi\/wp-content\/uploads\/2016\/04\/HU-new-bordo-300x285.jpg 300w\" sizes=\"auto, (max-width: 318px) 100vw, 318px\" \/><\/a>            <\/div>\r\n    <\/li>\r\n    <li id=\"465_image_821\" class=\"col-xs-12 col-sm-4 col-md-4 loop_tile_item loop_tile_465_image_1_item fs-content-thumbnail\">\r\n\r\n        \t\t\t\t\t\r\n\t\t\t<div class=\"thumbnail\">\r\n        \t\t\t\t\t\r\n\t\t\t\t<a href='https:\/\/basicincomeday.org\/ubi\/hu-new-piros\/'><img loading=\"lazy\" decoding=\"async\" width=\"318\" height=\"302\" src=\"https:\/\/basicincomeday.org\/ubi\/wp-content\/uploads\/2016\/04\/HU-new-piros.jpg\" class=\"attachment-large size-large\" alt=\"\" srcset=\"https:\/\/basicincomeday.org\/ubi\/wp-content\/uploads\/2016\/04\/HU-new-piros.jpg 318w, https:\/\/basicincomeday.org\/ubi\/wp-content\/uploads\/2016\/04\/HU-new-piros-300x285.jpg 300w\" sizes=\"auto, (max-width: 318px) 100vw, 318px\" \/><\/a>            <\/div>\r\n    <\/li>\r\n\t\t\t\t<li class=\"loop-grid-sizer loop_tile_465_image_1_grid col-xs-12 col-sm-2 col-md-2\"><\/li>\r\n\t\t\t\t<\/ul>\r\n\t\t\t\t<\/div><div class='clear_column'><\/div>\n","protected":false},"excerpt":{"rendered":"","protected":false},"author":1,"featured_media":829,"parent":0,"menu_order":0,"comment_status":"closed","ping_status":"closed","template":"page-full-width.php","meta":{"footnotes":""},"class_list":["post-465","page","type-page","status-publish","has-post-thumbnail","hentry"],"yoast_head":"<!-- This site is optimized with the Yoast SEO plugin v27.3 - https:\/\/yoast.com\/product\/yoast-seo-wordpress\/ -->\n<title>Magyar - 1. Mai - Felet\u00e9tel n\u00e9lk\u00fcli alapj\u00f6vedelem #FNA - Basic Income Day<\/title>\n<meta name=\"robots\" content=\"index, follow, max-snippet:-1, max-image-preview:large, max-video-preview:-1\" \/>\n<link rel=\"canonical\" href=\"https:\/\/basicincomeday.org\/ubi\/magyar-1-mai-feletetel-nelkuli-alapjovedelem-fna\/\" \/>\n<meta property=\"og:locale\" content=\"en_US\" \/>\n<meta property=\"og:type\" content=\"article\" \/>\n<meta property=\"og:title\" content=\"Magyar - 1. Mai - Felet\u00e9tel n\u00e9lk\u00fcli alapj\u00f6vedelem #FNA - Basic Income Day\" \/>\n<meta property=\"og:description\" content=\"A Munka \u00dcnnepe nem sz\u00f3lhat arr\u00f3l hogy \u201et\u00f6bb munk\u00e1t\u201d vagy \u201emagasabb fizet\u00e9st\u201d k\u00f6vetel\u00fcnk. A Munka \u00dcnnepe arr\u00f3l kell sz\u00f3ljon, hogy f\u00fcggetlen\u00edthess\u00fck magunkat a felesleges, haszontalan, nem magunk \u00e1ltal v\u00e1lasztott, kiszolg\u00e1ltatott\u00e1 tev\u0151 munk\u00e1t\u00f3l. \u00dcnnepeln\u00fcnk k\u00e9ne a munkaid\u0151 cs\u00f6kkent\u00e9s\u00e9t, a t\u00f6bb szabadid\u0151t \u00e9s a piacgazdas\u00e1g korl\u00e1tait\u00f3l val\u00f3 szabads\u00e1got. Nincs szabad munkahely v\u00e1laszt\u00e1s, amikor mindenki alapb\u00f3l munk\u00e1t kell hogy v\u00e1llaljon, b\u00e1rmi \u00e1ron. Az FNA a sz\u00fcks\u00e9ges el\u0151felt\u00e9tel, mely lehet\u0151v\u00e9 teszi az embereknek, hogy be-, vagy kil\u00e9pjenek a munkaer\u0151piacra, \u00edgy megteremtve a val\u00f3s szabadkereskedelmet.\" \/>\n<meta property=\"og:url\" content=\"https:\/\/basicincomeday.org\/ubi\/magyar-1-mai-feletetel-nelkuli-alapjovedelem-fna\/\" \/>\n<meta property=\"og:site_name\" content=\"Basic Income Day\" \/>\n<meta property=\"article:modified_time\" content=\"2016-04-27T20:49:44+00:00\" \/>\n<meta property=\"og:image\" content=\"https:\/\/basicincomeday.org\/ubi\/wp-content\/uploads\/2016\/04\/HU-new-zold.jpg\" \/>\n\t<meta property=\"og:image:width\" content=\"318\" \/>\n\t<meta property=\"og:image:height\" content=\"302\" \/>\n\t<meta property=\"og:image:type\" content=\"image\/jpeg\" \/>\n<meta name=\"twitter:label1\" content=\"Est. reading time\" \/>\n\t<meta name=\"twitter:data1\" content=\"3 minutes\" \/>\n<script type=\"application\/ld+json\" class=\"yoast-schema-graph\">{\"@context\":\"https:\\\/\\\/schema.org\",\"@graph\":[{\"@type\":\"WebPage\",\"@id\":\"https:\\\/\\\/basicincomeday.org\\\/ubi\\\/magyar-1-mai-feletetel-nelkuli-alapjovedelem-fna\\\/\",\"url\":\"https:\\\/\\\/basicincomeday.org\\\/ubi\\\/magyar-1-mai-feletetel-nelkuli-alapjovedelem-fna\\\/\",\"name\":\"Magyar - 1. Mai - Felet\u00e9tel n\u00e9lk\u00fcli alapj\u00f6vedelem #FNA - Basic Income Day\",\"isPartOf\":{\"@id\":\"https:\\\/\\\/basicincomeday.org\\\/ubi\\\/#website\"},\"primaryImageOfPage\":{\"@id\":\"https:\\\/\\\/basicincomeday.org\\\/ubi\\\/magyar-1-mai-feletetel-nelkuli-alapjovedelem-fna\\\/#primaryimage\"},\"image\":{\"@id\":\"https:\\\/\\\/basicincomeday.org\\\/ubi\\\/magyar-1-mai-feletetel-nelkuli-alapjovedelem-fna\\\/#primaryimage\"},\"thumbnailUrl\":\"https:\\\/\\\/basicincomeday.org\\\/ubi\\\/wp-content\\\/uploads\\\/2016\\\/04\\\/HU-new-zoldes.jpg\",\"datePublished\":\"2015-04-03T11:47:14+00:00\",\"dateModified\":\"2016-04-27T20:49:44+00:00\",\"breadcrumb\":{\"@id\":\"https:\\\/\\\/basicincomeday.org\\\/ubi\\\/magyar-1-mai-feletetel-nelkuli-alapjovedelem-fna\\\/#breadcrumb\"},\"inLanguage\":\"en-US\",\"potentialAction\":[{\"@type\":\"ReadAction\",\"target\":[\"https:\\\/\\\/basicincomeday.org\\\/ubi\\\/magyar-1-mai-feletetel-nelkuli-alapjovedelem-fna\\\/\"]}]},{\"@type\":\"ImageObject\",\"inLanguage\":\"en-US\",\"@id\":\"https:\\\/\\\/basicincomeday.org\\\/ubi\\\/magyar-1-mai-feletetel-nelkuli-alapjovedelem-fna\\\/#primaryimage\",\"url\":\"https:\\\/\\\/basicincomeday.org\\\/ubi\\\/wp-content\\\/uploads\\\/2016\\\/04\\\/HU-new-zoldes.jpg\",\"contentUrl\":\"https:\\\/\\\/basicincomeday.org\\\/ubi\\\/wp-content\\\/uploads\\\/2016\\\/04\\\/HU-new-zoldes.jpg\",\"width\":318,\"height\":302},{\"@type\":\"BreadcrumbList\",\"@id\":\"https:\\\/\\\/basicincomeday.org\\\/ubi\\\/magyar-1-mai-feletetel-nelkuli-alapjovedelem-fna\\\/#breadcrumb\",\"itemListElement\":[{\"@type\":\"ListItem\",\"position\":1,\"name\":\"Home\",\"item\":\"https:\\\/\\\/basicincomeday.org\\\/ubi\\\/\"},{\"@type\":\"ListItem\",\"position\":2,\"name\":\"Magyar &#8211; 1. Mai &#8211; Felet\u00e9tel n\u00e9lk\u00fcli alapj\u00f6vedelem #FNA\"}]},{\"@type\":\"WebSite\",\"@id\":\"https:\\\/\\\/basicincomeday.org\\\/ubi\\\/#website\",\"url\":\"https:\\\/\\\/basicincomeday.org\\\/ubi\\\/\",\"name\":\"Basic Income Day\",\"description\":\"Basic Income is a Human Right\",\"potentialAction\":[{\"@type\":\"SearchAction\",\"target\":{\"@type\":\"EntryPoint\",\"urlTemplate\":\"https:\\\/\\\/basicincomeday.org\\\/ubi\\\/?s={search_term_string}\"},\"query-input\":{\"@type\":\"PropertyValueSpecification\",\"valueRequired\":true,\"valueName\":\"search_term_string\"}}],\"inLanguage\":\"en-US\"}]}<\/script>\n<!-- \/ Yoast SEO plugin. -->","yoast_head_json":{"title":"Magyar - 1. Mai - Felet\u00e9tel n\u00e9lk\u00fcli alapj\u00f6vedelem #FNA - Basic Income Day","robots":{"index":"index","follow":"follow","max-snippet":"max-snippet:-1","max-image-preview":"max-image-preview:large","max-video-preview":"max-video-preview:-1"},"canonical":"https:\/\/basicincomeday.org\/ubi\/magyar-1-mai-feletetel-nelkuli-alapjovedelem-fna\/","og_locale":"en_US","og_type":"article","og_title":"Magyar - 1. Mai - Felet\u00e9tel n\u00e9lk\u00fcli alapj\u00f6vedelem #FNA - Basic Income Day","og_description":"A Munka \u00dcnnepe nem sz\u00f3lhat arr\u00f3l hogy \u201et\u00f6bb munk\u00e1t\u201d vagy \u201emagasabb fizet\u00e9st\u201d k\u00f6vetel\u00fcnk. A Munka \u00dcnnepe arr\u00f3l kell sz\u00f3ljon, hogy f\u00fcggetlen\u00edthess\u00fck magunkat a felesleges, haszontalan, nem magunk \u00e1ltal v\u00e1lasztott, kiszolg\u00e1ltatott\u00e1 tev\u0151 munk\u00e1t\u00f3l. \u00dcnnepeln\u00fcnk k\u00e9ne a munkaid\u0151 cs\u00f6kkent\u00e9s\u00e9t, a t\u00f6bb szabadid\u0151t \u00e9s a piacgazdas\u00e1g korl\u00e1tait\u00f3l val\u00f3 szabads\u00e1got. Nincs szabad munkahely v\u00e1laszt\u00e1s, amikor mindenki alapb\u00f3l munk\u00e1t kell hogy v\u00e1llaljon, b\u00e1rmi \u00e1ron. Az FNA a sz\u00fcks\u00e9ges el\u0151felt\u00e9tel, mely lehet\u0151v\u00e9 teszi az embereknek, hogy be-, vagy kil\u00e9pjenek a munkaer\u0151piacra, \u00edgy megteremtve a val\u00f3s szabadkereskedelmet.","og_url":"https:\/\/basicincomeday.org\/ubi\/magyar-1-mai-feletetel-nelkuli-alapjovedelem-fna\/","og_site_name":"Basic Income Day","article_modified_time":"2016-04-27T20:49:44+00:00","og_image":[{"width":318,"height":302,"url":"https:\/\/basicincomeday.org\/ubi\/wp-content\/uploads\/2016\/04\/HU-new-zold.jpg","type":"image\/jpeg"}],"twitter_misc":{"Est. reading time":"3 minutes"},"schema":{"@context":"https:\/\/schema.org","@graph":[{"@type":"WebPage","@id":"https:\/\/basicincomeday.org\/ubi\/magyar-1-mai-feletetel-nelkuli-alapjovedelem-fna\/","url":"https:\/\/basicincomeday.org\/ubi\/magyar-1-mai-feletetel-nelkuli-alapjovedelem-fna\/","name":"Magyar - 1. Mai - Felet\u00e9tel n\u00e9lk\u00fcli alapj\u00f6vedelem #FNA - Basic Income Day","isPartOf":{"@id":"https:\/\/basicincomeday.org\/ubi\/#website"},"primaryImageOfPage":{"@id":"https:\/\/basicincomeday.org\/ubi\/magyar-1-mai-feletetel-nelkuli-alapjovedelem-fna\/#primaryimage"},"image":{"@id":"https:\/\/basicincomeday.org\/ubi\/magyar-1-mai-feletetel-nelkuli-alapjovedelem-fna\/#primaryimage"},"thumbnailUrl":"https:\/\/basicincomeday.org\/ubi\/wp-content\/uploads\/2016\/04\/HU-new-zoldes.jpg","datePublished":"2015-04-03T11:47:14+00:00","dateModified":"2016-04-27T20:49:44+00:00","breadcrumb":{"@id":"https:\/\/basicincomeday.org\/ubi\/magyar-1-mai-feletetel-nelkuli-alapjovedelem-fna\/#breadcrumb"},"inLanguage":"en-US","potentialAction":[{"@type":"ReadAction","target":["https:\/\/basicincomeday.org\/ubi\/magyar-1-mai-feletetel-nelkuli-alapjovedelem-fna\/"]}]},{"@type":"ImageObject","inLanguage":"en-US","@id":"https:\/\/basicincomeday.org\/ubi\/magyar-1-mai-feletetel-nelkuli-alapjovedelem-fna\/#primaryimage","url":"https:\/\/basicincomeday.org\/ubi\/wp-content\/uploads\/2016\/04\/HU-new-zoldes.jpg","contentUrl":"https:\/\/basicincomeday.org\/ubi\/wp-content\/uploads\/2016\/04\/HU-new-zoldes.jpg","width":318,"height":302},{"@type":"BreadcrumbList","@id":"https:\/\/basicincomeday.org\/ubi\/magyar-1-mai-feletetel-nelkuli-alapjovedelem-fna\/#breadcrumb","itemListElement":[{"@type":"ListItem","position":1,"name":"Home","item":"https:\/\/basicincomeday.org\/ubi\/"},{"@type":"ListItem","position":2,"name":"Magyar &#8211; 1. Mai &#8211; Felet\u00e9tel n\u00e9lk\u00fcli alapj\u00f6vedelem #FNA"}]},{"@type":"WebSite","@id":"https:\/\/basicincomeday.org\/ubi\/#website","url":"https:\/\/basicincomeday.org\/ubi\/","name":"Basic Income Day","description":"Basic Income is a Human Right","potentialAction":[{"@type":"SearchAction","target":{"@type":"EntryPoint","urlTemplate":"https:\/\/basicincomeday.org\/ubi\/?s={search_term_string}"},"query-input":{"@type":"PropertyValueSpecification","valueRequired":true,"valueName":"search_term_string"}}],"inLanguage":"en-US"}]}},"_links":{"self":[{"href":"https:\/\/basicincomeday.org\/ubi\/wp-json\/wp\/v2\/pages\/465","targetHints":{"allow":["GET"]}}],"collection":[{"href":"https:\/\/basicincomeday.org\/ubi\/wp-json\/wp\/v2\/pages"}],"about":[{"href":"https:\/\/basicincomeday.org\/ubi\/wp-json\/wp\/v2\/types\/page"}],"author":[{"embeddable":true,"href":"https:\/\/basicincomeday.org\/ubi\/wp-json\/wp\/v2\/users\/1"}],"replies":[{"embeddable":true,"href":"https:\/\/basicincomeday.org\/ubi\/wp-json\/wp\/v2\/comments?post=465"}],"version-history":[{"count":6,"href":"https:\/\/basicincomeday.org\/ubi\/wp-json\/wp\/v2\/pages\/465\/revisions"}],"predecessor-version":[{"id":832,"href":"https:\/\/basicincomeday.org\/ubi\/wp-json\/wp\/v2\/pages\/465\/revisions\/832"}],"wp:featuredmedia":[{"embeddable":true,"href":"https:\/\/basicincomeday.org\/ubi\/wp-json\/wp\/v2\/media\/829"}],"wp:attachment":[{"href":"https:\/\/basicincomeday.org\/ubi\/wp-json\/wp\/v2\/media?parent=465"}],"curies":[{"name":"wp","href":"https:\/\/api.w.org\/{rel}","templated":true}]}}