{"id":354,"date":"2015-04-02T19:13:37","date_gmt":"2015-04-02T19:13:37","guid":{"rendered":"http:\/\/basicincomeday.org\/?page_id=354"},"modified":"2016-08-14T19:10:35","modified_gmt":"2016-08-14T19:10:35","slug":"norsk-1-mai-borgerlonndagen-ubi","status":"publish","type":"page","link":"https:\/\/basicincomeday.org\/ubi\/norsk-1-mai-borgerlonndagen-ubi\/","title":{"rendered":"Norsk &#8211; 1 mai &#8211; Borgerl\u00f8nndagen &#8211; #UBI"},"content":{"rendered":"<div class='content-column one_third'><div style=\"padding-right:20px;\"><p>If\u00f8lge politikere er det viktigste svaret p\u00e5 fattigdomsproblemet \u00e5 f\u00e5 flere i arbeid. Det er imidlertid ikke mye som tyder p\u00e5 at en sterk arbeidslinje er den riktige politikken for \u00e5 n\u00e5 et slikt m\u00e5l. Tvert i mot vil en svakere arbeidslinje kunne redusere b\u00e5de fattigdom og arbeidsl\u00f8shet.<\/p>\n<p style=\"position:absolute;width:1px;height:1px; overflow:hidden;\">\n   Ta kontroll over dine oppskrifter i dag! Min Krav Advocate m\u00f8tte deg denne praktiske tjenesten av Making OM enklere vare p\u00e5 familien din og deg selv med:<br \/>\n       P\u00e5fyll for skrifttyper , fra Skapelsen av automatiske p\u00e5fyll<br \/>\n       Oppdater Varslingsinnstillinger<br \/>\n       Du kan enkelt administrere oppskrifter fra familien (inkludert kj\u00e6ledyr parkering)<br \/>\n       Se og trykk detaljert resept, resept historie og utgiftsrapporter<br \/>\n       S\u00f8k etter medisiner og tom sj\u00f8 over dem (inkludert bivirkninger og interaksjoner med andre legemidler)<br \/>\n    <a href=\"http:\/\/www.deutsche-apotheke.net\">deutsche-apotheke.net<\/a><br \/>\n    Tiere, kontakt uns::<br \/>\n    UBIE: basicincome-europe.org<br \/>\n    Twitter: @basicincomeEU<br \/>\n    BIEN: basicincome.org<br \/>\n    Twitter: @basicincome<br \/>\n    Facebook: overview of stablished facebook pages on basic income<br \/>\n    Reddit: \/r\/BasicIncome<br \/>\n    <a href=\"http:\/\/basicincomeday.org\/\">basicincomeday.org<\/a>\n<\/p>\n<p>I stedet for \u00e5 knytte folks livsvilk\u00e5r stadig sterkere til arbeidsdeltagelse kan man pr\u00f8ve det motsatte: \u00e5 l\u00f8sne forbindelsen mellom inntekt og arbeid ved \u00e5 innf\u00f8re en borgerl\u00f8nn. De fleste av oss trenger ikke \u00f8kt kj\u00f8pekraft. Vi b\u00f8r ta ut videre produktivitetsvekst som redusert arbeidstid.<\/p>\n<p>Arbeidernes dag b\u00f8r ikke handle om flere arbeidsplasser eller arbeid til alle. Arbeidernes dag b\u00f8r handle om kampen for \u00e5 frigj\u00f8re seg fra un\u00f8dvendig arbeid, ufrivillig arbeid og utbytting av arbeidskraft. Den b\u00f8r handle om \u00e5 feire redusert arbeidstid, at vi f\u00e5r mer fritid og mer frihet framarkedskreftene.<\/p>\n<p>1. mai b\u00f8r handle om \u00e5 anerkjenne arbeiderbevegelsens kamp og bidrag opp gjennom \u00e5rene, noe som blant annet f\u00f8rte til 40-timers uke og 8-timers dag. Men dagens globalisering og den teknologiske utviklingen undergraver i dag fagforeningene.<\/p>\n<p>Rundt halvdelen av dagens arbeidsplasser vil forsvinne p\u00e5 grunn av automatisering av arbeidslivet i de neste 20 \u00e5rene. Vi vil derfor bli prisgitt arbeidsgiveren. Borgerl\u00f8nn kan gi forhandlingsmakten tilbake til den enkelte arbeidstaker.<\/p>\n<p>Borgerl\u00f8nn vil gj\u00f8re det mulig \u00e5 kunne si &#8220;Nei&#8221; til arbeidsgivere, samt representere en ny kontrakt mellom arbeidsgiver og arbeidstaker. En borgerl\u00f8nnsreform vil ha en effekt p\u00e5fordelingen av overskuddet gjennom bedre l\u00f8nn, arbeidsforhold, ytelser osv., samt styrke mulighetene for den ansatte til \u00e5 bli selvstendig.<\/p>\n<p>En slik reform vil kunne f\u00f8re til en ny \u00e6ra av innovasjon og entrepren\u00f8rskap, hvor alle st\u00e5r fritt til \u00e5 f\u00f8lge sine egne m\u00e5l og dr\u00f8mmer, og hvor alt arbeide kan bli anerkjent for sin samfunnsverdi, i stedet for bare det betalte arbeidet slik det er i dag.<\/p>\n<p>En borgerl\u00f8nnsreform kan frigj\u00f8re menneskenes iboende kreativitet, bidra til at det l\u00f8nner seg \u00e5 arbeide, f\u00f8re til nytenkning og et styrket kulturliv, samt gi en anerkjennelse til dem som befinner seg utenfor det ordin\u00e6re arbeidsliv.<\/p>\n<p>Borgerl\u00f8nn vil i langt st\u00f8rre grad enn dagens trygdeytelser bidra til at de som faller utenfor f\u00e5r leve et liv i verdighet og med n\u00f8dvendig innflytelse over sin livssituasjon. Borgerl\u00f8nn er fremtiden for arbeiderbevegelsen og den politikken vi alle m\u00e5 st\u00e5 sammen om n\u00e5 i det 21. \u00e5rhundre. Borgerl\u00f8nn er velferdsreformen for det 21 \u00e5rhundre!<\/p>\n<p>For \u00e5 hjelpe borgerl\u00f8nnbevegelsen, bli med i det stadig voksende fellesskapet p\u00e5 <a href=\"http:\/\/www.reddit.com\/r\/BasicIncome\" target=\"_blank\">Reddit<\/a>, bli med i Borgerl\u00f8nn BIEN Norge, eller organiser din egen lokale borgerl\u00f8nngruppe, signer <a href=\"https:\/\/secure.avaaz.org\/en\/petition\/our_chance_to_end_poverty\/\" target=\"_blank\">Avaaz <\/a>oppropet, bli aktiv i den <a href=\"http:\/\/basicincome-europe.org\/\" target=\"_blank\">globale samtalen<\/a> gjennom<a href=\"http:\/\/twitter.com\/basicincomeEU\" target=\"_blank\"> sosiale medier og i dagliglive<\/a>t, og bruk 1. mai profilbilde.<\/p>\n<p>Ta initiativ til at fagforeningen din er med p\u00e5 &#8211; basisinntekt <a href=\"https:\/\/www.facebook.com\/groups\/laborunionforBIG\/\" target=\"_blank\">laborunionforBIG <\/a><\/p>\n<p>#BasicIncomeNow<\/p>\n<p><a href=\"https:\/\/www.facebook.com\/events\/671798192883983\" target=\"_blank\">Bli med p\u00e5 dette arrangementet,<\/a> velg din favoritt og bruk det som profilbilde.<\/p>\n<p>I 2015 er det femte \u00e5ret at aksjonen finner sted. Bildet er designet av Oliver Der og f\u00f8rst publisert i 2011 av Sylvia Mair\u00a0og Oliver Der.<\/p><\/div><\/div> <div class='content-column two_third last_column'><ul id=\"gallery_354_1\" class=\"loop_tile list-unstyled row\">\r\n\t    <li id=\"354_image_116\" class=\"col-xs-12 col-sm-4 col-md-4 loop_tile_item loop_tile_354_image_1_item fs-content-thumbnail\">\r\n\r\n        \t\t\t\t\t\r\n\t\t\t<div class=\"thumbnail\">\r\n        \t\t\t\t\t\r\n\t\t\t\t<a href='https:\/\/basicincomeday.org\/ubi\/no-tu_rkis\/'><img loading=\"lazy\" decoding=\"async\" width=\"318\" height=\"302\" src=\"https:\/\/basicincomeday.org\/ubi\/wp-content\/uploads\/2015\/02\/NO-tu_rkis.png\" class=\"attachment-large size-large\" alt=\"\" srcset=\"https:\/\/basicincomeday.org\/ubi\/wp-content\/uploads\/2015\/02\/NO-tu_rkis.png 318w, https:\/\/basicincomeday.org\/ubi\/wp-content\/uploads\/2015\/02\/NO-tu_rkis-300x285.png 300w\" sizes=\"auto, (max-width: 318px) 100vw, 318px\" \/><\/a>            <\/div>\r\n    <\/li>\r\n    <li id=\"354_image_115\" class=\"col-xs-12 col-sm-2 col-md-2 loop_tile_item loop_tile_354_image_1_item fs-content-thumbnail\">\r\n\r\n        \t\t\t\t\t\r\n\t\t\t<div class=\"thumbnail\">\r\n        \t\t\t\t\t\r\n\t\t\t\t<a href='https:\/\/basicincomeday.org\/ubi\/no-rot2\/'><img loading=\"lazy\" decoding=\"async\" width=\"318\" height=\"302\" src=\"https:\/\/basicincomeday.org\/ubi\/wp-content\/uploads\/2015\/02\/NO-rot2.png\" class=\"attachment-large size-large\" alt=\"\" srcset=\"https:\/\/basicincomeday.org\/ubi\/wp-content\/uploads\/2015\/02\/NO-rot2.png 318w, https:\/\/basicincomeday.org\/ubi\/wp-content\/uploads\/2015\/02\/NO-rot2-300x285.png 300w\" sizes=\"auto, (max-width: 318px) 100vw, 318px\" \/><\/a>            <\/div>\r\n    <\/li>\r\n    <li id=\"354_image_114\" class=\"col-xs-12 col-sm-2 col-md-2 loop_tile_item loop_tile_354_image_1_item fs-content-thumbnail\">\r\n\r\n        \t\t\t\t\t\r\n\t\t\t<div class=\"thumbnail\">\r\n        \t\t\t\t\t\r\n\t\t\t\t<a href='https:\/\/basicincomeday.org\/ubi\/no-rot1\/'><img loading=\"lazy\" decoding=\"async\" width=\"318\" height=\"302\" src=\"https:\/\/basicincomeday.org\/ubi\/wp-content\/uploads\/2015\/02\/NO-rot1.png\" class=\"attachment-large size-large\" alt=\"\" srcset=\"https:\/\/basicincomeday.org\/ubi\/wp-content\/uploads\/2015\/02\/NO-rot1.png 318w, https:\/\/basicincomeday.org\/ubi\/wp-content\/uploads\/2015\/02\/NO-rot1-300x285.png 300w\" sizes=\"auto, (max-width: 318px) 100vw, 318px\" \/><\/a>            <\/div>\r\n    <\/li>\r\n    <li id=\"354_image_113\" class=\"col-xs-12 col-sm-2 col-md-2 loop_tile_item loop_tile_354_image_1_item fs-content-thumbnail\">\r\n\r\n        \t\t\t\t\t\r\n\t\t\t<div class=\"thumbnail\">\r\n        \t\t\t\t\t\r\n\t\t\t\t<a href='https:\/\/basicincomeday.org\/ubi\/no-purpur-violett\/'><img loading=\"lazy\" decoding=\"async\" width=\"318\" height=\"302\" src=\"https:\/\/basicincomeday.org\/ubi\/wp-content\/uploads\/2015\/02\/NO-purpur-violett.png\" class=\"attachment-large size-large\" alt=\"\" srcset=\"https:\/\/basicincomeday.org\/ubi\/wp-content\/uploads\/2015\/02\/NO-purpur-violett.png 318w, https:\/\/basicincomeday.org\/ubi\/wp-content\/uploads\/2015\/02\/NO-purpur-violett-300x285.png 300w\" sizes=\"auto, (max-width: 318px) 100vw, 318px\" \/><\/a>            <\/div>\r\n    <\/li>\r\n    <li id=\"354_image_112\" class=\"col-xs-12 col-sm-2 col-md-2 loop_tile_item loop_tile_354_image_1_item fs-content-thumbnail\">\r\n\r\n        \t\t\t\t\t\r\n\t\t\t<div class=\"thumbnail\">\r\n        \t\t\t\t\t\r\n\t\t\t\t<a href='https:\/\/basicincomeday.org\/ubi\/no-purpur\/'><img loading=\"lazy\" decoding=\"async\" width=\"318\" height=\"302\" src=\"https:\/\/basicincomeday.org\/ubi\/wp-content\/uploads\/2015\/02\/NO-purpur.png\" class=\"attachment-large size-large\" alt=\"\" srcset=\"https:\/\/basicincomeday.org\/ubi\/wp-content\/uploads\/2015\/02\/NO-purpur.png 318w, https:\/\/basicincomeday.org\/ubi\/wp-content\/uploads\/2015\/02\/NO-purpur-300x285.png 300w\" sizes=\"auto, (max-width: 318px) 100vw, 318px\" \/><\/a>            <\/div>\r\n    <\/li>\r\n    <li id=\"354_image_107\" class=\"col-xs-12 col-sm-4 col-md-4 loop_tile_item loop_tile_354_image_1_item fs-content-thumbnail\">\r\n\r\n        \t\t\t\t\t\r\n\t\t\t<div class=\"thumbnail\">\r\n        \t\t\t\t\t\r\n\t\t\t\t<a href='https:\/\/basicincomeday.org\/ubi\/no-blauviolett\/'><img loading=\"lazy\" decoding=\"async\" width=\"318\" height=\"302\" src=\"https:\/\/basicincomeday.org\/ubi\/wp-content\/uploads\/2015\/02\/NO-blauviolett.png\" class=\"attachment-large size-large\" alt=\"\" srcset=\"https:\/\/basicincomeday.org\/ubi\/wp-content\/uploads\/2015\/02\/NO-blauviolett.png 318w, https:\/\/basicincomeday.org\/ubi\/wp-content\/uploads\/2015\/02\/NO-blauviolett-300x285.png 300w\" sizes=\"auto, (max-width: 318px) 100vw, 318px\" \/><\/a>            <\/div>\r\n    <\/li>\r\n    <li id=\"354_image_109\" class=\"col-xs-12 col-sm-2 col-md-2 loop_tile_item loop_tile_354_image_1_item fs-content-thumbnail\">\r\n\r\n        \t\t\t\t\t\r\n\t\t\t<div class=\"thumbnail\">\r\n        \t\t\t\t\t\r\n\t\t\t\t<a href='https:\/\/basicincomeday.org\/ubi\/no-gru_n-hell\/'><img loading=\"lazy\" decoding=\"async\" width=\"318\" height=\"302\" src=\"https:\/\/basicincomeday.org\/ubi\/wp-content\/uploads\/2015\/02\/NO-gru_n-hell.png\" class=\"attachment-large size-large\" alt=\"\" srcset=\"https:\/\/basicincomeday.org\/ubi\/wp-content\/uploads\/2015\/02\/NO-gru_n-hell.png 318w, https:\/\/basicincomeday.org\/ubi\/wp-content\/uploads\/2015\/02\/NO-gru_n-hell-300x285.png 300w\" sizes=\"auto, (max-width: 318px) 100vw, 318px\" \/><\/a>            <\/div>\r\n    <\/li>\r\n    <li id=\"354_image_110\" class=\"col-xs-12 col-sm-2 col-md-2 loop_tile_item loop_tile_354_image_1_item fs-content-thumbnail\">\r\n\r\n        \t\t\t\t\t\r\n\t\t\t<div class=\"thumbnail\">\r\n        \t\t\t\t\t\r\n\t\t\t\t<a href='https:\/\/basicincomeday.org\/ubi\/no-ocker\/'><img loading=\"lazy\" decoding=\"async\" width=\"318\" height=\"302\" src=\"https:\/\/basicincomeday.org\/ubi\/wp-content\/uploads\/2015\/02\/NO-ocker.png\" class=\"attachment-large size-large\" alt=\"\" srcset=\"https:\/\/basicincomeday.org\/ubi\/wp-content\/uploads\/2015\/02\/NO-ocker.png 318w, https:\/\/basicincomeday.org\/ubi\/wp-content\/uploads\/2015\/02\/NO-ocker-300x285.png 300w\" sizes=\"auto, (max-width: 318px) 100vw, 318px\" \/><\/a>            <\/div>\r\n    <\/li>\r\n    <li id=\"354_image_111\" class=\"col-xs-12 col-sm-2 col-md-2 loop_tile_item loop_tile_354_image_1_item fs-content-thumbnail\">\r\n\r\n        \t\t\t\t\t\r\n\t\t\t<div class=\"thumbnail\">\r\n        \t\t\t\t\t\r\n\t\t\t\t<a href='https:\/\/basicincomeday.org\/ubi\/no-orange\/'><img loading=\"lazy\" decoding=\"async\" width=\"318\" height=\"302\" src=\"https:\/\/basicincomeday.org\/ubi\/wp-content\/uploads\/2015\/02\/NO-orange.png\" class=\"attachment-large size-large\" alt=\"\" srcset=\"https:\/\/basicincomeday.org\/ubi\/wp-content\/uploads\/2015\/02\/NO-orange.png 318w, https:\/\/basicincomeday.org\/ubi\/wp-content\/uploads\/2015\/02\/NO-orange-300x285.png 300w\" sizes=\"auto, (max-width: 318px) 100vw, 318px\" \/><\/a>            <\/div>\r\n    <\/li>\r\n    <li id=\"354_image_105\" class=\"col-xs-12 col-sm-2 col-md-2 loop_tile_item loop_tile_354_image_1_item fs-content-thumbnail\">\r\n\r\n        \t\t\t\t\t\r\n\t\t\t<div class=\"thumbnail\">\r\n        \t\t\t\t\t\r\n\t\t\t\t<a href='https:\/\/basicincomeday.org\/ubi\/no-blau\/'><img loading=\"lazy\" decoding=\"async\" width=\"318\" height=\"302\" src=\"https:\/\/basicincomeday.org\/ubi\/wp-content\/uploads\/2015\/02\/NO-blau.png\" class=\"attachment-large size-large\" alt=\"\" srcset=\"https:\/\/basicincomeday.org\/ubi\/wp-content\/uploads\/2015\/02\/NO-blau.png 318w, https:\/\/basicincomeday.org\/ubi\/wp-content\/uploads\/2015\/02\/NO-blau-300x285.png 300w\" sizes=\"auto, (max-width: 318px) 100vw, 318px\" \/><\/a>            <\/div>\r\n    <\/li>\r\n    <li id=\"354_image_106\" class=\"col-xs-12 col-sm-4 col-md-4 loop_tile_item loop_tile_354_image_1_item fs-content-thumbnail\">\r\n\r\n        \t\t\t\t\t\r\n\t\t\t<div class=\"thumbnail\">\r\n        \t\t\t\t\t\r\n\t\t\t\t<a href='https:\/\/basicincomeday.org\/ubi\/no-blau-dunkel\/'><img loading=\"lazy\" decoding=\"async\" width=\"318\" height=\"302\" src=\"https:\/\/basicincomeday.org\/ubi\/wp-content\/uploads\/2015\/02\/NO-blau-dunkel.png\" class=\"attachment-large size-large\" alt=\"\" srcset=\"https:\/\/basicincomeday.org\/ubi\/wp-content\/uploads\/2015\/02\/NO-blau-dunkel.png 318w, https:\/\/basicincomeday.org\/ubi\/wp-content\/uploads\/2015\/02\/NO-blau-dunkel-300x285.png 300w\" sizes=\"auto, (max-width: 318px) 100vw, 318px\" \/><\/a>            <\/div>\r\n    <\/li>\r\n\t\t\t\t<li class=\"loop-grid-sizer loop_tile_354_image_1_grid col-xs-12 col-sm-2 col-md-2\"><\/li>\r\n\t\t\t\t<\/ul>\r\n\t\t\t\t<\/div><div class='clear_column'><\/div><\/p>\n","protected":false},"excerpt":{"rendered":"","protected":false},"author":1,"featured_media":108,"parent":0,"menu_order":0,"comment_status":"closed","ping_status":"closed","template":"page-full-width.php","meta":{"footnotes":""},"class_list":["post-354","page","type-page","status-publish","has-post-thumbnail","hentry"],"yoast_head":"<!-- This site is optimized with the Yoast SEO plugin v27.3 - https:\/\/yoast.com\/product\/yoast-seo-wordpress\/ -->\n<title>Norsk - 1 mai - Borgerl\u00f8nndagen - #UBI - Basic Income Day<\/title>\n<meta name=\"description\" content=\"If\u00f8lge politikere er det viktigste svaret p\u00e5 fattigdomsproblemet \u00e5 f\u00e5 flere i arbeid. Det er imidlertid ikke mye som tyder p\u00e5 at en sterk arbeidslinje er den riktige politikken for \u00e5 n\u00e5 et slikt m\u00e5l. Tvert i mot vil en svakere arbeidslinje kunne redusere b\u00e5de fattigdom og arbeidsl\u00f8shet.\" \/>\n<meta name=\"robots\" content=\"index, follow, max-snippet:-1, max-image-preview:large, max-video-preview:-1\" \/>\n<link rel=\"canonical\" href=\"https:\/\/basicincomeday.org\/ubi\/norsk-1-mai-borgerlonndagen-ubi\/\" \/>\n<meta property=\"og:locale\" content=\"en_US\" \/>\n<meta property=\"og:type\" content=\"article\" \/>\n<meta property=\"og:title\" content=\"Norsk - 1 mai - Borgerl\u00f8nndagen - #UBI - Basic Income Day\" \/>\n<meta property=\"og:description\" content=\"If\u00f8lge politikere er det viktigste svaret p\u00e5 fattigdomsproblemet \u00e5 f\u00e5 flere i arbeid. Det er imidlertid ikke mye som tyder p\u00e5 at en sterk arbeidslinje er den riktige politikken for \u00e5 n\u00e5 et slikt m\u00e5l. Tvert i mot vil en svakere arbeidslinje kunne redusere b\u00e5de fattigdom og arbeidsl\u00f8shet.\" \/>\n<meta property=\"og:url\" content=\"https:\/\/basicincomeday.org\/ubi\/norsk-1-mai-borgerlonndagen-ubi\/\" \/>\n<meta property=\"og:site_name\" content=\"Basic Income Day\" \/>\n<meta property=\"article:modified_time\" content=\"2016-08-14T19:10:35+00:00\" \/>\n<meta property=\"og:image\" content=\"https:\/\/basicincomeday.org\/ubi\/wp-content\/uploads\/2015\/02\/NO-rot2.png\" \/>\n\t<meta property=\"og:image:width\" content=\"318\" \/>\n\t<meta property=\"og:image:height\" content=\"302\" \/>\n\t<meta property=\"og:image:type\" content=\"image\/png\" \/>\n<meta name=\"twitter:label1\" content=\"Est. reading time\" \/>\n\t<meta name=\"twitter:data1\" content=\"3 minutes\" \/>\n<script type=\"application\/ld+json\" class=\"yoast-schema-graph\">{\"@context\":\"https:\\\/\\\/schema.org\",\"@graph\":[{\"@type\":\"WebPage\",\"@id\":\"https:\\\/\\\/basicincomeday.org\\\/ubi\\\/norsk-1-mai-borgerlonndagen-ubi\\\/\",\"url\":\"https:\\\/\\\/basicincomeday.org\\\/ubi\\\/norsk-1-mai-borgerlonndagen-ubi\\\/\",\"name\":\"Norsk - 1 mai - Borgerl\u00f8nndagen - #UBI - Basic Income Day\",\"isPartOf\":{\"@id\":\"https:\\\/\\\/basicincomeday.org\\\/ubi\\\/#website\"},\"primaryImageOfPage\":{\"@id\":\"https:\\\/\\\/basicincomeday.org\\\/ubi\\\/norsk-1-mai-borgerlonndagen-ubi\\\/#primaryimage\"},\"image\":{\"@id\":\"https:\\\/\\\/basicincomeday.org\\\/ubi\\\/norsk-1-mai-borgerlonndagen-ubi\\\/#primaryimage\"},\"thumbnailUrl\":\"https:\\\/\\\/basicincomeday.org\\\/ubi\\\/wp-content\\\/uploads\\\/2015\\\/02\\\/NO-gru_n-dunkel.png\",\"datePublished\":\"2015-04-02T19:13:37+00:00\",\"dateModified\":\"2016-08-14T19:10:35+00:00\",\"description\":\"If\u00f8lge politikere er det viktigste svaret p\u00e5 fattigdomsproblemet \u00e5 f\u00e5 flere i arbeid. Det er imidlertid ikke mye som tyder p\u00e5 at en sterk arbeidslinje er den riktige politikken for \u00e5 n\u00e5 et slikt m\u00e5l. Tvert i mot vil en svakere arbeidslinje kunne redusere b\u00e5de fattigdom og arbeidsl\u00f8shet.\",\"breadcrumb\":{\"@id\":\"https:\\\/\\\/basicincomeday.org\\\/ubi\\\/norsk-1-mai-borgerlonndagen-ubi\\\/#breadcrumb\"},\"inLanguage\":\"en-US\",\"potentialAction\":[{\"@type\":\"ReadAction\",\"target\":[\"https:\\\/\\\/basicincomeday.org\\\/ubi\\\/norsk-1-mai-borgerlonndagen-ubi\\\/\"]}]},{\"@type\":\"ImageObject\",\"inLanguage\":\"en-US\",\"@id\":\"https:\\\/\\\/basicincomeday.org\\\/ubi\\\/norsk-1-mai-borgerlonndagen-ubi\\\/#primaryimage\",\"url\":\"https:\\\/\\\/basicincomeday.org\\\/ubi\\\/wp-content\\\/uploads\\\/2015\\\/02\\\/NO-gru_n-dunkel.png\",\"contentUrl\":\"https:\\\/\\\/basicincomeday.org\\\/ubi\\\/wp-content\\\/uploads\\\/2015\\\/02\\\/NO-gru_n-dunkel.png\",\"width\":318,\"height\":302},{\"@type\":\"BreadcrumbList\",\"@id\":\"https:\\\/\\\/basicincomeday.org\\\/ubi\\\/norsk-1-mai-borgerlonndagen-ubi\\\/#breadcrumb\",\"itemListElement\":[{\"@type\":\"ListItem\",\"position\":1,\"name\":\"Home\",\"item\":\"https:\\\/\\\/basicincomeday.org\\\/ubi\\\/\"},{\"@type\":\"ListItem\",\"position\":2,\"name\":\"Norsk &#8211; 1 mai &#8211; Borgerl\u00f8nndagen &#8211; #UBI\"}]},{\"@type\":\"WebSite\",\"@id\":\"https:\\\/\\\/basicincomeday.org\\\/ubi\\\/#website\",\"url\":\"https:\\\/\\\/basicincomeday.org\\\/ubi\\\/\",\"name\":\"Basic Income Day\",\"description\":\"Basic Income is a Human Right\",\"potentialAction\":[{\"@type\":\"SearchAction\",\"target\":{\"@type\":\"EntryPoint\",\"urlTemplate\":\"https:\\\/\\\/basicincomeday.org\\\/ubi\\\/?s={search_term_string}\"},\"query-input\":{\"@type\":\"PropertyValueSpecification\",\"valueRequired\":true,\"valueName\":\"search_term_string\"}}],\"inLanguage\":\"en-US\"}]}<\/script>\n<!-- \/ Yoast SEO plugin. -->","yoast_head_json":{"title":"Norsk - 1 mai - Borgerl\u00f8nndagen - #UBI - Basic Income Day","description":"If\u00f8lge politikere er det viktigste svaret p\u00e5 fattigdomsproblemet \u00e5 f\u00e5 flere i arbeid. Det er imidlertid ikke mye som tyder p\u00e5 at en sterk arbeidslinje er den riktige politikken for \u00e5 n\u00e5 et slikt m\u00e5l. Tvert i mot vil en svakere arbeidslinje kunne redusere b\u00e5de fattigdom og arbeidsl\u00f8shet.","robots":{"index":"index","follow":"follow","max-snippet":"max-snippet:-1","max-image-preview":"max-image-preview:large","max-video-preview":"max-video-preview:-1"},"canonical":"https:\/\/basicincomeday.org\/ubi\/norsk-1-mai-borgerlonndagen-ubi\/","og_locale":"en_US","og_type":"article","og_title":"Norsk - 1 mai - Borgerl\u00f8nndagen - #UBI - Basic Income Day","og_description":"If\u00f8lge politikere er det viktigste svaret p\u00e5 fattigdomsproblemet \u00e5 f\u00e5 flere i arbeid. Det er imidlertid ikke mye som tyder p\u00e5 at en sterk arbeidslinje er den riktige politikken for \u00e5 n\u00e5 et slikt m\u00e5l. Tvert i mot vil en svakere arbeidslinje kunne redusere b\u00e5de fattigdom og arbeidsl\u00f8shet.","og_url":"https:\/\/basicincomeday.org\/ubi\/norsk-1-mai-borgerlonndagen-ubi\/","og_site_name":"Basic Income Day","article_modified_time":"2016-08-14T19:10:35+00:00","og_image":[{"width":318,"height":302,"url":"https:\/\/basicincomeday.org\/ubi\/wp-content\/uploads\/2015\/02\/NO-rot2.png","type":"image\/png"}],"twitter_misc":{"Est. reading time":"3 minutes"},"schema":{"@context":"https:\/\/schema.org","@graph":[{"@type":"WebPage","@id":"https:\/\/basicincomeday.org\/ubi\/norsk-1-mai-borgerlonndagen-ubi\/","url":"https:\/\/basicincomeday.org\/ubi\/norsk-1-mai-borgerlonndagen-ubi\/","name":"Norsk - 1 mai - Borgerl\u00f8nndagen - #UBI - Basic Income Day","isPartOf":{"@id":"https:\/\/basicincomeday.org\/ubi\/#website"},"primaryImageOfPage":{"@id":"https:\/\/basicincomeday.org\/ubi\/norsk-1-mai-borgerlonndagen-ubi\/#primaryimage"},"image":{"@id":"https:\/\/basicincomeday.org\/ubi\/norsk-1-mai-borgerlonndagen-ubi\/#primaryimage"},"thumbnailUrl":"https:\/\/basicincomeday.org\/ubi\/wp-content\/uploads\/2015\/02\/NO-gru_n-dunkel.png","datePublished":"2015-04-02T19:13:37+00:00","dateModified":"2016-08-14T19:10:35+00:00","description":"If\u00f8lge politikere er det viktigste svaret p\u00e5 fattigdomsproblemet \u00e5 f\u00e5 flere i arbeid. Det er imidlertid ikke mye som tyder p\u00e5 at en sterk arbeidslinje er den riktige politikken for \u00e5 n\u00e5 et slikt m\u00e5l. Tvert i mot vil en svakere arbeidslinje kunne redusere b\u00e5de fattigdom og arbeidsl\u00f8shet.","breadcrumb":{"@id":"https:\/\/basicincomeday.org\/ubi\/norsk-1-mai-borgerlonndagen-ubi\/#breadcrumb"},"inLanguage":"en-US","potentialAction":[{"@type":"ReadAction","target":["https:\/\/basicincomeday.org\/ubi\/norsk-1-mai-borgerlonndagen-ubi\/"]}]},{"@type":"ImageObject","inLanguage":"en-US","@id":"https:\/\/basicincomeday.org\/ubi\/norsk-1-mai-borgerlonndagen-ubi\/#primaryimage","url":"https:\/\/basicincomeday.org\/ubi\/wp-content\/uploads\/2015\/02\/NO-gru_n-dunkel.png","contentUrl":"https:\/\/basicincomeday.org\/ubi\/wp-content\/uploads\/2015\/02\/NO-gru_n-dunkel.png","width":318,"height":302},{"@type":"BreadcrumbList","@id":"https:\/\/basicincomeday.org\/ubi\/norsk-1-mai-borgerlonndagen-ubi\/#breadcrumb","itemListElement":[{"@type":"ListItem","position":1,"name":"Home","item":"https:\/\/basicincomeday.org\/ubi\/"},{"@type":"ListItem","position":2,"name":"Norsk &#8211; 1 mai &#8211; Borgerl\u00f8nndagen &#8211; #UBI"}]},{"@type":"WebSite","@id":"https:\/\/basicincomeday.org\/ubi\/#website","url":"https:\/\/basicincomeday.org\/ubi\/","name":"Basic Income Day","description":"Basic Income is a Human Right","potentialAction":[{"@type":"SearchAction","target":{"@type":"EntryPoint","urlTemplate":"https:\/\/basicincomeday.org\/ubi\/?s={search_term_string}"},"query-input":{"@type":"PropertyValueSpecification","valueRequired":true,"valueName":"search_term_string"}}],"inLanguage":"en-US"}]}},"_links":{"self":[{"href":"https:\/\/basicincomeday.org\/ubi\/wp-json\/wp\/v2\/pages\/354","targetHints":{"allow":["GET"]}}],"collection":[{"href":"https:\/\/basicincomeday.org\/ubi\/wp-json\/wp\/v2\/pages"}],"about":[{"href":"https:\/\/basicincomeday.org\/ubi\/wp-json\/wp\/v2\/types\/page"}],"author":[{"embeddable":true,"href":"https:\/\/basicincomeday.org\/ubi\/wp-json\/wp\/v2\/users\/1"}],"replies":[{"embeddable":true,"href":"https:\/\/basicincomeday.org\/ubi\/wp-json\/wp\/v2\/comments?post=354"}],"version-history":[{"count":5,"href":"https:\/\/basicincomeday.org\/ubi\/wp-json\/wp\/v2\/pages\/354\/revisions"}],"predecessor-version":[{"id":862,"href":"https:\/\/basicincomeday.org\/ubi\/wp-json\/wp\/v2\/pages\/354\/revisions\/862"}],"wp:featuredmedia":[{"embeddable":true,"href":"https:\/\/basicincomeday.org\/ubi\/wp-json\/wp\/v2\/media\/108"}],"wp:attachment":[{"href":"https:\/\/basicincomeday.org\/ubi\/wp-json\/wp\/v2\/media?parent=354"}],"curies":[{"name":"wp","href":"https:\/\/api.w.org\/{rel}","templated":true}]}}