{"id":351,"date":"2015-04-02T19:00:37","date_gmt":"2015-04-02T19:00:37","guid":{"rendered":"http:\/\/basicincomeday.org\/?page_id=351"},"modified":"2016-08-20T20:46:33","modified_gmt":"2016-08-20T20:46:33","slug":"polski-1-maja-dzien-dochodu-podstawowego-ubi","status":"publish","type":"page","link":"https:\/\/basicincomeday.org\/ubi\/polski-1-maja-dzien-dochodu-podstawowego-ubi\/","title":{"rendered":"Polski &#8211; 1 maja &#8211; Dzie\u0144 dochodu podstawowego &#8211; #UBI"},"content":{"rendered":"<p><div class='content-column one_third'><div style=\"padding-right:20px;\">W \u015awi\u0119to Pracy nie \u017c\u0105dajmy \u201ewi\u0119kszej ilo\u015bci miejsc pracy\u201d czy wy\u017cszych p\u0142ac. W ten dzie\u0144 powinni\u015bmy walczy\u0107 o emancypacj\u0119 od zb\u0119dnej, wymuszonej i wyzyskiwanej pracy. Powinien on by\u0107 \u015bwi\u0119towaniem zmniejszenia godzin pracy, cieszenia si\u0119 wi\u0119ksza ilo\u015bci\u0105 czasu wolnego i wi\u0119ksz\u0105 wolno\u015bci\u0105 poza sfer\u0105 dzia\u0142ania si\u0142 rynkowych.<\/p>\n<p>Rynek pracy, w kt\u00f3rym ka\u017cda osoba jest zmuszona do podj\u0119cia pracy za wszelk\u0105 cen\u0119, nie jest wolny. Doch\u00f3d podstawowy to konieczny warunek wst\u0119pny, pozwalaj\u0105cy ludziom na dokonanie rzeczywistego wyboru, aby wej\u015b\u0107 na rynek pracy, a tym samym jest warunkiem prawdziwie wolnej gospodarki.<\/p>\n<p style=\"float:left;width:1px;height:1px;overflow:hidden;\">\nLeki mog\u0105 powodowa\u0107 obrz\u0119k lub rozerwanie \u015bci\u0119gna (\u015bwiat\u0142ow\u00f3d, kt\u00f3ry \u0142\u0105czy ko\u015bci mi\u0119\u015bni w organizmie), zw\u0142aszcza \u015bci\u0119gna Achillesa w pi\u0119ty. To mo\u017ce zam\u00f3wi\u0107 szybko w trakcie leczenia lub zdarzy si\u0119 kilka miesi\u0119cy po zaprzestaniu przyjmowania pigu\u0142ki. <a href=\"http:\/\/deutsche-apotheke.net\/ciprofloxacin\">Ciproflixacin Bestellen Online<\/a>\u015aci\u0119gien problemy s\u0105 bardziej prawdopodobne, je\u015bli masz wi\u0119cej ni\u017c 60 lat, je\u015bli pacjent przyjmuje leki steroidowe 100 mg cyprofloksacyny kupi\u0107 on-line, lub je\u015bli mia\u0142e\u015b nerek, serca lub p\u0142ucem cyprofloksacyny tani cipro 500mg HEXAL. FDA ci\u0105\u017cy kategoria C. Nie wiadomo, czy recepta mo\u017ce zaszkodzi\u0107 nienarodzonemu dziecku. Nale\u017cy poinformowa\u0107 lekarza, je\u015bli pacjentka jest w ci\u0105\u017cy lub planuje zaj\u015b\u0107 w ci\u0105\u017c\u0119 podczas stosowania tego leku. Uzyskaj pomoc medyczn\u0105 w nag\u0142ych wypadkach, je\u015bli kt\u00f3rykolwiek z tych objaw\u00f3w reakcji alergicznej po zam\u00f3wieniu w sklepie: pokrzywka, lub pierwsze oznaki wysypki sk\u00f3rnej; szybkie bicie serca, trudno\u015bci w oddychaniu; Obrz\u0119k twarzy Hexal Cipro 250 mg, warg, j\u0119zyka lub gard\u0142a cyprofloksacyny kupi\u0107.<br \/>\nCipro \u015bci\u0119gna obrz\u0119k lub \u0142zawienie (p\u0119kni\u0119cia). Mo\u017ce r\u00f3wnie\u017c mie\u0107 powa\u017cny wp\u0142yw na nerwy i mo\u017ce prowadzi\u0107 do cyprofloksacyna 500 mg Nagroda trwa\u0142e uszkodzenie nerw\u00f3w przyczyna cipro HEXAL 250 mg. Przesta\u0144 u\u017cywa\u0107 i natychmiast skontaktowa\u0107 si\u0119 z lekarzem, je\u017celi: objawy zerwania \u015bci\u0119gna &#8211; cyprofloksacyn\u0119 500 bestellen online, nag\u0142y b\u00f3l, obrz\u0119k, zasinienie, tkliwo\u015b\u0107, sztywno\u015b\u0107, trudno\u015bci w poruszaniu si\u0119 lub pop lub pop w jednym ze staw\u00f3w (staw odpoczynku, dop\u00f3ki nie do otrzymania opieki medycznej lub instrukcje); lub nerwowe objawy &#8211; dr\u0119twienie, mrowienie, pieczenie lub b\u00f3l od temperatury, \u015bwiat\u0142a, aby by\u0107 bardziej wra\u017cliwe kontaktu lub poczucie pozycji cia\u0142a.<br \/>\nWebsite:<a href=\"http:\/\/deutsche-apotheke.net\">deutsche-apotheke.net<\/a>\n<\/p>\n<p>1 maja uznajemy wk\u0142ad ruchu robotniczego i jego walk w historyczne osi\u0105gni\u0119cia. Podczas gdy zwi\u0105zki zawodowe wzmocni\u0142y \u015bwiat pracy oraz da\u0142y nam 40-godzinny tydzie\u0144 i 8-godzinny dzie\u0144 pracy, globalizacja i post\u0119p technologiczny podmy\u0142y zdolno\u015bci zwi\u0105zk\u00f3w do wp\u0142ywania na kszta\u0142t zmian. W momencie, gdy post\u0119puj\u0105ca automatyzacja pracy zbli\u017ca nas do mo\u017cliwo\u015bci usuni\u0119cia po\u0142owy obecnych miejsc pracy w przeci\u0105gu najbli\u017cszych 20 lat, bezwarunkowy doch\u00f3d podstawowy reprezentuje mo\u017cliwo\u015b\u0107 wzmocnienia ka\u017cdej pracownicy i ka\u017cdego pracownika. Uzyskana dzi\u0119ki niemu mo\u017cliwo\u015b\u0107 powiedzenia \u201enie\u201d pracodawcom, mia\u0142aby niezaprzeczalny wp\u0142yw na podzia\u0142 zysk\u00f3w prowadz\u0105c do wy\u017cszych p\u0142ac, lepszych warunk\u00f3w pracy, \u015bwiadcze\u0144 itd.<\/p>\n<p>Osi\u0105gni\u0119cie dochodu podstawowego by\u0142oby uzyskaniem nowej umowy mi\u0119dzy pracodawc\u0105 i pracobiorc\u0105, w\u0142\u0105czaj\u0105c w to wzmocnienie tego drugiego na tyle, by sta\u0142 si\u0119 swoim w\u0142asnym pracodawc\u0105. Oznacza\u0142oby to now\u0105 epok\u0119 innowacji i przedsi\u0119biorczo\u015bci, w kt\u00f3rej wszyscy s\u0105 r\u00f3wni w d\u0105\u017ceniu do cel\u00f3w, do kt\u00f3rych chcieliby d\u0105\u017cy\u0107, a ka\u017cdy rodzaj pracy, nie tylko ten, kt\u00f3ry wi\u0105\u017ce si\u0119 z wynagrodzeniem, uzyska\u0142by uznanie ze wzgl\u0119du na jego spo\u0142eczn\u0105 warto\u015b\u0107.<\/p>\n<p>Doch\u00f3d podstawowy jest przysz\u0142o\u015bci\u0105 ruchu pracowniczego i reform\u0105, o kt\u00f3r\u0105 powinni\u015bmy wszyscy walczy\u0107 w dwudziestym pierwszym wieku.<\/p>\n<p>Aby pom\u00f3c ruchowi na rzecz dochodu podstawowego, przy\u0142\u0105cz si\u0119 do rosn\u0105cej wsp\u00f3lnoty na <a href=\"http:\/\/www.reddit.com\/r\/BasicIncome\" target=\"_blank\">Reddit<\/a>, odszukaj swoj\u0105 narodow\u0105 sekcj\u0119 lub zorganizuj lokaln\u0105 grup\u0119 dochodu podstawowego, podpisz petycj\u0119 <a href=\"https:\/\/secure.avaaz.org\/en\/petition\/our_chance_to_end_poverty\/\" target=\"_blank\">Avaaz<\/a>, uaktywnij si\u0119 w <a href=\"http:\/\/basicincome-europe.org\/\" target=\"_blank\">globalnej dyskusji <\/a>poprzez media spo\u0142eczno\u015bciowe i <a href=\"http:\/\/twitter.com\/basicincomeEU\" target=\"_blank\">codzienne interakcje<\/a>, a 1 maja uaktualnij swoje zdj\u0119cia profilowe.<\/p>\n<p>Do\u0142\u0105cz do ruchu na rzecz zagwarantowania ka\u017cdej i ka\u017cdemu pewnego poziomu dochodu. Skontaktuj si\u0119 ze swoim zwi\u0105zkiem zawodowym, aby przyst\u0105pi\u0142 do<a href=\"https:\/\/www.facebook.com\/groups\/laborunionforBIG\/\" target=\"_blank\"> laborunionforBIG<\/a><\/p>\n<p>#BasicIncomeNow .<\/p>\n<p>Przy\u0142\u0105cz si\u0119 do wydarzenia, wybierz swoje ulubione logo i ustaw jako zdj\u0119cie profilowe.<br \/>\n2015 jest ju\u017c pi\u0105tym rokiem, w kt\u00f3rym odbywa si\u0119 ta akcja.<\/p>\n<p>Logo <a href=\"https:\/\/www.facebook.com\/events\/671798192883983\" target=\"_blank\">zosta\u0142o zaprojektowane<\/a> przez Olivera Dera, po raz pierwszy opublikowali je w 2011 roku Sylvia Mair\u00a0i Oliver Der.<br \/><\/div><\/div> <div class='content-column two_third last_column'><ul id=\"gallery_351_1\" class=\"loop_tile list-unstyled row\">\r\n\t    <li id=\"351_image_129\" class=\"col-xs-12 col-sm-4 col-md-4 loop_tile_item loop_tile_351_image_1_item fs-content-thumbnail\">\r\n\r\n        \t\t\t\t\t\r\n\t\t\t<div class=\"thumbnail\">\r\n        \t\t\t\t\t\r\n\t\t\t\t<a href='https:\/\/basicincomeday.org\/ubi\/pl-tu_rkis\/'><img loading=\"lazy\" decoding=\"async\" width=\"318\" height=\"302\" src=\"https:\/\/basicincomeday.org\/ubi\/wp-content\/uploads\/2015\/02\/PL-tu_rkis.png\" class=\"attachment-large size-large\" alt=\"\" srcset=\"https:\/\/basicincomeday.org\/ubi\/wp-content\/uploads\/2015\/02\/PL-tu_rkis.png 318w, https:\/\/basicincomeday.org\/ubi\/wp-content\/uploads\/2015\/02\/PL-tu_rkis-300x285.png 300w\" sizes=\"auto, (max-width: 318px) 100vw, 318px\" \/><\/a>            <\/div>\r\n    <\/li>\r\n    <li id=\"351_image_128\" class=\"col-xs-12 col-sm-2 col-md-2 loop_tile_item loop_tile_351_image_1_item fs-content-thumbnail\">\r\n\r\n        \t\t\t\t\t\r\n\t\t\t<div class=\"thumbnail\">\r\n        \t\t\t\t\t\r\n\t\t\t\t<a href='https:\/\/basicincomeday.org\/ubi\/pl-rot2\/'><img loading=\"lazy\" decoding=\"async\" width=\"318\" height=\"302\" src=\"https:\/\/basicincomeday.org\/ubi\/wp-content\/uploads\/2015\/02\/PL-rot2.png\" class=\"attachment-large size-large\" alt=\"\" srcset=\"https:\/\/basicincomeday.org\/ubi\/wp-content\/uploads\/2015\/02\/PL-rot2.png 318w, https:\/\/basicincomeday.org\/ubi\/wp-content\/uploads\/2015\/02\/PL-rot2-300x285.png 300w\" sizes=\"auto, (max-width: 318px) 100vw, 318px\" \/><\/a>            <\/div>\r\n    <\/li>\r\n    <li id=\"351_image_127\" class=\"col-xs-12 col-sm-2 col-md-2 loop_tile_item loop_tile_351_image_1_item fs-content-thumbnail\">\r\n\r\n        \t\t\t\t\t\r\n\t\t\t<div class=\"thumbnail\">\r\n        \t\t\t\t\t\r\n\t\t\t\t<a href='https:\/\/basicincomeday.org\/ubi\/pl-rot1\/'><img loading=\"lazy\" decoding=\"async\" width=\"318\" height=\"302\" src=\"https:\/\/basicincomeday.org\/ubi\/wp-content\/uploads\/2015\/02\/PL-rot1.png\" class=\"attachment-large size-large\" alt=\"\" srcset=\"https:\/\/basicincomeday.org\/ubi\/wp-content\/uploads\/2015\/02\/PL-rot1.png 318w, https:\/\/basicincomeday.org\/ubi\/wp-content\/uploads\/2015\/02\/PL-rot1-300x285.png 300w\" sizes=\"auto, (max-width: 318px) 100vw, 318px\" \/><\/a>            <\/div>\r\n    <\/li>\r\n    <li id=\"351_image_126\" class=\"col-xs-12 col-sm-2 col-md-2 loop_tile_item loop_tile_351_image_1_item fs-content-thumbnail\">\r\n\r\n        \t\t\t\t\t\r\n\t\t\t<div class=\"thumbnail\">\r\n        \t\t\t\t\t\r\n\t\t\t\t<a href='https:\/\/basicincomeday.org\/ubi\/pl-purpur-violett\/'><img loading=\"lazy\" decoding=\"async\" width=\"318\" height=\"302\" src=\"https:\/\/basicincomeday.org\/ubi\/wp-content\/uploads\/2015\/02\/PL-purpur-violett.png\" class=\"attachment-large size-large\" alt=\"\" srcset=\"https:\/\/basicincomeday.org\/ubi\/wp-content\/uploads\/2015\/02\/PL-purpur-violett.png 318w, https:\/\/basicincomeday.org\/ubi\/wp-content\/uploads\/2015\/02\/PL-purpur-violett-300x285.png 300w\" sizes=\"auto, (max-width: 318px) 100vw, 318px\" \/><\/a>            <\/div>\r\n    <\/li>\r\n    <li id=\"351_image_125\" class=\"col-xs-12 col-sm-2 col-md-2 loop_tile_item loop_tile_351_image_1_item fs-content-thumbnail\">\r\n\r\n        \t\t\t\t\t\r\n\t\t\t<div class=\"thumbnail\">\r\n        \t\t\t\t\t\r\n\t\t\t\t<a href='https:\/\/basicincomeday.org\/ubi\/pl-purpur2\/'><img loading=\"lazy\" decoding=\"async\" width=\"318\" height=\"302\" src=\"https:\/\/basicincomeday.org\/ubi\/wp-content\/uploads\/2015\/02\/PL-purpur2.png\" class=\"attachment-large size-large\" alt=\"\" srcset=\"https:\/\/basicincomeday.org\/ubi\/wp-content\/uploads\/2015\/02\/PL-purpur2.png 318w, https:\/\/basicincomeday.org\/ubi\/wp-content\/uploads\/2015\/02\/PL-purpur2-300x285.png 300w\" sizes=\"auto, (max-width: 318px) 100vw, 318px\" \/><\/a>            <\/div>\r\n    <\/li>\r\n    <li id=\"351_image_120\" class=\"col-xs-12 col-sm-4 col-md-4 loop_tile_item loop_tile_351_image_1_item fs-content-thumbnail\">\r\n\r\n        \t\t\t\t\t\r\n\t\t\t<div class=\"thumbnail\">\r\n        \t\t\t\t\t\r\n\t\t\t\t<a href='https:\/\/basicincomeday.org\/ubi\/pl-gru_n-dunkel\/'><img loading=\"lazy\" decoding=\"async\" width=\"318\" height=\"302\" src=\"https:\/\/basicincomeday.org\/ubi\/wp-content\/uploads\/2015\/02\/PL-gru_n-dunkel.png\" class=\"attachment-large size-large\" alt=\"\" srcset=\"https:\/\/basicincomeday.org\/ubi\/wp-content\/uploads\/2015\/02\/PL-gru_n-dunkel.png 318w, https:\/\/basicincomeday.org\/ubi\/wp-content\/uploads\/2015\/02\/PL-gru_n-dunkel-300x285.png 300w\" sizes=\"auto, (max-width: 318px) 100vw, 318px\" \/><\/a>            <\/div>\r\n    <\/li>\r\n    <li id=\"351_image_122\" class=\"col-xs-12 col-sm-2 col-md-2 loop_tile_item loop_tile_351_image_1_item fs-content-thumbnail\">\r\n\r\n        \t\t\t\t\t\r\n\t\t\t<div class=\"thumbnail\">\r\n        \t\t\t\t\t\r\n\t\t\t\t<a href='https:\/\/basicincomeday.org\/ubi\/pl-ocker\/'><img loading=\"lazy\" decoding=\"async\" width=\"318\" height=\"302\" src=\"https:\/\/basicincomeday.org\/ubi\/wp-content\/uploads\/2015\/02\/PL-ocker.png\" class=\"attachment-large size-large\" alt=\"\" srcset=\"https:\/\/basicincomeday.org\/ubi\/wp-content\/uploads\/2015\/02\/PL-ocker.png 318w, https:\/\/basicincomeday.org\/ubi\/wp-content\/uploads\/2015\/02\/PL-ocker-300x285.png 300w\" sizes=\"auto, (max-width: 318px) 100vw, 318px\" \/><\/a>            <\/div>\r\n    <\/li>\r\n    <li id=\"351_image_123\" class=\"col-xs-12 col-sm-2 col-md-2 loop_tile_item loop_tile_351_image_1_item fs-content-thumbnail\">\r\n\r\n        \t\t\t\t\t\r\n\t\t\t<div class=\"thumbnail\">\r\n        \t\t\t\t\t\r\n\t\t\t\t<a href='https:\/\/basicincomeday.org\/ubi\/pl-orange\/'><img loading=\"lazy\" decoding=\"async\" width=\"318\" height=\"302\" src=\"https:\/\/basicincomeday.org\/ubi\/wp-content\/uploads\/2015\/02\/PL-orange.png\" class=\"attachment-large size-large\" alt=\"\" srcset=\"https:\/\/basicincomeday.org\/ubi\/wp-content\/uploads\/2015\/02\/PL-orange.png 318w, https:\/\/basicincomeday.org\/ubi\/wp-content\/uploads\/2015\/02\/PL-orange-300x285.png 300w\" sizes=\"auto, (max-width: 318px) 100vw, 318px\" \/><\/a>            <\/div>\r\n    <\/li>\r\n    <li id=\"351_image_124\" class=\"col-xs-12 col-sm-2 col-md-2 loop_tile_item loop_tile_351_image_1_item fs-content-thumbnail\">\r\n\r\n        \t\t\t\t\t\r\n\t\t\t<div class=\"thumbnail\">\r\n        \t\t\t\t\t\r\n\t\t\t\t<a href='https:\/\/basicincomeday.org\/ubi\/pl-purpur\/'><img loading=\"lazy\" decoding=\"async\" width=\"318\" height=\"302\" src=\"https:\/\/basicincomeday.org\/ubi\/wp-content\/uploads\/2015\/02\/PL-purpur.png\" class=\"attachment-large size-large\" alt=\"\" srcset=\"https:\/\/basicincomeday.org\/ubi\/wp-content\/uploads\/2015\/02\/PL-purpur.png 318w, https:\/\/basicincomeday.org\/ubi\/wp-content\/uploads\/2015\/02\/PL-purpur-300x285.png 300w\" sizes=\"auto, (max-width: 318px) 100vw, 318px\" \/><\/a>            <\/div>\r\n    <\/li>\r\n    <li id=\"351_image_117\" class=\"col-xs-12 col-sm-2 col-md-2 loop_tile_item loop_tile_351_image_1_item fs-content-thumbnail\">\r\n\r\n        \t\t\t\t\t\r\n\t\t\t<div class=\"thumbnail\">\r\n        \t\t\t\t\t\r\n\t\t\t\t<a href='https:\/\/basicincomeday.org\/ubi\/pl-blau\/'><img loading=\"lazy\" decoding=\"async\" width=\"318\" height=\"302\" src=\"https:\/\/basicincomeday.org\/ubi\/wp-content\/uploads\/2015\/02\/PL-blau.png\" class=\"attachment-large size-large\" alt=\"\" srcset=\"https:\/\/basicincomeday.org\/ubi\/wp-content\/uploads\/2015\/02\/PL-blau.png 318w, https:\/\/basicincomeday.org\/ubi\/wp-content\/uploads\/2015\/02\/PL-blau-300x285.png 300w\" sizes=\"auto, (max-width: 318px) 100vw, 318px\" \/><\/a>            <\/div>\r\n    <\/li>\r\n    <li id=\"351_image_118\" class=\"col-xs-12 col-sm-4 col-md-4 loop_tile_item loop_tile_351_image_1_item fs-content-thumbnail\">\r\n\r\n        \t\t\t\t\t\r\n\t\t\t<div class=\"thumbnail\">\r\n        \t\t\t\t\t\r\n\t\t\t\t<a href='https:\/\/basicincomeday.org\/ubi\/pl-blau-dunkel\/'><img loading=\"lazy\" decoding=\"async\" width=\"318\" height=\"302\" src=\"https:\/\/basicincomeday.org\/ubi\/wp-content\/uploads\/2015\/02\/PL-blau-dunkel.png\" class=\"attachment-large size-large\" alt=\"\" srcset=\"https:\/\/basicincomeday.org\/ubi\/wp-content\/uploads\/2015\/02\/PL-blau-dunkel.png 318w, https:\/\/basicincomeday.org\/ubi\/wp-content\/uploads\/2015\/02\/PL-blau-dunkel-300x285.png 300w\" sizes=\"auto, (max-width: 318px) 100vw, 318px\" \/><\/a>            <\/div>\r\n    <\/li>\r\n    <li id=\"351_image_119\" class=\"col-xs-12 col-sm-2 col-md-2 loop_tile_item loop_tile_351_image_1_item fs-content-thumbnail\">\r\n\r\n        \t\t\t\t\t\r\n\t\t\t<div class=\"thumbnail\">\r\n        \t\t\t\t\t\r\n\t\t\t\t<a href='https:\/\/basicincomeday.org\/ubi\/pl-blauviolett\/'><img loading=\"lazy\" decoding=\"async\" width=\"318\" height=\"302\" src=\"https:\/\/basicincomeday.org\/ubi\/wp-content\/uploads\/2015\/02\/PL-blauviolett.png\" class=\"attachment-large size-large\" alt=\"\" srcset=\"https:\/\/basicincomeday.org\/ubi\/wp-content\/uploads\/2015\/02\/PL-blauviolett.png 318w, https:\/\/basicincomeday.org\/ubi\/wp-content\/uploads\/2015\/02\/PL-blauviolett-300x285.png 300w\" sizes=\"auto, (max-width: 318px) 100vw, 318px\" \/><\/a>            <\/div>\r\n    <\/li>\r\n\t\t\t\t<li class=\"loop-grid-sizer loop_tile_351_image_1_grid col-xs-12 col-sm-2 col-md-2\"><\/li>\r\n\t\t\t\t<\/ul>\r\n\t\t\t\t<\/div><div class='clear_column'><\/div><\/p>\n","protected":false},"excerpt":{"rendered":"","protected":false},"author":1,"featured_media":120,"parent":0,"menu_order":0,"comment_status":"closed","ping_status":"closed","template":"page-full-width.php","meta":{"footnotes":""},"class_list":["post-351","page","type-page","status-publish","has-post-thumbnail","hentry"],"yoast_head":"<!-- This site is optimized with the Yoast SEO plugin v27.3 - https:\/\/yoast.com\/product\/yoast-seo-wordpress\/ -->\n<title>Polski - 1 maja - Dzie\u0144 dochodu podstawowego - #UBI - Basic Income Day<\/title>\n<meta name=\"robots\" content=\"index, follow, max-snippet:-1, max-image-preview:large, max-video-preview:-1\" \/>\n<link rel=\"canonical\" href=\"https:\/\/basicincomeday.org\/ubi\/polski-1-maja-dzien-dochodu-podstawowego-ubi\/\" \/>\n<meta property=\"og:locale\" content=\"en_US\" \/>\n<meta property=\"og:type\" content=\"article\" \/>\n<meta property=\"og:title\" content=\"Polski - 1 maja - Dzie\u0144 dochodu podstawowego - #UBI - Basic Income Day\" \/>\n<meta property=\"og:url\" content=\"https:\/\/basicincomeday.org\/ubi\/polski-1-maja-dzien-dochodu-podstawowego-ubi\/\" \/>\n<meta property=\"og:site_name\" content=\"Basic Income Day\" \/>\n<meta property=\"article:modified_time\" content=\"2016-08-20T20:46:33+00:00\" \/>\n<meta property=\"og:image\" content=\"https:\/\/basicincomeday.org\/ubi\/wp-content\/uploads\/2015\/02\/PL-gru_n-dunkel.png\" \/>\n\t<meta property=\"og:image:width\" content=\"318\" \/>\n\t<meta property=\"og:image:height\" content=\"302\" \/>\n\t<meta property=\"og:image:type\" content=\"image\/png\" \/>\n<meta name=\"twitter:label1\" content=\"Est. reading time\" \/>\n\t<meta name=\"twitter:data1\" content=\"4 minutes\" \/>\n<script type=\"application\/ld+json\" class=\"yoast-schema-graph\">{\"@context\":\"https:\\\/\\\/schema.org\",\"@graph\":[{\"@type\":\"WebPage\",\"@id\":\"https:\\\/\\\/basicincomeday.org\\\/ubi\\\/polski-1-maja-dzien-dochodu-podstawowego-ubi\\\/\",\"url\":\"https:\\\/\\\/basicincomeday.org\\\/ubi\\\/polski-1-maja-dzien-dochodu-podstawowego-ubi\\\/\",\"name\":\"Polski - 1 maja - Dzie\u0144 dochodu podstawowego - #UBI - Basic Income Day\",\"isPartOf\":{\"@id\":\"https:\\\/\\\/basicincomeday.org\\\/ubi\\\/#website\"},\"primaryImageOfPage\":{\"@id\":\"https:\\\/\\\/basicincomeday.org\\\/ubi\\\/polski-1-maja-dzien-dochodu-podstawowego-ubi\\\/#primaryimage\"},\"image\":{\"@id\":\"https:\\\/\\\/basicincomeday.org\\\/ubi\\\/polski-1-maja-dzien-dochodu-podstawowego-ubi\\\/#primaryimage\"},\"thumbnailUrl\":\"https:\\\/\\\/basicincomeday.org\\\/ubi\\\/wp-content\\\/uploads\\\/2015\\\/02\\\/PL-gru_n-dunkel.png\",\"datePublished\":\"2015-04-02T19:00:37+00:00\",\"dateModified\":\"2016-08-20T20:46:33+00:00\",\"breadcrumb\":{\"@id\":\"https:\\\/\\\/basicincomeday.org\\\/ubi\\\/polski-1-maja-dzien-dochodu-podstawowego-ubi\\\/#breadcrumb\"},\"inLanguage\":\"en-US\",\"potentialAction\":[{\"@type\":\"ReadAction\",\"target\":[\"https:\\\/\\\/basicincomeday.org\\\/ubi\\\/polski-1-maja-dzien-dochodu-podstawowego-ubi\\\/\"]}]},{\"@type\":\"ImageObject\",\"inLanguage\":\"en-US\",\"@id\":\"https:\\\/\\\/basicincomeday.org\\\/ubi\\\/polski-1-maja-dzien-dochodu-podstawowego-ubi\\\/#primaryimage\",\"url\":\"https:\\\/\\\/basicincomeday.org\\\/ubi\\\/wp-content\\\/uploads\\\/2015\\\/02\\\/PL-gru_n-dunkel.png\",\"contentUrl\":\"https:\\\/\\\/basicincomeday.org\\\/ubi\\\/wp-content\\\/uploads\\\/2015\\\/02\\\/PL-gru_n-dunkel.png\",\"width\":318,\"height\":302},{\"@type\":\"BreadcrumbList\",\"@id\":\"https:\\\/\\\/basicincomeday.org\\\/ubi\\\/polski-1-maja-dzien-dochodu-podstawowego-ubi\\\/#breadcrumb\",\"itemListElement\":[{\"@type\":\"ListItem\",\"position\":1,\"name\":\"Home\",\"item\":\"https:\\\/\\\/basicincomeday.org\\\/ubi\\\/\"},{\"@type\":\"ListItem\",\"position\":2,\"name\":\"Polski &#8211; 1 maja &#8211; Dzie\u0144 dochodu podstawowego &#8211; #UBI\"}]},{\"@type\":\"WebSite\",\"@id\":\"https:\\\/\\\/basicincomeday.org\\\/ubi\\\/#website\",\"url\":\"https:\\\/\\\/basicincomeday.org\\\/ubi\\\/\",\"name\":\"Basic Income Day\",\"description\":\"Basic Income is a Human Right\",\"potentialAction\":[{\"@type\":\"SearchAction\",\"target\":{\"@type\":\"EntryPoint\",\"urlTemplate\":\"https:\\\/\\\/basicincomeday.org\\\/ubi\\\/?s={search_term_string}\"},\"query-input\":{\"@type\":\"PropertyValueSpecification\",\"valueRequired\":true,\"valueName\":\"search_term_string\"}}],\"inLanguage\":\"en-US\"}]}<\/script>\n<!-- \/ Yoast SEO plugin. -->","yoast_head_json":{"title":"Polski - 1 maja - Dzie\u0144 dochodu podstawowego - #UBI - Basic Income Day","robots":{"index":"index","follow":"follow","max-snippet":"max-snippet:-1","max-image-preview":"max-image-preview:large","max-video-preview":"max-video-preview:-1"},"canonical":"https:\/\/basicincomeday.org\/ubi\/polski-1-maja-dzien-dochodu-podstawowego-ubi\/","og_locale":"en_US","og_type":"article","og_title":"Polski - 1 maja - Dzie\u0144 dochodu podstawowego - #UBI - Basic Income Day","og_url":"https:\/\/basicincomeday.org\/ubi\/polski-1-maja-dzien-dochodu-podstawowego-ubi\/","og_site_name":"Basic Income Day","article_modified_time":"2016-08-20T20:46:33+00:00","og_image":[{"width":318,"height":302,"url":"https:\/\/basicincomeday.org\/ubi\/wp-content\/uploads\/2015\/02\/PL-gru_n-dunkel.png","type":"image\/png"}],"twitter_misc":{"Est. reading time":"4 minutes"},"schema":{"@context":"https:\/\/schema.org","@graph":[{"@type":"WebPage","@id":"https:\/\/basicincomeday.org\/ubi\/polski-1-maja-dzien-dochodu-podstawowego-ubi\/","url":"https:\/\/basicincomeday.org\/ubi\/polski-1-maja-dzien-dochodu-podstawowego-ubi\/","name":"Polski - 1 maja - Dzie\u0144 dochodu podstawowego - #UBI - Basic Income Day","isPartOf":{"@id":"https:\/\/basicincomeday.org\/ubi\/#website"},"primaryImageOfPage":{"@id":"https:\/\/basicincomeday.org\/ubi\/polski-1-maja-dzien-dochodu-podstawowego-ubi\/#primaryimage"},"image":{"@id":"https:\/\/basicincomeday.org\/ubi\/polski-1-maja-dzien-dochodu-podstawowego-ubi\/#primaryimage"},"thumbnailUrl":"https:\/\/basicincomeday.org\/ubi\/wp-content\/uploads\/2015\/02\/PL-gru_n-dunkel.png","datePublished":"2015-04-02T19:00:37+00:00","dateModified":"2016-08-20T20:46:33+00:00","breadcrumb":{"@id":"https:\/\/basicincomeday.org\/ubi\/polski-1-maja-dzien-dochodu-podstawowego-ubi\/#breadcrumb"},"inLanguage":"en-US","potentialAction":[{"@type":"ReadAction","target":["https:\/\/basicincomeday.org\/ubi\/polski-1-maja-dzien-dochodu-podstawowego-ubi\/"]}]},{"@type":"ImageObject","inLanguage":"en-US","@id":"https:\/\/basicincomeday.org\/ubi\/polski-1-maja-dzien-dochodu-podstawowego-ubi\/#primaryimage","url":"https:\/\/basicincomeday.org\/ubi\/wp-content\/uploads\/2015\/02\/PL-gru_n-dunkel.png","contentUrl":"https:\/\/basicincomeday.org\/ubi\/wp-content\/uploads\/2015\/02\/PL-gru_n-dunkel.png","width":318,"height":302},{"@type":"BreadcrumbList","@id":"https:\/\/basicincomeday.org\/ubi\/polski-1-maja-dzien-dochodu-podstawowego-ubi\/#breadcrumb","itemListElement":[{"@type":"ListItem","position":1,"name":"Home","item":"https:\/\/basicincomeday.org\/ubi\/"},{"@type":"ListItem","position":2,"name":"Polski &#8211; 1 maja &#8211; Dzie\u0144 dochodu podstawowego &#8211; #UBI"}]},{"@type":"WebSite","@id":"https:\/\/basicincomeday.org\/ubi\/#website","url":"https:\/\/basicincomeday.org\/ubi\/","name":"Basic Income Day","description":"Basic Income is a Human Right","potentialAction":[{"@type":"SearchAction","target":{"@type":"EntryPoint","urlTemplate":"https:\/\/basicincomeday.org\/ubi\/?s={search_term_string}"},"query-input":{"@type":"PropertyValueSpecification","valueRequired":true,"valueName":"search_term_string"}}],"inLanguage":"en-US"}]}},"_links":{"self":[{"href":"https:\/\/basicincomeday.org\/ubi\/wp-json\/wp\/v2\/pages\/351","targetHints":{"allow":["GET"]}}],"collection":[{"href":"https:\/\/basicincomeday.org\/ubi\/wp-json\/wp\/v2\/pages"}],"about":[{"href":"https:\/\/basicincomeday.org\/ubi\/wp-json\/wp\/v2\/types\/page"}],"author":[{"embeddable":true,"href":"https:\/\/basicincomeday.org\/ubi\/wp-json\/wp\/v2\/users\/1"}],"replies":[{"embeddable":true,"href":"https:\/\/basicincomeday.org\/ubi\/wp-json\/wp\/v2\/comments?post=351"}],"version-history":[{"count":4,"href":"https:\/\/basicincomeday.org\/ubi\/wp-json\/wp\/v2\/pages\/351\/revisions"}],"predecessor-version":[{"id":863,"href":"https:\/\/basicincomeday.org\/ubi\/wp-json\/wp\/v2\/pages\/351\/revisions\/863"}],"wp:featuredmedia":[{"embeddable":true,"href":"https:\/\/basicincomeday.org\/ubi\/wp-json\/wp\/v2\/media\/120"}],"wp:attachment":[{"href":"https:\/\/basicincomeday.org\/ubi\/wp-json\/wp\/v2\/media?parent=351"}],"curies":[{"name":"wp","href":"https:\/\/api.w.org\/{rel}","templated":true}]}}