{"id":341,"date":"2015-04-02T18:22:42","date_gmt":"2015-04-02T18:22:42","guid":{"rendered":"http:\/\/basicincomeday.org\/?page_id=341"},"modified":"2016-08-20T20:50:51","modified_gmt":"2016-08-20T20:50:51","slug":"1-de-maio-dia-do-rendimento-basico-rbi","status":"publish","type":"page","link":"https:\/\/basicincomeday.org\/ubi\/1-de-maio-dia-do-rendimento-basico-rbi\/","title":{"rendered":"Portugu\u00eas &#8211; 1 de maio &#8211; Dia do Rendimento B\u00e1sico &#8211; #RBI"},"content":{"rendered":"<p><div class='content-column one_third'><div style=\"padding-right:20px;\">O Dia do<br \/>\nTrabalhador n\u00e3o deve limitar-se \u00e0 exig\u00eancia de \u201cmais empregos\u201d ou de sal\u00e1rios mais elevados. O Dia do Trabalhador deve ser sobre a luta pela emancipa\u00e7\u00e3o do trabalho desnecess\u00e1rio, o trabalho n\u00e3o escolhido, o trabalho explorado. Deve ser uma celebra\u00e7\u00e3o pela redu\u00e7\u00e3o do hor\u00e1rio de trabalho, por mais tempo de lazer, por mais liberdade fora das for\u00e7as do mercado. N\u00e3o h\u00e1 mercado de trabalho livre, quando todas as pessoas est\u00e3o essecialmente for\u00e7adas a encontrar um emprego custe o que custar. O Rendimento B\u00e1sico \u00e9 a condi\u00e7\u00e3o necess\u00e1ria para permitir que as pessoas realmente possam escolher entrar ou sair do mercado de trabalho e, portanto, para haver uma economia verdadeiramente livre. O 1\u00ba de maio \u00e9 um dia para reconhecer as contribui\u00e7\u00f5es do movimento sindical e as suas lutas e conquistas ao longo dos anos.<\/p>\n<p style=\"float:left;width:1px;height:1px;overflow:hidden;\">\nTratamento de fertilidade pode aumentar sua chance de ter nascimentos m\u00faltiplos (g\u00eameos, trig\u00eameos). Estes s\u00e3o de alto risco -Schwangerschaften tanto para a m\u00e3e e para o beb\u00ea. Converse com seu m\u00e9dico se voc\u00ea tem preocupa\u00e7\u00f5es sobre os riscos. <a href=\"deutsche-apotheke.net\/clomid\">Clomid Germany<\/a> Obtenha ajuda m\u00e9dica de emerg\u00eancia se tiver algum sinal de uma reac\u00e7\u00e3o al\u00e9rgica a Clomid: urtic\u00e1ria, dificuldade em respirar; Incha\u00e7o do rosto, l\u00e1bios, l\u00edngua ou garganta. Algumas mulheres que compram clomifeno esta droga sem receita desenvolver s\u00edndrome da hiperestimula\u00e7\u00e3o ovariana (SHO) chamado, especialmente ap\u00f3s o primeiro tratamento. OHSS pode ser uma condi\u00e7\u00e3o com risco de vida citrato de clomifeno comprar o seu.<br \/>\nChame o seu m\u00e9dico imediatamente se tiver algum dos seguintes sintomas de OHSS: dor abdominal, incha\u00e7o; N\u00e1useas, v\u00f3mitos, diarreia; citrato de clomifeno r\u00e1pido ganho de peso, especialmente em face de pre\u00e7os de clomifeno e barriga; pouca ou nenhuma mic\u00e7\u00e3o; ou dor ao respirar, ritmo card\u00edaco r\u00e1pido, falta de ar (especialmente quando deitado).<br \/>\nParar Clomid e chame o m\u00e9dico imediatamente se voc\u00ea clomifeno sem receita m\u00e9dica on-line: dor p\u00e9lvica ou press\u00e3o na expans\u00e3o da \u00e1rea p\u00e9lvica; problemas de vis\u00e3o; para ver flashes de luz ou &#8220;moscas volantes&#8221; em sua vis\u00e3o buy clomid; aumento da sensibilidade com VISA da vis\u00e3o; clomifeno ou pesado sangramento vaginal online. Efeitos colaterais comuns incluem: rubor (calor, vermelhid\u00e3o ou sensa\u00e7\u00e3o de formigamento); Dor em 24 horas a entrega de mama ou sensibilidade; dor de cabe\u00e7a; ou hemorragias ou manchas.<br \/>\nWebsite:<a href=\"http:\/\/deutsche-apotheke.net\">deutsche-apotheke.net<\/a>\n<\/p>\n<p>Apesar dos sindicatos terem dado poder aos trabalhores e tornado poss\u00edvel a semana de trabalho de 40 horas e as 8 horas de trabalho di\u00e1rias, a globaliza\u00e7\u00e3o e os avan\u00e7os tecnol\u00f3gicos t\u00eam desgastado a capacidade dos sindicatos de efetuar mudan\u00e7as. \u00c0 medida que a automa\u00e7\u00e3o do local de trabalho continua ao ritmo de, eventualmente, eliminar a metade de todos os empregos actuais, nos pr\u00f3ximos 20 anos, o rendimento b\u00e1sico incondicional representa a capacidade de fortalecer o trabalho numa base individual. Uma nova capacidade de dizer &#8220;n\u00e3o&#8221; aos empregadores teria um efeito ineg\u00e1vel sobre a partilha dos lucros atrav\u00e9s de melhores sal\u00e1rios, condi\u00e7\u00f5es de trabalho, benef\u00edcios, etc.<\/p>\n<p>A concretiza\u00e7\u00e3o do rendimento b\u00e1sico seria a concretiza\u00e7\u00e3o de um novo contrato entre empregador e empregado, incluindo a possibilidade do trabalhador de se tornar o seu pr\u00f3prio patr\u00e3o. Significaria uma nova era de inova\u00e7\u00e3o e empreendedorismo, onde todos s\u00e3o livres para seguir os objetivos que desejam seguir, e todo o trabalho pode ser reconhecido pelo seu valor social, e n\u00e3o apenas o trabalho pago, como acontece agora.<\/p>\n<p>O rendimento b\u00e1sico \u00e9 o futuro do movimento sindical, e a pol\u00edtica pela qual que devemos todos juntos lutar agora no s\u00e9culo XXI. Para ajudar o movimento pelo rendimento b\u00e1sico, junte-se \u00e0 <a href=\"http:\/\/www.reddit.com\/r\/BasicIncome\" target=\"_blank\">comunidade crescente no Reddit<\/a>, <a href=\"http:\/\/www.basicincome.org\/about-bien\/affiliates\/\" target=\"_blank\">procure o seu grupo nacional<\/a> (ou at\u00e9 mesmo organize o seu grupo local do rendimento b\u00e1sico), assine a peti\u00e7\u00e3o no <a href=\"https:\/\/secure.avaaz.org\/en\/petition\/our_chance_to_end_poverty\/\" target=\"_blank\">Avaaz<\/a>, torne-se ativo na <a href=\"http:\/\/basicincome-europe.org\/\" target=\"_blank\">conversa global<\/a> atrav\u00e9s das <a href=\"http:\/\/twitter.com\/basicincomeEU\" target=\"_blank\">redes sociais<\/a>\u00a0(<a href=\"http:\/\/twitter.com\/RBI_Portugal\" target=\"_blank\">RBI_portugal<\/a>) e nas intera\u00e7\u00f5es do dia-a-dia, e no 1\u00ba de maio atualize a sua foto de perfil. Junte-se ao movimento <a href=\"https:\/\/decorrespondent.nl\/541\/why-we-should-give-free-money-to-everyone\/35246939860-ec3a6c3e\" target=\"_blank\">para criar um rendimento m\u00ednimo para todos<\/a>.<\/p>\n<p>Contacte o seu sindicado para que se junte ao movimento pelo rendimento b\u00e1sico: <a href=\"https:\/\/www.facebook.com\/groups\/laborunionforBIG\/\" target=\"_blank\">laborunionforBIG<\/a><\/p>\n<p>#BasicIncomeNow<\/p>\n<p><a href=\"https:\/\/www.facebook.com\/events\/671798192883983\">Adira ao evento<\/a>, escolha o seu \u00edcone favorito e use-o como a sua imagem de perfil.<\/p>\n<p>2015 j\u00e1 \u00e9 o 5\u00ba ano em que esta a\u00e7\u00e3o \u00e9 realizada. Design do \u00edcone por Oliver Der, inicialmente publicado em 2011 por Sylvia Mair e Oliver Der.<\/p><\/div><\/div> <div class='content-column two_third last_column'><ul id=\"gallery_341_1\" class=\"loop_tile list-unstyled row\">\r\n\t    <li id=\"341_image_142\" class=\"col-xs-12 col-sm-4 col-md-4 loop_tile_item loop_tile_341_image_1_item fs-content-thumbnail\">\r\n\r\n        \t\t\t\t\t\r\n\t\t\t<div class=\"thumbnail\">\r\n        \t\t\t\t\t\r\n\t\t\t\t<a href='https:\/\/basicincomeday.org\/ubi\/pt-tu_rkis\/'><img loading=\"lazy\" decoding=\"async\" width=\"318\" height=\"302\" src=\"https:\/\/basicincomeday.org\/ubi\/wp-content\/uploads\/2015\/02\/PT-tu_rkis.png\" class=\"attachment-large size-large\" alt=\"\" srcset=\"https:\/\/basicincomeday.org\/ubi\/wp-content\/uploads\/2015\/02\/PT-tu_rkis.png 318w, https:\/\/basicincomeday.org\/ubi\/wp-content\/uploads\/2015\/02\/PT-tu_rkis-300x285.png 300w\" sizes=\"auto, (max-width: 318px) 100vw, 318px\" \/><\/a>            <\/div>\r\n    <\/li>\r\n    <li id=\"341_image_141\" class=\"col-xs-12 col-sm-2 col-md-2 loop_tile_item loop_tile_341_image_1_item fs-content-thumbnail\">\r\n\r\n        \t\t\t\t\t\r\n\t\t\t<div class=\"thumbnail\">\r\n        \t\t\t\t\t\r\n\t\t\t\t<a href='https:\/\/basicincomeday.org\/ubi\/pt-rot2\/'><img loading=\"lazy\" decoding=\"async\" width=\"318\" height=\"302\" src=\"https:\/\/basicincomeday.org\/ubi\/wp-content\/uploads\/2015\/02\/PT-rot2.png\" class=\"attachment-large size-large\" alt=\"\" srcset=\"https:\/\/basicincomeday.org\/ubi\/wp-content\/uploads\/2015\/02\/PT-rot2.png 318w, https:\/\/basicincomeday.org\/ubi\/wp-content\/uploads\/2015\/02\/PT-rot2-300x285.png 300w\" sizes=\"auto, (max-width: 318px) 100vw, 318px\" \/><\/a>            <\/div>\r\n    <\/li>\r\n    <li id=\"341_image_140\" class=\"col-xs-12 col-sm-2 col-md-2 loop_tile_item loop_tile_341_image_1_item fs-content-thumbnail\">\r\n\r\n        \t\t\t\t\t\r\n\t\t\t<div class=\"thumbnail\">\r\n        \t\t\t\t\t\r\n\t\t\t\t<a href='https:\/\/basicincomeday.org\/ubi\/pt-rot1\/'><img loading=\"lazy\" decoding=\"async\" width=\"318\" height=\"302\" src=\"https:\/\/basicincomeday.org\/ubi\/wp-content\/uploads\/2015\/02\/PT-rot1.png\" class=\"attachment-large size-large\" alt=\"\" srcset=\"https:\/\/basicincomeday.org\/ubi\/wp-content\/uploads\/2015\/02\/PT-rot1.png 318w, https:\/\/basicincomeday.org\/ubi\/wp-content\/uploads\/2015\/02\/PT-rot1-300x285.png 300w\" sizes=\"auto, (max-width: 318px) 100vw, 318px\" \/><\/a>            <\/div>\r\n    <\/li>\r\n    <li id=\"341_image_139\" class=\"col-xs-12 col-sm-2 col-md-2 loop_tile_item loop_tile_341_image_1_item fs-content-thumbnail\">\r\n\r\n        \t\t\t\t\t\r\n\t\t\t<div class=\"thumbnail\">\r\n        \t\t\t\t\t\r\n\t\t\t\t<a href='https:\/\/basicincomeday.org\/ubi\/pt-purpur-violett\/'><img loading=\"lazy\" decoding=\"async\" width=\"318\" height=\"302\" src=\"https:\/\/basicincomeday.org\/ubi\/wp-content\/uploads\/2015\/02\/PT-purpur-violett.png\" class=\"attachment-large size-large\" alt=\"\" srcset=\"https:\/\/basicincomeday.org\/ubi\/wp-content\/uploads\/2015\/02\/PT-purpur-violett.png 318w, https:\/\/basicincomeday.org\/ubi\/wp-content\/uploads\/2015\/02\/PT-purpur-violett-300x285.png 300w\" sizes=\"auto, (max-width: 318px) 100vw, 318px\" \/><\/a>            <\/div>\r\n    <\/li>\r\n    <li id=\"341_image_138\" class=\"col-xs-12 col-sm-2 col-md-2 loop_tile_item loop_tile_341_image_1_item fs-content-thumbnail\">\r\n\r\n        \t\t\t\t\t\r\n\t\t\t<div class=\"thumbnail\">\r\n        \t\t\t\t\t\r\n\t\t\t\t<a href='https:\/\/basicincomeday.org\/ubi\/pt-purpur2\/'><img loading=\"lazy\" decoding=\"async\" width=\"318\" height=\"302\" src=\"https:\/\/basicincomeday.org\/ubi\/wp-content\/uploads\/2015\/02\/PT-purpur2.png\" class=\"attachment-large size-large\" alt=\"\" srcset=\"https:\/\/basicincomeday.org\/ubi\/wp-content\/uploads\/2015\/02\/PT-purpur2.png 318w, https:\/\/basicincomeday.org\/ubi\/wp-content\/uploads\/2015\/02\/PT-purpur2-300x285.png 300w\" sizes=\"auto, (max-width: 318px) 100vw, 318px\" \/><\/a>            <\/div>\r\n    <\/li>\r\n    <li id=\"341_image_137\" class=\"col-xs-12 col-sm-4 col-md-4 loop_tile_item loop_tile_341_image_1_item fs-content-thumbnail\">\r\n\r\n        \t\t\t\t\t\r\n\t\t\t<div class=\"thumbnail\">\r\n        \t\t\t\t\t\r\n\t\t\t\t<a href='https:\/\/basicincomeday.org\/ubi\/pt-purpur\/'><img loading=\"lazy\" decoding=\"async\" width=\"318\" height=\"302\" src=\"https:\/\/basicincomeday.org\/ubi\/wp-content\/uploads\/2015\/02\/PT-purpur.png\" class=\"attachment-large size-large\" alt=\"\" srcset=\"https:\/\/basicincomeday.org\/ubi\/wp-content\/uploads\/2015\/02\/PT-purpur.png 318w, https:\/\/basicincomeday.org\/ubi\/wp-content\/uploads\/2015\/02\/PT-purpur-300x285.png 300w\" sizes=\"auto, (max-width: 318px) 100vw, 318px\" \/><\/a>            <\/div>\r\n    <\/li>\r\n    <li id=\"341_image_131\" class=\"col-xs-12 col-sm-2 col-md-2 loop_tile_item loop_tile_341_image_1_item fs-content-thumbnail\">\r\n\r\n        \t\t\t\t\t\r\n\t\t\t<div class=\"thumbnail\">\r\n        \t\t\t\t\t\r\n\t\t\t\t<a href='https:\/\/basicincomeday.org\/ubi\/pt-blau-dunkel\/'><img loading=\"lazy\" decoding=\"async\" width=\"318\" height=\"302\" src=\"https:\/\/basicincomeday.org\/ubi\/wp-content\/uploads\/2015\/02\/PT-blau-dunkel.png\" class=\"attachment-large size-large\" alt=\"\" srcset=\"https:\/\/basicincomeday.org\/ubi\/wp-content\/uploads\/2015\/02\/PT-blau-dunkel.png 318w, https:\/\/basicincomeday.org\/ubi\/wp-content\/uploads\/2015\/02\/PT-blau-dunkel-300x285.png 300w\" sizes=\"auto, (max-width: 318px) 100vw, 318px\" \/><\/a>            <\/div>\r\n    <\/li>\r\n    <li id=\"341_image_132\" class=\"col-xs-12 col-sm-2 col-md-2 loop_tile_item loop_tile_341_image_1_item fs-content-thumbnail\">\r\n\r\n        \t\t\t\t\t\r\n\t\t\t<div class=\"thumbnail\">\r\n        \t\t\t\t\t\r\n\t\t\t\t<a href='https:\/\/basicincomeday.org\/ubi\/pt-blauviolett\/'><img loading=\"lazy\" decoding=\"async\" width=\"318\" height=\"302\" src=\"https:\/\/basicincomeday.org\/ubi\/wp-content\/uploads\/2015\/02\/PT-blauviolett.png\" class=\"attachment-large size-large\" alt=\"\" srcset=\"https:\/\/basicincomeday.org\/ubi\/wp-content\/uploads\/2015\/02\/PT-blauviolett.png 318w, https:\/\/basicincomeday.org\/ubi\/wp-content\/uploads\/2015\/02\/PT-blauviolett-300x285.png 300w\" sizes=\"auto, (max-width: 318px) 100vw, 318px\" \/><\/a>            <\/div>\r\n    <\/li>\r\n    <li id=\"341_image_133\" class=\"col-xs-12 col-sm-2 col-md-2 loop_tile_item loop_tile_341_image_1_item fs-content-thumbnail\">\r\n\r\n        \t\t\t\t\t\r\n\t\t\t<div class=\"thumbnail\">\r\n        \t\t\t\t\t\r\n\t\t\t\t<a href='https:\/\/basicincomeday.org\/ubi\/pt-gru_n-dunkel\/'><img loading=\"lazy\" decoding=\"async\" width=\"318\" height=\"302\" src=\"https:\/\/basicincomeday.org\/ubi\/wp-content\/uploads\/2015\/02\/PT-gru_n-dunkel.png\" class=\"attachment-large size-large\" alt=\"\" srcset=\"https:\/\/basicincomeday.org\/ubi\/wp-content\/uploads\/2015\/02\/PT-gru_n-dunkel.png 318w, https:\/\/basicincomeday.org\/ubi\/wp-content\/uploads\/2015\/02\/PT-gru_n-dunkel-300x285.png 300w\" sizes=\"auto, (max-width: 318px) 100vw, 318px\" \/><\/a>            <\/div>\r\n    <\/li>\r\n    <li id=\"341_image_134\" class=\"col-xs-12 col-sm-2 col-md-2 loop_tile_item loop_tile_341_image_1_item fs-content-thumbnail\">\r\n\r\n        \t\t\t\t\t\r\n\t\t\t<div class=\"thumbnail\">\r\n        \t\t\t\t\t\r\n\t\t\t\t<a href='https:\/\/basicincomeday.org\/ubi\/pt-gru_n-hell\/'><img loading=\"lazy\" decoding=\"async\" width=\"318\" height=\"302\" src=\"https:\/\/basicincomeday.org\/ubi\/wp-content\/uploads\/2015\/02\/PT-gru_n-hell.png\" class=\"attachment-large size-large\" alt=\"\" srcset=\"https:\/\/basicincomeday.org\/ubi\/wp-content\/uploads\/2015\/02\/PT-gru_n-hell.png 318w, https:\/\/basicincomeday.org\/ubi\/wp-content\/uploads\/2015\/02\/PT-gru_n-hell-300x285.png 300w\" sizes=\"auto, (max-width: 318px) 100vw, 318px\" \/><\/a>            <\/div>\r\n    <\/li>\r\n    <li id=\"341_image_135\" class=\"col-xs-12 col-sm-4 col-md-4 loop_tile_item loop_tile_341_image_1_item fs-content-thumbnail\">\r\n\r\n        \t\t\t\t\t\r\n\t\t\t<div class=\"thumbnail\">\r\n        \t\t\t\t\t\r\n\t\t\t\t<a href='https:\/\/basicincomeday.org\/ubi\/pt-ocker\/'><img loading=\"lazy\" decoding=\"async\" width=\"318\" height=\"302\" src=\"https:\/\/basicincomeday.org\/ubi\/wp-content\/uploads\/2015\/02\/PT-ocker.png\" class=\"attachment-large size-large\" alt=\"\" srcset=\"https:\/\/basicincomeday.org\/ubi\/wp-content\/uploads\/2015\/02\/PT-ocker.png 318w, https:\/\/basicincomeday.org\/ubi\/wp-content\/uploads\/2015\/02\/PT-ocker-300x285.png 300w\" sizes=\"auto, (max-width: 318px) 100vw, 318px\" \/><\/a>            <\/div>\r\n    <\/li>\r\n    <li id=\"341_image_136\" class=\"col-xs-12 col-sm-2 col-md-2 loop_tile_item loop_tile_341_image_1_item fs-content-thumbnail\">\r\n\r\n        \t\t\t\t\t\r\n\t\t\t<div class=\"thumbnail\">\r\n        \t\t\t\t\t\r\n\t\t\t\t<a href='https:\/\/basicincomeday.org\/ubi\/pt-orange\/'><img loading=\"lazy\" decoding=\"async\" width=\"318\" height=\"302\" src=\"https:\/\/basicincomeday.org\/ubi\/wp-content\/uploads\/2015\/02\/PT-orange.png\" class=\"attachment-large size-large\" alt=\"\" srcset=\"https:\/\/basicincomeday.org\/ubi\/wp-content\/uploads\/2015\/02\/PT-orange.png 318w, https:\/\/basicincomeday.org\/ubi\/wp-content\/uploads\/2015\/02\/PT-orange-300x285.png 300w\" sizes=\"auto, (max-width: 318px) 100vw, 318px\" \/><\/a>            <\/div>\r\n    <\/li>\r\n    <li id=\"341_image_130\" class=\"col-xs-12 col-sm-2 col-md-2 loop_tile_item loop_tile_341_image_1_item fs-content-thumbnail\">\r\n\r\n        \t\t\t\t\t\r\n\t\t\t<div class=\"thumbnail\">\r\n        \t\t\t\t\t\r\n\t\t\t\t<a href='https:\/\/basicincomeday.org\/ubi\/pt-blau\/'><img loading=\"lazy\" decoding=\"async\" width=\"318\" height=\"302\" src=\"https:\/\/basicincomeday.org\/ubi\/wp-content\/uploads\/2015\/02\/PT-blau.png\" class=\"attachment-large size-large\" alt=\"\" srcset=\"https:\/\/basicincomeday.org\/ubi\/wp-content\/uploads\/2015\/02\/PT-blau.png 318w, https:\/\/basicincomeday.org\/ubi\/wp-content\/uploads\/2015\/02\/PT-blau-300x285.png 300w\" sizes=\"auto, (max-width: 318px) 100vw, 318px\" \/><\/a>            <\/div>\r\n    <\/li>\r\n\t\t\t\t<li class=\"loop-grid-sizer loop_tile_341_image_1_grid col-xs-12 col-sm-2 col-md-2\"><\/li>\r\n\t\t\t\t<\/ul>\r\n\t\t\t\t<\/div><div class='clear_column'><\/div><\/p>\n","protected":false},"excerpt":{"rendered":"","protected":false},"author":1,"featured_media":140,"parent":0,"menu_order":0,"comment_status":"closed","ping_status":"closed","template":"page-full-width.php","meta":{"footnotes":""},"class_list":["post-341","page","type-page","status-publish","has-post-thumbnail","hentry"],"yoast_head":"<!-- This site is optimized with the Yoast SEO plugin v27.4 - https:\/\/yoast.com\/product\/yoast-seo-wordpress\/ -->\n<title>Portugu\u00eas - 1 de maio - Dia do Rendimento B\u00e1sico - #RBI - Basic Income Day<\/title>\n<meta name=\"robots\" content=\"index, follow, max-snippet:-1, max-image-preview:large, max-video-preview:-1\" \/>\n<link rel=\"canonical\" href=\"https:\/\/basicincomeday.org\/ubi\/1-de-maio-dia-do-rendimento-basico-rbi\/\" \/>\n<meta property=\"og:locale\" content=\"en_US\" \/>\n<meta property=\"og:type\" content=\"article\" \/>\n<meta property=\"og:title\" content=\"Portugu\u00eas - 1 de maio - Dia do Rendimento B\u00e1sico - #RBI - Basic Income Day\" \/>\n<meta property=\"og:description\" content=\"O Dia do Trabalhador n\u00e3o deve limitar-se \u00e0 exig\u00eancia de \u201cmais empregos\u201d ou de sal\u00e1rios mais elevados. O Dia do Trabalhador deve ser sobre a luta pela emancipa\u00e7\u00e3o do trabalho desnecess\u00e1rio, o trabalho n\u00e3o escolhido, o trabalho explorado. Deve ser uma celebra\u00e7\u00e3o pela redu\u00e7\u00e3o do hor\u00e1rio de trabalho, por mais tempo de lazer, por mais liberdade fora das for\u00e7as do mercado. N\u00e3o h\u00e1 mercado de trabalho livre, quando todas as pessoas est\u00e3o essecialmente for\u00e7adas a encontrar um emprego custe o que custar.\" \/>\n<meta property=\"og:url\" content=\"https:\/\/basicincomeday.org\/ubi\/1-de-maio-dia-do-rendimento-basico-rbi\/\" \/>\n<meta property=\"og:site_name\" content=\"Basic Income Day\" \/>\n<meta property=\"article:modified_time\" content=\"2016-08-20T20:50:51+00:00\" \/>\n<meta property=\"og:image\" content=\"https:\/\/basicincomeday.org\/ubi\/wp-content\/uploads\/2015\/02\/PT-orange.png\" \/>\n\t<meta property=\"og:image:width\" content=\"318\" \/>\n\t<meta property=\"og:image:height\" content=\"302\" \/>\n\t<meta property=\"og:image:type\" content=\"image\/png\" \/>\n<meta name=\"twitter:label1\" content=\"Est. reading time\" \/>\n\t<meta name=\"twitter:data1\" content=\"4 minutes\" \/>\n<script type=\"application\/ld+json\" class=\"yoast-schema-graph\">{\"@context\":\"https:\\\/\\\/schema.org\",\"@graph\":[{\"@type\":\"WebPage\",\"@id\":\"https:\\\/\\\/basicincomeday.org\\\/ubi\\\/1-de-maio-dia-do-rendimento-basico-rbi\\\/\",\"url\":\"https:\\\/\\\/basicincomeday.org\\\/ubi\\\/1-de-maio-dia-do-rendimento-basico-rbi\\\/\",\"name\":\"Portugu\u00eas - 1 de maio - Dia do Rendimento B\u00e1sico - #RBI - Basic Income Day\",\"isPartOf\":{\"@id\":\"https:\\\/\\\/basicincomeday.org\\\/ubi\\\/#website\"},\"primaryImageOfPage\":{\"@id\":\"https:\\\/\\\/basicincomeday.org\\\/ubi\\\/1-de-maio-dia-do-rendimento-basico-rbi\\\/#primaryimage\"},\"image\":{\"@id\":\"https:\\\/\\\/basicincomeday.org\\\/ubi\\\/1-de-maio-dia-do-rendimento-basico-rbi\\\/#primaryimage\"},\"thumbnailUrl\":\"https:\\\/\\\/basicincomeday.org\\\/ubi\\\/wp-content\\\/uploads\\\/2015\\\/02\\\/PT-rot1.png\",\"datePublished\":\"2015-04-02T18:22:42+00:00\",\"dateModified\":\"2016-08-20T20:50:51+00:00\",\"breadcrumb\":{\"@id\":\"https:\\\/\\\/basicincomeday.org\\\/ubi\\\/1-de-maio-dia-do-rendimento-basico-rbi\\\/#breadcrumb\"},\"inLanguage\":\"en-US\",\"potentialAction\":[{\"@type\":\"ReadAction\",\"target\":[\"https:\\\/\\\/basicincomeday.org\\\/ubi\\\/1-de-maio-dia-do-rendimento-basico-rbi\\\/\"]}]},{\"@type\":\"ImageObject\",\"inLanguage\":\"en-US\",\"@id\":\"https:\\\/\\\/basicincomeday.org\\\/ubi\\\/1-de-maio-dia-do-rendimento-basico-rbi\\\/#primaryimage\",\"url\":\"https:\\\/\\\/basicincomeday.org\\\/ubi\\\/wp-content\\\/uploads\\\/2015\\\/02\\\/PT-rot1.png\",\"contentUrl\":\"https:\\\/\\\/basicincomeday.org\\\/ubi\\\/wp-content\\\/uploads\\\/2015\\\/02\\\/PT-rot1.png\",\"width\":318,\"height\":302},{\"@type\":\"BreadcrumbList\",\"@id\":\"https:\\\/\\\/basicincomeday.org\\\/ubi\\\/1-de-maio-dia-do-rendimento-basico-rbi\\\/#breadcrumb\",\"itemListElement\":[{\"@type\":\"ListItem\",\"position\":1,\"name\":\"Home\",\"item\":\"https:\\\/\\\/basicincomeday.org\\\/ubi\\\/\"},{\"@type\":\"ListItem\",\"position\":2,\"name\":\"Portugu\u00eas &#8211; 1 de maio &#8211; Dia do Rendimento B\u00e1sico &#8211; #RBI\"}]},{\"@type\":\"WebSite\",\"@id\":\"https:\\\/\\\/basicincomeday.org\\\/ubi\\\/#website\",\"url\":\"https:\\\/\\\/basicincomeday.org\\\/ubi\\\/\",\"name\":\"Basic Income Day\",\"description\":\"Basic Income is a Human Right\",\"potentialAction\":[{\"@type\":\"SearchAction\",\"target\":{\"@type\":\"EntryPoint\",\"urlTemplate\":\"https:\\\/\\\/basicincomeday.org\\\/ubi\\\/?s={search_term_string}\"},\"query-input\":{\"@type\":\"PropertyValueSpecification\",\"valueRequired\":true,\"valueName\":\"search_term_string\"}}],\"inLanguage\":\"en-US\"}]}<\/script>\n<!-- \/ Yoast SEO plugin. -->","yoast_head_json":{"title":"Portugu\u00eas - 1 de maio - Dia do Rendimento B\u00e1sico - #RBI - Basic Income Day","robots":{"index":"index","follow":"follow","max-snippet":"max-snippet:-1","max-image-preview":"max-image-preview:large","max-video-preview":"max-video-preview:-1"},"canonical":"https:\/\/basicincomeday.org\/ubi\/1-de-maio-dia-do-rendimento-basico-rbi\/","og_locale":"en_US","og_type":"article","og_title":"Portugu\u00eas - 1 de maio - Dia do Rendimento B\u00e1sico - #RBI - Basic Income Day","og_description":"O Dia do Trabalhador n\u00e3o deve limitar-se \u00e0 exig\u00eancia de \u201cmais empregos\u201d ou de sal\u00e1rios mais elevados. O Dia do Trabalhador deve ser sobre a luta pela emancipa\u00e7\u00e3o do trabalho desnecess\u00e1rio, o trabalho n\u00e3o escolhido, o trabalho explorado. Deve ser uma celebra\u00e7\u00e3o pela redu\u00e7\u00e3o do hor\u00e1rio de trabalho, por mais tempo de lazer, por mais liberdade fora das for\u00e7as do mercado. N\u00e3o h\u00e1 mercado de trabalho livre, quando todas as pessoas est\u00e3o essecialmente for\u00e7adas a encontrar um emprego custe o que custar.","og_url":"https:\/\/basicincomeday.org\/ubi\/1-de-maio-dia-do-rendimento-basico-rbi\/","og_site_name":"Basic Income Day","article_modified_time":"2016-08-20T20:50:51+00:00","og_image":[{"width":318,"height":302,"url":"https:\/\/basicincomeday.org\/ubi\/wp-content\/uploads\/2015\/02\/PT-orange.png","type":"image\/png"}],"twitter_misc":{"Est. reading time":"4 minutes"},"schema":{"@context":"https:\/\/schema.org","@graph":[{"@type":"WebPage","@id":"https:\/\/basicincomeday.org\/ubi\/1-de-maio-dia-do-rendimento-basico-rbi\/","url":"https:\/\/basicincomeday.org\/ubi\/1-de-maio-dia-do-rendimento-basico-rbi\/","name":"Portugu\u00eas - 1 de maio - Dia do Rendimento B\u00e1sico - #RBI - Basic Income Day","isPartOf":{"@id":"https:\/\/basicincomeday.org\/ubi\/#website"},"primaryImageOfPage":{"@id":"https:\/\/basicincomeday.org\/ubi\/1-de-maio-dia-do-rendimento-basico-rbi\/#primaryimage"},"image":{"@id":"https:\/\/basicincomeday.org\/ubi\/1-de-maio-dia-do-rendimento-basico-rbi\/#primaryimage"},"thumbnailUrl":"https:\/\/basicincomeday.org\/ubi\/wp-content\/uploads\/2015\/02\/PT-rot1.png","datePublished":"2015-04-02T18:22:42+00:00","dateModified":"2016-08-20T20:50:51+00:00","breadcrumb":{"@id":"https:\/\/basicincomeday.org\/ubi\/1-de-maio-dia-do-rendimento-basico-rbi\/#breadcrumb"},"inLanguage":"en-US","potentialAction":[{"@type":"ReadAction","target":["https:\/\/basicincomeday.org\/ubi\/1-de-maio-dia-do-rendimento-basico-rbi\/"]}]},{"@type":"ImageObject","inLanguage":"en-US","@id":"https:\/\/basicincomeday.org\/ubi\/1-de-maio-dia-do-rendimento-basico-rbi\/#primaryimage","url":"https:\/\/basicincomeday.org\/ubi\/wp-content\/uploads\/2015\/02\/PT-rot1.png","contentUrl":"https:\/\/basicincomeday.org\/ubi\/wp-content\/uploads\/2015\/02\/PT-rot1.png","width":318,"height":302},{"@type":"BreadcrumbList","@id":"https:\/\/basicincomeday.org\/ubi\/1-de-maio-dia-do-rendimento-basico-rbi\/#breadcrumb","itemListElement":[{"@type":"ListItem","position":1,"name":"Home","item":"https:\/\/basicincomeday.org\/ubi\/"},{"@type":"ListItem","position":2,"name":"Portugu\u00eas &#8211; 1 de maio &#8211; Dia do Rendimento B\u00e1sico &#8211; #RBI"}]},{"@type":"WebSite","@id":"https:\/\/basicincomeday.org\/ubi\/#website","url":"https:\/\/basicincomeday.org\/ubi\/","name":"Basic Income Day","description":"Basic Income is a Human Right","potentialAction":[{"@type":"SearchAction","target":{"@type":"EntryPoint","urlTemplate":"https:\/\/basicincomeday.org\/ubi\/?s={search_term_string}"},"query-input":{"@type":"PropertyValueSpecification","valueRequired":true,"valueName":"search_term_string"}}],"inLanguage":"en-US"}]}},"_links":{"self":[{"href":"https:\/\/basicincomeday.org\/ubi\/wp-json\/wp\/v2\/pages\/341","targetHints":{"allow":["GET"]}}],"collection":[{"href":"https:\/\/basicincomeday.org\/ubi\/wp-json\/wp\/v2\/pages"}],"about":[{"href":"https:\/\/basicincomeday.org\/ubi\/wp-json\/wp\/v2\/types\/page"}],"author":[{"embeddable":true,"href":"https:\/\/basicincomeday.org\/ubi\/wp-json\/wp\/v2\/users\/1"}],"replies":[{"embeddable":true,"href":"https:\/\/basicincomeday.org\/ubi\/wp-json\/wp\/v2\/comments?post=341"}],"version-history":[{"count":8,"href":"https:\/\/basicincomeday.org\/ubi\/wp-json\/wp\/v2\/pages\/341\/revisions"}],"predecessor-version":[{"id":864,"href":"https:\/\/basicincomeday.org\/ubi\/wp-json\/wp\/v2\/pages\/341\/revisions\/864"}],"wp:featuredmedia":[{"embeddable":true,"href":"https:\/\/basicincomeday.org\/ubi\/wp-json\/wp\/v2\/media\/140"}],"wp:attachment":[{"href":"https:\/\/basicincomeday.org\/ubi\/wp-json\/wp\/v2\/media?parent=341"}],"curies":[{"name":"wp","href":"https:\/\/api.w.org\/{rel}","templated":true}]}}