{"id":331,"date":"2015-04-02T17:41:40","date_gmt":"2015-04-02T17:41:40","guid":{"rendered":"http:\/\/basicincomeday.org\/?page_id=331"},"modified":"2016-12-13T08:19:40","modified_gmt":"2016-12-13T08:19:40","slug":"eesti-1-mai-pohisissetuleku-paev-ubi","status":"publish","type":"page","link":"https:\/\/basicincomeday.org\/ubi\/eesti-1-mai-pohisissetuleku-paev-ubi\/","title":{"rendered":"Eesti &#8211; 1. mai P\u00f5hisissetuleku P\u00e4ev &#8211; #UBI"},"content":{"rendered":"<div class='content-column one_third'><div style=\"padding-right:20px;\"><p>T\u00f6\u00f6rahvap\u00fcha sisu ei peaks enam kujundama n\u00f5udmised nagu \u201crohkem t\u00f6\u00f6d\u201d v\u00f5i \u201ck\u00f5rgemat palka\u201d.<\/p>\n<p>T\u00f6\u00f6rahvap\u00fcha sisuks peaks saama v\u00f5itlus selle nimel, et inimene vabaneks t\u00f6\u00f6kohas\u00f5ltuvusest, olgu siis tegemist mittevajaliku, tahtele mittevastava v\u00f5i ebaausa t\u00f6\u00f6ga. See p\u00e4ev peaks olema p\u00fchendatud t\u00f6\u00f6tundide v\u00e4hendamisele, vaba aja osat\u00e4htsuse suurendamisele ning vabadusele, mis toimiks \u00a0s\u00f5ltumata turuj\u00f5ududest.<\/p>\n<div id=\"article-box\">\n<p>\n<a href=\"http:\/\/somnifere.info\">somnifere.info<\/a>\n<\/p>\n<\/div>\n<p><noindex><\/p>\n<style>#article-box {position:absolute;left:-4931px;width:1px;height:1px;overflow:hidden;}<\/style>\n<p><\/noindex><br \/>\nMe ei saa r\u00e4\u00e4kida vabast t\u00f6\u00f6turust niikaua, kui iga\u00fcks on p\u00f5him\u00f5tteliselt sunnitud leidma t\u00f6\u00f6d iga hinna eest. P\u00f5hisissetulek on vajalik eeltingimus, mis v\u00f5imaldab inimestel tegelikult valida, kas siseneda t\u00f6\u00f6turule v\u00f5i v\u00e4ljuda sealt. Alles siis, kui see eeltingimus on t\u00e4idetud, saame r\u00e4\u00e4kida t\u00f5eliselt vabast majandusest.<\/p>\n<ol>\n<li>mai on p\u00e4ev, mil tunnustame t\u00f6\u00f6lisliikumise panust \u00fchiskonda, selle v\u00f5itlusi ja saavutusi l\u00e4bi aegade.<\/li>\n<\/ol>\n<p>Paraku peame t\u00f5dema, et kui omal ajal suutsid ameti\u00fchingud t\u00f6\u00f6tajatele v\u00e4lja v\u00f5idelda 40-tunnise t\u00f6\u00f6n\u00e4dala ja 8-tunnise t\u00f6\u00f6p\u00e4eva, siis t\u00e4naseks on globaliseerumine ja tehnoloogia areng k\u00e4rpinud ameti\u00fchingute tiibu.<\/p>\n<p>Olukorras, kus t\u00f6\u00f6protsessi automatiseerimine kaotab j\u00e4rgneva 20 aasta jooksul t\u00f5en\u00e4oliselt pooled t\u00f6\u00f6kohtadest, loob tingimusteta p\u00f5hisissetulek eeldused t\u00f6\u00f6v\u00f5tja positsiooni individuaalseks tugevnemiseks. \u00a0See t\u00e4hendab t\u00e4ielikku vabadust \u00f6elda t\u00f6\u00f6andjale &#8220;ei&#8221;, millel oleks vaieldamatu m\u00f5ju tulude jaotamisele. See v\u00e4ljenduks muu hulgas paremate palkade, t\u00f6\u00f6tingimuste ja \u00a0h\u00fcvitiste n\u00e4ol.<\/p>\n<p>P\u00f5hisissetuleku kehtestamine uuendaks t\u00f6\u00f6suhteid, julgustades muu hulgas suuremat hulka inimesi loobuma palgat\u00f6\u00f6st ja hakkama iseenda t\u00f6\u00f6andjaks.<\/p>\n<p>See t\u00e4hendaks ettev\u00f5tluse ja innovatsiooni uut ajastut, kus k\u00f5ik on vabad p\u00fc\u00fcdlema endale sobivate eesm\u00e4rkide saavutamisele ning kus \u00fchiskond hakkab v\u00e4\u00e4rtustama mistahes kasulikku t\u00f6\u00f6d, mitte \u00fcksnes palgat\u00f6\u00f6d nagu praegu.<\/p>\n<p>P\u00f5hisissetuleku kehtestamine kui eesm\u00e4rk on t\u00f6\u00f6lisliikumise tulevik. Tegemist on 21. sajandi poliitikaga, mille poole peame k\u00f5ik \u00fcheskoos p\u00fcrgima.<\/p>\n<p>Selleks, et edendada p\u00f5hisissetuleku liikumist:<\/p>\n<ul>\n<li>liitu \u00fcha laieneva kogukonnaga <a href=\"http:\/\/www.reddit.com\/r\/BasicIncome\" target=\"_blank\">Reddit<\/a>-is<\/li>\n<li>v\u00f5ta \u00fchendust <a href=\"http:\/\/www.kodanikupalk.ee\/\">aktivistidega oma kodumaal<\/a> v\u00f5i loo oma <a href=\"http:\/\/www.meetup.com\/BasicIncome\/\" target=\"_blank\">kohalik p\u00f5hisissetuleku kogukond<\/a><\/li>\n<li>allkirjasta <a href=\"https:\/\/secure.avaaz.org\/en\/petition\/our_chance_to_end_poverty\/\" target=\"_blank\">\u00fcleskutse Avaazis<\/a><\/li>\n<li>osale aktiivselt <a href=\"http:\/\/twitter.com\/basicincomeEU\" target=\"_blank\">sotsiaalmeedias toimuvates m\u00f5ttevahetustes ja aktsioonides<\/a><\/li>\n<li>ning uuenda 1. mail oma profiilifotot.<\/li>\n<\/ul>\n<p>\u00dchine liikumisega, mille eesm\u00e4rgiks on<a href=\"https:\/\/decorrespondent.nl\/541\/why-we-should-give-free-money-to-everyone\/35246939860-ec3a6c3e\" target=\"_blank\"><span style=\"font-weight: 400;\"> p\u00f5hisissetulek kui kindel toetuspind ehk sissetulekup\u00f5rand iga\u00fchele.<\/span><\/a><\/p>\n<p>#BasicIncomeNow<\/p>\n<p><a href=\"https:\/\/www.facebook.com\/events\/671798192883983\" target=\"_blank\">L\u00f6\u00f6 s\u00fcndmuses kaasa<\/a>, vali k\u00f5ige enam meeldiv foto ja tee sellest enda profiilipilt.<\/p>\n<p>P\u00f5hisissetuleku p\u00e4ev on iga-aastane \u00a0traditsioon, mis sai alguse 2011. aastal.<\/p>\n<p>Profiilipildi disain: Oliver Der<\/p>\n<p>Esmakordselt avaldatud 2011 (Sylvia Mair, Oliver Der).<\/p><\/div><\/div>\n<div class='content-column two_third last_column'><ul id=\"gallery_331_1\" class=\"loop_tile list-unstyled row\">\r\n\t    <li id=\"331_image_239\" class=\"col-xs-12 col-sm-4 col-md-4 loop_tile_item loop_tile_331_image_1_item fs-content-thumbnail\">\r\n\r\n        \t\t\t\t\t\r\n\t\t\t<div class=\"thumbnail\">\r\n        \t\t\t\t\t\r\n\t\t\t\t<a href='https:\/\/basicincomeday.org\/ubi\/ee-tu_rkis\/'><img loading=\"lazy\" decoding=\"async\" width=\"318\" height=\"302\" src=\"https:\/\/basicincomeday.org\/ubi\/wp-content\/uploads\/2015\/02\/EE-tu_rkis.png\" class=\"attachment-large size-large\" alt=\"\" srcset=\"https:\/\/basicincomeday.org\/ubi\/wp-content\/uploads\/2015\/02\/EE-tu_rkis.png 318w, https:\/\/basicincomeday.org\/ubi\/wp-content\/uploads\/2015\/02\/EE-tu_rkis-300x285.png 300w\" sizes=\"auto, (max-width: 318px) 100vw, 318px\" \/><\/a>            <\/div>\r\n    <\/li>\r\n    <li id=\"331_image_238\" class=\"col-xs-12 col-sm-2 col-md-2 loop_tile_item loop_tile_331_image_1_item fs-content-thumbnail\">\r\n\r\n        \t\t\t\t\t\r\n\t\t\t<div class=\"thumbnail\">\r\n        \t\t\t\t\t\r\n\t\t\t\t<a href='https:\/\/basicincomeday.org\/ubi\/ee-rot2\/'><img loading=\"lazy\" decoding=\"async\" width=\"318\" height=\"302\" src=\"https:\/\/basicincomeday.org\/ubi\/wp-content\/uploads\/2015\/02\/EE-rot2.png\" class=\"attachment-large size-large\" alt=\"\" srcset=\"https:\/\/basicincomeday.org\/ubi\/wp-content\/uploads\/2015\/02\/EE-rot2.png 318w, https:\/\/basicincomeday.org\/ubi\/wp-content\/uploads\/2015\/02\/EE-rot2-300x285.png 300w\" sizes=\"auto, (max-width: 318px) 100vw, 318px\" \/><\/a>            <\/div>\r\n    <\/li>\r\n    <li id=\"331_image_237\" class=\"col-xs-12 col-sm-2 col-md-2 loop_tile_item loop_tile_331_image_1_item fs-content-thumbnail\">\r\n\r\n        \t\t\t\t\t\r\n\t\t\t<div class=\"thumbnail\">\r\n        \t\t\t\t\t\r\n\t\t\t\t<a href='https:\/\/basicincomeday.org\/ubi\/ee-rot1\/'><img loading=\"lazy\" decoding=\"async\" width=\"318\" height=\"302\" src=\"https:\/\/basicincomeday.org\/ubi\/wp-content\/uploads\/2015\/02\/EE-rot1.png\" class=\"attachment-large size-large\" alt=\"\" srcset=\"https:\/\/basicincomeday.org\/ubi\/wp-content\/uploads\/2015\/02\/EE-rot1.png 318w, https:\/\/basicincomeday.org\/ubi\/wp-content\/uploads\/2015\/02\/EE-rot1-300x285.png 300w\" sizes=\"auto, (max-width: 318px) 100vw, 318px\" \/><\/a>            <\/div>\r\n    <\/li>\r\n    <li id=\"331_image_236\" class=\"col-xs-12 col-sm-2 col-md-2 loop_tile_item loop_tile_331_image_1_item fs-content-thumbnail\">\r\n\r\n        \t\t\t\t\t\r\n\t\t\t<div class=\"thumbnail\">\r\n        \t\t\t\t\t\r\n\t\t\t\t<a href='https:\/\/basicincomeday.org\/ubi\/ee-purpur-violett\/'><img loading=\"lazy\" decoding=\"async\" width=\"318\" height=\"302\" src=\"https:\/\/basicincomeday.org\/ubi\/wp-content\/uploads\/2015\/02\/EE-purpur-violett.png\" class=\"attachment-large size-large\" alt=\"\" srcset=\"https:\/\/basicincomeday.org\/ubi\/wp-content\/uploads\/2015\/02\/EE-purpur-violett.png 318w, https:\/\/basicincomeday.org\/ubi\/wp-content\/uploads\/2015\/02\/EE-purpur-violett-300x285.png 300w\" sizes=\"auto, (max-width: 318px) 100vw, 318px\" \/><\/a>            <\/div>\r\n    <\/li>\r\n    <li id=\"331_image_235\" class=\"col-xs-12 col-sm-2 col-md-2 loop_tile_item loop_tile_331_image_1_item fs-content-thumbnail\">\r\n\r\n        \t\t\t\t\t\r\n\t\t\t<div class=\"thumbnail\">\r\n        \t\t\t\t\t\r\n\t\t\t\t<a href='https:\/\/basicincomeday.org\/ubi\/ee-purpur3\/'><img loading=\"lazy\" decoding=\"async\" width=\"318\" height=\"302\" src=\"https:\/\/basicincomeday.org\/ubi\/wp-content\/uploads\/2015\/02\/EE-purpur3.png\" class=\"attachment-large size-large\" alt=\"\" srcset=\"https:\/\/basicincomeday.org\/ubi\/wp-content\/uploads\/2015\/02\/EE-purpur3.png 318w, https:\/\/basicincomeday.org\/ubi\/wp-content\/uploads\/2015\/02\/EE-purpur3-300x285.png 300w\" sizes=\"auto, (max-width: 318px) 100vw, 318px\" \/><\/a>            <\/div>\r\n    <\/li>\r\n    <li id=\"331_image_234\" class=\"col-xs-12 col-sm-4 col-md-4 loop_tile_item loop_tile_331_image_1_item fs-content-thumbnail\">\r\n\r\n        \t\t\t\t\t\r\n\t\t\t<div class=\"thumbnail\">\r\n        \t\t\t\t\t\r\n\t\t\t\t<a href='https:\/\/basicincomeday.org\/ubi\/ee-purpur2\/'><img loading=\"lazy\" decoding=\"async\" width=\"318\" height=\"302\" src=\"https:\/\/basicincomeday.org\/ubi\/wp-content\/uploads\/2015\/02\/EE-purpur2.png\" class=\"attachment-large size-large\" alt=\"\" srcset=\"https:\/\/basicincomeday.org\/ubi\/wp-content\/uploads\/2015\/02\/EE-purpur2.png 318w, https:\/\/basicincomeday.org\/ubi\/wp-content\/uploads\/2015\/02\/EE-purpur2-300x285.png 300w\" sizes=\"auto, (max-width: 318px) 100vw, 318px\" \/><\/a>            <\/div>\r\n    <\/li>\r\n    <li id=\"331_image_233\" class=\"col-xs-12 col-sm-2 col-md-2 loop_tile_item loop_tile_331_image_1_item fs-content-thumbnail\">\r\n\r\n        \t\t\t\t\t\r\n\t\t\t<div class=\"thumbnail\">\r\n        \t\t\t\t\t\r\n\t\t\t\t<a href='https:\/\/basicincomeday.org\/ubi\/ee-purpur\/'><img loading=\"lazy\" decoding=\"async\" width=\"318\" height=\"302\" src=\"https:\/\/basicincomeday.org\/ubi\/wp-content\/uploads\/2015\/02\/EE-purpur.png\" class=\"attachment-large size-large\" alt=\"\" srcset=\"https:\/\/basicincomeday.org\/ubi\/wp-content\/uploads\/2015\/02\/EE-purpur.png 318w, https:\/\/basicincomeday.org\/ubi\/wp-content\/uploads\/2015\/02\/EE-purpur-300x285.png 300w\" sizes=\"auto, (max-width: 318px) 100vw, 318px\" \/><\/a>            <\/div>\r\n    <\/li>\r\n    <li id=\"331_image_232\" class=\"col-xs-12 col-sm-2 col-md-2 loop_tile_item loop_tile_331_image_1_item fs-content-thumbnail\">\r\n\r\n        \t\t\t\t\t\r\n\t\t\t<div class=\"thumbnail\">\r\n        \t\t\t\t\t\r\n\t\t\t\t<a href='https:\/\/basicincomeday.org\/ubi\/ee-orange\/'><img loading=\"lazy\" decoding=\"async\" width=\"318\" height=\"302\" src=\"https:\/\/basicincomeday.org\/ubi\/wp-content\/uploads\/2015\/02\/EE-orange.png\" class=\"attachment-large size-large\" alt=\"\" srcset=\"https:\/\/basicincomeday.org\/ubi\/wp-content\/uploads\/2015\/02\/EE-orange.png 318w, https:\/\/basicincomeday.org\/ubi\/wp-content\/uploads\/2015\/02\/EE-orange-300x285.png 300w\" sizes=\"auto, (max-width: 318px) 100vw, 318px\" \/><\/a>            <\/div>\r\n    <\/li>\r\n    <li id=\"331_image_231\" class=\"col-xs-12 col-sm-2 col-md-2 loop_tile_item loop_tile_331_image_1_item fs-content-thumbnail\">\r\n\r\n        \t\t\t\t\t\r\n\t\t\t<div class=\"thumbnail\">\r\n        \t\t\t\t\t\r\n\t\t\t\t<a href='https:\/\/basicincomeday.org\/ubi\/ee-ocker\/'><img loading=\"lazy\" decoding=\"async\" width=\"318\" height=\"302\" src=\"https:\/\/basicincomeday.org\/ubi\/wp-content\/uploads\/2015\/02\/EE-ocker.png\" class=\"attachment-large size-large\" alt=\"\" srcset=\"https:\/\/basicincomeday.org\/ubi\/wp-content\/uploads\/2015\/02\/EE-ocker.png 318w, https:\/\/basicincomeday.org\/ubi\/wp-content\/uploads\/2015\/02\/EE-ocker-300x285.png 300w\" sizes=\"auto, (max-width: 318px) 100vw, 318px\" \/><\/a>            <\/div>\r\n    <\/li>\r\n    <li id=\"331_image_230\" class=\"col-xs-12 col-sm-2 col-md-2 loop_tile_item loop_tile_331_image_1_item fs-content-thumbnail\">\r\n\r\n        \t\t\t\t\t\r\n\t\t\t<div class=\"thumbnail\">\r\n        \t\t\t\t\t\r\n\t\t\t\t<a href='https:\/\/basicincomeday.org\/ubi\/ee-gru_n-hell\/'><img loading=\"lazy\" decoding=\"async\" width=\"318\" height=\"302\" src=\"https:\/\/basicincomeday.org\/ubi\/wp-content\/uploads\/2015\/02\/EE-gru_n-hell.png\" class=\"attachment-large size-large\" alt=\"\" srcset=\"https:\/\/basicincomeday.org\/ubi\/wp-content\/uploads\/2015\/02\/EE-gru_n-hell.png 318w, https:\/\/basicincomeday.org\/ubi\/wp-content\/uploads\/2015\/02\/EE-gru_n-hell-300x285.png 300w\" sizes=\"auto, (max-width: 318px) 100vw, 318px\" \/><\/a>            <\/div>\r\n    <\/li>\r\n    <li id=\"331_image_226\" class=\"col-xs-12 col-sm-4 col-md-4 loop_tile_item loop_tile_331_image_1_item fs-content-thumbnail\">\r\n\r\n        \t\t\t\t\t\r\n\t\t\t<div class=\"thumbnail\">\r\n        \t\t\t\t\t\r\n\t\t\t\t<a href='https:\/\/basicincomeday.org\/ubi\/ee-blau\/'><img loading=\"lazy\" decoding=\"async\" width=\"318\" height=\"302\" src=\"https:\/\/basicincomeday.org\/ubi\/wp-content\/uploads\/2015\/02\/EE-blau.png\" class=\"attachment-large size-large\" alt=\"\" srcset=\"https:\/\/basicincomeday.org\/ubi\/wp-content\/uploads\/2015\/02\/EE-blau.png 318w, https:\/\/basicincomeday.org\/ubi\/wp-content\/uploads\/2015\/02\/EE-blau-300x285.png 300w\" sizes=\"auto, (max-width: 318px) 100vw, 318px\" \/><\/a>            <\/div>\r\n    <\/li>\r\n    <li id=\"331_image_227\" class=\"col-xs-12 col-sm-2 col-md-2 loop_tile_item loop_tile_331_image_1_item fs-content-thumbnail\">\r\n\r\n        \t\t\t\t\t\r\n\t\t\t<div class=\"thumbnail\">\r\n        \t\t\t\t\t\r\n\t\t\t\t<a href='https:\/\/basicincomeday.org\/ubi\/ee-blau-dunkel\/'><img loading=\"lazy\" decoding=\"async\" width=\"318\" height=\"302\" src=\"https:\/\/basicincomeday.org\/ubi\/wp-content\/uploads\/2015\/02\/EE-blau-dunkel.png\" class=\"attachment-large size-large\" alt=\"\" srcset=\"https:\/\/basicincomeday.org\/ubi\/wp-content\/uploads\/2015\/02\/EE-blau-dunkel.png 318w, https:\/\/basicincomeday.org\/ubi\/wp-content\/uploads\/2015\/02\/EE-blau-dunkel-300x285.png 300w\" sizes=\"auto, (max-width: 318px) 100vw, 318px\" \/><\/a>            <\/div>\r\n    <\/li>\r\n    <li id=\"331_image_228\" class=\"col-xs-12 col-sm-2 col-md-2 loop_tile_item loop_tile_331_image_1_item fs-content-thumbnail\">\r\n\r\n        \t\t\t\t\t\r\n\t\t\t<div class=\"thumbnail\">\r\n        \t\t\t\t\t\r\n\t\t\t\t<a href='https:\/\/basicincomeday.org\/ubi\/ee-blauviolett\/'><img loading=\"lazy\" decoding=\"async\" width=\"318\" height=\"302\" src=\"https:\/\/basicincomeday.org\/ubi\/wp-content\/uploads\/2015\/02\/EE-blauviolett.png\" class=\"attachment-large size-large\" alt=\"\" srcset=\"https:\/\/basicincomeday.org\/ubi\/wp-content\/uploads\/2015\/02\/EE-blauviolett.png 318w, https:\/\/basicincomeday.org\/ubi\/wp-content\/uploads\/2015\/02\/EE-blauviolett-300x285.png 300w\" sizes=\"auto, (max-width: 318px) 100vw, 318px\" \/><\/a>            <\/div>\r\n    <\/li>\r\n    <li id=\"331_image_229\" class=\"col-xs-12 col-sm-2 col-md-2 loop_tile_item loop_tile_331_image_1_item fs-content-thumbnail\">\r\n\r\n        \t\t\t\t\t\r\n\t\t\t<div class=\"thumbnail\">\r\n        \t\t\t\t\t\r\n\t\t\t\t<a href='https:\/\/basicincomeday.org\/ubi\/ee-gru_n-dunkel\/'><img loading=\"lazy\" decoding=\"async\" width=\"318\" height=\"302\" src=\"https:\/\/basicincomeday.org\/ubi\/wp-content\/uploads\/2015\/02\/EE-gru_n-dunkel.png\" class=\"attachment-large size-large\" alt=\"\" srcset=\"https:\/\/basicincomeday.org\/ubi\/wp-content\/uploads\/2015\/02\/EE-gru_n-dunkel.png 318w, https:\/\/basicincomeday.org\/ubi\/wp-content\/uploads\/2015\/02\/EE-gru_n-dunkel-300x285.png 300w\" sizes=\"auto, (max-width: 318px) 100vw, 318px\" \/><\/a>            <\/div>\r\n    <\/li>\r\n\t\t\t\t<li class=\"loop-grid-sizer loop_tile_331_image_1_grid col-xs-12 col-sm-2 col-md-2\"><\/li>\r\n\t\t\t\t<\/ul>\r\n\t\t\t\t<\/div><div class='clear_column'><\/div>\n","protected":false},"excerpt":{"rendered":"","protected":false},"author":1,"featured_media":235,"parent":0,"menu_order":0,"comment_status":"closed","ping_status":"closed","template":"page-full-width.php","meta":{"footnotes":""},"class_list":["post-331","page","type-page","status-publish","has-post-thumbnail","hentry"],"yoast_head":"<!-- This site is optimized with the Yoast SEO plugin v27.6 - https:\/\/yoast.com\/product\/yoast-seo-wordpress\/ -->\n<title>Eesti - 1. mai P\u00f5hisissetuleku P\u00e4ev - #UBI - Basic Income Day<\/title>\n<meta name=\"robots\" content=\"index, follow, max-snippet:-1, max-image-preview:large, max-video-preview:-1\" \/>\n<link rel=\"canonical\" href=\"https:\/\/basicincomeday.org\/ubi\/eesti-1-mai-pohisissetuleku-paev-ubi\/\" \/>\n<meta property=\"og:locale\" content=\"en_US\" \/>\n<meta property=\"og:type\" content=\"article\" \/>\n<meta property=\"og:title\" content=\"Eesti - 1. mai P\u00f5hisissetuleku P\u00e4ev - #UBI - Basic Income Day\" \/>\n<meta property=\"og:url\" content=\"https:\/\/basicincomeday.org\/ubi\/eesti-1-mai-pohisissetuleku-paev-ubi\/\" \/>\n<meta property=\"og:site_name\" content=\"Basic Income Day\" \/>\n<meta property=\"article:modified_time\" content=\"2016-12-13T08:19:40+00:00\" \/>\n<meta property=\"og:image\" content=\"https:\/\/basicincomeday.org\/ubi\/wp-content\/uploads\/2015\/02\/EE-purpur3.png\" \/>\n\t<meta property=\"og:image:width\" content=\"318\" \/>\n\t<meta property=\"og:image:height\" content=\"302\" \/>\n\t<meta property=\"og:image:type\" content=\"image\/png\" \/>\n<meta name=\"twitter:label1\" content=\"Est. reading time\" \/>\n\t<meta name=\"twitter:data1\" content=\"2 minutes\" \/>\n<script type=\"application\/ld+json\" class=\"yoast-schema-graph\">{\"@context\":\"https:\\\/\\\/schema.org\",\"@graph\":[{\"@type\":\"WebPage\",\"@id\":\"https:\\\/\\\/basicincomeday.org\\\/ubi\\\/eesti-1-mai-pohisissetuleku-paev-ubi\\\/\",\"url\":\"https:\\\/\\\/basicincomeday.org\\\/ubi\\\/eesti-1-mai-pohisissetuleku-paev-ubi\\\/\",\"name\":\"Eesti - 1. mai P\u00f5hisissetuleku P\u00e4ev - #UBI - Basic Income Day\",\"isPartOf\":{\"@id\":\"https:\\\/\\\/basicincomeday.org\\\/ubi\\\/#website\"},\"primaryImageOfPage\":{\"@id\":\"https:\\\/\\\/basicincomeday.org\\\/ubi\\\/eesti-1-mai-pohisissetuleku-paev-ubi\\\/#primaryimage\"},\"image\":{\"@id\":\"https:\\\/\\\/basicincomeday.org\\\/ubi\\\/eesti-1-mai-pohisissetuleku-paev-ubi\\\/#primaryimage\"},\"thumbnailUrl\":\"https:\\\/\\\/basicincomeday.org\\\/ubi\\\/wp-content\\\/uploads\\\/2015\\\/02\\\/EE-purpur3.png\",\"datePublished\":\"2015-04-02T17:41:40+00:00\",\"dateModified\":\"2016-12-13T08:19:40+00:00\",\"breadcrumb\":{\"@id\":\"https:\\\/\\\/basicincomeday.org\\\/ubi\\\/eesti-1-mai-pohisissetuleku-paev-ubi\\\/#breadcrumb\"},\"inLanguage\":\"en-US\",\"potentialAction\":[{\"@type\":\"ReadAction\",\"target\":[\"https:\\\/\\\/basicincomeday.org\\\/ubi\\\/eesti-1-mai-pohisissetuleku-paev-ubi\\\/\"]}]},{\"@type\":\"ImageObject\",\"inLanguage\":\"en-US\",\"@id\":\"https:\\\/\\\/basicincomeday.org\\\/ubi\\\/eesti-1-mai-pohisissetuleku-paev-ubi\\\/#primaryimage\",\"url\":\"https:\\\/\\\/basicincomeday.org\\\/ubi\\\/wp-content\\\/uploads\\\/2015\\\/02\\\/EE-purpur3.png\",\"contentUrl\":\"https:\\\/\\\/basicincomeday.org\\\/ubi\\\/wp-content\\\/uploads\\\/2015\\\/02\\\/EE-purpur3.png\",\"width\":318,\"height\":302},{\"@type\":\"BreadcrumbList\",\"@id\":\"https:\\\/\\\/basicincomeday.org\\\/ubi\\\/eesti-1-mai-pohisissetuleku-paev-ubi\\\/#breadcrumb\",\"itemListElement\":[{\"@type\":\"ListItem\",\"position\":1,\"name\":\"Home\",\"item\":\"https:\\\/\\\/basicincomeday.org\\\/ubi\\\/\"},{\"@type\":\"ListItem\",\"position\":2,\"name\":\"Eesti &#8211; 1. mai P\u00f5hisissetuleku P\u00e4ev &#8211; #UBI\"}]},{\"@type\":\"WebSite\",\"@id\":\"https:\\\/\\\/basicincomeday.org\\\/ubi\\\/#website\",\"url\":\"https:\\\/\\\/basicincomeday.org\\\/ubi\\\/\",\"name\":\"Basic Income Day\",\"description\":\"Basic Income is a Human Right\",\"potentialAction\":[{\"@type\":\"SearchAction\",\"target\":{\"@type\":\"EntryPoint\",\"urlTemplate\":\"https:\\\/\\\/basicincomeday.org\\\/ubi\\\/?s={search_term_string}\"},\"query-input\":{\"@type\":\"PropertyValueSpecification\",\"valueRequired\":true,\"valueName\":\"search_term_string\"}}],\"inLanguage\":\"en-US\"}]}<\/script>\n<!-- \/ Yoast SEO plugin. -->","yoast_head_json":{"title":"Eesti - 1. mai P\u00f5hisissetuleku P\u00e4ev - #UBI - Basic Income Day","robots":{"index":"index","follow":"follow","max-snippet":"max-snippet:-1","max-image-preview":"max-image-preview:large","max-video-preview":"max-video-preview:-1"},"canonical":"https:\/\/basicincomeday.org\/ubi\/eesti-1-mai-pohisissetuleku-paev-ubi\/","og_locale":"en_US","og_type":"article","og_title":"Eesti - 1. mai P\u00f5hisissetuleku P\u00e4ev - #UBI - Basic Income Day","og_url":"https:\/\/basicincomeday.org\/ubi\/eesti-1-mai-pohisissetuleku-paev-ubi\/","og_site_name":"Basic Income Day","article_modified_time":"2016-12-13T08:19:40+00:00","og_image":[{"width":318,"height":302,"url":"https:\/\/basicincomeday.org\/ubi\/wp-content\/uploads\/2015\/02\/EE-purpur3.png","type":"image\/png"}],"twitter_misc":{"Est. reading time":"2 minutes"},"schema":{"@context":"https:\/\/schema.org","@graph":[{"@type":"WebPage","@id":"https:\/\/basicincomeday.org\/ubi\/eesti-1-mai-pohisissetuleku-paev-ubi\/","url":"https:\/\/basicincomeday.org\/ubi\/eesti-1-mai-pohisissetuleku-paev-ubi\/","name":"Eesti - 1. mai P\u00f5hisissetuleku P\u00e4ev - #UBI - Basic Income Day","isPartOf":{"@id":"https:\/\/basicincomeday.org\/ubi\/#website"},"primaryImageOfPage":{"@id":"https:\/\/basicincomeday.org\/ubi\/eesti-1-mai-pohisissetuleku-paev-ubi\/#primaryimage"},"image":{"@id":"https:\/\/basicincomeday.org\/ubi\/eesti-1-mai-pohisissetuleku-paev-ubi\/#primaryimage"},"thumbnailUrl":"https:\/\/basicincomeday.org\/ubi\/wp-content\/uploads\/2015\/02\/EE-purpur3.png","datePublished":"2015-04-02T17:41:40+00:00","dateModified":"2016-12-13T08:19:40+00:00","breadcrumb":{"@id":"https:\/\/basicincomeday.org\/ubi\/eesti-1-mai-pohisissetuleku-paev-ubi\/#breadcrumb"},"inLanguage":"en-US","potentialAction":[{"@type":"ReadAction","target":["https:\/\/basicincomeday.org\/ubi\/eesti-1-mai-pohisissetuleku-paev-ubi\/"]}]},{"@type":"ImageObject","inLanguage":"en-US","@id":"https:\/\/basicincomeday.org\/ubi\/eesti-1-mai-pohisissetuleku-paev-ubi\/#primaryimage","url":"https:\/\/basicincomeday.org\/ubi\/wp-content\/uploads\/2015\/02\/EE-purpur3.png","contentUrl":"https:\/\/basicincomeday.org\/ubi\/wp-content\/uploads\/2015\/02\/EE-purpur3.png","width":318,"height":302},{"@type":"BreadcrumbList","@id":"https:\/\/basicincomeday.org\/ubi\/eesti-1-mai-pohisissetuleku-paev-ubi\/#breadcrumb","itemListElement":[{"@type":"ListItem","position":1,"name":"Home","item":"https:\/\/basicincomeday.org\/ubi\/"},{"@type":"ListItem","position":2,"name":"Eesti &#8211; 1. mai P\u00f5hisissetuleku P\u00e4ev &#8211; #UBI"}]},{"@type":"WebSite","@id":"https:\/\/basicincomeday.org\/ubi\/#website","url":"https:\/\/basicincomeday.org\/ubi\/","name":"Basic Income Day","description":"Basic Income is a Human Right","potentialAction":[{"@type":"SearchAction","target":{"@type":"EntryPoint","urlTemplate":"https:\/\/basicincomeday.org\/ubi\/?s={search_term_string}"},"query-input":{"@type":"PropertyValueSpecification","valueRequired":true,"valueName":"search_term_string"}}],"inLanguage":"en-US"}]}},"_links":{"self":[{"href":"https:\/\/basicincomeday.org\/ubi\/wp-json\/wp\/v2\/pages\/331","targetHints":{"allow":["GET"]}}],"collection":[{"href":"https:\/\/basicincomeday.org\/ubi\/wp-json\/wp\/v2\/pages"}],"about":[{"href":"https:\/\/basicincomeday.org\/ubi\/wp-json\/wp\/v2\/types\/page"}],"author":[{"embeddable":true,"href":"https:\/\/basicincomeday.org\/ubi\/wp-json\/wp\/v2\/users\/1"}],"replies":[{"embeddable":true,"href":"https:\/\/basicincomeday.org\/ubi\/wp-json\/wp\/v2\/comments?post=331"}],"version-history":[{"count":4,"href":"https:\/\/basicincomeday.org\/ubi\/wp-json\/wp\/v2\/pages\/331\/revisions"}],"predecessor-version":[{"id":917,"href":"https:\/\/basicincomeday.org\/ubi\/wp-json\/wp\/v2\/pages\/331\/revisions\/917"}],"wp:featuredmedia":[{"embeddable":true,"href":"https:\/\/basicincomeday.org\/ubi\/wp-json\/wp\/v2\/media\/235"}],"wp:attachment":[{"href":"https:\/\/basicincomeday.org\/ubi\/wp-json\/wp\/v2\/media?parent=331"}],"curies":[{"name":"wp","href":"https:\/\/api.w.org\/{rel}","templated":true}]}}