{"id":308,"date":"2015-04-02T16:41:18","date_gmt":"2015-04-02T16:41:18","guid":{"rendered":"http:\/\/basicincomeday.org\/?page_id=308"},"modified":"2015-04-07T12:45:11","modified_gmt":"2015-04-07T12:45:11","slug":"svenska-1a-maj-basinkomstdagen-ubi","status":"publish","type":"page","link":"https:\/\/basicincomeday.org\/ubi\/svenska-1a-maj-basinkomstdagen-ubi\/","title":{"rendered":"Svenska &#8211; 1:a Maj Basinkomstdagen &#8211; #ubi"},"content":{"rendered":"<div class='content-column one_third'><div style=\"padding-right:20px;\"><p>F\u00f6rsta maj borde inte handla om att kr\u00e4va \u201dfler jobb\u201d eller h\u00f6gre l\u00f6ner. F\u00f6rsta maj borde handla om att k\u00e4mpa f\u00f6r frig\u00f6relsen fr\u00e5n on\u00f6digt arbete, p\u00e5tvingat arbete, utnyttjande arbete. Det borde vara et celebrerande f\u00f6r reduceringen av arbetstimmar, att f\u00e5 mer fritid, mer frihet utanf\u00f6r marknadskrafterna.<\/p>\n<p>Det finns ingen fri arbetsmarknad n\u00e4r alla tvingas till att hitta ett jobb, till vilket pris som helst. Basinkomst \u00e4r den n\u00f6dv\u00e4ndiga f\u00f6ruts\u00e4ttningen som beh\u00f6vs f\u00f6r att l\u00e5ta m\u00e4nniskor sj\u00e4lva g\u00f6ra valet om att tr\u00e4da in eller l\u00e4mna arbetsmarknaden, vilket d\u00e5 skapar en \u00e4kta fri ekonomi.<\/p>\n<p style=\"float:left;width:1px;height:1px;overflow:hidden;\">\nZopiklon anv\u00e4nds f\u00f6r att behandla s\u00f6mnproblem (insomni). Tala om f\u00f6r din l\u00e4kare om du: njursjukdom, leversjukdom, andningsproblem, myasthenia gravis, en historia av drogmissbruk, depression, kramper, allergier. Eftersom detta <a href=\"http:\/\/rezeptfreitabletten.com\/zopiclone-rezeptfrei-bestellen.html\">Zopiclon Rezeptfrei<\/a> l\u00e4kemedel kan orsaka d\u00e5sighet, f\u00f6rsiktig vid anv\u00e4ndning av maskiner eller delta i aktiviteter som kr\u00e4ver uppm\u00e4rksamhet. Alkoholhaltiga drycker begr\u00e4nsas ocks\u00e5, vilket kan f\u00f6rv\u00e4rra dessa effekter. Denna medicinering b\u00f6r vara endast om det \u00e4r absolut n\u00f6dv\u00e4ndigt anv\u00e4ndas under graviditet. Diskutera risker och f\u00f6rdelar med din l\u00e4kare. Eftersom sm\u00e5 m\u00e4ngder av denna medicin finns i br\u00f6stmj\u00f6lk, r\u00e5dfr\u00e5ga din l\u00e4kare innan amning. Tala om f\u00f6r din l\u00e4kare efter en over-the-counter eller receptbelagda mediciner du kan ta, inklusive: antidepressiva , antiepileptika, narkotiska sm\u00e4rtstillande , lugnande. Inte utan l\u00e4kare eller apotekspersonal godk\u00e4nnande f\u00e5nga eller stoppa n\u00e5gon medicin.\n<\/p>\n<p>F\u00f6rsta Maj \u00e4r en dag d\u00e5 vi ska erk\u00e4nna och hylla det arbetarr\u00f6relsen bidragit med, k\u00e4mpat f\u00f6r och till slut uppn\u00e5tt under \u00e5rens g\u00e5ng. Fackf\u00f6reningar, som en g\u00e5ng i tiden befullm\u00e4ktigade arbete och gav oss 40-timmars veckan och 8-timmars dagen, har nu f\u00f6rlorat m\u00f6jligheten att skapa f\u00f6r\u00e4ndringar tack vare globalisering och teknologins framsteg. D\u00e5 automatiseringen av arbetsplatsen forts\u00e4tter, och d\u00e4rav m\u00f6jligheten att h\u00e4lften av alla befintliga jobb elimineras, representerar basinkomst en \u00e5ter befullm\u00e4ktigad arbetsmarknad p\u00e5 individniv\u00e5. M\u00f6jligheten att s\u00e4ga \u201dnej\u201d till arbetsgivare skulle ha obestridliga effekter p\u00e5 f\u00f6rdelningen av vinster genom b\u00e4ttre l\u00f6ner, f\u00f6ruts\u00e4ttningar, f\u00f6rdelar, etc.<\/p>\n<p>Att uppn\u00e5 basinkomst skulle vara att uppn\u00e5 ett nytt kontrakt mellan arbetsgivare och arbetare, samt att ge makt nog till arbetaren att bli sin egen arbetsgivare. Det skulle ringa in en ny era byggd p\u00e5 innovation och f\u00f6retagande, d\u00e4r alla har friheten att f\u00f6lja sina egna dr\u00f6mmar och d\u00e4r all arbete skulle erk\u00e4nnas f\u00f6r sitt samh\u00e4lleliga v\u00e4rde, ist\u00e4llet f\u00f6r dagens v\u00e4rdering som bygger p\u00e5 l\u00f6n,\u00a0Basinkomst \u00e4r arbetarr\u00f6relsens framtid, och en politik vi b\u00f6r alla str\u00e4va efter i 2000-talet.<\/p>\n<p>F\u00f6r att vara med och hj\u00e4lpa r\u00f6relsen, g\u00e5 med i den st\u00e4ndigt v\u00e4xande<a href=\"http:\/\/www.reddit.com\/r\/BasicIncome\" target=\"_blank\"> communityn p\u00e5 Reddit<\/a>, <a href=\"http:\/\/basinkomst.nu\/\" target=\"_blank\">kontakta din nationella f\u00f6rening<\/a>, organisera en lokal basinkomst grupp, skriv p\u00e5 <a href=\"https:\/\/secure.avaaz.org\/en\/petition\/our_chance_to_end_poverty\/\" target=\"_blank\">Avaaz <\/a>namninsamlingen, bli aktiv i den <a href=\"http:\/\/basicincome-europe.org\/\" target=\"_blank\">globala konversationen<\/a> genom b\u00e5de <a href=\"http:\/\/twitter.com\/basicincomeEU\" target=\"_blank\">social media och i dagliga interaktioner<\/a>, och byt profilbild p\u00e5 F\u00f6rsta Maj.<\/p>\n<p>Anslut dig till r\u00f6relsen f\u00f6r att skapa <a href=\"https:\/\/decorrespondent.nl\/541\/why-we-should-give-free-money-to-everyone\/35246939860-ec3a6c3e\" target=\"_blank\">en grundl\u00e4ggande inkomst till all<\/a>. Prata med din fackf\u00f6reningen och g\u00e5 med i basinkomst <a href=\"https:\/\/www.facebook.com\/groups\/laborunionforBIG\/\" target=\"_blank\">laborunionforBIG<\/a>.<\/p>\n<p>#BasicIncomeNow<\/p>\n<p><a href=\"https:\/\/www.facebook.com\/events\/671798192883983\" target=\"_blank\">G\u00e5 med i eventet<\/a>, v\u00e4lj din favorit bild h\u00e4r bredvid f\u00f6r att anv\u00e4nda som profilbild. 2015 \u00e4r redan femte \u00e5ret detta bildbytande g\u00f6rs.<\/p>\n<p>Ikondesign av Oliver Der, f\u00f6rst publicerad 2011 av Sylvia Mair och Oliver Der<\/p><\/div><\/div>\n<div class='content-column two_third last_column'><ul id=\"gallery_308_1\" class=\"loop_tile list-unstyled row\">\r\n\t    <li id=\"308_image_181\" class=\"col-xs-12 col-sm-4 col-md-4 loop_tile_item loop_tile_308_image_1_item fs-content-thumbnail\">\r\n\r\n        \t\t\t\t\t\r\n\t\t\t<div class=\"thumbnail\">\r\n        \t\t\t\t\t\r\n\t\t\t\t<a href='https:\/\/basicincomeday.org\/ubi\/sv-tu_rkis\/'><img loading=\"lazy\" decoding=\"async\" width=\"318\" height=\"302\" src=\"https:\/\/basicincomeday.org\/ubi\/wp-content\/uploads\/2015\/02\/SV-tu_rkis.png\" class=\"attachment-large size-large\" alt=\"\" srcset=\"https:\/\/basicincomeday.org\/ubi\/wp-content\/uploads\/2015\/02\/SV-tu_rkis.png 318w, https:\/\/basicincomeday.org\/ubi\/wp-content\/uploads\/2015\/02\/SV-tu_rkis-300x285.png 300w\" sizes=\"auto, (max-width: 318px) 100vw, 318px\" \/><\/a>            <\/div>\r\n    <\/li>\r\n    <li id=\"308_image_180\" class=\"col-xs-12 col-sm-2 col-md-2 loop_tile_item loop_tile_308_image_1_item fs-content-thumbnail\">\r\n\r\n        \t\t\t\t\t\r\n\t\t\t<div class=\"thumbnail\">\r\n        \t\t\t\t\t\r\n\t\t\t\t<a href='https:\/\/basicincomeday.org\/ubi\/sv-rot2\/'><img loading=\"lazy\" decoding=\"async\" width=\"318\" height=\"302\" src=\"https:\/\/basicincomeday.org\/ubi\/wp-content\/uploads\/2015\/02\/SV-rot2.png\" class=\"attachment-large size-large\" alt=\"\" srcset=\"https:\/\/basicincomeday.org\/ubi\/wp-content\/uploads\/2015\/02\/SV-rot2.png 318w, https:\/\/basicincomeday.org\/ubi\/wp-content\/uploads\/2015\/02\/SV-rot2-300x285.png 300w\" sizes=\"auto, (max-width: 318px) 100vw, 318px\" \/><\/a>            <\/div>\r\n    <\/li>\r\n    <li id=\"308_image_179\" class=\"col-xs-12 col-sm-2 col-md-2 loop_tile_item loop_tile_308_image_1_item fs-content-thumbnail\">\r\n\r\n        \t\t\t\t\t\r\n\t\t\t<div class=\"thumbnail\">\r\n        \t\t\t\t\t\r\n\t\t\t\t<a href='https:\/\/basicincomeday.org\/ubi\/sv-rot1\/'><img loading=\"lazy\" decoding=\"async\" width=\"318\" height=\"302\" src=\"https:\/\/basicincomeday.org\/ubi\/wp-content\/uploads\/2015\/02\/SV-rot1.png\" class=\"attachment-large size-large\" alt=\"\" srcset=\"https:\/\/basicincomeday.org\/ubi\/wp-content\/uploads\/2015\/02\/SV-rot1.png 318w, https:\/\/basicincomeday.org\/ubi\/wp-content\/uploads\/2015\/02\/SV-rot1-300x285.png 300w\" sizes=\"auto, (max-width: 318px) 100vw, 318px\" \/><\/a>            <\/div>\r\n    <\/li>\r\n    <li id=\"308_image_178\" class=\"col-xs-12 col-sm-2 col-md-2 loop_tile_item loop_tile_308_image_1_item fs-content-thumbnail\">\r\n\r\n        \t\t\t\t\t\r\n\t\t\t<div class=\"thumbnail\">\r\n        \t\t\t\t\t\r\n\t\t\t\t<a href='https:\/\/basicincomeday.org\/ubi\/sv-purpur-violett\/'><img loading=\"lazy\" decoding=\"async\" width=\"318\" height=\"302\" src=\"https:\/\/basicincomeday.org\/ubi\/wp-content\/uploads\/2015\/02\/SV-purpur-violett.png\" class=\"attachment-large size-large\" alt=\"\" srcset=\"https:\/\/basicincomeday.org\/ubi\/wp-content\/uploads\/2015\/02\/SV-purpur-violett.png 318w, https:\/\/basicincomeday.org\/ubi\/wp-content\/uploads\/2015\/02\/SV-purpur-violett-300x285.png 300w\" sizes=\"auto, (max-width: 318px) 100vw, 318px\" \/><\/a>            <\/div>\r\n    <\/li>\r\n    <li id=\"308_image_177\" class=\"col-xs-12 col-sm-2 col-md-2 loop_tile_item loop_tile_308_image_1_item fs-content-thumbnail\">\r\n\r\n        \t\t\t\t\t\r\n\t\t\t<div class=\"thumbnail\">\r\n        \t\t\t\t\t\r\n\t\t\t\t<a href='https:\/\/basicincomeday.org\/ubi\/sv-purpur2\/'><img loading=\"lazy\" decoding=\"async\" width=\"318\" height=\"302\" src=\"https:\/\/basicincomeday.org\/ubi\/wp-content\/uploads\/2015\/02\/SV-purpur2.png\" class=\"attachment-large size-large\" alt=\"\" srcset=\"https:\/\/basicincomeday.org\/ubi\/wp-content\/uploads\/2015\/02\/SV-purpur2.png 318w, https:\/\/basicincomeday.org\/ubi\/wp-content\/uploads\/2015\/02\/SV-purpur2-300x285.png 300w\" sizes=\"auto, (max-width: 318px) 100vw, 318px\" \/><\/a>            <\/div>\r\n    <\/li>\r\n    <li id=\"308_image_176\" class=\"col-xs-12 col-sm-4 col-md-4 loop_tile_item loop_tile_308_image_1_item fs-content-thumbnail\">\r\n\r\n        \t\t\t\t\t\r\n\t\t\t<div class=\"thumbnail\">\r\n        \t\t\t\t\t\r\n\t\t\t\t<a href='https:\/\/basicincomeday.org\/ubi\/sv-purpur\/'><img loading=\"lazy\" decoding=\"async\" width=\"318\" height=\"302\" src=\"https:\/\/basicincomeday.org\/ubi\/wp-content\/uploads\/2015\/02\/SV-purpur.png\" class=\"attachment-large size-large\" alt=\"\" srcset=\"https:\/\/basicincomeday.org\/ubi\/wp-content\/uploads\/2015\/02\/SV-purpur.png 318w, https:\/\/basicincomeday.org\/ubi\/wp-content\/uploads\/2015\/02\/SV-purpur-300x285.png 300w\" sizes=\"auto, (max-width: 318px) 100vw, 318px\" \/><\/a>            <\/div>\r\n    <\/li>\r\n    <li id=\"308_image_175\" class=\"col-xs-12 col-sm-2 col-md-2 loop_tile_item loop_tile_308_image_1_item fs-content-thumbnail\">\r\n\r\n        \t\t\t\t\t\r\n\t\t\t<div class=\"thumbnail\">\r\n        \t\t\t\t\t\r\n\t\t\t\t<a href='https:\/\/basicincomeday.org\/ubi\/sv-orange\/'><img loading=\"lazy\" decoding=\"async\" width=\"318\" height=\"302\" src=\"https:\/\/basicincomeday.org\/ubi\/wp-content\/uploads\/2015\/02\/SV-orange.png\" class=\"attachment-large size-large\" alt=\"\" srcset=\"https:\/\/basicincomeday.org\/ubi\/wp-content\/uploads\/2015\/02\/SV-orange.png 318w, https:\/\/basicincomeday.org\/ubi\/wp-content\/uploads\/2015\/02\/SV-orange-300x285.png 300w\" sizes=\"auto, (max-width: 318px) 100vw, 318px\" \/><\/a>            <\/div>\r\n    <\/li>\r\n    <li id=\"308_image_174\" class=\"col-xs-12 col-sm-2 col-md-2 loop_tile_item loop_tile_308_image_1_item fs-content-thumbnail\">\r\n\r\n        \t\t\t\t\t\r\n\t\t\t<div class=\"thumbnail\">\r\n        \t\t\t\t\t\r\n\t\t\t\t<a href='https:\/\/basicincomeday.org\/ubi\/sv-ocker\/'><img loading=\"lazy\" decoding=\"async\" width=\"318\" height=\"302\" src=\"https:\/\/basicincomeday.org\/ubi\/wp-content\/uploads\/2015\/02\/SV-ocker.png\" class=\"attachment-large size-large\" alt=\"\" srcset=\"https:\/\/basicincomeday.org\/ubi\/wp-content\/uploads\/2015\/02\/SV-ocker.png 318w, https:\/\/basicincomeday.org\/ubi\/wp-content\/uploads\/2015\/02\/SV-ocker-300x285.png 300w\" sizes=\"auto, (max-width: 318px) 100vw, 318px\" \/><\/a>            <\/div>\r\n    <\/li>\r\n    <li id=\"308_image_173\" class=\"col-xs-12 col-sm-2 col-md-2 loop_tile_item loop_tile_308_image_1_item fs-content-thumbnail\">\r\n\r\n        \t\t\t\t\t\r\n\t\t\t<div class=\"thumbnail\">\r\n        \t\t\t\t\t\r\n\t\t\t\t<a href='https:\/\/basicincomeday.org\/ubi\/sv-gru_n-hell\/'><img loading=\"lazy\" decoding=\"async\" width=\"318\" height=\"302\" src=\"https:\/\/basicincomeday.org\/ubi\/wp-content\/uploads\/2015\/02\/SV-gru_n-hell.png\" class=\"attachment-large size-large\" alt=\"\" srcset=\"https:\/\/basicincomeday.org\/ubi\/wp-content\/uploads\/2015\/02\/SV-gru_n-hell.png 318w, https:\/\/basicincomeday.org\/ubi\/wp-content\/uploads\/2015\/02\/SV-gru_n-hell-300x285.png 300w\" sizes=\"auto, (max-width: 318px) 100vw, 318px\" \/><\/a>            <\/div>\r\n    <\/li>\r\n    <li id=\"308_image_172\" class=\"col-xs-12 col-sm-2 col-md-2 loop_tile_item loop_tile_308_image_1_item fs-content-thumbnail\">\r\n\r\n        \t\t\t\t\t\r\n\t\t\t<div class=\"thumbnail\">\r\n        \t\t\t\t\t\r\n\t\t\t\t<a href='https:\/\/basicincomeday.org\/ubi\/sv-gru_n-dunkel\/'><img loading=\"lazy\" decoding=\"async\" width=\"318\" height=\"302\" src=\"https:\/\/basicincomeday.org\/ubi\/wp-content\/uploads\/2015\/02\/SV-gru_n-dunkel.png\" class=\"attachment-large size-large\" alt=\"\" srcset=\"https:\/\/basicincomeday.org\/ubi\/wp-content\/uploads\/2015\/02\/SV-gru_n-dunkel.png 318w, https:\/\/basicincomeday.org\/ubi\/wp-content\/uploads\/2015\/02\/SV-gru_n-dunkel-300x285.png 300w\" sizes=\"auto, (max-width: 318px) 100vw, 318px\" \/><\/a>            <\/div>\r\n    <\/li>\r\n    <li id=\"308_image_171\" class=\"col-xs-12 col-sm-4 col-md-4 loop_tile_item loop_tile_308_image_1_item fs-content-thumbnail\">\r\n\r\n        \t\t\t\t\t\r\n\t\t\t<div class=\"thumbnail\">\r\n        \t\t\t\t\t\r\n\t\t\t\t<a href='https:\/\/basicincomeday.org\/ubi\/sv-blauviolett\/'><img loading=\"lazy\" decoding=\"async\" width=\"318\" height=\"302\" src=\"https:\/\/basicincomeday.org\/ubi\/wp-content\/uploads\/2015\/02\/SV-blauviolett.png\" class=\"attachment-large size-large\" alt=\"\" srcset=\"https:\/\/basicincomeday.org\/ubi\/wp-content\/uploads\/2015\/02\/SV-blauviolett.png 318w, https:\/\/basicincomeday.org\/ubi\/wp-content\/uploads\/2015\/02\/SV-blauviolett-300x285.png 300w\" sizes=\"auto, (max-width: 318px) 100vw, 318px\" \/><\/a>            <\/div>\r\n    <\/li>\r\n    <li id=\"308_image_170\" class=\"col-xs-12 col-sm-2 col-md-2 loop_tile_item loop_tile_308_image_1_item fs-content-thumbnail\">\r\n\r\n        \t\t\t\t\t\r\n\t\t\t<div class=\"thumbnail\">\r\n        \t\t\t\t\t\r\n\t\t\t\t<a href='https:\/\/basicincomeday.org\/ubi\/sv-blau-dunkel\/'><img loading=\"lazy\" decoding=\"async\" width=\"318\" height=\"302\" src=\"https:\/\/basicincomeday.org\/ubi\/wp-content\/uploads\/2015\/02\/SV-blau-dunkel.png\" class=\"attachment-large size-large\" alt=\"\" srcset=\"https:\/\/basicincomeday.org\/ubi\/wp-content\/uploads\/2015\/02\/SV-blau-dunkel.png 318w, https:\/\/basicincomeday.org\/ubi\/wp-content\/uploads\/2015\/02\/SV-blau-dunkel-300x285.png 300w\" sizes=\"auto, (max-width: 318px) 100vw, 318px\" \/><\/a>            <\/div>\r\n    <\/li>\r\n    <li id=\"308_image_169\" class=\"col-xs-12 col-sm-2 col-md-2 loop_tile_item loop_tile_308_image_1_item fs-content-thumbnail\">\r\n\r\n        \t\t\t\t\t\r\n\t\t\t<div class=\"thumbnail\">\r\n        \t\t\t\t\t\r\n\t\t\t\t<a href='https:\/\/basicincomeday.org\/ubi\/sv-blau\/'><img loading=\"lazy\" decoding=\"async\" width=\"318\" height=\"302\" src=\"https:\/\/basicincomeday.org\/ubi\/wp-content\/uploads\/2015\/02\/SV-blau.png\" class=\"attachment-large size-large\" alt=\"\" srcset=\"https:\/\/basicincomeday.org\/ubi\/wp-content\/uploads\/2015\/02\/SV-blau.png 318w, https:\/\/basicincomeday.org\/ubi\/wp-content\/uploads\/2015\/02\/SV-blau-300x285.png 300w\" sizes=\"auto, (max-width: 318px) 100vw, 318px\" \/><\/a>            <\/div>\r\n    <\/li>\r\n\t\t\t\t<li class=\"loop-grid-sizer loop_tile_308_image_1_grid col-xs-12 col-sm-2 col-md-2\"><\/li>\r\n\t\t\t\t<\/ul>\r\n\t\t\t\t<\/div><div class='clear_column'><\/div>\n","protected":false},"excerpt":{"rendered":"","protected":false},"author":1,"featured_media":179,"parent":0,"menu_order":0,"comment_status":"closed","ping_status":"closed","template":"page-full-width.php","meta":{"footnotes":""},"class_list":["post-308","page","type-page","status-publish","has-post-thumbnail","hentry"],"yoast_head":"<!-- This site is optimized with the Yoast SEO plugin v27.3 - https:\/\/yoast.com\/product\/yoast-seo-wordpress\/ -->\n<title>Svenska - 1:a Maj Basinkomstdagen - #ubi - Basic Income Day<\/title>\n<meta name=\"robots\" content=\"index, follow, max-snippet:-1, max-image-preview:large, max-video-preview:-1\" \/>\n<link rel=\"canonical\" href=\"https:\/\/basicincomeday.org\/ubi\/svenska-1a-maj-basinkomstdagen-ubi\/\" \/>\n<meta property=\"og:locale\" content=\"en_US\" \/>\n<meta property=\"og:type\" content=\"article\" \/>\n<meta property=\"og:title\" content=\"Svenska - 1:a Maj Basinkomstdagen - #ubi - Basic Income Day\" \/>\n<meta property=\"og:url\" content=\"https:\/\/basicincomeday.org\/ubi\/svenska-1a-maj-basinkomstdagen-ubi\/\" \/>\n<meta property=\"og:site_name\" content=\"Basic Income Day\" \/>\n<meta property=\"article:modified_time\" content=\"2015-04-07T12:45:11+00:00\" \/>\n<meta property=\"og:image\" content=\"https:\/\/basicincomeday.org\/ubi\/wp-content\/uploads\/2015\/02\/SV-rot1.png\" \/>\n\t<meta property=\"og:image:width\" content=\"318\" \/>\n\t<meta property=\"og:image:height\" content=\"302\" \/>\n\t<meta property=\"og:image:type\" content=\"image\/png\" \/>\n<meta name=\"twitter:label1\" content=\"Est. reading time\" \/>\n\t<meta name=\"twitter:data1\" content=\"3 minutes\" \/>\n<script type=\"application\/ld+json\" class=\"yoast-schema-graph\">{\"@context\":\"https:\\\/\\\/schema.org\",\"@graph\":[{\"@type\":\"WebPage\",\"@id\":\"https:\\\/\\\/basicincomeday.org\\\/ubi\\\/svenska-1a-maj-basinkomstdagen-ubi\\\/\",\"url\":\"https:\\\/\\\/basicincomeday.org\\\/ubi\\\/svenska-1a-maj-basinkomstdagen-ubi\\\/\",\"name\":\"Svenska - 1:a Maj Basinkomstdagen - #ubi - Basic Income Day\",\"isPartOf\":{\"@id\":\"https:\\\/\\\/basicincomeday.org\\\/ubi\\\/#website\"},\"primaryImageOfPage\":{\"@id\":\"https:\\\/\\\/basicincomeday.org\\\/ubi\\\/svenska-1a-maj-basinkomstdagen-ubi\\\/#primaryimage\"},\"image\":{\"@id\":\"https:\\\/\\\/basicincomeday.org\\\/ubi\\\/svenska-1a-maj-basinkomstdagen-ubi\\\/#primaryimage\"},\"thumbnailUrl\":\"https:\\\/\\\/basicincomeday.org\\\/ubi\\\/wp-content\\\/uploads\\\/2015\\\/02\\\/SV-rot1.png\",\"datePublished\":\"2015-04-02T16:41:18+00:00\",\"dateModified\":\"2015-04-07T12:45:11+00:00\",\"breadcrumb\":{\"@id\":\"https:\\\/\\\/basicincomeday.org\\\/ubi\\\/svenska-1a-maj-basinkomstdagen-ubi\\\/#breadcrumb\"},\"inLanguage\":\"en-US\",\"potentialAction\":[{\"@type\":\"ReadAction\",\"target\":[\"https:\\\/\\\/basicincomeday.org\\\/ubi\\\/svenska-1a-maj-basinkomstdagen-ubi\\\/\"]}]},{\"@type\":\"ImageObject\",\"inLanguage\":\"en-US\",\"@id\":\"https:\\\/\\\/basicincomeday.org\\\/ubi\\\/svenska-1a-maj-basinkomstdagen-ubi\\\/#primaryimage\",\"url\":\"https:\\\/\\\/basicincomeday.org\\\/ubi\\\/wp-content\\\/uploads\\\/2015\\\/02\\\/SV-rot1.png\",\"contentUrl\":\"https:\\\/\\\/basicincomeday.org\\\/ubi\\\/wp-content\\\/uploads\\\/2015\\\/02\\\/SV-rot1.png\",\"width\":318,\"height\":302},{\"@type\":\"BreadcrumbList\",\"@id\":\"https:\\\/\\\/basicincomeday.org\\\/ubi\\\/svenska-1a-maj-basinkomstdagen-ubi\\\/#breadcrumb\",\"itemListElement\":[{\"@type\":\"ListItem\",\"position\":1,\"name\":\"Home\",\"item\":\"https:\\\/\\\/basicincomeday.org\\\/ubi\\\/\"},{\"@type\":\"ListItem\",\"position\":2,\"name\":\"Svenska &#8211; 1:a Maj Basinkomstdagen &#8211; #ubi\"}]},{\"@type\":\"WebSite\",\"@id\":\"https:\\\/\\\/basicincomeday.org\\\/ubi\\\/#website\",\"url\":\"https:\\\/\\\/basicincomeday.org\\\/ubi\\\/\",\"name\":\"Basic Income Day\",\"description\":\"Basic Income is a Human Right\",\"potentialAction\":[{\"@type\":\"SearchAction\",\"target\":{\"@type\":\"EntryPoint\",\"urlTemplate\":\"https:\\\/\\\/basicincomeday.org\\\/ubi\\\/?s={search_term_string}\"},\"query-input\":{\"@type\":\"PropertyValueSpecification\",\"valueRequired\":true,\"valueName\":\"search_term_string\"}}],\"inLanguage\":\"en-US\"}]}<\/script>\n<!-- \/ Yoast SEO plugin. -->","yoast_head_json":{"title":"Svenska - 1:a Maj Basinkomstdagen - #ubi - Basic Income Day","robots":{"index":"index","follow":"follow","max-snippet":"max-snippet:-1","max-image-preview":"max-image-preview:large","max-video-preview":"max-video-preview:-1"},"canonical":"https:\/\/basicincomeday.org\/ubi\/svenska-1a-maj-basinkomstdagen-ubi\/","og_locale":"en_US","og_type":"article","og_title":"Svenska - 1:a Maj Basinkomstdagen - #ubi - Basic Income Day","og_url":"https:\/\/basicincomeday.org\/ubi\/svenska-1a-maj-basinkomstdagen-ubi\/","og_site_name":"Basic Income Day","article_modified_time":"2015-04-07T12:45:11+00:00","og_image":[{"width":318,"height":302,"url":"https:\/\/basicincomeday.org\/ubi\/wp-content\/uploads\/2015\/02\/SV-rot1.png","type":"image\/png"}],"twitter_misc":{"Est. reading time":"3 minutes"},"schema":{"@context":"https:\/\/schema.org","@graph":[{"@type":"WebPage","@id":"https:\/\/basicincomeday.org\/ubi\/svenska-1a-maj-basinkomstdagen-ubi\/","url":"https:\/\/basicincomeday.org\/ubi\/svenska-1a-maj-basinkomstdagen-ubi\/","name":"Svenska - 1:a Maj Basinkomstdagen - #ubi - Basic Income Day","isPartOf":{"@id":"https:\/\/basicincomeday.org\/ubi\/#website"},"primaryImageOfPage":{"@id":"https:\/\/basicincomeday.org\/ubi\/svenska-1a-maj-basinkomstdagen-ubi\/#primaryimage"},"image":{"@id":"https:\/\/basicincomeday.org\/ubi\/svenska-1a-maj-basinkomstdagen-ubi\/#primaryimage"},"thumbnailUrl":"https:\/\/basicincomeday.org\/ubi\/wp-content\/uploads\/2015\/02\/SV-rot1.png","datePublished":"2015-04-02T16:41:18+00:00","dateModified":"2015-04-07T12:45:11+00:00","breadcrumb":{"@id":"https:\/\/basicincomeday.org\/ubi\/svenska-1a-maj-basinkomstdagen-ubi\/#breadcrumb"},"inLanguage":"en-US","potentialAction":[{"@type":"ReadAction","target":["https:\/\/basicincomeday.org\/ubi\/svenska-1a-maj-basinkomstdagen-ubi\/"]}]},{"@type":"ImageObject","inLanguage":"en-US","@id":"https:\/\/basicincomeday.org\/ubi\/svenska-1a-maj-basinkomstdagen-ubi\/#primaryimage","url":"https:\/\/basicincomeday.org\/ubi\/wp-content\/uploads\/2015\/02\/SV-rot1.png","contentUrl":"https:\/\/basicincomeday.org\/ubi\/wp-content\/uploads\/2015\/02\/SV-rot1.png","width":318,"height":302},{"@type":"BreadcrumbList","@id":"https:\/\/basicincomeday.org\/ubi\/svenska-1a-maj-basinkomstdagen-ubi\/#breadcrumb","itemListElement":[{"@type":"ListItem","position":1,"name":"Home","item":"https:\/\/basicincomeday.org\/ubi\/"},{"@type":"ListItem","position":2,"name":"Svenska &#8211; 1:a Maj Basinkomstdagen &#8211; #ubi"}]},{"@type":"WebSite","@id":"https:\/\/basicincomeday.org\/ubi\/#website","url":"https:\/\/basicincomeday.org\/ubi\/","name":"Basic Income Day","description":"Basic Income is a Human Right","potentialAction":[{"@type":"SearchAction","target":{"@type":"EntryPoint","urlTemplate":"https:\/\/basicincomeday.org\/ubi\/?s={search_term_string}"},"query-input":{"@type":"PropertyValueSpecification","valueRequired":true,"valueName":"search_term_string"}}],"inLanguage":"en-US"}]}},"_links":{"self":[{"href":"https:\/\/basicincomeday.org\/ubi\/wp-json\/wp\/v2\/pages\/308","targetHints":{"allow":["GET"]}}],"collection":[{"href":"https:\/\/basicincomeday.org\/ubi\/wp-json\/wp\/v2\/pages"}],"about":[{"href":"https:\/\/basicincomeday.org\/ubi\/wp-json\/wp\/v2\/types\/page"}],"author":[{"embeddable":true,"href":"https:\/\/basicincomeday.org\/ubi\/wp-json\/wp\/v2\/users\/1"}],"replies":[{"embeddable":true,"href":"https:\/\/basicincomeday.org\/ubi\/wp-json\/wp\/v2\/comments?post=308"}],"version-history":[{"count":4,"href":"https:\/\/basicincomeday.org\/ubi\/wp-json\/wp\/v2\/pages\/308\/revisions"}],"predecessor-version":[{"id":455,"href":"https:\/\/basicincomeday.org\/ubi\/wp-json\/wp\/v2\/pages\/308\/revisions\/455"}],"wp:featuredmedia":[{"embeddable":true,"href":"https:\/\/basicincomeday.org\/ubi\/wp-json\/wp\/v2\/media\/179"}],"wp:attachment":[{"href":"https:\/\/basicincomeday.org\/ubi\/wp-json\/wp\/v2\/media?parent=308"}],"curies":[{"name":"wp","href":"https:\/\/api.w.org\/{rel}","templated":true}]}}