{"id":292,"date":"2015-02-17T14:12:16","date_gmt":"2015-02-17T14:12:16","guid":{"rendered":"http:\/\/basicincomeday.org\/?page_id=292"},"modified":"2015-04-28T08:46:08","modified_gmt":"2015-04-28T08:46:08","slug":"suomi-1-toukokuuta-perustulopaiva-ubi","status":"publish","type":"page","link":"https:\/\/basicincomeday.org\/ubi\/suomi-1-toukokuuta-perustulopaiva-ubi\/","title":{"rendered":"Suomi &#8211; 1. toukokuuta &#8211; perustulop\u00e4iv\u00e4 &#8211; #ubi"},"content":{"rendered":"<div class='content-column one_third'><div style=\"padding-right:20px;\"><p>Vappup\u00e4iv\u00e4n vaatimuksissa ei pit\u00e4isi olla kyse uusista ty\u00f6paikoista tai korkeammista palkoista. Vapussa pit\u00e4isi olla kysymys tarpeettoman ty\u00f6voiman, ty\u00f6t\u00e4 vailla olevan ty\u00f6voiman, riistetyn ty\u00f6voiman vapauttamisesta. Vapun pit\u00e4isi olla ty\u00f6ajan lyhent\u00e4misen, vapaa-ajan lis\u00e4\u00e4misen ja markkinavoimien ulkouolella kasvavan vapauden juhla.<\/p>\n<p>Vapaita ty\u00f6markkinoita ei ole, jos kaikkien on periaatteessa pakko l\u00f6yt\u00e4\u00e4 t\u00f6it\u00e4 ehdoilla mill\u00e4 hyv\u00e4ns\u00e4. Perustulo on v\u00e4ltt\u00e4m\u00e4t\u00f6n edellytys, jotta ihmiset voivat valita osallistuvansa tai poistuvansa ty\u00f6markkinoilta ja siten saavuttaa taloudellisen vapauden aidosti.<\/p>\n<p>Vappuna juhlitaan ty\u00f6v\u00e4enliikkeen yhteiskunnallista panosta ja liikkeen taisteluita ja saavutuksia vuosien varrella. Siin\u00e4 miss\u00e4 liitot kerran voimauttivat ty\u00f6voiman ja antoivat meille 40-tuntisen ty\u00f6viikon ja 8 tunnin ty\u00f6p\u00e4iv\u00e4n, globalisaatio ja teknologiset edistysaskeleet ovat sy\u00f6neet liittojen vaikutusvaltaa muutoksissa. Kun ty\u00f6paikkojen automatisaatio jatkuu ja h\u00e4vitt\u00e4\u00e4 mahdollisesti jopa puolet nykyisist\u00e4 t\u00f6ist\u00e4 20 vuodessa, perustulo on mahdollisuus palauttaa ty\u00f6v\u00e4en voima yksil\u00f6lliselt\u00e4 pohjalta. Saavutettu uusi kyky sanoa &#8216;ei&#8217; ty\u00f6nantajille olisi kiist\u00e4t\u00f6n vaikutin voittojen reilumpaan jakamiseen parempina palkkoina, ty\u00f6oloina, etuuksine jne.<\/p>\n<p>Perustulon saavuttamisella saavutettaisiin uusi sopimus ty\u00f6antajan ja ty\u00f6ntekij\u00e4n v\u00e4lill\u00e4, mukaanlukien ty\u00f6ntekij\u00e4n voimaantuminen ryhtym\u00e4\u00e4n omaksi ty\u00f6nantajakseen. Se merkitsisi yritt\u00e4jyydelle uutta innovaatioiden aikakautta, jolloin kaikki olisivat vapaita tavoittelemaan haluamiaan p\u00e4\u00e4m\u00e4\u00e4ri\u00e4. T\u00e4ll\u00f6in kaikkea ty\u00f6t\u00e4, ei vain palkkaty\u00f6t\u00e4 kuten nyky\u00e4\u00e4n, arvostettaisiin sen yhteiskunnallisen lis\u00e4arvon ansiosta.<\/p>\n<p>Perustulossa on ty\u00f6v\u00e4enliikkeen tulevaisuus, se on politiikka, jota meid\u00e4n kaikkien tulisi ajaa 2000-luvulla.<\/p>\n<p>Auta perustuloliikett\u00e4 ja liity perustulop\u00e4iv\u00e4n <a href=\"http:\/\/www.reddit.com\/r\/BasicIncome\" target=\"_blank\">Redditiin <\/a>ja muuhun sosiaaliseen mediaan,<a href=\"http:\/\/perustulo.org\/\" target=\"_blank\"> liity Suomen perustuloverkostoon<\/a>, kokoa ehk\u00e4 jopa paikkakunnallesi oma verkoston paikallisryhm\u00e4, allekirjoita <a href=\"https:\/\/secure.avaaz.org\/en\/petition\/our_chance_to_end_poverty\/\" target=\"_blank\">Avaazissa <\/a>vetoomus, osallistu maailmanlaajuiseen yhteiskunnalliseen keskusteluun <a href=\"https:\/\/www.facebook.com\/groups\/bien.finland\/\" target=\"_blank\">sosiaalisessa mediassa<\/a> ja jokap\u00e4iv\u00e4isess\u00e4 el\u00e4m\u00e4ss\u00e4si, ja vappup\u00e4iv\u00e4n\u00e4 vaihda profiilikuvasi.<\/p>\n<p>Tule mukaan liikkeeseen luomaan tulojen <a href=\"https:\/\/www.facebook.com\/groups\/laborunionforBIG\/\" target=\"_blank\">perustaso kaikille<\/a>!<\/p>\n<p>#BasicIncomeNow<\/p>\n<p><a href=\"https:\/\/www.facebook.com\/events\/671798192883983\" target=\"_blank\">Tule mukaan perustulop\u00e4iv\u00e4\u00e4n<\/a>: valitse suosikkikuvakkeesi ja k\u00e4yt\u00e4 sit\u00e4 profiilikuvanasi.<br \/>\n2015 on jo viides vuosi, kun perustulop\u00e4iv\u00e4\u00e4 vietet\u00e4\u00e4n.<\/p>\n<p>Kuvakkeen suunnittelu: Oliver Der, 1. julkaisu: Sylvia Mair and Oliver Der 2011<\/p>\n<p>&nbsp;<\/p>\n<p>&nbsp;<\/p>\n<p>&nbsp;<\/p><\/div><\/div>\n<div class='content-column two_third last_column'><ul id=\"gallery_292_1\" class=\"loop_tile list-unstyled row\">\r\n\t    <li id=\"292_image_64\" class=\"col-xs-12 col-sm-4 col-md-4 loop_tile_item loop_tile_292_image_1_item fs-content-thumbnail\">\r\n\r\n        \t\t\t\t\t\r\n\t\t\t<div class=\"thumbnail\">\r\n        \t\t\t\t\t\r\n\t\t\t\t<a href='https:\/\/basicincomeday.org\/ubi\/fi-tu_rkis\/'><img loading=\"lazy\" decoding=\"async\" width=\"318\" height=\"302\" src=\"https:\/\/basicincomeday.org\/ubi\/wp-content\/uploads\/2015\/02\/FI-tu_rkis.png\" class=\"attachment-large size-large\" alt=\"\" srcset=\"https:\/\/basicincomeday.org\/ubi\/wp-content\/uploads\/2015\/02\/FI-tu_rkis.png 318w, https:\/\/basicincomeday.org\/ubi\/wp-content\/uploads\/2015\/02\/FI-tu_rkis-300x285.png 300w\" sizes=\"auto, (max-width: 318px) 100vw, 318px\" \/><\/a>            <\/div>\r\n    <\/li>\r\n    <li id=\"292_image_63\" class=\"col-xs-12 col-sm-2 col-md-2 loop_tile_item loop_tile_292_image_1_item fs-content-thumbnail\">\r\n\r\n        \t\t\t\t\t\r\n\t\t\t<div class=\"thumbnail\">\r\n        \t\t\t\t\t\r\n\t\t\t\t<a href='https:\/\/basicincomeday.org\/ubi\/fi-rot2\/'><img loading=\"lazy\" decoding=\"async\" width=\"318\" height=\"302\" src=\"https:\/\/basicincomeday.org\/ubi\/wp-content\/uploads\/2015\/02\/FI-rot2.png\" class=\"attachment-large size-large\" alt=\"\" srcset=\"https:\/\/basicincomeday.org\/ubi\/wp-content\/uploads\/2015\/02\/FI-rot2.png 318w, https:\/\/basicincomeday.org\/ubi\/wp-content\/uploads\/2015\/02\/FI-rot2-300x285.png 300w\" sizes=\"auto, (max-width: 318px) 100vw, 318px\" \/><\/a>            <\/div>\r\n    <\/li>\r\n    <li id=\"292_image_62\" class=\"col-xs-12 col-sm-2 col-md-2 loop_tile_item loop_tile_292_image_1_item fs-content-thumbnail\">\r\n\r\n        \t\t\t\t\t\r\n\t\t\t<div class=\"thumbnail\">\r\n        \t\t\t\t\t\r\n\t\t\t\t<a href='https:\/\/basicincomeday.org\/ubi\/fi-rot1\/'><img loading=\"lazy\" decoding=\"async\" width=\"318\" height=\"302\" src=\"https:\/\/basicincomeday.org\/ubi\/wp-content\/uploads\/2015\/02\/FI-rot1.png\" class=\"attachment-large size-large\" alt=\"\" srcset=\"https:\/\/basicincomeday.org\/ubi\/wp-content\/uploads\/2015\/02\/FI-rot1.png 318w, https:\/\/basicincomeday.org\/ubi\/wp-content\/uploads\/2015\/02\/FI-rot1-300x285.png 300w\" sizes=\"auto, (max-width: 318px) 100vw, 318px\" \/><\/a>            <\/div>\r\n    <\/li>\r\n    <li id=\"292_image_61\" class=\"col-xs-12 col-sm-2 col-md-2 loop_tile_item loop_tile_292_image_1_item fs-content-thumbnail\">\r\n\r\n        \t\t\t\t\t\r\n\t\t\t<div class=\"thumbnail\">\r\n        \t\t\t\t\t\r\n\t\t\t\t<a href='https:\/\/basicincomeday.org\/ubi\/fi-purpur-violett\/'><img loading=\"lazy\" decoding=\"async\" width=\"318\" height=\"302\" src=\"https:\/\/basicincomeday.org\/ubi\/wp-content\/uploads\/2015\/02\/FI-purpur-violett.png\" class=\"attachment-large size-large\" alt=\"\" srcset=\"https:\/\/basicincomeday.org\/ubi\/wp-content\/uploads\/2015\/02\/FI-purpur-violett.png 318w, https:\/\/basicincomeday.org\/ubi\/wp-content\/uploads\/2015\/02\/FI-purpur-violett-300x285.png 300w\" sizes=\"auto, (max-width: 318px) 100vw, 318px\" \/><\/a>            <\/div>\r\n    <\/li>\r\n    <li id=\"292_image_60\" class=\"col-xs-12 col-sm-2 col-md-2 loop_tile_item loop_tile_292_image_1_item fs-content-thumbnail\">\r\n\r\n        \t\t\t\t\t\r\n\t\t\t<div class=\"thumbnail\">\r\n        \t\t\t\t\t\r\n\t\t\t\t<a href='https:\/\/basicincomeday.org\/ubi\/fi-purpur\/'><img loading=\"lazy\" decoding=\"async\" width=\"318\" height=\"302\" src=\"https:\/\/basicincomeday.org\/ubi\/wp-content\/uploads\/2015\/02\/FI-purpur.png\" class=\"attachment-large size-large\" alt=\"\" srcset=\"https:\/\/basicincomeday.org\/ubi\/wp-content\/uploads\/2015\/02\/FI-purpur.png 318w, https:\/\/basicincomeday.org\/ubi\/wp-content\/uploads\/2015\/02\/FI-purpur-300x285.png 300w\" sizes=\"auto, (max-width: 318px) 100vw, 318px\" \/><\/a>            <\/div>\r\n    <\/li>\r\n    <li id=\"292_image_59\" class=\"col-xs-12 col-sm-4 col-md-4 loop_tile_item loop_tile_292_image_1_item fs-content-thumbnail\">\r\n\r\n        \t\t\t\t\t\r\n\t\t\t<div class=\"thumbnail\">\r\n        \t\t\t\t\t\r\n\t\t\t\t<a href='https:\/\/basicincomeday.org\/ubi\/fi-orange\/'><img loading=\"lazy\" decoding=\"async\" width=\"318\" height=\"302\" src=\"https:\/\/basicincomeday.org\/ubi\/wp-content\/uploads\/2015\/02\/FI-orange.png\" class=\"attachment-large size-large\" alt=\"\" srcset=\"https:\/\/basicincomeday.org\/ubi\/wp-content\/uploads\/2015\/02\/FI-orange.png 318w, https:\/\/basicincomeday.org\/ubi\/wp-content\/uploads\/2015\/02\/FI-orange-300x285.png 300w\" sizes=\"auto, (max-width: 318px) 100vw, 318px\" \/><\/a>            <\/div>\r\n    <\/li>\r\n    <li id=\"292_image_53\" class=\"col-xs-12 col-sm-2 col-md-2 loop_tile_item loop_tile_292_image_1_item fs-content-thumbnail\">\r\n\r\n        \t\t\t\t\t\r\n\t\t\t<div class=\"thumbnail\">\r\n        \t\t\t\t\t\r\n\t\t\t\t<a href='https:\/\/basicincomeday.org\/ubi\/fi-blau\/'><img loading=\"lazy\" decoding=\"async\" width=\"318\" height=\"302\" src=\"https:\/\/basicincomeday.org\/ubi\/wp-content\/uploads\/2015\/02\/FI-blau.png\" class=\"attachment-large size-large\" alt=\"\" srcset=\"https:\/\/basicincomeday.org\/ubi\/wp-content\/uploads\/2015\/02\/FI-blau.png 318w, https:\/\/basicincomeday.org\/ubi\/wp-content\/uploads\/2015\/02\/FI-blau-300x285.png 300w\" sizes=\"auto, (max-width: 318px) 100vw, 318px\" \/><\/a>            <\/div>\r\n    <\/li>\r\n    <li id=\"292_image_54\" class=\"col-xs-12 col-sm-2 col-md-2 loop_tile_item loop_tile_292_image_1_item fs-content-thumbnail\">\r\n\r\n        \t\t\t\t\t\r\n\t\t\t<div class=\"thumbnail\">\r\n        \t\t\t\t\t\r\n\t\t\t\t<a href='https:\/\/basicincomeday.org\/ubi\/fi-blau-dunkel\/'><img loading=\"lazy\" decoding=\"async\" width=\"318\" height=\"302\" src=\"https:\/\/basicincomeday.org\/ubi\/wp-content\/uploads\/2015\/02\/FI-blau-dunkel.png\" class=\"attachment-large size-large\" alt=\"\" srcset=\"https:\/\/basicincomeday.org\/ubi\/wp-content\/uploads\/2015\/02\/FI-blau-dunkel.png 318w, https:\/\/basicincomeday.org\/ubi\/wp-content\/uploads\/2015\/02\/FI-blau-dunkel-300x285.png 300w\" sizes=\"auto, (max-width: 318px) 100vw, 318px\" \/><\/a>            <\/div>\r\n    <\/li>\r\n    <li id=\"292_image_55\" class=\"col-xs-12 col-sm-2 col-md-2 loop_tile_item loop_tile_292_image_1_item fs-content-thumbnail\">\r\n\r\n        \t\t\t\t\t\r\n\t\t\t<div class=\"thumbnail\">\r\n        \t\t\t\t\t\r\n\t\t\t\t<a href='https:\/\/basicincomeday.org\/ubi\/fi-blauviolett\/'><img loading=\"lazy\" decoding=\"async\" width=\"318\" height=\"302\" src=\"https:\/\/basicincomeday.org\/ubi\/wp-content\/uploads\/2015\/02\/FI-blauviolett.png\" class=\"attachment-large size-large\" alt=\"\" srcset=\"https:\/\/basicincomeday.org\/ubi\/wp-content\/uploads\/2015\/02\/FI-blauviolett.png 318w, https:\/\/basicincomeday.org\/ubi\/wp-content\/uploads\/2015\/02\/FI-blauviolett-300x285.png 300w\" sizes=\"auto, (max-width: 318px) 100vw, 318px\" \/><\/a>            <\/div>\r\n    <\/li>\r\n    <li id=\"292_image_56\" class=\"col-xs-12 col-sm-2 col-md-2 loop_tile_item loop_tile_292_image_1_item fs-content-thumbnail\">\r\n\r\n        \t\t\t\t\t\r\n\t\t\t<div class=\"thumbnail\">\r\n        \t\t\t\t\t\r\n\t\t\t\t<a href='https:\/\/basicincomeday.org\/ubi\/fi-gru_n-dunkel\/'><img loading=\"lazy\" decoding=\"async\" width=\"318\" height=\"302\" src=\"https:\/\/basicincomeday.org\/ubi\/wp-content\/uploads\/2015\/02\/FI-gru_n-dunkel.png\" class=\"attachment-large size-large\" alt=\"\" srcset=\"https:\/\/basicincomeday.org\/ubi\/wp-content\/uploads\/2015\/02\/FI-gru_n-dunkel.png 318w, https:\/\/basicincomeday.org\/ubi\/wp-content\/uploads\/2015\/02\/FI-gru_n-dunkel-300x285.png 300w\" sizes=\"auto, (max-width: 318px) 100vw, 318px\" \/><\/a>            <\/div>\r\n    <\/li>\r\n    <li id=\"292_image_57\" class=\"col-xs-12 col-sm-4 col-md-4 loop_tile_item loop_tile_292_image_1_item fs-content-thumbnail\">\r\n\r\n        \t\t\t\t\t\r\n\t\t\t<div class=\"thumbnail\">\r\n        \t\t\t\t\t\r\n\t\t\t\t<a href='https:\/\/basicincomeday.org\/ubi\/fi-gru_n-hell\/'><img loading=\"lazy\" decoding=\"async\" width=\"318\" height=\"302\" src=\"https:\/\/basicincomeday.org\/ubi\/wp-content\/uploads\/2015\/02\/FI-gru_n-hell.png\" class=\"attachment-large size-large\" alt=\"\" srcset=\"https:\/\/basicincomeday.org\/ubi\/wp-content\/uploads\/2015\/02\/FI-gru_n-hell.png 318w, https:\/\/basicincomeday.org\/ubi\/wp-content\/uploads\/2015\/02\/FI-gru_n-hell-300x285.png 300w\" sizes=\"auto, (max-width: 318px) 100vw, 318px\" \/><\/a>            <\/div>\r\n    <\/li>\r\n    <li id=\"292_image_58\" class=\"col-xs-12 col-sm-2 col-md-2 loop_tile_item loop_tile_292_image_1_item fs-content-thumbnail\">\r\n\r\n        \t\t\t\t\t\r\n\t\t\t<div class=\"thumbnail\">\r\n        \t\t\t\t\t\r\n\t\t\t\t<a href='https:\/\/basicincomeday.org\/ubi\/fi-ocker\/'><img loading=\"lazy\" decoding=\"async\" width=\"318\" height=\"302\" src=\"https:\/\/basicincomeday.org\/ubi\/wp-content\/uploads\/2015\/02\/FI-ocker.png\" class=\"attachment-large size-large\" alt=\"\" srcset=\"https:\/\/basicincomeday.org\/ubi\/wp-content\/uploads\/2015\/02\/FI-ocker.png 318w, https:\/\/basicincomeday.org\/ubi\/wp-content\/uploads\/2015\/02\/FI-ocker-300x285.png 300w\" sizes=\"auto, (max-width: 318px) 100vw, 318px\" \/><\/a>            <\/div>\r\n    <\/li>\r\n\t\t\t\t<li class=\"loop-grid-sizer loop_tile_292_image_1_grid col-xs-12 col-sm-2 col-md-2\"><\/li>\r\n\t\t\t\t<\/ul>\r\n\t\t\t\t<\/div><div class='clear_column'><\/div>\n","protected":false},"excerpt":{"rendered":"","protected":false},"author":1,"featured_media":53,"parent":0,"menu_order":0,"comment_status":"closed","ping_status":"closed","template":"page-full-width.php","meta":{"footnotes":""},"class_list":["post-292","page","type-page","status-publish","has-post-thumbnail","hentry"],"yoast_head":"<!-- This site is optimized with the Yoast SEO plugin v27.3 - https:\/\/yoast.com\/product\/yoast-seo-wordpress\/ -->\n<title>Suomi - 1. toukokuuta - perustulop\u00e4iv\u00e4 - #ubi - Basic Income Day<\/title>\n<meta name=\"robots\" content=\"index, follow, max-snippet:-1, max-image-preview:large, max-video-preview:-1\" \/>\n<link rel=\"canonical\" href=\"https:\/\/basicincomeday.org\/ubi\/suomi-1-toukokuuta-perustulopaiva-ubi\/\" \/>\n<meta property=\"og:locale\" content=\"en_US\" \/>\n<meta property=\"og:type\" content=\"article\" \/>\n<meta property=\"og:title\" content=\"Suomi - 1. toukokuuta - perustulop\u00e4iv\u00e4 - #ubi - Basic Income Day\" \/>\n<meta property=\"og:description\" content=\"Vappup\u00e4iv\u00e4n vaatimuksissa ei pit\u00e4isi olla kyse uusista ty\u00f6paikoista tai korkeammista palkoista. Vapussa pit\u00e4isi olla kysymys tarpeettoman ty\u00f6voiman, ty\u00f6t\u00e4 vailla olevan ty\u00f6voiman, riistetyn ty\u00f6voiman vapauttamisesta. Vapun pit\u00e4isi olla ty\u00f6ajan lyhent\u00e4misen, vapaa-ajan lis\u00e4\u00e4misen ja markkinavoimien ulkouolella kasvavan vapauden juhla.\" \/>\n<meta property=\"og:url\" content=\"https:\/\/basicincomeday.org\/ubi\/suomi-1-toukokuuta-perustulopaiva-ubi\/\" \/>\n<meta property=\"og:site_name\" content=\"Basic Income Day\" \/>\n<meta property=\"article:modified_time\" content=\"2015-04-28T08:46:08+00:00\" \/>\n<meta property=\"og:image\" content=\"https:\/\/basicincomeday.org\/ubi\/wp-content\/uploads\/2015\/02\/FI-orange.png\" \/>\n\t<meta property=\"og:image:width\" content=\"318\" \/>\n\t<meta property=\"og:image:height\" content=\"302\" \/>\n\t<meta property=\"og:image:type\" content=\"image\/png\" \/>\n<meta name=\"twitter:label1\" content=\"Est. reading time\" \/>\n\t<meta name=\"twitter:data1\" content=\"2 minutes\" \/>\n<script type=\"application\/ld+json\" class=\"yoast-schema-graph\">{\"@context\":\"https:\\\/\\\/schema.org\",\"@graph\":[{\"@type\":\"WebPage\",\"@id\":\"https:\\\/\\\/basicincomeday.org\\\/ubi\\\/suomi-1-toukokuuta-perustulopaiva-ubi\\\/\",\"url\":\"https:\\\/\\\/basicincomeday.org\\\/ubi\\\/suomi-1-toukokuuta-perustulopaiva-ubi\\\/\",\"name\":\"Suomi - 1. toukokuuta - perustulop\u00e4iv\u00e4 - #ubi - Basic Income Day\",\"isPartOf\":{\"@id\":\"https:\\\/\\\/basicincomeday.org\\\/ubi\\\/#website\"},\"primaryImageOfPage\":{\"@id\":\"https:\\\/\\\/basicincomeday.org\\\/ubi\\\/suomi-1-toukokuuta-perustulopaiva-ubi\\\/#primaryimage\"},\"image\":{\"@id\":\"https:\\\/\\\/basicincomeday.org\\\/ubi\\\/suomi-1-toukokuuta-perustulopaiva-ubi\\\/#primaryimage\"},\"thumbnailUrl\":\"https:\\\/\\\/basicincomeday.org\\\/ubi\\\/wp-content\\\/uploads\\\/2015\\\/02\\\/FI-blau.png\",\"datePublished\":\"2015-02-17T14:12:16+00:00\",\"dateModified\":\"2015-04-28T08:46:08+00:00\",\"breadcrumb\":{\"@id\":\"https:\\\/\\\/basicincomeday.org\\\/ubi\\\/suomi-1-toukokuuta-perustulopaiva-ubi\\\/#breadcrumb\"},\"inLanguage\":\"en-US\",\"potentialAction\":[{\"@type\":\"ReadAction\",\"target\":[\"https:\\\/\\\/basicincomeday.org\\\/ubi\\\/suomi-1-toukokuuta-perustulopaiva-ubi\\\/\"]}]},{\"@type\":\"ImageObject\",\"inLanguage\":\"en-US\",\"@id\":\"https:\\\/\\\/basicincomeday.org\\\/ubi\\\/suomi-1-toukokuuta-perustulopaiva-ubi\\\/#primaryimage\",\"url\":\"https:\\\/\\\/basicincomeday.org\\\/ubi\\\/wp-content\\\/uploads\\\/2015\\\/02\\\/FI-blau.png\",\"contentUrl\":\"https:\\\/\\\/basicincomeday.org\\\/ubi\\\/wp-content\\\/uploads\\\/2015\\\/02\\\/FI-blau.png\",\"width\":318,\"height\":302},{\"@type\":\"BreadcrumbList\",\"@id\":\"https:\\\/\\\/basicincomeday.org\\\/ubi\\\/suomi-1-toukokuuta-perustulopaiva-ubi\\\/#breadcrumb\",\"itemListElement\":[{\"@type\":\"ListItem\",\"position\":1,\"name\":\"Home\",\"item\":\"https:\\\/\\\/basicincomeday.org\\\/ubi\\\/\"},{\"@type\":\"ListItem\",\"position\":2,\"name\":\"Suomi &#8211; 1. toukokuuta &#8211; perustulop\u00e4iv\u00e4 &#8211; #ubi\"}]},{\"@type\":\"WebSite\",\"@id\":\"https:\\\/\\\/basicincomeday.org\\\/ubi\\\/#website\",\"url\":\"https:\\\/\\\/basicincomeday.org\\\/ubi\\\/\",\"name\":\"Basic Income Day\",\"description\":\"Basic Income is a Human Right\",\"potentialAction\":[{\"@type\":\"SearchAction\",\"target\":{\"@type\":\"EntryPoint\",\"urlTemplate\":\"https:\\\/\\\/basicincomeday.org\\\/ubi\\\/?s={search_term_string}\"},\"query-input\":{\"@type\":\"PropertyValueSpecification\",\"valueRequired\":true,\"valueName\":\"search_term_string\"}}],\"inLanguage\":\"en-US\"}]}<\/script>\n<!-- \/ Yoast SEO plugin. -->","yoast_head_json":{"title":"Suomi - 1. toukokuuta - perustulop\u00e4iv\u00e4 - #ubi - Basic Income Day","robots":{"index":"index","follow":"follow","max-snippet":"max-snippet:-1","max-image-preview":"max-image-preview:large","max-video-preview":"max-video-preview:-1"},"canonical":"https:\/\/basicincomeday.org\/ubi\/suomi-1-toukokuuta-perustulopaiva-ubi\/","og_locale":"en_US","og_type":"article","og_title":"Suomi - 1. toukokuuta - perustulop\u00e4iv\u00e4 - #ubi - Basic Income Day","og_description":"Vappup\u00e4iv\u00e4n vaatimuksissa ei pit\u00e4isi olla kyse uusista ty\u00f6paikoista tai korkeammista palkoista. Vapussa pit\u00e4isi olla kysymys tarpeettoman ty\u00f6voiman, ty\u00f6t\u00e4 vailla olevan ty\u00f6voiman, riistetyn ty\u00f6voiman vapauttamisesta. Vapun pit\u00e4isi olla ty\u00f6ajan lyhent\u00e4misen, vapaa-ajan lis\u00e4\u00e4misen ja markkinavoimien ulkouolella kasvavan vapauden juhla.","og_url":"https:\/\/basicincomeday.org\/ubi\/suomi-1-toukokuuta-perustulopaiva-ubi\/","og_site_name":"Basic Income Day","article_modified_time":"2015-04-28T08:46:08+00:00","og_image":[{"width":318,"height":302,"url":"https:\/\/basicincomeday.org\/ubi\/wp-content\/uploads\/2015\/02\/FI-orange.png","type":"image\/png"}],"twitter_misc":{"Est. reading time":"2 minutes"},"schema":{"@context":"https:\/\/schema.org","@graph":[{"@type":"WebPage","@id":"https:\/\/basicincomeday.org\/ubi\/suomi-1-toukokuuta-perustulopaiva-ubi\/","url":"https:\/\/basicincomeday.org\/ubi\/suomi-1-toukokuuta-perustulopaiva-ubi\/","name":"Suomi - 1. toukokuuta - perustulop\u00e4iv\u00e4 - #ubi - Basic Income Day","isPartOf":{"@id":"https:\/\/basicincomeday.org\/ubi\/#website"},"primaryImageOfPage":{"@id":"https:\/\/basicincomeday.org\/ubi\/suomi-1-toukokuuta-perustulopaiva-ubi\/#primaryimage"},"image":{"@id":"https:\/\/basicincomeday.org\/ubi\/suomi-1-toukokuuta-perustulopaiva-ubi\/#primaryimage"},"thumbnailUrl":"https:\/\/basicincomeday.org\/ubi\/wp-content\/uploads\/2015\/02\/FI-blau.png","datePublished":"2015-02-17T14:12:16+00:00","dateModified":"2015-04-28T08:46:08+00:00","breadcrumb":{"@id":"https:\/\/basicincomeday.org\/ubi\/suomi-1-toukokuuta-perustulopaiva-ubi\/#breadcrumb"},"inLanguage":"en-US","potentialAction":[{"@type":"ReadAction","target":["https:\/\/basicincomeday.org\/ubi\/suomi-1-toukokuuta-perustulopaiva-ubi\/"]}]},{"@type":"ImageObject","inLanguage":"en-US","@id":"https:\/\/basicincomeday.org\/ubi\/suomi-1-toukokuuta-perustulopaiva-ubi\/#primaryimage","url":"https:\/\/basicincomeday.org\/ubi\/wp-content\/uploads\/2015\/02\/FI-blau.png","contentUrl":"https:\/\/basicincomeday.org\/ubi\/wp-content\/uploads\/2015\/02\/FI-blau.png","width":318,"height":302},{"@type":"BreadcrumbList","@id":"https:\/\/basicincomeday.org\/ubi\/suomi-1-toukokuuta-perustulopaiva-ubi\/#breadcrumb","itemListElement":[{"@type":"ListItem","position":1,"name":"Home","item":"https:\/\/basicincomeday.org\/ubi\/"},{"@type":"ListItem","position":2,"name":"Suomi &#8211; 1. toukokuuta &#8211; perustulop\u00e4iv\u00e4 &#8211; #ubi"}]},{"@type":"WebSite","@id":"https:\/\/basicincomeday.org\/ubi\/#website","url":"https:\/\/basicincomeday.org\/ubi\/","name":"Basic Income Day","description":"Basic Income is a Human Right","potentialAction":[{"@type":"SearchAction","target":{"@type":"EntryPoint","urlTemplate":"https:\/\/basicincomeday.org\/ubi\/?s={search_term_string}"},"query-input":{"@type":"PropertyValueSpecification","valueRequired":true,"valueName":"search_term_string"}}],"inLanguage":"en-US"}]}},"_links":{"self":[{"href":"https:\/\/basicincomeday.org\/ubi\/wp-json\/wp\/v2\/pages\/292","targetHints":{"allow":["GET"]}}],"collection":[{"href":"https:\/\/basicincomeday.org\/ubi\/wp-json\/wp\/v2\/pages"}],"about":[{"href":"https:\/\/basicincomeday.org\/ubi\/wp-json\/wp\/v2\/types\/page"}],"author":[{"embeddable":true,"href":"https:\/\/basicincomeday.org\/ubi\/wp-json\/wp\/v2\/users\/1"}],"replies":[{"embeddable":true,"href":"https:\/\/basicincomeday.org\/ubi\/wp-json\/wp\/v2\/comments?post=292"}],"version-history":[{"count":4,"href":"https:\/\/basicincomeday.org\/ubi\/wp-json\/wp\/v2\/pages\/292\/revisions"}],"predecessor-version":[{"id":510,"href":"https:\/\/basicincomeday.org\/ubi\/wp-json\/wp\/v2\/pages\/292\/revisions\/510"}],"wp:featuredmedia":[{"embeddable":true,"href":"https:\/\/basicincomeday.org\/ubi\/wp-json\/wp\/v2\/media\/53"}],"wp:attachment":[{"href":"https:\/\/basicincomeday.org\/ubi\/wp-json\/wp\/v2\/media?parent=292"}],"curies":[{"name":"wp","href":"https:\/\/api.w.org\/{rel}","templated":true}]}}