{"id":285,"date":"2015-02-17T13:53:26","date_gmt":"2015-02-17T13:53:26","guid":{"rendered":"http:\/\/basicincomeday.org\/?page_id=285"},"modified":"2019-04-21T08:37:38","modified_gmt":"2019-04-21T08:37:38","slug":"espanol-1-de-mayo-dia-de-la-renta-basica-rbe","status":"publish","type":"page","link":"https:\/\/basicincomeday.org\/ubi\/espanol-1-de-mayo-dia-de-la-renta-basica-rbe\/","title":{"rendered":"Espanol &#8211; 1* de Mayo &#8211; dia de la renta basica &#8211; #rbe"},"content":{"rendered":"<div class='content-column one_third'><div style=\"padding-right:20px;\"><p>El dia del trabajador no deber\u00eda estar enfocado en demandar \u2018m\u00e1s empleo\u2019 o mejores salarios. El dia del trabajador deber\u00eda ser una lucha por la emancipaci\u00f3n de las labores innecesarias, el trabajo no escogido por uno mismo, el trabajo explotador. Deber\u00edamos celebrar la reducci\u00f3n de las horas trabajadas, conseguir m\u00e1s tiempo de descanso, m\u00e1s libertad fuera de las fuerzas del mercado.<\/p>\n<p>No existe un libre mercado cuando cada individuo se encuentra irremediablemente forzado a encontrar cualquier trabajo. La Renta B\u00e1sica es la precondici\u00f3n necesaria que verdaderamente permite a la gente entrar o salir del mercado laboral, y por tanto, constituir una econom\u00eda libre.<\/p>\n<p>El 1 de Mayo es un d\u00eda para reconocer las contribuciones de los movimientos laboristas, sus luchas y logros a lo largo de los a\u00f1os. All\u00ed donde los sindicatos una vez empoderaron al trabajador consiguiendo la semana de 40 horas y la jornada de 8 horas, los avances tecnol\u00f3gicos y la globalizaci\u00f3n han erosionado la habilidad de los sindicatos de seguir generando cambios. Puesto que la automatizaci\u00f3n de los empleos y labores humanas contin\u00faan avisando sobre la posibilidad de eliminar la mitad de los trabajos en los pr\u00f3ximos 20 a\u00f1os, la renta b\u00e1sica incondicional representa el empoderamiento del trabajador de forma individual. Una habilidad reci\u00e9n adquirida para decir &#8220;No&#8221; a los empleadores, tendr\u00eda un efecto innegable en el reparto de beneficios a trav\u00e9s de mejores salarios, condiciones de trabajo, beneficios, etc.<\/p>\n<p>El logro de la renta b\u00e1sica ser\u00eda el de un nuevo contrato entre el empleador y el empleado, as\u00ed como el empoderamiento de cada individuo para poner en marcha sus propios proyectos. Esto significa una nueva era de la innovaci\u00f3n y esp\u00edritu empresarial, donde todos somos libres de perseguir las metas que deseamos llevar a cabo, y todo trabajo es reconocido por su valor para la sociedad, y no solo aquellos empleos remunerados como ocurre ahora.<\/p>\n<p>La renta b\u00e1sica es el futuro cercano del movimiento sindical, y la medida por la que debemos luchar todos y todas en este siglo XXI.<\/p>\n<p>To help the movement for basic income, join the growing community on <a href=\"http:\/\/www.reddit.com\/r\/BasicIncome\" target=\"_blank\" rel=\"noopener noreferrer\">Reddit<\/a>, seek out your national chapter, or even organize your <a href=\"http:\/\/www.meetup.com\/BasicIncome\/\" target=\"_blank\" rel=\"noopener noreferrer\">local basic income group<\/a>, sign the <a href=\"https:\/\/secure.avaaz.org\/en\/petition\/our_chance_to_end_poverty\/\" target=\"_blank\" rel=\"noopener noreferrer\">Avaaz <\/a>petition, become active in the <a href=\"http:\/\/basicincome-europe.org\/\" target=\"_blank\" rel=\"noopener noreferrer\">global conversation<\/a> through social media and in everyday <a href=\"http:\/\/twitter.com\/basicincomeEU\" target=\"_blank\" rel=\"noopener noreferrer\">social interactions<\/a>, and on May 1st update your profile pics.<\/p>\n<p>Join the movement to <a href=\"https:\/\/decorrespondent.nl\/541\/why-we-should-give-free-money-to-everyone\/35246939860-ec3a6c3e\" target=\"_blank\" rel=\"noopener noreferrer\">create an income floor for everyone<\/a>.<br \/>\nContact your labour union to join basic income \u00a0<a href=\"https:\/\/www.facebook.com\/groups\/laborunionforBIG\/\" target=\"_blank\" rel=\"noopener noreferrer\">laborunionforBIG<\/a><\/p>\n<p>#BasicIncomeNow<\/p>\n<p><a href=\"https:\/\/www.facebook.com\/events\/671798192883983\" target=\"_blank\" rel=\"noopener noreferrer\">Join the event<\/a>, choose your favourite and use it as your profile pic.<br \/>\n2015 is already the 5th year that this action takes place.<\/p>\n<p>Icon design by Oliver Der, first published 2011 by Sylvia Mair and Oliver Der<\/p><\/div><\/div>\n<div class='content-column two_third last_column'><ul id=\"gallery_285_1\" class=\"loop_tile list-unstyled row\">\r\n\t    <li id=\"285_image_52\" class=\"col-xs-12 col-sm-4 col-md-4 loop_tile_item loop_tile_285_image_1_item fs-content-thumbnail\">\r\n\r\n        \t\t\t\t\t\r\n\t\t\t<div class=\"thumbnail\">\r\n        \t\t\t\t\t\r\n\t\t\t\t<a href='https:\/\/basicincomeday.org\/ubi\/es-tu_rkis\/'><img loading=\"lazy\" decoding=\"async\" width=\"318\" height=\"302\" src=\"https:\/\/basicincomeday.org\/ubi\/wp-content\/uploads\/2015\/02\/ES-tu_rkis.png\" class=\"attachment-large size-large\" alt=\"\" srcset=\"https:\/\/basicincomeday.org\/ubi\/wp-content\/uploads\/2015\/02\/ES-tu_rkis.png 318w, https:\/\/basicincomeday.org\/ubi\/wp-content\/uploads\/2015\/02\/ES-tu_rkis-300x285.png 300w\" sizes=\"auto, (max-width: 318px) 100vw, 318px\" \/><\/a>            <\/div>\r\n    <\/li>\r\n    <li id=\"285_image_51\" class=\"col-xs-12 col-sm-2 col-md-2 loop_tile_item loop_tile_285_image_1_item fs-content-thumbnail\">\r\n\r\n        \t\t\t\t\t\r\n\t\t\t<div class=\"thumbnail\">\r\n        \t\t\t\t\t\r\n\t\t\t\t<a href='https:\/\/basicincomeday.org\/ubi\/es-rot2\/'><img loading=\"lazy\" decoding=\"async\" width=\"318\" height=\"302\" src=\"https:\/\/basicincomeday.org\/ubi\/wp-content\/uploads\/2015\/02\/ES-rot2.png\" class=\"attachment-large size-large\" alt=\"\" srcset=\"https:\/\/basicincomeday.org\/ubi\/wp-content\/uploads\/2015\/02\/ES-rot2.png 318w, https:\/\/basicincomeday.org\/ubi\/wp-content\/uploads\/2015\/02\/ES-rot2-300x285.png 300w\" sizes=\"auto, (max-width: 318px) 100vw, 318px\" \/><\/a>            <\/div>\r\n    <\/li>\r\n    <li id=\"285_image_50\" class=\"col-xs-12 col-sm-2 col-md-2 loop_tile_item loop_tile_285_image_1_item fs-content-thumbnail\">\r\n\r\n        \t\t\t\t\t\r\n\t\t\t<div class=\"thumbnail\">\r\n        \t\t\t\t\t\r\n\t\t\t\t<a href='https:\/\/basicincomeday.org\/ubi\/es-rot1\/'><img loading=\"lazy\" decoding=\"async\" width=\"318\" height=\"302\" src=\"https:\/\/basicincomeday.org\/ubi\/wp-content\/uploads\/2015\/02\/ES-rot1.png\" class=\"attachment-large size-large\" alt=\"\" srcset=\"https:\/\/basicincomeday.org\/ubi\/wp-content\/uploads\/2015\/02\/ES-rot1.png 318w, https:\/\/basicincomeday.org\/ubi\/wp-content\/uploads\/2015\/02\/ES-rot1-300x285.png 300w\" sizes=\"auto, (max-width: 318px) 100vw, 318px\" \/><\/a>            <\/div>\r\n    <\/li>\r\n    <li id=\"285_image_49\" class=\"col-xs-12 col-sm-2 col-md-2 loop_tile_item loop_tile_285_image_1_item fs-content-thumbnail\">\r\n\r\n        \t\t\t\t\t\r\n\t\t\t<div class=\"thumbnail\">\r\n        \t\t\t\t\t\r\n\t\t\t\t<a href='https:\/\/basicincomeday.org\/ubi\/es-purpur-violett\/'><img loading=\"lazy\" decoding=\"async\" width=\"318\" height=\"302\" src=\"https:\/\/basicincomeday.org\/ubi\/wp-content\/uploads\/2015\/02\/ES-purpur-violett.png\" class=\"attachment-large size-large\" alt=\"\" srcset=\"https:\/\/basicincomeday.org\/ubi\/wp-content\/uploads\/2015\/02\/ES-purpur-violett.png 318w, https:\/\/basicincomeday.org\/ubi\/wp-content\/uploads\/2015\/02\/ES-purpur-violett-300x285.png 300w\" sizes=\"auto, (max-width: 318px) 100vw, 318px\" \/><\/a>            <\/div>\r\n    <\/li>\r\n    <li id=\"285_image_48\" class=\"col-xs-12 col-sm-2 col-md-2 loop_tile_item loop_tile_285_image_1_item fs-content-thumbnail\">\r\n\r\n        \t\t\t\t\t\r\n\t\t\t<div class=\"thumbnail\">\r\n        \t\t\t\t\t\r\n\t\t\t\t<a href='https:\/\/basicincomeday.org\/ubi\/es-purpur\/'><img loading=\"lazy\" decoding=\"async\" width=\"318\" height=\"302\" src=\"https:\/\/basicincomeday.org\/ubi\/wp-content\/uploads\/2015\/02\/ES-purpur.png\" class=\"attachment-large size-large\" alt=\"\" srcset=\"https:\/\/basicincomeday.org\/ubi\/wp-content\/uploads\/2015\/02\/ES-purpur.png 318w, https:\/\/basicincomeday.org\/ubi\/wp-content\/uploads\/2015\/02\/ES-purpur-300x285.png 300w\" sizes=\"auto, (max-width: 318px) 100vw, 318px\" \/><\/a>            <\/div>\r\n    <\/li>\r\n    <li id=\"285_image_47\" class=\"col-xs-12 col-sm-4 col-md-4 loop_tile_item loop_tile_285_image_1_item fs-content-thumbnail\">\r\n\r\n        \t\t\t\t\t\r\n\t\t\t<div class=\"thumbnail\">\r\n        \t\t\t\t\t\r\n\t\t\t\t<a href='https:\/\/basicincomeday.org\/ubi\/es-orange\/'><img loading=\"lazy\" decoding=\"async\" width=\"318\" height=\"302\" src=\"https:\/\/basicincomeday.org\/ubi\/wp-content\/uploads\/2015\/02\/ES-orange.png\" class=\"attachment-large size-large\" alt=\"\" srcset=\"https:\/\/basicincomeday.org\/ubi\/wp-content\/uploads\/2015\/02\/ES-orange.png 318w, https:\/\/basicincomeday.org\/ubi\/wp-content\/uploads\/2015\/02\/ES-orange-300x285.png 300w\" sizes=\"auto, (max-width: 318px) 100vw, 318px\" \/><\/a>            <\/div>\r\n    <\/li>\r\n    <li id=\"285_image_41\" class=\"col-xs-12 col-sm-2 col-md-2 loop_tile_item loop_tile_285_image_1_item fs-content-thumbnail\">\r\n\r\n        \t\t\t\t\t\r\n\t\t\t<div class=\"thumbnail\">\r\n        \t\t\t\t\t\r\n\t\t\t\t<a href='https:\/\/basicincomeday.org\/ubi\/es-blau\/'><img loading=\"lazy\" decoding=\"async\" width=\"318\" height=\"302\" src=\"https:\/\/basicincomeday.org\/ubi\/wp-content\/uploads\/2015\/02\/ES-blau.png\" class=\"attachment-large size-large\" alt=\"\" srcset=\"https:\/\/basicincomeday.org\/ubi\/wp-content\/uploads\/2015\/02\/ES-blau.png 318w, https:\/\/basicincomeday.org\/ubi\/wp-content\/uploads\/2015\/02\/ES-blau-300x285.png 300w\" sizes=\"auto, (max-width: 318px) 100vw, 318px\" \/><\/a>            <\/div>\r\n    <\/li>\r\n    <li id=\"285_image_42\" class=\"col-xs-12 col-sm-2 col-md-2 loop_tile_item loop_tile_285_image_1_item fs-content-thumbnail\">\r\n\r\n        \t\t\t\t\t\r\n\t\t\t<div class=\"thumbnail\">\r\n        \t\t\t\t\t\r\n\t\t\t\t<a href='https:\/\/basicincomeday.org\/ubi\/es-blau-dunkel\/'><img loading=\"lazy\" decoding=\"async\" width=\"318\" height=\"302\" src=\"https:\/\/basicincomeday.org\/ubi\/wp-content\/uploads\/2015\/02\/ES-blau-dunkel.png\" class=\"attachment-large size-large\" alt=\"\" srcset=\"https:\/\/basicincomeday.org\/ubi\/wp-content\/uploads\/2015\/02\/ES-blau-dunkel.png 318w, https:\/\/basicincomeday.org\/ubi\/wp-content\/uploads\/2015\/02\/ES-blau-dunkel-300x285.png 300w\" sizes=\"auto, (max-width: 318px) 100vw, 318px\" \/><\/a>            <\/div>\r\n    <\/li>\r\n    <li id=\"285_image_43\" class=\"col-xs-12 col-sm-2 col-md-2 loop_tile_item loop_tile_285_image_1_item fs-content-thumbnail\">\r\n\r\n        \t\t\t\t\t\r\n\t\t\t<div class=\"thumbnail\">\r\n        \t\t\t\t\t\r\n\t\t\t\t<a href='https:\/\/basicincomeday.org\/ubi\/es-blauviolett\/'><img loading=\"lazy\" decoding=\"async\" width=\"318\" height=\"302\" src=\"https:\/\/basicincomeday.org\/ubi\/wp-content\/uploads\/2015\/02\/ES-blauviolett.png\" class=\"attachment-large size-large\" alt=\"\" srcset=\"https:\/\/basicincomeday.org\/ubi\/wp-content\/uploads\/2015\/02\/ES-blauviolett.png 318w, https:\/\/basicincomeday.org\/ubi\/wp-content\/uploads\/2015\/02\/ES-blauviolett-300x285.png 300w\" sizes=\"auto, (max-width: 318px) 100vw, 318px\" \/><\/a>            <\/div>\r\n    <\/li>\r\n    <li id=\"285_image_44\" class=\"col-xs-12 col-sm-2 col-md-2 loop_tile_item loop_tile_285_image_1_item fs-content-thumbnail\">\r\n\r\n        \t\t\t\t\t\r\n\t\t\t<div class=\"thumbnail\">\r\n        \t\t\t\t\t\r\n\t\t\t\t<a href='https:\/\/basicincomeday.org\/ubi\/es-gru_n-dunkel\/'><img loading=\"lazy\" decoding=\"async\" width=\"318\" height=\"302\" src=\"https:\/\/basicincomeday.org\/ubi\/wp-content\/uploads\/2015\/02\/ES-gru_n-dunkel.png\" class=\"attachment-large size-large\" alt=\"\" srcset=\"https:\/\/basicincomeday.org\/ubi\/wp-content\/uploads\/2015\/02\/ES-gru_n-dunkel.png 318w, https:\/\/basicincomeday.org\/ubi\/wp-content\/uploads\/2015\/02\/ES-gru_n-dunkel-300x285.png 300w\" sizes=\"auto, (max-width: 318px) 100vw, 318px\" \/><\/a>            <\/div>\r\n    <\/li>\r\n    <li id=\"285_image_45\" class=\"col-xs-12 col-sm-4 col-md-4 loop_tile_item loop_tile_285_image_1_item fs-content-thumbnail\">\r\n\r\n        \t\t\t\t\t\r\n\t\t\t<div class=\"thumbnail\">\r\n        \t\t\t\t\t\r\n\t\t\t\t<a href='https:\/\/basicincomeday.org\/ubi\/es-gru_n-hell\/'><img loading=\"lazy\" decoding=\"async\" width=\"318\" height=\"302\" src=\"https:\/\/basicincomeday.org\/ubi\/wp-content\/uploads\/2015\/02\/ES-gru_n-hell.png\" class=\"attachment-large size-large\" alt=\"\" srcset=\"https:\/\/basicincomeday.org\/ubi\/wp-content\/uploads\/2015\/02\/ES-gru_n-hell.png 318w, https:\/\/basicincomeday.org\/ubi\/wp-content\/uploads\/2015\/02\/ES-gru_n-hell-300x285.png 300w\" sizes=\"auto, (max-width: 318px) 100vw, 318px\" \/><\/a>            <\/div>\r\n    <\/li>\r\n    <li id=\"285_image_46\" class=\"col-xs-12 col-sm-2 col-md-2 loop_tile_item loop_tile_285_image_1_item fs-content-thumbnail\">\r\n\r\n        \t\t\t\t\t\r\n\t\t\t<div class=\"thumbnail\">\r\n        \t\t\t\t\t\r\n\t\t\t\t<a href='https:\/\/basicincomeday.org\/ubi\/es-ocker\/'><img loading=\"lazy\" decoding=\"async\" width=\"318\" height=\"302\" src=\"https:\/\/basicincomeday.org\/ubi\/wp-content\/uploads\/2015\/02\/ES-ocker.png\" class=\"attachment-large size-large\" alt=\"\" srcset=\"https:\/\/basicincomeday.org\/ubi\/wp-content\/uploads\/2015\/02\/ES-ocker.png 318w, https:\/\/basicincomeday.org\/ubi\/wp-content\/uploads\/2015\/02\/ES-ocker-300x285.png 300w\" sizes=\"auto, (max-width: 318px) 100vw, 318px\" \/><\/a>            <\/div>\r\n    <\/li>\r\n\t\t\t\t<li class=\"loop-grid-sizer loop_tile_285_image_1_grid col-xs-12 col-sm-2 col-md-2\"><\/li>\r\n\t\t\t\t<\/ul>\r\n\t\t\t\t\n<p>&nbsp;<\/p><\/div><div class='clear_column'><\/div>\n","protected":false},"excerpt":{"rendered":"","protected":false},"author":1,"featured_media":44,"parent":0,"menu_order":0,"comment_status":"closed","ping_status":"closed","template":"page-full-width.php","meta":{"footnotes":""},"class_list":["post-285","page","type-page","status-publish","has-post-thumbnail","hentry"],"yoast_head":"<!-- This site is optimized with the Yoast SEO plugin v27.6 - https:\/\/yoast.com\/product\/yoast-seo-wordpress\/ -->\n<title>Espanol - 1* de Mayo - dia de la renta basica - #rbe - Basic Income Day<\/title>\n<meta name=\"robots\" content=\"index, follow, max-snippet:-1, max-image-preview:large, max-video-preview:-1\" \/>\n<link rel=\"canonical\" href=\"https:\/\/basicincomeday.org\/ubi\/espanol-1-de-mayo-dia-de-la-renta-basica-rbe\/\" \/>\n<meta property=\"og:locale\" content=\"en_US\" \/>\n<meta property=\"og:type\" content=\"article\" \/>\n<meta property=\"og:title\" content=\"Espanol - 1* de Mayo - dia de la renta basica - #rbe - Basic Income Day\" \/>\n<meta property=\"og:description\" content=\"El dia del trabajador no deber\u00eda estar enfocado en demandar \u2018m\u00e1s empleo\u2019 o mejores salarios. El dia del trabajador deber\u00eda ser una lucha por la emancipaci\u00f3n de las labores innecesarias, el trabajo no escogido por uno mismo, el trabajo explotador. Deber\u00edamos celebrar la reducci\u00f3n de las horas trabajadas, conseguir m\u00e1s tiempo de descanso, m\u00e1s libertad fuera de las fuerzas del mercado.\" \/>\n<meta property=\"og:url\" content=\"https:\/\/basicincomeday.org\/ubi\/espanol-1-de-mayo-dia-de-la-renta-basica-rbe\/\" \/>\n<meta property=\"og:site_name\" content=\"Basic Income Day\" \/>\n<meta property=\"article:modified_time\" content=\"2019-04-21T08:37:38+00:00\" \/>\n<meta property=\"og:image\" content=\"https:\/\/basicincomeday.org\/ubi\/wp-content\/uploads\/2015\/02\/ES-rot2.png\" \/>\n\t<meta property=\"og:image:width\" content=\"318\" \/>\n\t<meta property=\"og:image:height\" content=\"302\" \/>\n\t<meta property=\"og:image:type\" content=\"image\/png\" \/>\n<meta name=\"twitter:label1\" content=\"Est. reading time\" \/>\n\t<meta name=\"twitter:data1\" content=\"2 minutes\" \/>\n<script type=\"application\/ld+json\" class=\"yoast-schema-graph\">{\"@context\":\"https:\\\/\\\/schema.org\",\"@graph\":[{\"@type\":\"WebPage\",\"@id\":\"https:\\\/\\\/basicincomeday.org\\\/ubi\\\/espanol-1-de-mayo-dia-de-la-renta-basica-rbe\\\/\",\"url\":\"https:\\\/\\\/basicincomeday.org\\\/ubi\\\/espanol-1-de-mayo-dia-de-la-renta-basica-rbe\\\/\",\"name\":\"Espanol - 1* de Mayo - dia de la renta basica - #rbe - Basic Income Day\",\"isPartOf\":{\"@id\":\"https:\\\/\\\/basicincomeday.org\\\/ubi\\\/#website\"},\"primaryImageOfPage\":{\"@id\":\"https:\\\/\\\/basicincomeday.org\\\/ubi\\\/espanol-1-de-mayo-dia-de-la-renta-basica-rbe\\\/#primaryimage\"},\"image\":{\"@id\":\"https:\\\/\\\/basicincomeday.org\\\/ubi\\\/espanol-1-de-mayo-dia-de-la-renta-basica-rbe\\\/#primaryimage\"},\"thumbnailUrl\":\"https:\\\/\\\/basicincomeday.org\\\/ubi\\\/wp-content\\\/uploads\\\/2015\\\/02\\\/ES-gru_n-dunkel.png\",\"datePublished\":\"2015-02-17T13:53:26+00:00\",\"dateModified\":\"2019-04-21T08:37:38+00:00\",\"breadcrumb\":{\"@id\":\"https:\\\/\\\/basicincomeday.org\\\/ubi\\\/espanol-1-de-mayo-dia-de-la-renta-basica-rbe\\\/#breadcrumb\"},\"inLanguage\":\"en-US\",\"potentialAction\":[{\"@type\":\"ReadAction\",\"target\":[\"https:\\\/\\\/basicincomeday.org\\\/ubi\\\/espanol-1-de-mayo-dia-de-la-renta-basica-rbe\\\/\"]}]},{\"@type\":\"ImageObject\",\"inLanguage\":\"en-US\",\"@id\":\"https:\\\/\\\/basicincomeday.org\\\/ubi\\\/espanol-1-de-mayo-dia-de-la-renta-basica-rbe\\\/#primaryimage\",\"url\":\"https:\\\/\\\/basicincomeday.org\\\/ubi\\\/wp-content\\\/uploads\\\/2015\\\/02\\\/ES-gru_n-dunkel.png\",\"contentUrl\":\"https:\\\/\\\/basicincomeday.org\\\/ubi\\\/wp-content\\\/uploads\\\/2015\\\/02\\\/ES-gru_n-dunkel.png\",\"width\":318,\"height\":302},{\"@type\":\"BreadcrumbList\",\"@id\":\"https:\\\/\\\/basicincomeday.org\\\/ubi\\\/espanol-1-de-mayo-dia-de-la-renta-basica-rbe\\\/#breadcrumb\",\"itemListElement\":[{\"@type\":\"ListItem\",\"position\":1,\"name\":\"Home\",\"item\":\"https:\\\/\\\/basicincomeday.org\\\/ubi\\\/\"},{\"@type\":\"ListItem\",\"position\":2,\"name\":\"Espanol &#8211; 1* de Mayo &#8211; dia de la renta basica &#8211; #rbe\"}]},{\"@type\":\"WebSite\",\"@id\":\"https:\\\/\\\/basicincomeday.org\\\/ubi\\\/#website\",\"url\":\"https:\\\/\\\/basicincomeday.org\\\/ubi\\\/\",\"name\":\"Basic Income Day\",\"description\":\"Basic Income is a Human Right\",\"potentialAction\":[{\"@type\":\"SearchAction\",\"target\":{\"@type\":\"EntryPoint\",\"urlTemplate\":\"https:\\\/\\\/basicincomeday.org\\\/ubi\\\/?s={search_term_string}\"},\"query-input\":{\"@type\":\"PropertyValueSpecification\",\"valueRequired\":true,\"valueName\":\"search_term_string\"}}],\"inLanguage\":\"en-US\"}]}<\/script>\n<!-- \/ Yoast SEO plugin. -->","yoast_head_json":{"title":"Espanol - 1* de Mayo - dia de la renta basica - #rbe - Basic Income Day","robots":{"index":"index","follow":"follow","max-snippet":"max-snippet:-1","max-image-preview":"max-image-preview:large","max-video-preview":"max-video-preview:-1"},"canonical":"https:\/\/basicincomeday.org\/ubi\/espanol-1-de-mayo-dia-de-la-renta-basica-rbe\/","og_locale":"en_US","og_type":"article","og_title":"Espanol - 1* de Mayo - dia de la renta basica - #rbe - Basic Income Day","og_description":"El dia del trabajador no deber\u00eda estar enfocado en demandar \u2018m\u00e1s empleo\u2019 o mejores salarios. El dia del trabajador deber\u00eda ser una lucha por la emancipaci\u00f3n de las labores innecesarias, el trabajo no escogido por uno mismo, el trabajo explotador. Deber\u00edamos celebrar la reducci\u00f3n de las horas trabajadas, conseguir m\u00e1s tiempo de descanso, m\u00e1s libertad fuera de las fuerzas del mercado.","og_url":"https:\/\/basicincomeday.org\/ubi\/espanol-1-de-mayo-dia-de-la-renta-basica-rbe\/","og_site_name":"Basic Income Day","article_modified_time":"2019-04-21T08:37:38+00:00","og_image":[{"width":318,"height":302,"url":"https:\/\/basicincomeday.org\/ubi\/wp-content\/uploads\/2015\/02\/ES-rot2.png","type":"image\/png"}],"twitter_misc":{"Est. reading time":"2 minutes"},"schema":{"@context":"https:\/\/schema.org","@graph":[{"@type":"WebPage","@id":"https:\/\/basicincomeday.org\/ubi\/espanol-1-de-mayo-dia-de-la-renta-basica-rbe\/","url":"https:\/\/basicincomeday.org\/ubi\/espanol-1-de-mayo-dia-de-la-renta-basica-rbe\/","name":"Espanol - 1* de Mayo - dia de la renta basica - #rbe - Basic Income Day","isPartOf":{"@id":"https:\/\/basicincomeday.org\/ubi\/#website"},"primaryImageOfPage":{"@id":"https:\/\/basicincomeday.org\/ubi\/espanol-1-de-mayo-dia-de-la-renta-basica-rbe\/#primaryimage"},"image":{"@id":"https:\/\/basicincomeday.org\/ubi\/espanol-1-de-mayo-dia-de-la-renta-basica-rbe\/#primaryimage"},"thumbnailUrl":"https:\/\/basicincomeday.org\/ubi\/wp-content\/uploads\/2015\/02\/ES-gru_n-dunkel.png","datePublished":"2015-02-17T13:53:26+00:00","dateModified":"2019-04-21T08:37:38+00:00","breadcrumb":{"@id":"https:\/\/basicincomeday.org\/ubi\/espanol-1-de-mayo-dia-de-la-renta-basica-rbe\/#breadcrumb"},"inLanguage":"en-US","potentialAction":[{"@type":"ReadAction","target":["https:\/\/basicincomeday.org\/ubi\/espanol-1-de-mayo-dia-de-la-renta-basica-rbe\/"]}]},{"@type":"ImageObject","inLanguage":"en-US","@id":"https:\/\/basicincomeday.org\/ubi\/espanol-1-de-mayo-dia-de-la-renta-basica-rbe\/#primaryimage","url":"https:\/\/basicincomeday.org\/ubi\/wp-content\/uploads\/2015\/02\/ES-gru_n-dunkel.png","contentUrl":"https:\/\/basicincomeday.org\/ubi\/wp-content\/uploads\/2015\/02\/ES-gru_n-dunkel.png","width":318,"height":302},{"@type":"BreadcrumbList","@id":"https:\/\/basicincomeday.org\/ubi\/espanol-1-de-mayo-dia-de-la-renta-basica-rbe\/#breadcrumb","itemListElement":[{"@type":"ListItem","position":1,"name":"Home","item":"https:\/\/basicincomeday.org\/ubi\/"},{"@type":"ListItem","position":2,"name":"Espanol &#8211; 1* de Mayo &#8211; dia de la renta basica &#8211; #rbe"}]},{"@type":"WebSite","@id":"https:\/\/basicincomeday.org\/ubi\/#website","url":"https:\/\/basicincomeday.org\/ubi\/","name":"Basic Income Day","description":"Basic Income is a Human Right","potentialAction":[{"@type":"SearchAction","target":{"@type":"EntryPoint","urlTemplate":"https:\/\/basicincomeday.org\/ubi\/?s={search_term_string}"},"query-input":{"@type":"PropertyValueSpecification","valueRequired":true,"valueName":"search_term_string"}}],"inLanguage":"en-US"}]}},"_links":{"self":[{"href":"https:\/\/basicincomeday.org\/ubi\/wp-json\/wp\/v2\/pages\/285","targetHints":{"allow":["GET"]}}],"collection":[{"href":"https:\/\/basicincomeday.org\/ubi\/wp-json\/wp\/v2\/pages"}],"about":[{"href":"https:\/\/basicincomeday.org\/ubi\/wp-json\/wp\/v2\/types\/page"}],"author":[{"embeddable":true,"href":"https:\/\/basicincomeday.org\/ubi\/wp-json\/wp\/v2\/users\/1"}],"replies":[{"embeddable":true,"href":"https:\/\/basicincomeday.org\/ubi\/wp-json\/wp\/v2\/comments?post=285"}],"version-history":[{"count":5,"href":"https:\/\/basicincomeday.org\/ubi\/wp-json\/wp\/v2\/pages\/285\/revisions"}],"predecessor-version":[{"id":1013,"href":"https:\/\/basicincomeday.org\/ubi\/wp-json\/wp\/v2\/pages\/285\/revisions\/1013"}],"wp:featuredmedia":[{"embeddable":true,"href":"https:\/\/basicincomeday.org\/ubi\/wp-json\/wp\/v2\/media\/44"}],"wp:attachment":[{"href":"https:\/\/basicincomeday.org\/ubi\/wp-json\/wp\/v2\/media?parent=285"}],"curies":[{"name":"wp","href":"https:\/\/api.w.org\/{rel}","templated":true}]}}