{"id":282,"date":"2015-02-17T13:48:46","date_gmt":"2015-02-17T13:48:46","guid":{"rendered":"http:\/\/basicincomeday.org\/?page_id=282"},"modified":"2019-04-17T06:47:28","modified_gmt":"2019-04-17T06:47:28","slug":"italia-1-maggio-giornata-del-reddito-di-base-rbi","status":"publish","type":"page","link":"https:\/\/basicincomeday.org\/ubi\/italia-1-maggio-giornata-del-reddito-di-base-rbi\/","title":{"rendered":"Italia &#8211; 1 maggio &#8211; giornata del reddito di base &#8211; #rbi"},"content":{"rendered":"<div class='content-column one_third'><div style=\"padding-right:20px;\"><p>La Festa del Lavoro non dovrebbe essere l&#8217;occasione per chiedere \u2018pi\u00f9 posti di lavoro\u2019 o salari pi\u00f9 alti. Dovrebbe piuttosto celebrare la lotta per l&#8217;emancipazione dal lavoro inutile, non scelto, sfruttato. Dovrebbe essere l&#8217;occasione per chiedere meno ore di lavoro, pi\u00f9 tempo libero e pi\u00f9 libert\u00e0 dalle forze di mercato.<\/p>\n<p>Il mercato del lavoro non pu\u00f2 essere libero, quando ognuno di noi \u00e8 sostanzialmente costretto a trovare un lavoro purchessia. E il Reddito di Base \u00e8 il prerequisito necessario per permettere alle persone di scegliere se entrare o uscire da questo mercato, e quindi costruire un&#8217;economia veramente libera.<\/p>\n<p>Il Primo Maggio \u00e8 il giorno per riconoscere i contributi del movimento dei lavoratori e le sue lotte e conquiste ottenute negli anni. In passato i sindacati hanno sostenuto efficacemente i lavoratori, dandoci la settimana di 40 ore e la giornata lavorativa di 8; ma oggi la globalizzazione e i progressi tecnologici hanno indebolito la sua capacit\u00e0 di cambiamento. Con l&#8217;automazione dei posti di lavoro che procede a un ritmo tale da poter eliminare met\u00e0 degli attuali posti di lavoro nei prossimi 20 anni, il reddito di base incondizionato rappresenta la possibilit\u00e0 di sostenere ciascun lavoratore. Una riconquistata possibilit\u00e0 di dire \u201cNo\u201d a un datore di lavoro avrebbe un innegabile effetto sulla redistribuzione dei profitti attraverso migliori salari, condizioni di lavoro, benefit, eccetera.<\/p>\n<p>Ottenere un reddito di base significherebbe ottenere un nuovo contratto tra impiegato e datore di lavoro, che darebbe inoltre al dipendente il potere di diventare il datore di lavoro di se stesso. Entreremmo in una nuova era di innovazione ed imprenditorialit\u00e0, dove tutti sono liberi di perseguire gli scopi che desiderano, e ogni tipo di lavoro sarebbe riconosciuto per il suo contributo alla societ\u00e0, invece del solo lavoro retribuito, come ora.<\/p>\n<p>Il Reddito di Base \u00e8 il futuro del movimento dei lavoratori, e la politica per la cui implementazione nel 21esimo secolo tutti noi dobbiamo lottare ora.<\/p>\n<p>Vuoi sostenere il movimento per il reddito di base? Unisciti alla crescente comunit\u00e0 che ne discute su <a href=\"http:\/\/www.reddit.com\/r\/BasicIncome\" target=\"_blank\" rel=\"noopener noreferrer\">Reddit<\/a>, cerca le realt\u00e0 nazionali che se ne occupano, o addirittura organizza il tuo <a href=\"http:\/\/www.meetup.com\/BasicIncome\/\" target=\"_blank\" rel=\"noopener noreferrer\">gruppo locale per il reddito di base<\/a>, firma la petizione su <a href=\"https:\/\/secure.avaaz.org\/en\/petition\/our_chance_to_end_poverty\/\" target=\"_blank\" rel=\"noopener noreferrer\">Avaaz <\/a>, partecipa attivamente alla <a href=\"http:\/\/basicincome-europe.org\/\" target=\"_blank\" rel=\"noopener noreferrer\">conversazione globale<\/a> attraverso i social media e nelle <a href=\"http:\/\/twitter.com\/basicincomeEU\" target=\"_blank\" rel=\"noopener noreferrer\">interazioni sociali<\/a> di tutti i giorni, e in occasione del Primo Maggio aggiorna la tua foto del profilo sui media sociali.<\/p>\n<p>Unisciti al movimento per <a href=\"https:\/\/decorrespondent.nl\/541\/why-we-should-give-free-money-to-everyone\/35246939860-ec3a6c3e\">creare una base reddituale per tutti<\/a>.<br \/>\nContatta il tuo sindacato dei lavoratori per unirti al movimento per il reddito di base <a href=\"https:\/\/www.facebook.com\/groups\/laborunionforBIG\/\" target=\"_blank\" rel=\"noopener noreferrer\">laborunionforBIG<\/a><\/p>\n<p>#BasicIncomeNow<\/p>\n<p><a href=\"https:\/\/www.facebook.com\/events\/671798192883983\" target=\"_blank\" rel=\"noopener noreferrer\">Unisciti all&#8217;evento<\/a>, scegli la tua icone preferita e usala come immagine del tuo profilo.<br \/>\nIl 2015 \u00e8 gi\u00e0 il 5\u00b0 anno di questa iniziativa.<\/p>\n<p>Icona progettata da Oliver Der, pubblicata per la prima volta nel 2011 da Sylvia Mair\u00a0e Oliver Der.<\/p>\n<p><em>\u00a0<\/em><\/p><\/div><\/div>\n<div class='content-column two_third last_column'><ul id=\"gallery_282_1\" class=\"loop_tile list-unstyled row\">\r\n\t    <li id=\"282_image_91\" class=\"col-xs-12 col-sm-4 col-md-4 loop_tile_item loop_tile_282_image_1_item fs-content-thumbnail\">\r\n\r\n        \t\t\t\t\t\r\n\t\t\t<div class=\"thumbnail\">\r\n        \t\t\t\t\t\r\n\t\t\t\t<a href='https:\/\/basicincomeday.org\/ubi\/it-tu_rkis\/'><img loading=\"lazy\" decoding=\"async\" width=\"318\" height=\"302\" src=\"https:\/\/basicincomeday.org\/ubi\/wp-content\/uploads\/2015\/02\/IT-tu_rkis.png\" class=\"attachment-large size-large\" alt=\"\" srcset=\"https:\/\/basicincomeday.org\/ubi\/wp-content\/uploads\/2015\/02\/IT-tu_rkis.png 318w, https:\/\/basicincomeday.org\/ubi\/wp-content\/uploads\/2015\/02\/IT-tu_rkis-300x285.png 300w\" sizes=\"auto, (max-width: 318px) 100vw, 318px\" \/><\/a>            <\/div>\r\n    <\/li>\r\n    <li id=\"282_image_90\" class=\"col-xs-12 col-sm-2 col-md-2 loop_tile_item loop_tile_282_image_1_item fs-content-thumbnail\">\r\n\r\n        \t\t\t\t\t\r\n\t\t\t<div class=\"thumbnail\">\r\n        \t\t\t\t\t\r\n\t\t\t\t<a href='https:\/\/basicincomeday.org\/ubi\/it-rot2\/'><img loading=\"lazy\" decoding=\"async\" width=\"318\" height=\"302\" src=\"https:\/\/basicincomeday.org\/ubi\/wp-content\/uploads\/2015\/02\/IT-rot2.png\" class=\"attachment-large size-large\" alt=\"\" srcset=\"https:\/\/basicincomeday.org\/ubi\/wp-content\/uploads\/2015\/02\/IT-rot2.png 318w, https:\/\/basicincomeday.org\/ubi\/wp-content\/uploads\/2015\/02\/IT-rot2-300x285.png 300w\" sizes=\"auto, (max-width: 318px) 100vw, 318px\" \/><\/a>            <\/div>\r\n    <\/li>\r\n    <li id=\"282_image_89\" class=\"col-xs-12 col-sm-2 col-md-2 loop_tile_item loop_tile_282_image_1_item fs-content-thumbnail\">\r\n\r\n        \t\t\t\t\t\r\n\t\t\t<div class=\"thumbnail\">\r\n        \t\t\t\t\t\r\n\t\t\t\t<a href='https:\/\/basicincomeday.org\/ubi\/it-rot1\/'><img loading=\"lazy\" decoding=\"async\" width=\"318\" height=\"302\" src=\"https:\/\/basicincomeday.org\/ubi\/wp-content\/uploads\/2015\/02\/IT-rot1.png\" class=\"attachment-large size-large\" alt=\"\" srcset=\"https:\/\/basicincomeday.org\/ubi\/wp-content\/uploads\/2015\/02\/IT-rot1.png 318w, https:\/\/basicincomeday.org\/ubi\/wp-content\/uploads\/2015\/02\/IT-rot1-300x285.png 300w\" sizes=\"auto, (max-width: 318px) 100vw, 318px\" \/><\/a>            <\/div>\r\n    <\/li>\r\n    <li id=\"282_image_88\" class=\"col-xs-12 col-sm-2 col-md-2 loop_tile_item loop_tile_282_image_1_item fs-content-thumbnail\">\r\n\r\n        \t\t\t\t\t\r\n\t\t\t<div class=\"thumbnail\">\r\n        \t\t\t\t\t\r\n\t\t\t\t<a href='https:\/\/basicincomeday.org\/ubi\/it-purpur-violett\/'><img loading=\"lazy\" decoding=\"async\" width=\"318\" height=\"302\" src=\"https:\/\/basicincomeday.org\/ubi\/wp-content\/uploads\/2015\/02\/IT-purpur-violett.png\" class=\"attachment-large size-large\" alt=\"\" srcset=\"https:\/\/basicincomeday.org\/ubi\/wp-content\/uploads\/2015\/02\/IT-purpur-violett.png 318w, https:\/\/basicincomeday.org\/ubi\/wp-content\/uploads\/2015\/02\/IT-purpur-violett-300x285.png 300w\" sizes=\"auto, (max-width: 318px) 100vw, 318px\" \/><\/a>            <\/div>\r\n    <\/li>\r\n    <li id=\"282_image_87\" class=\"col-xs-12 col-sm-2 col-md-2 loop_tile_item loop_tile_282_image_1_item fs-content-thumbnail\">\r\n\r\n        \t\t\t\t\t\r\n\t\t\t<div class=\"thumbnail\">\r\n        \t\t\t\t\t\r\n\t\t\t\t<a href='https:\/\/basicincomeday.org\/ubi\/it-purpur3\/'><img loading=\"lazy\" decoding=\"async\" width=\"318\" height=\"302\" src=\"https:\/\/basicincomeday.org\/ubi\/wp-content\/uploads\/2015\/02\/IT-purpur3.png\" class=\"attachment-large size-large\" alt=\"\" srcset=\"https:\/\/basicincomeday.org\/ubi\/wp-content\/uploads\/2015\/02\/IT-purpur3.png 318w, https:\/\/basicincomeday.org\/ubi\/wp-content\/uploads\/2015\/02\/IT-purpur3-300x285.png 300w\" sizes=\"auto, (max-width: 318px) 100vw, 318px\" \/><\/a>            <\/div>\r\n    <\/li>\r\n    <li id=\"282_image_86\" class=\"col-xs-12 col-sm-4 col-md-4 loop_tile_item loop_tile_282_image_1_item fs-content-thumbnail\">\r\n\r\n        \t\t\t\t\t\r\n\t\t\t<div class=\"thumbnail\">\r\n        \t\t\t\t\t\r\n\t\t\t\t<a href='https:\/\/basicincomeday.org\/ubi\/it-purpur2\/'><img loading=\"lazy\" decoding=\"async\" width=\"318\" height=\"302\" src=\"https:\/\/basicincomeday.org\/ubi\/wp-content\/uploads\/2015\/02\/IT-purpur2.png\" class=\"attachment-large size-large\" alt=\"\" srcset=\"https:\/\/basicincomeday.org\/ubi\/wp-content\/uploads\/2015\/02\/IT-purpur2.png 318w, https:\/\/basicincomeday.org\/ubi\/wp-content\/uploads\/2015\/02\/IT-purpur2-300x285.png 300w\" sizes=\"auto, (max-width: 318px) 100vw, 318px\" \/><\/a>            <\/div>\r\n    <\/li>\r\n    <li id=\"282_image_80\" class=\"col-xs-12 col-sm-2 col-md-2 loop_tile_item loop_tile_282_image_1_item fs-content-thumbnail\">\r\n\r\n        \t\t\t\t\t\r\n\t\t\t<div class=\"thumbnail\">\r\n        \t\t\t\t\t\r\n\t\t\t\t<a href='https:\/\/basicincomeday.org\/ubi\/it-blauviolett\/'><img loading=\"lazy\" decoding=\"async\" width=\"318\" height=\"302\" src=\"https:\/\/basicincomeday.org\/ubi\/wp-content\/uploads\/2015\/02\/IT-blauviolett.png\" class=\"attachment-large size-large\" alt=\"\" srcset=\"https:\/\/basicincomeday.org\/ubi\/wp-content\/uploads\/2015\/02\/IT-blauviolett.png 318w, https:\/\/basicincomeday.org\/ubi\/wp-content\/uploads\/2015\/02\/IT-blauviolett-300x285.png 300w\" sizes=\"auto, (max-width: 318px) 100vw, 318px\" \/><\/a>            <\/div>\r\n    <\/li>\r\n    <li id=\"282_image_81\" class=\"col-xs-12 col-sm-2 col-md-2 loop_tile_item loop_tile_282_image_1_item fs-content-thumbnail\">\r\n\r\n        \t\t\t\t\t\r\n\t\t\t<div class=\"thumbnail\">\r\n        \t\t\t\t\t\r\n\t\t\t\t<a href='https:\/\/basicincomeday.org\/ubi\/it-gru_n-dunkel\/'><img loading=\"lazy\" decoding=\"async\" width=\"318\" height=\"302\" src=\"https:\/\/basicincomeday.org\/ubi\/wp-content\/uploads\/2015\/02\/IT-gru_n-dunkel.png\" class=\"attachment-large size-large\" alt=\"\" srcset=\"https:\/\/basicincomeday.org\/ubi\/wp-content\/uploads\/2015\/02\/IT-gru_n-dunkel.png 318w, https:\/\/basicincomeday.org\/ubi\/wp-content\/uploads\/2015\/02\/IT-gru_n-dunkel-300x285.png 300w\" sizes=\"auto, (max-width: 318px) 100vw, 318px\" \/><\/a>            <\/div>\r\n    <\/li>\r\n    <li id=\"282_image_82\" class=\"col-xs-12 col-sm-2 col-md-2 loop_tile_item loop_tile_282_image_1_item fs-content-thumbnail\">\r\n\r\n        \t\t\t\t\t\r\n\t\t\t<div class=\"thumbnail\">\r\n        \t\t\t\t\t\r\n\t\t\t\t<a href='https:\/\/basicincomeday.org\/ubi\/it-gru_n-hell\/'><img loading=\"lazy\" decoding=\"async\" width=\"318\" height=\"302\" src=\"https:\/\/basicincomeday.org\/ubi\/wp-content\/uploads\/2015\/02\/IT-gru_n-hell.png\" class=\"attachment-large size-large\" alt=\"\" srcset=\"https:\/\/basicincomeday.org\/ubi\/wp-content\/uploads\/2015\/02\/IT-gru_n-hell.png 318w, https:\/\/basicincomeday.org\/ubi\/wp-content\/uploads\/2015\/02\/IT-gru_n-hell-300x285.png 300w\" sizes=\"auto, (max-width: 318px) 100vw, 318px\" \/><\/a>            <\/div>\r\n    <\/li>\r\n    <li id=\"282_image_83\" class=\"col-xs-12 col-sm-2 col-md-2 loop_tile_item loop_tile_282_image_1_item fs-content-thumbnail\">\r\n\r\n        \t\t\t\t\t\r\n\t\t\t<div class=\"thumbnail\">\r\n        \t\t\t\t\t\r\n\t\t\t\t<a href='https:\/\/basicincomeday.org\/ubi\/it-ocker\/'><img loading=\"lazy\" decoding=\"async\" width=\"318\" height=\"302\" src=\"https:\/\/basicincomeday.org\/ubi\/wp-content\/uploads\/2015\/02\/IT-ocker.png\" class=\"attachment-large size-large\" alt=\"\" srcset=\"https:\/\/basicincomeday.org\/ubi\/wp-content\/uploads\/2015\/02\/IT-ocker.png 318w, https:\/\/basicincomeday.org\/ubi\/wp-content\/uploads\/2015\/02\/IT-ocker-300x285.png 300w\" sizes=\"auto, (max-width: 318px) 100vw, 318px\" \/><\/a>            <\/div>\r\n    <\/li>\r\n    <li id=\"282_image_84\" class=\"col-xs-12 col-sm-4 col-md-4 loop_tile_item loop_tile_282_image_1_item fs-content-thumbnail\">\r\n\r\n        \t\t\t\t\t\r\n\t\t\t<div class=\"thumbnail\">\r\n        \t\t\t\t\t\r\n\t\t\t\t<a href='https:\/\/basicincomeday.org\/ubi\/it-orange\/'><img loading=\"lazy\" decoding=\"async\" width=\"318\" height=\"302\" src=\"https:\/\/basicincomeday.org\/ubi\/wp-content\/uploads\/2015\/02\/IT-orange.png\" class=\"attachment-large size-large\" alt=\"\" srcset=\"https:\/\/basicincomeday.org\/ubi\/wp-content\/uploads\/2015\/02\/IT-orange.png 318w, https:\/\/basicincomeday.org\/ubi\/wp-content\/uploads\/2015\/02\/IT-orange-300x285.png 300w\" sizes=\"auto, (max-width: 318px) 100vw, 318px\" \/><\/a>            <\/div>\r\n    <\/li>\r\n    <li id=\"282_image_85\" class=\"col-xs-12 col-sm-2 col-md-2 loop_tile_item loop_tile_282_image_1_item fs-content-thumbnail\">\r\n\r\n        \t\t\t\t\t\r\n\t\t\t<div class=\"thumbnail\">\r\n        \t\t\t\t\t\r\n\t\t\t\t<a href='https:\/\/basicincomeday.org\/ubi\/it-purpur\/'><img loading=\"lazy\" decoding=\"async\" width=\"318\" height=\"302\" src=\"https:\/\/basicincomeday.org\/ubi\/wp-content\/uploads\/2015\/02\/IT-purpur.png\" class=\"attachment-large size-large\" alt=\"\" srcset=\"https:\/\/basicincomeday.org\/ubi\/wp-content\/uploads\/2015\/02\/IT-purpur.png 318w, https:\/\/basicincomeday.org\/ubi\/wp-content\/uploads\/2015\/02\/IT-purpur-300x285.png 300w\" sizes=\"auto, (max-width: 318px) 100vw, 318px\" \/><\/a>            <\/div>\r\n    <\/li>\r\n    <li id=\"282_image_79\" class=\"col-xs-12 col-sm-2 col-md-2 loop_tile_item loop_tile_282_image_1_item fs-content-thumbnail\">\r\n\r\n        \t\t\t\t\t\r\n\t\t\t<div class=\"thumbnail\">\r\n        \t\t\t\t\t\r\n\t\t\t\t<a href='https:\/\/basicincomeday.org\/ubi\/it-blau-dunkel\/'><img loading=\"lazy\" decoding=\"async\" width=\"318\" height=\"302\" src=\"https:\/\/basicincomeday.org\/ubi\/wp-content\/uploads\/2015\/02\/IT-blau-dunkel.png\" class=\"attachment-large size-large\" alt=\"\" srcset=\"https:\/\/basicincomeday.org\/ubi\/wp-content\/uploads\/2015\/02\/IT-blau-dunkel.png 318w, https:\/\/basicincomeday.org\/ubi\/wp-content\/uploads\/2015\/02\/IT-blau-dunkel-300x285.png 300w\" sizes=\"auto, (max-width: 318px) 100vw, 318px\" \/><\/a>            <\/div>\r\n    <\/li>\r\n    <li id=\"282_image_78\" class=\"col-xs-12 col-sm-2 col-md-2 loop_tile_item loop_tile_282_image_1_item fs-content-thumbnail\">\r\n\r\n        \t\t\t\t\t\r\n\t\t\t<div class=\"thumbnail\">\r\n        \t\t\t\t\t\r\n\t\t\t\t<a href='https:\/\/basicincomeday.org\/ubi\/it-blau\/'><img loading=\"lazy\" decoding=\"async\" width=\"318\" height=\"302\" src=\"https:\/\/basicincomeday.org\/ubi\/wp-content\/uploads\/2015\/02\/IT-blau.png\" class=\"attachment-large size-large\" alt=\"\" srcset=\"https:\/\/basicincomeday.org\/ubi\/wp-content\/uploads\/2015\/02\/IT-blau.png 318w, https:\/\/basicincomeday.org\/ubi\/wp-content\/uploads\/2015\/02\/IT-blau-300x285.png 300w\" sizes=\"auto, (max-width: 318px) 100vw, 318px\" \/><\/a>            <\/div>\r\n    <\/li>\r\n\t\t\t\t<li class=\"loop-grid-sizer loop_tile_282_image_1_grid col-xs-12 col-sm-2 col-md-2\"><\/li>\r\n\t\t\t\t<\/ul>\r\n\t\t\t\t\n<h3><strong><img loading=\"lazy\" decoding=\"async\" class=\"alignright wp-image-549\" src=\"https:\/\/basicincomeday.org\/ubi\/wp-content\/uploads\/2015\/05\/labor-300x225.jpg\" alt=\"\" width=\"193\" height=\"145\" srcset=\"https:\/\/basicincomeday.org\/ubi\/wp-content\/uploads\/2015\/05\/labor-300x225.jpg 300w, https:\/\/basicincomeday.org\/ubi\/wp-content\/uploads\/2015\/05\/labor.jpg 500w\" sizes=\"auto, (max-width: 193px) 100vw, 193px\" \/>Perch\u00e9 esiste un movimento dei lavoratori?<\/strong><\/h3>\n<p>Riflettete a fondo, per un momento, su questa domanda. In definitiva, qual \u00e8 lo scopo, l\u2019obiettivo di tutto quel movimento? Da dove arriva? Dov\u2019\u00e8 ora? E dove sar\u00e0 tra 50 anni? E come rispettare al meglio la storia del movimento, col passare degli anni?<\/p>\n<blockquote><p>Questa \u00e8 solidariet\u00e0 universale, e questo \u00e8 il Basic Income Day.<\/p><\/blockquote>\n<div class=\"tlid-input input\">\n<div class=\"source-wrap\">\n<div class=\"input-full-height-wrapper tlid-input-full-height-wrapper\">\n<div class=\"source-input\">\n<div class=\"source-footer-wrap source-or-target-footer\">\n<div class=\"character-count tlid-character-count\"><\/div>\n<div class=\"source-footer\">\n<div class=\"speech-wrap source-or-target-footer-button left-positioned\">\n<div id=\"gt-speech\" class=\"speech-button goog-toolbar-button\" tabindex=\"0\" role=\"button\" aria-label=\"Spraakinvoer inschakelen\" data-tooltip-align=\"t,c\" aria-pressed=\"false\" aria-disabled=\"false\" data-tooltip=\"Spraakinvoer inschakelen\">leggi di pi\u00f9: <a style=\"background-color: #4e5d6c;\" href=\"https:\/\/basicincomeday.org\/ubi\/perche-esiste-il-basic-income-day\/\">https:\/\/basicincomeday.org\/ubi\/perche-esiste-il-basic-income-day\/<\/a><\/div>\n<\/div>\n<\/div>\n<\/div>\n<\/div>\n<\/div>\n<\/div>\n<\/div><\/div><div class='clear_column'><\/div>\n","protected":false},"excerpt":{"rendered":"","protected":false},"author":1,"featured_media":88,"parent":0,"menu_order":0,"comment_status":"closed","ping_status":"closed","template":"page-full-width.php","meta":{"footnotes":""},"class_list":["post-282","page","type-page","status-publish","has-post-thumbnail","hentry"],"yoast_head":"<!-- This site is optimized with the Yoast SEO plugin v27.6 - https:\/\/yoast.com\/product\/yoast-seo-wordpress\/ -->\n<title>Italia - 1 maggio - giornata del reddito di base - #rbi - Basic Income Day<\/title>\n<meta name=\"robots\" content=\"index, follow, max-snippet:-1, max-image-preview:large, max-video-preview:-1\" \/>\n<link rel=\"canonical\" href=\"https:\/\/basicincomeday.org\/ubi\/italia-1-maggio-giornata-del-reddito-di-base-rbi\/\" \/>\n<meta property=\"og:locale\" content=\"en_US\" \/>\n<meta property=\"og:type\" content=\"article\" \/>\n<meta property=\"og:title\" content=\"Italia - 1 maggio - giornata del reddito di base - #rbi - Basic Income Day\" \/>\n<meta property=\"og:description\" content=\"La Festa del Lavoro non dovrebbe essere l&#039;occasione per chiedere \u2018pi\u00f9 posti di lavoro\u2019 o salari pi\u00f9 alti. Dovrebbe piuttosto celebrare la lotta per l&#039;emancipazione dal lavoro inutile, non scelto, sfruttato. Dovrebbe essere l&#039;occasione per chiedere meno ore di lavoro, pi\u00f9 tempo libero e pi\u00f9 libert\u00e0 dalle forze di mercato. Il mercato del lavoro non pu\u00f2 essere libero, quando ognuno di noi \u00e8 sostanzialmente costretto a trovare un lavoro purchessia. E il Reddito di Base \u00e8 il prerequisito necessario per permettere alle persone di scegliere se entrare o uscire da questo mercato, e quindi costruire un&#039;economia veramente libera.\" \/>\n<meta property=\"og:url\" content=\"https:\/\/basicincomeday.org\/ubi\/italia-1-maggio-giornata-del-reddito-di-base-rbi\/\" \/>\n<meta property=\"og:site_name\" content=\"Basic Income Day\" \/>\n<meta property=\"article:modified_time\" content=\"2019-04-17T06:47:28+00:00\" \/>\n<meta property=\"og:image\" content=\"https:\/\/basicincomeday.org\/ubi\/wp-content\/uploads\/2015\/02\/IT-purpur-violett.png\" \/>\n\t<meta property=\"og:image:width\" content=\"318\" \/>\n\t<meta property=\"og:image:height\" content=\"302\" \/>\n\t<meta property=\"og:image:type\" content=\"image\/png\" \/>\n<meta name=\"twitter:label1\" content=\"Est. reading time\" \/>\n\t<meta name=\"twitter:data1\" content=\"3 minutes\" \/>\n<script type=\"application\/ld+json\" class=\"yoast-schema-graph\">{\"@context\":\"https:\\\/\\\/schema.org\",\"@graph\":[{\"@type\":\"WebPage\",\"@id\":\"https:\\\/\\\/basicincomeday.org\\\/ubi\\\/italia-1-maggio-giornata-del-reddito-di-base-rbi\\\/\",\"url\":\"https:\\\/\\\/basicincomeday.org\\\/ubi\\\/italia-1-maggio-giornata-del-reddito-di-base-rbi\\\/\",\"name\":\"Italia - 1 maggio - giornata del reddito di base - #rbi - Basic Income Day\",\"isPartOf\":{\"@id\":\"https:\\\/\\\/basicincomeday.org\\\/ubi\\\/#website\"},\"primaryImageOfPage\":{\"@id\":\"https:\\\/\\\/basicincomeday.org\\\/ubi\\\/italia-1-maggio-giornata-del-reddito-di-base-rbi\\\/#primaryimage\"},\"image\":{\"@id\":\"https:\\\/\\\/basicincomeday.org\\\/ubi\\\/italia-1-maggio-giornata-del-reddito-di-base-rbi\\\/#primaryimage\"},\"thumbnailUrl\":\"https:\\\/\\\/basicincomeday.org\\\/ubi\\\/wp-content\\\/uploads\\\/2015\\\/02\\\/IT-purpur-violett.png\",\"datePublished\":\"2015-02-17T13:48:46+00:00\",\"dateModified\":\"2019-04-17T06:47:28+00:00\",\"breadcrumb\":{\"@id\":\"https:\\\/\\\/basicincomeday.org\\\/ubi\\\/italia-1-maggio-giornata-del-reddito-di-base-rbi\\\/#breadcrumb\"},\"inLanguage\":\"en-US\",\"potentialAction\":[{\"@type\":\"ReadAction\",\"target\":[\"https:\\\/\\\/basicincomeday.org\\\/ubi\\\/italia-1-maggio-giornata-del-reddito-di-base-rbi\\\/\"]}]},{\"@type\":\"ImageObject\",\"inLanguage\":\"en-US\",\"@id\":\"https:\\\/\\\/basicincomeday.org\\\/ubi\\\/italia-1-maggio-giornata-del-reddito-di-base-rbi\\\/#primaryimage\",\"url\":\"https:\\\/\\\/basicincomeday.org\\\/ubi\\\/wp-content\\\/uploads\\\/2015\\\/02\\\/IT-purpur-violett.png\",\"contentUrl\":\"https:\\\/\\\/basicincomeday.org\\\/ubi\\\/wp-content\\\/uploads\\\/2015\\\/02\\\/IT-purpur-violett.png\",\"width\":318,\"height\":302},{\"@type\":\"BreadcrumbList\",\"@id\":\"https:\\\/\\\/basicincomeday.org\\\/ubi\\\/italia-1-maggio-giornata-del-reddito-di-base-rbi\\\/#breadcrumb\",\"itemListElement\":[{\"@type\":\"ListItem\",\"position\":1,\"name\":\"Home\",\"item\":\"https:\\\/\\\/basicincomeday.org\\\/ubi\\\/\"},{\"@type\":\"ListItem\",\"position\":2,\"name\":\"Italia &#8211; 1 maggio &#8211; giornata del reddito di base &#8211; #rbi\"}]},{\"@type\":\"WebSite\",\"@id\":\"https:\\\/\\\/basicincomeday.org\\\/ubi\\\/#website\",\"url\":\"https:\\\/\\\/basicincomeday.org\\\/ubi\\\/\",\"name\":\"Basic Income Day\",\"description\":\"Basic Income is a Human Right\",\"potentialAction\":[{\"@type\":\"SearchAction\",\"target\":{\"@type\":\"EntryPoint\",\"urlTemplate\":\"https:\\\/\\\/basicincomeday.org\\\/ubi\\\/?s={search_term_string}\"},\"query-input\":{\"@type\":\"PropertyValueSpecification\",\"valueRequired\":true,\"valueName\":\"search_term_string\"}}],\"inLanguage\":\"en-US\"}]}<\/script>\n<!-- \/ Yoast SEO plugin. -->","yoast_head_json":{"title":"Italia - 1 maggio - giornata del reddito di base - #rbi - Basic Income Day","robots":{"index":"index","follow":"follow","max-snippet":"max-snippet:-1","max-image-preview":"max-image-preview:large","max-video-preview":"max-video-preview:-1"},"canonical":"https:\/\/basicincomeday.org\/ubi\/italia-1-maggio-giornata-del-reddito-di-base-rbi\/","og_locale":"en_US","og_type":"article","og_title":"Italia - 1 maggio - giornata del reddito di base - #rbi - Basic Income Day","og_description":"La Festa del Lavoro non dovrebbe essere l'occasione per chiedere \u2018pi\u00f9 posti di lavoro\u2019 o salari pi\u00f9 alti. Dovrebbe piuttosto celebrare la lotta per l'emancipazione dal lavoro inutile, non scelto, sfruttato. Dovrebbe essere l'occasione per chiedere meno ore di lavoro, pi\u00f9 tempo libero e pi\u00f9 libert\u00e0 dalle forze di mercato. Il mercato del lavoro non pu\u00f2 essere libero, quando ognuno di noi \u00e8 sostanzialmente costretto a trovare un lavoro purchessia. E il Reddito di Base \u00e8 il prerequisito necessario per permettere alle persone di scegliere se entrare o uscire da questo mercato, e quindi costruire un'economia veramente libera.","og_url":"https:\/\/basicincomeday.org\/ubi\/italia-1-maggio-giornata-del-reddito-di-base-rbi\/","og_site_name":"Basic Income Day","article_modified_time":"2019-04-17T06:47:28+00:00","og_image":[{"width":318,"height":302,"url":"https:\/\/basicincomeday.org\/ubi\/wp-content\/uploads\/2015\/02\/IT-purpur-violett.png","type":"image\/png"}],"twitter_misc":{"Est. reading time":"3 minutes"},"schema":{"@context":"https:\/\/schema.org","@graph":[{"@type":"WebPage","@id":"https:\/\/basicincomeday.org\/ubi\/italia-1-maggio-giornata-del-reddito-di-base-rbi\/","url":"https:\/\/basicincomeday.org\/ubi\/italia-1-maggio-giornata-del-reddito-di-base-rbi\/","name":"Italia - 1 maggio - giornata del reddito di base - #rbi - Basic Income Day","isPartOf":{"@id":"https:\/\/basicincomeday.org\/ubi\/#website"},"primaryImageOfPage":{"@id":"https:\/\/basicincomeday.org\/ubi\/italia-1-maggio-giornata-del-reddito-di-base-rbi\/#primaryimage"},"image":{"@id":"https:\/\/basicincomeday.org\/ubi\/italia-1-maggio-giornata-del-reddito-di-base-rbi\/#primaryimage"},"thumbnailUrl":"https:\/\/basicincomeday.org\/ubi\/wp-content\/uploads\/2015\/02\/IT-purpur-violett.png","datePublished":"2015-02-17T13:48:46+00:00","dateModified":"2019-04-17T06:47:28+00:00","breadcrumb":{"@id":"https:\/\/basicincomeday.org\/ubi\/italia-1-maggio-giornata-del-reddito-di-base-rbi\/#breadcrumb"},"inLanguage":"en-US","potentialAction":[{"@type":"ReadAction","target":["https:\/\/basicincomeday.org\/ubi\/italia-1-maggio-giornata-del-reddito-di-base-rbi\/"]}]},{"@type":"ImageObject","inLanguage":"en-US","@id":"https:\/\/basicincomeday.org\/ubi\/italia-1-maggio-giornata-del-reddito-di-base-rbi\/#primaryimage","url":"https:\/\/basicincomeday.org\/ubi\/wp-content\/uploads\/2015\/02\/IT-purpur-violett.png","contentUrl":"https:\/\/basicincomeday.org\/ubi\/wp-content\/uploads\/2015\/02\/IT-purpur-violett.png","width":318,"height":302},{"@type":"BreadcrumbList","@id":"https:\/\/basicincomeday.org\/ubi\/italia-1-maggio-giornata-del-reddito-di-base-rbi\/#breadcrumb","itemListElement":[{"@type":"ListItem","position":1,"name":"Home","item":"https:\/\/basicincomeday.org\/ubi\/"},{"@type":"ListItem","position":2,"name":"Italia &#8211; 1 maggio &#8211; giornata del reddito di base &#8211; #rbi"}]},{"@type":"WebSite","@id":"https:\/\/basicincomeday.org\/ubi\/#website","url":"https:\/\/basicincomeday.org\/ubi\/","name":"Basic Income Day","description":"Basic Income is a Human Right","potentialAction":[{"@type":"SearchAction","target":{"@type":"EntryPoint","urlTemplate":"https:\/\/basicincomeday.org\/ubi\/?s={search_term_string}"},"query-input":{"@type":"PropertyValueSpecification","valueRequired":true,"valueName":"search_term_string"}}],"inLanguage":"en-US"}]}},"_links":{"self":[{"href":"https:\/\/basicincomeday.org\/ubi\/wp-json\/wp\/v2\/pages\/282","targetHints":{"allow":["GET"]}}],"collection":[{"href":"https:\/\/basicincomeday.org\/ubi\/wp-json\/wp\/v2\/pages"}],"about":[{"href":"https:\/\/basicincomeday.org\/ubi\/wp-json\/wp\/v2\/types\/page"}],"author":[{"embeddable":true,"href":"https:\/\/basicincomeday.org\/ubi\/wp-json\/wp\/v2\/users\/1"}],"replies":[{"embeddable":true,"href":"https:\/\/basicincomeday.org\/ubi\/wp-json\/wp\/v2\/comments?post=282"}],"version-history":[{"count":7,"href":"https:\/\/basicincomeday.org\/ubi\/wp-json\/wp\/v2\/pages\/282\/revisions"}],"predecessor-version":[{"id":1010,"href":"https:\/\/basicincomeday.org\/ubi\/wp-json\/wp\/v2\/pages\/282\/revisions\/1010"}],"wp:featuredmedia":[{"embeddable":true,"href":"https:\/\/basicincomeday.org\/ubi\/wp-json\/wp\/v2\/media\/88"}],"wp:attachment":[{"href":"https:\/\/basicincomeday.org\/ubi\/wp-json\/wp\/v2\/media?parent=282"}],"curies":[{"name":"wp","href":"https:\/\/api.w.org\/{rel}","templated":true}]}}