{"id":271,"date":"2015-02-17T13:34:57","date_gmt":"2015-02-17T13:34:57","guid":{"rendered":"http:\/\/basicincomeday.org\/?page_id=271"},"modified":"2019-04-07T12:10:42","modified_gmt":"2019-04-07T12:10:42","slug":"francophone-1re-may-jour-du-revenu-de-base-rdb","status":"publish","type":"page","link":"https:\/\/basicincomeday.org\/ubi\/francophone-1re-may-jour-du-revenu-de-base-rdb\/","title":{"rendered":"Francophone &#8211; 1re may &#8211; jour du revenu de base -#rdb"},"content":{"rendered":"<div class='content-column one_third'><div style=\"padding-right:20px;\"><p>La f\u00eate du Travail ne devrait pas \u00eatre sujet exigeant \u00bbplus d&#8217;emplois\u00bb ou des salaires plus \u00e9lev\u00e9s. F\u00eate du Travail devrait \u00eatre d&#8217;environ luttant pour l&#8217;\u00e9mancipation du travail inutile, le travail non choisi, travail exploit\u00e9. Il devrait \u00eatre une c\u00e9l\u00e9bration de r\u00e9duction du temps de travail, obtenir plus de temps libre, plus de libert\u00e9 en dehors des forces du march\u00e9.<\/p>\n<p>Il ne est pas libre march\u00e9 du travail quand tout le monde est essentiellement forc\u00e9 de trouver un emploi tout ce qu&#8217;il faut. Revenu de base est la condition n\u00e9cessaire pour permettre aux gens de fait choisissent d&#8217;entrer ou sortir du march\u00e9 du travail, et donc d&#8217;avoir une \u00e9conomie vraiment libre.<\/p>\n<p>Le 1er mai est un jour de reconna\u00eetre les contributions du mouvement syndical et ses luttes et ses r\u00e9alisations au cours des ann\u00e9es. L\u00e0 o\u00f9 les syndicats habilit\u00e9s fois le travail et nous a donn\u00e9 la semaine de 40 heures et la journ\u00e9e de 8 heures, la mondialisation et les progr\u00e8s technologiques ont \u00e9rod\u00e9 la capacit\u00e9 des syndicats \u00e0 effectuer des changements. Comme l&#8217;automatisation du travail continue \u00e0 hauteur de \u00e9ventuellement \u00e9liminer la moiti\u00e9 de tous les emplois actuels dans les 20 prochaines ann\u00e9es, le revenu de base inconditionnel repr\u00e9sente la capacit\u00e9 d&#8217;habiliter le travail sur une base individuelle. Une capacit\u00e9 nouvellement acquise de dire \u00abNon\u00bb aux employeurs, aurait un effet ind\u00e9niable sur le partage des b\u00e9n\u00e9fices gr\u00e2ce \u00e0 de meilleurs salaires, conditions de travail, avantages sociaux, etc.<\/p>\n<p>La r\u00e9alisation de revenu de base serait la r\u00e9alisation d&#8217;un nouveau contrat entre l&#8217;employeur et l&#8217;employ\u00e9, y compris l&#8217;autonomisation de l&#8217;employ\u00e9 \u00e0 devenir leur propre employeur. Cela signifierait une nouvelle \u00e8re de l&#8217;innovation et de l&#8217;entrepreneuriat, o\u00f9 tous sont libres de poursuivre les objectifs qu&#8217;ils souhaitent poursuivre, et tout le travail pourrait \u00eatre reconnu pour sa valeur sociale, au lieu de seul le travail r\u00e9mun\u00e9r\u00e9 dans sa forme actuelle.<\/p>\n<p>Le revenu de base est l&#8217;avenir du mouvement syndical, et la politique que nous devons tous ensemble maintenant lutter pour au 21e si\u00e8cle.<\/p>\n<p>Pour aider le mouvement pour le revenu de base, rejoignez la communaut\u00e9 croissante sur Reddit, chercher votre chapitre national, ou m\u00eame organiser votre groupe de revenu de base locale, signer la p\u00e9tition d&#8217;Avaaz, devenir actif dans la conversation mondiale \u00e0 travers les m\u00e9dias sociaux et dans les interactions sociales quotidiennes, et le 1er mai jour vos photos de profil.<\/p>\n<p>Rejoignez le mouvement pour cr\u00e9er un plancher de revenu pour tout le monde.<br \/>\nContactez votre syndicat \u00e0 se joindre du revenu de base\u00a0\u00a0<a href=\"https:\/\/www.facebook.com\/groups\/laborunionforBIG\/\" target=\"_blank\" rel=\"noopener noreferrer\">laborunionforBIG\u00a0<\/a><\/p>\n<p>#BasicIncomeNow<\/p>\n<p>Rejoignez l&#8217;\u00e9v\u00e9nement, choisissez votre favori et l&#8217;utiliser comme photo de profil.<br \/>\n2015 est d\u00e9j\u00e0 la 5e ann\u00e9e que cette action se d\u00e9roule.<\/p>\n<p>Conception Ic\u00f4ne par Oliver Der, d&#8217;abord publi\u00e9 2011 par Sylvia Mair et Oliver Der<\/p>\n<p>&nbsp;<\/p><\/div><\/div>\n<div class='content-column two_third last_column'><ul id=\"gallery_271_1\" class=\"loop_tile list-unstyled row\">\r\n\t    <li id=\"271_image_77\" class=\"col-xs-12 col-sm-4 col-md-4 loop_tile_item loop_tile_271_image_1_item fs-content-thumbnail\">\r\n\r\n        \t\t\t\t\t\r\n\t\t\t<div class=\"thumbnail\">\r\n        \t\t\t\t\t\r\n\t\t\t\t<a href='https:\/\/basicincomeday.org\/ubi\/fr-tu_rkis\/'><img loading=\"lazy\" decoding=\"async\" width=\"318\" height=\"302\" src=\"https:\/\/basicincomeday.org\/ubi\/wp-content\/uploads\/2015\/02\/FR-tu_rkis.png\" class=\"attachment-large size-large\" alt=\"\" srcset=\"https:\/\/basicincomeday.org\/ubi\/wp-content\/uploads\/2015\/02\/FR-tu_rkis.png 318w, https:\/\/basicincomeday.org\/ubi\/wp-content\/uploads\/2015\/02\/FR-tu_rkis-300x285.png 300w\" sizes=\"auto, (max-width: 318px) 100vw, 318px\" \/><\/a>            <\/div>\r\n    <\/li>\r\n    <li id=\"271_image_76\" class=\"col-xs-12 col-sm-2 col-md-2 loop_tile_item loop_tile_271_image_1_item fs-content-thumbnail\">\r\n\r\n        \t\t\t\t\t\r\n\t\t\t<div class=\"thumbnail\">\r\n        \t\t\t\t\t\r\n\t\t\t\t<a href='https:\/\/basicincomeday.org\/ubi\/fr-rot2\/'><img loading=\"lazy\" decoding=\"async\" width=\"318\" height=\"302\" src=\"https:\/\/basicincomeday.org\/ubi\/wp-content\/uploads\/2015\/02\/FR-rot2.png\" class=\"attachment-large size-large\" alt=\"\" srcset=\"https:\/\/basicincomeday.org\/ubi\/wp-content\/uploads\/2015\/02\/FR-rot2.png 318w, https:\/\/basicincomeday.org\/ubi\/wp-content\/uploads\/2015\/02\/FR-rot2-300x285.png 300w\" sizes=\"auto, (max-width: 318px) 100vw, 318px\" \/><\/a>            <\/div>\r\n    <\/li>\r\n    <li id=\"271_image_75\" class=\"col-xs-12 col-sm-2 col-md-2 loop_tile_item loop_tile_271_image_1_item fs-content-thumbnail\">\r\n\r\n        \t\t\t\t\t\r\n\t\t\t<div class=\"thumbnail\">\r\n        \t\t\t\t\t\r\n\t\t\t\t<a href='https:\/\/basicincomeday.org\/ubi\/fr-rot1\/'><img loading=\"lazy\" decoding=\"async\" width=\"318\" height=\"302\" src=\"https:\/\/basicincomeday.org\/ubi\/wp-content\/uploads\/2015\/02\/FR-rot1.png\" class=\"attachment-large size-large\" alt=\"\" srcset=\"https:\/\/basicincomeday.org\/ubi\/wp-content\/uploads\/2015\/02\/FR-rot1.png 318w, https:\/\/basicincomeday.org\/ubi\/wp-content\/uploads\/2015\/02\/FR-rot1-300x285.png 300w\" sizes=\"auto, (max-width: 318px) 100vw, 318px\" \/><\/a>            <\/div>\r\n    <\/li>\r\n    <li id=\"271_image_74\" class=\"col-xs-12 col-sm-2 col-md-2 loop_tile_item loop_tile_271_image_1_item fs-content-thumbnail\">\r\n\r\n        \t\t\t\t\t\r\n\t\t\t<div class=\"thumbnail\">\r\n        \t\t\t\t\t\r\n\t\t\t\t<a href='https:\/\/basicincomeday.org\/ubi\/fr-purpur-violett\/'><img loading=\"lazy\" decoding=\"async\" width=\"318\" height=\"302\" src=\"https:\/\/basicincomeday.org\/ubi\/wp-content\/uploads\/2015\/02\/FR-purpur-violett.png\" class=\"attachment-large size-large\" alt=\"\" srcset=\"https:\/\/basicincomeday.org\/ubi\/wp-content\/uploads\/2015\/02\/FR-purpur-violett.png 318w, https:\/\/basicincomeday.org\/ubi\/wp-content\/uploads\/2015\/02\/FR-purpur-violett-300x285.png 300w\" sizes=\"auto, (max-width: 318px) 100vw, 318px\" \/><\/a>            <\/div>\r\n    <\/li>\r\n    <li id=\"271_image_73\" class=\"col-xs-12 col-sm-2 col-md-2 loop_tile_item loop_tile_271_image_1_item fs-content-thumbnail\">\r\n\r\n        \t\t\t\t\t\r\n\t\t\t<div class=\"thumbnail\">\r\n        \t\t\t\t\t\r\n\t\t\t\t<a href='https:\/\/basicincomeday.org\/ubi\/fr-purpur2\/'><img loading=\"lazy\" decoding=\"async\" width=\"318\" height=\"302\" src=\"https:\/\/basicincomeday.org\/ubi\/wp-content\/uploads\/2015\/02\/FR-purpur2.png\" class=\"attachment-large size-large\" alt=\"\" srcset=\"https:\/\/basicincomeday.org\/ubi\/wp-content\/uploads\/2015\/02\/FR-purpur2.png 318w, https:\/\/basicincomeday.org\/ubi\/wp-content\/uploads\/2015\/02\/FR-purpur2-300x285.png 300w\" sizes=\"auto, (max-width: 318px) 100vw, 318px\" \/><\/a>            <\/div>\r\n    <\/li>\r\n    <li id=\"271_image_72\" class=\"col-xs-12 col-sm-4 col-md-4 loop_tile_item loop_tile_271_image_1_item fs-content-thumbnail\">\r\n\r\n        \t\t\t\t\t\r\n\t\t\t<div class=\"thumbnail\">\r\n        \t\t\t\t\t\r\n\t\t\t\t<a href='https:\/\/basicincomeday.org\/ubi\/fr-purpur\/'><img loading=\"lazy\" decoding=\"async\" width=\"318\" height=\"302\" src=\"https:\/\/basicincomeday.org\/ubi\/wp-content\/uploads\/2015\/02\/FR-purpur.png\" class=\"attachment-large size-large\" alt=\"\" srcset=\"https:\/\/basicincomeday.org\/ubi\/wp-content\/uploads\/2015\/02\/FR-purpur.png 318w, https:\/\/basicincomeday.org\/ubi\/wp-content\/uploads\/2015\/02\/FR-purpur-300x285.png 300w\" sizes=\"auto, (max-width: 318px) 100vw, 318px\" \/><\/a>            <\/div>\r\n    <\/li>\r\n    <li id=\"271_image_71\" class=\"col-xs-12 col-sm-2 col-md-2 loop_tile_item loop_tile_271_image_1_item fs-content-thumbnail\">\r\n\r\n        \t\t\t\t\t\r\n\t\t\t<div class=\"thumbnail\">\r\n        \t\t\t\t\t\r\n\t\t\t\t<a href='https:\/\/basicincomeday.org\/ubi\/fr-orange\/'><img loading=\"lazy\" decoding=\"async\" width=\"318\" height=\"302\" src=\"https:\/\/basicincomeday.org\/ubi\/wp-content\/uploads\/2015\/02\/FR-orange.png\" class=\"attachment-large size-large\" alt=\"\" srcset=\"https:\/\/basicincomeday.org\/ubi\/wp-content\/uploads\/2015\/02\/FR-orange.png 318w, https:\/\/basicincomeday.org\/ubi\/wp-content\/uploads\/2015\/02\/FR-orange-300x285.png 300w\" sizes=\"auto, (max-width: 318px) 100vw, 318px\" \/><\/a>            <\/div>\r\n    <\/li>\r\n    <li id=\"271_image_70\" class=\"col-xs-12 col-sm-2 col-md-2 loop_tile_item loop_tile_271_image_1_item fs-content-thumbnail\">\r\n\r\n        \t\t\t\t\t\r\n\t\t\t<div class=\"thumbnail\">\r\n        \t\t\t\t\t\r\n\t\t\t\t<a href='https:\/\/basicincomeday.org\/ubi\/fr-ocker\/'><img loading=\"lazy\" decoding=\"async\" width=\"318\" height=\"302\" src=\"https:\/\/basicincomeday.org\/ubi\/wp-content\/uploads\/2015\/02\/FR-ocker.png\" class=\"attachment-large size-large\" alt=\"\" srcset=\"https:\/\/basicincomeday.org\/ubi\/wp-content\/uploads\/2015\/02\/FR-ocker.png 318w, https:\/\/basicincomeday.org\/ubi\/wp-content\/uploads\/2015\/02\/FR-ocker-300x285.png 300w\" sizes=\"auto, (max-width: 318px) 100vw, 318px\" \/><\/a>            <\/div>\r\n    <\/li>\r\n    <li id=\"271_image_69\" class=\"col-xs-12 col-sm-2 col-md-2 loop_tile_item loop_tile_271_image_1_item fs-content-thumbnail\">\r\n\r\n        \t\t\t\t\t\r\n\t\t\t<div class=\"thumbnail\">\r\n        \t\t\t\t\t\r\n\t\t\t\t<a href='https:\/\/basicincomeday.org\/ubi\/fr-gru_n-hell\/'><img loading=\"lazy\" decoding=\"async\" width=\"318\" height=\"302\" src=\"https:\/\/basicincomeday.org\/ubi\/wp-content\/uploads\/2015\/02\/FR-gru_n-hell.png\" class=\"attachment-large size-large\" alt=\"\" srcset=\"https:\/\/basicincomeday.org\/ubi\/wp-content\/uploads\/2015\/02\/FR-gru_n-hell.png 318w, https:\/\/basicincomeday.org\/ubi\/wp-content\/uploads\/2015\/02\/FR-gru_n-hell-300x285.png 300w\" sizes=\"auto, (max-width: 318px) 100vw, 318px\" \/><\/a>            <\/div>\r\n    <\/li>\r\n    <li id=\"271_image_68\" class=\"col-xs-12 col-sm-2 col-md-2 loop_tile_item loop_tile_271_image_1_item fs-content-thumbnail\">\r\n\r\n        \t\t\t\t\t\r\n\t\t\t<div class=\"thumbnail\">\r\n        \t\t\t\t\t\r\n\t\t\t\t<a href='https:\/\/basicincomeday.org\/ubi\/fr-gru_n-dunkel\/'><img loading=\"lazy\" decoding=\"async\" width=\"318\" height=\"302\" src=\"https:\/\/basicincomeday.org\/ubi\/wp-content\/uploads\/2015\/02\/FR-gru_n-dunkel.png\" class=\"attachment-large size-large\" alt=\"\" srcset=\"https:\/\/basicincomeday.org\/ubi\/wp-content\/uploads\/2015\/02\/FR-gru_n-dunkel.png 318w, https:\/\/basicincomeday.org\/ubi\/wp-content\/uploads\/2015\/02\/FR-gru_n-dunkel-300x285.png 300w\" sizes=\"auto, (max-width: 318px) 100vw, 318px\" \/><\/a>            <\/div>\r\n    <\/li>\r\n    <li id=\"271_image_67\" class=\"col-xs-12 col-sm-4 col-md-4 loop_tile_item loop_tile_271_image_1_item fs-content-thumbnail\">\r\n\r\n        \t\t\t\t\t\r\n\t\t\t<div class=\"thumbnail\">\r\n        \t\t\t\t\t\r\n\t\t\t\t<a href='https:\/\/basicincomeday.org\/ubi\/fr-blauviolett\/'><img loading=\"lazy\" decoding=\"async\" width=\"318\" height=\"302\" src=\"https:\/\/basicincomeday.org\/ubi\/wp-content\/uploads\/2015\/02\/FR-blauviolett.png\" class=\"attachment-large size-large\" alt=\"\" srcset=\"https:\/\/basicincomeday.org\/ubi\/wp-content\/uploads\/2015\/02\/FR-blauviolett.png 318w, https:\/\/basicincomeday.org\/ubi\/wp-content\/uploads\/2015\/02\/FR-blauviolett-300x285.png 300w\" sizes=\"auto, (max-width: 318px) 100vw, 318px\" \/><\/a>            <\/div>\r\n    <\/li>\r\n    <li id=\"271_image_66\" class=\"col-xs-12 col-sm-2 col-md-2 loop_tile_item loop_tile_271_image_1_item fs-content-thumbnail\">\r\n\r\n        \t\t\t\t\t\r\n\t\t\t<div class=\"thumbnail\">\r\n        \t\t\t\t\t\r\n\t\t\t\t<a href='https:\/\/basicincomeday.org\/ubi\/fr-blau-dunkel\/'><img loading=\"lazy\" decoding=\"async\" width=\"318\" height=\"302\" src=\"https:\/\/basicincomeday.org\/ubi\/wp-content\/uploads\/2015\/02\/FR-blau-dunkel.png\" class=\"attachment-large size-large\" alt=\"\" srcset=\"https:\/\/basicincomeday.org\/ubi\/wp-content\/uploads\/2015\/02\/FR-blau-dunkel.png 318w, https:\/\/basicincomeday.org\/ubi\/wp-content\/uploads\/2015\/02\/FR-blau-dunkel-300x285.png 300w\" sizes=\"auto, (max-width: 318px) 100vw, 318px\" \/><\/a>            <\/div>\r\n    <\/li>\r\n    <li id=\"271_image_65\" class=\"col-xs-12 col-sm-2 col-md-2 loop_tile_item loop_tile_271_image_1_item fs-content-thumbnail\">\r\n\r\n        \t\t\t\t\t\r\n\t\t\t<div class=\"thumbnail\">\r\n        \t\t\t\t\t\r\n\t\t\t\t<a href='https:\/\/basicincomeday.org\/ubi\/fr-blau\/'><img loading=\"lazy\" decoding=\"async\" width=\"318\" height=\"302\" src=\"https:\/\/basicincomeday.org\/ubi\/wp-content\/uploads\/2015\/02\/FR-blau.png\" class=\"attachment-large size-large\" alt=\"\" srcset=\"https:\/\/basicincomeday.org\/ubi\/wp-content\/uploads\/2015\/02\/FR-blau.png 318w, https:\/\/basicincomeday.org\/ubi\/wp-content\/uploads\/2015\/02\/FR-blau-300x285.png 300w\" sizes=\"auto, (max-width: 318px) 100vw, 318px\" \/><\/a>            <\/div>\r\n    <\/li>\r\n\t\t\t\t<li class=\"loop-grid-sizer loop_tile_271_image_1_grid col-xs-12 col-sm-2 col-md-2\"><\/li>\r\n\t\t\t\t<\/ul>\r\n\t\t\t\t\n<h3>Pourquoi le mouvement ouvrier existe-t-il?<\/h3>\n<p><img loading=\"lazy\" decoding=\"async\" class=\"alignright wp-image-549\" src=\"https:\/\/basicincomeday.org\/ubi\/wp-content\/uploads\/2015\/05\/labor-300x225.jpg\" alt=\"\" width=\"187\" height=\"140\" srcset=\"https:\/\/basicincomeday.org\/ubi\/wp-content\/uploads\/2015\/05\/labor-300x225.jpg 300w, https:\/\/basicincomeday.org\/ubi\/wp-content\/uploads\/2015\/05\/labor.jpg 500w\" sizes=\"auto, (max-width: 187px) 100vw, 187px\" \/>R\u00e9fl\u00e9chissez-y un instant. Quel est le but ultime de tout mouvement syndical? D&#8217;o\u00f9 vient-il? O\u00f9 se situe-t-il\u00a0 aujourd\u2019hui? O\u00f9 sera-t-il dans 50 ans? Et comment respecter au mieux l\u2019histoire du mouvement ouvriers? Dans un article r\u00e9cent publi\u00e9 par la revue am\u00e9ricaine Jacobin, l\u2019\u00e9crivain Peter Frase plaide en faveur de ce qu\u2019il appelle un \u00abludisme \u00e9clair\u00e9\u00bb dans lequel il n\u2019y aurait plus, dans la logique du travail, un parti pris \u00e0 courte vue contre les nouvelles technologies innovantes. Les technologies de pointe doivent \u00eatre accueillies pour tout ce qu\u2019elles sont capables de faire. Si une machine peut faire le travail de quelqu\u2019un mieux et moins cher, il faut l\u2019accepter. Le probl\u00e8me, ce n\u2019est pas l\u2019\u00e9limination d\u2019emplois par la technologie, mais la mauvaise distribution des gains qu\u2019elle apporte.<\/p>\n<blockquote><p>La Journ\u00e9e du Revenu de Base est une excellente id\u00e9e, surtout le 1er Mai!<\/p><\/blockquote>\n<p>Lisez la suite: <a href=\"https:\/\/basicincomeday.org\/ubi\/pourquoi-le-jour-du-revenue-de-base-sur-le-1er-mai\/\">https:\/\/basicincomeday.org\/ubi\/pourquoi-le-jour-du-revenue-de-base-sur-le-1er-mai\/<\/a><\/p><\/div><div class='clear_column'><\/div>\n","protected":false},"excerpt":{"rendered":"","protected":false},"author":1,"featured_media":76,"parent":0,"menu_order":0,"comment_status":"closed","ping_status":"closed","template":"page-full-width.php","meta":{"footnotes":""},"class_list":["post-271","page","type-page","status-publish","has-post-thumbnail","hentry"],"yoast_head":"<!-- This site is optimized with the Yoast SEO plugin v27.3 - https:\/\/yoast.com\/product\/yoast-seo-wordpress\/ -->\n<title>Francophone - 1re may - jour du revenu de base -#rdb - Basic Income Day<\/title>\n<meta name=\"robots\" content=\"index, follow, max-snippet:-1, max-image-preview:large, max-video-preview:-1\" \/>\n<link rel=\"canonical\" href=\"https:\/\/basicincomeday.org\/ubi\/francophone-1re-may-jour-du-revenu-de-base-rdb\/\" \/>\n<meta property=\"og:locale\" content=\"en_US\" \/>\n<meta property=\"og:type\" content=\"article\" \/>\n<meta property=\"og:title\" content=\"Francophone - 1re may - jour du revenu de base -#rdb - Basic Income Day\" \/>\n<meta property=\"og:url\" content=\"https:\/\/basicincomeday.org\/ubi\/francophone-1re-may-jour-du-revenu-de-base-rdb\/\" \/>\n<meta property=\"og:site_name\" content=\"Basic Income Day\" \/>\n<meta property=\"article:modified_time\" content=\"2019-04-07T12:10:42+00:00\" \/>\n<meta property=\"og:image\" content=\"https:\/\/basicincomeday.org\/ubi\/wp-content\/uploads\/2015\/02\/FR-rot2.png\" \/>\n\t<meta property=\"og:image:width\" content=\"318\" \/>\n\t<meta property=\"og:image:height\" content=\"302\" \/>\n\t<meta property=\"og:image:type\" content=\"image\/png\" \/>\n<meta name=\"twitter:label1\" content=\"Est. reading time\" \/>\n\t<meta name=\"twitter:data1\" content=\"3 minutes\" \/>\n<script type=\"application\/ld+json\" class=\"yoast-schema-graph\">{\"@context\":\"https:\\\/\\\/schema.org\",\"@graph\":[{\"@type\":\"WebPage\",\"@id\":\"https:\\\/\\\/basicincomeday.org\\\/ubi\\\/francophone-1re-may-jour-du-revenu-de-base-rdb\\\/\",\"url\":\"https:\\\/\\\/basicincomeday.org\\\/ubi\\\/francophone-1re-may-jour-du-revenu-de-base-rdb\\\/\",\"name\":\"Francophone - 1re may - jour du revenu de base -#rdb - Basic Income Day\",\"isPartOf\":{\"@id\":\"https:\\\/\\\/basicincomeday.org\\\/ubi\\\/#website\"},\"primaryImageOfPage\":{\"@id\":\"https:\\\/\\\/basicincomeday.org\\\/ubi\\\/francophone-1re-may-jour-du-revenu-de-base-rdb\\\/#primaryimage\"},\"image\":{\"@id\":\"https:\\\/\\\/basicincomeday.org\\\/ubi\\\/francophone-1re-may-jour-du-revenu-de-base-rdb\\\/#primaryimage\"},\"thumbnailUrl\":\"https:\\\/\\\/basicincomeday.org\\\/ubi\\\/wp-content\\\/uploads\\\/2015\\\/02\\\/FR-rot2.png\",\"datePublished\":\"2015-02-17T13:34:57+00:00\",\"dateModified\":\"2019-04-07T12:10:42+00:00\",\"breadcrumb\":{\"@id\":\"https:\\\/\\\/basicincomeday.org\\\/ubi\\\/francophone-1re-may-jour-du-revenu-de-base-rdb\\\/#breadcrumb\"},\"inLanguage\":\"en-US\",\"potentialAction\":[{\"@type\":\"ReadAction\",\"target\":[\"https:\\\/\\\/basicincomeday.org\\\/ubi\\\/francophone-1re-may-jour-du-revenu-de-base-rdb\\\/\"]}]},{\"@type\":\"ImageObject\",\"inLanguage\":\"en-US\",\"@id\":\"https:\\\/\\\/basicincomeday.org\\\/ubi\\\/francophone-1re-may-jour-du-revenu-de-base-rdb\\\/#primaryimage\",\"url\":\"https:\\\/\\\/basicincomeday.org\\\/ubi\\\/wp-content\\\/uploads\\\/2015\\\/02\\\/FR-rot2.png\",\"contentUrl\":\"https:\\\/\\\/basicincomeday.org\\\/ubi\\\/wp-content\\\/uploads\\\/2015\\\/02\\\/FR-rot2.png\",\"width\":318,\"height\":302},{\"@type\":\"BreadcrumbList\",\"@id\":\"https:\\\/\\\/basicincomeday.org\\\/ubi\\\/francophone-1re-may-jour-du-revenu-de-base-rdb\\\/#breadcrumb\",\"itemListElement\":[{\"@type\":\"ListItem\",\"position\":1,\"name\":\"Home\",\"item\":\"https:\\\/\\\/basicincomeday.org\\\/ubi\\\/\"},{\"@type\":\"ListItem\",\"position\":2,\"name\":\"Francophone &#8211; 1re may &#8211; jour du revenu de base -#rdb\"}]},{\"@type\":\"WebSite\",\"@id\":\"https:\\\/\\\/basicincomeday.org\\\/ubi\\\/#website\",\"url\":\"https:\\\/\\\/basicincomeday.org\\\/ubi\\\/\",\"name\":\"Basic Income Day\",\"description\":\"Basic Income is a Human Right\",\"potentialAction\":[{\"@type\":\"SearchAction\",\"target\":{\"@type\":\"EntryPoint\",\"urlTemplate\":\"https:\\\/\\\/basicincomeday.org\\\/ubi\\\/?s={search_term_string}\"},\"query-input\":{\"@type\":\"PropertyValueSpecification\",\"valueRequired\":true,\"valueName\":\"search_term_string\"}}],\"inLanguage\":\"en-US\"}]}<\/script>\n<!-- \/ Yoast SEO plugin. -->","yoast_head_json":{"title":"Francophone - 1re may - jour du revenu de base -#rdb - Basic Income Day","robots":{"index":"index","follow":"follow","max-snippet":"max-snippet:-1","max-image-preview":"max-image-preview:large","max-video-preview":"max-video-preview:-1"},"canonical":"https:\/\/basicincomeday.org\/ubi\/francophone-1re-may-jour-du-revenu-de-base-rdb\/","og_locale":"en_US","og_type":"article","og_title":"Francophone - 1re may - jour du revenu de base -#rdb - Basic Income Day","og_url":"https:\/\/basicincomeday.org\/ubi\/francophone-1re-may-jour-du-revenu-de-base-rdb\/","og_site_name":"Basic Income Day","article_modified_time":"2019-04-07T12:10:42+00:00","og_image":[{"width":318,"height":302,"url":"https:\/\/basicincomeday.org\/ubi\/wp-content\/uploads\/2015\/02\/FR-rot2.png","type":"image\/png"}],"twitter_misc":{"Est. reading time":"3 minutes"},"schema":{"@context":"https:\/\/schema.org","@graph":[{"@type":"WebPage","@id":"https:\/\/basicincomeday.org\/ubi\/francophone-1re-may-jour-du-revenu-de-base-rdb\/","url":"https:\/\/basicincomeday.org\/ubi\/francophone-1re-may-jour-du-revenu-de-base-rdb\/","name":"Francophone - 1re may - jour du revenu de base -#rdb - Basic Income Day","isPartOf":{"@id":"https:\/\/basicincomeday.org\/ubi\/#website"},"primaryImageOfPage":{"@id":"https:\/\/basicincomeday.org\/ubi\/francophone-1re-may-jour-du-revenu-de-base-rdb\/#primaryimage"},"image":{"@id":"https:\/\/basicincomeday.org\/ubi\/francophone-1re-may-jour-du-revenu-de-base-rdb\/#primaryimage"},"thumbnailUrl":"https:\/\/basicincomeday.org\/ubi\/wp-content\/uploads\/2015\/02\/FR-rot2.png","datePublished":"2015-02-17T13:34:57+00:00","dateModified":"2019-04-07T12:10:42+00:00","breadcrumb":{"@id":"https:\/\/basicincomeday.org\/ubi\/francophone-1re-may-jour-du-revenu-de-base-rdb\/#breadcrumb"},"inLanguage":"en-US","potentialAction":[{"@type":"ReadAction","target":["https:\/\/basicincomeday.org\/ubi\/francophone-1re-may-jour-du-revenu-de-base-rdb\/"]}]},{"@type":"ImageObject","inLanguage":"en-US","@id":"https:\/\/basicincomeday.org\/ubi\/francophone-1re-may-jour-du-revenu-de-base-rdb\/#primaryimage","url":"https:\/\/basicincomeday.org\/ubi\/wp-content\/uploads\/2015\/02\/FR-rot2.png","contentUrl":"https:\/\/basicincomeday.org\/ubi\/wp-content\/uploads\/2015\/02\/FR-rot2.png","width":318,"height":302},{"@type":"BreadcrumbList","@id":"https:\/\/basicincomeday.org\/ubi\/francophone-1re-may-jour-du-revenu-de-base-rdb\/#breadcrumb","itemListElement":[{"@type":"ListItem","position":1,"name":"Home","item":"https:\/\/basicincomeday.org\/ubi\/"},{"@type":"ListItem","position":2,"name":"Francophone &#8211; 1re may &#8211; jour du revenu de base -#rdb"}]},{"@type":"WebSite","@id":"https:\/\/basicincomeday.org\/ubi\/#website","url":"https:\/\/basicincomeday.org\/ubi\/","name":"Basic Income Day","description":"Basic Income is a Human Right","potentialAction":[{"@type":"SearchAction","target":{"@type":"EntryPoint","urlTemplate":"https:\/\/basicincomeday.org\/ubi\/?s={search_term_string}"},"query-input":{"@type":"PropertyValueSpecification","valueRequired":true,"valueName":"search_term_string"}}],"inLanguage":"en-US"}]}},"_links":{"self":[{"href":"https:\/\/basicincomeday.org\/ubi\/wp-json\/wp\/v2\/pages\/271","targetHints":{"allow":["GET"]}}],"collection":[{"href":"https:\/\/basicincomeday.org\/ubi\/wp-json\/wp\/v2\/pages"}],"about":[{"href":"https:\/\/basicincomeday.org\/ubi\/wp-json\/wp\/v2\/types\/page"}],"author":[{"embeddable":true,"href":"https:\/\/basicincomeday.org\/ubi\/wp-json\/wp\/v2\/users\/1"}],"replies":[{"embeddable":true,"href":"https:\/\/basicincomeday.org\/ubi\/wp-json\/wp\/v2\/comments?post=271"}],"version-history":[{"count":8,"href":"https:\/\/basicincomeday.org\/ubi\/wp-json\/wp\/v2\/pages\/271\/revisions"}],"predecessor-version":[{"id":999,"href":"https:\/\/basicincomeday.org\/ubi\/wp-json\/wp\/v2\/pages\/271\/revisions\/999"}],"wp:featuredmedia":[{"embeddable":true,"href":"https:\/\/basicincomeday.org\/ubi\/wp-json\/wp\/v2\/media\/76"}],"wp:attachment":[{"href":"https:\/\/basicincomeday.org\/ubi\/wp-json\/wp\/v2\/media?parent=271"}],"curies":[{"name":"wp","href":"https:\/\/api.w.org\/{rel}","templated":true}]}}