{"id":1001,"date":"2019-04-10T06:42:20","date_gmt":"2019-04-10T06:42:20","guid":{"rendered":"https:\/\/basicincomeday.org\/ubi\/?page_id=1001"},"modified":"2019-04-10T06:42:20","modified_gmt":"2019-04-10T06:42:20","slug":"warum-der-tag-des-grundeinkommens-am-1-mai","status":"publish","type":"page","link":"https:\/\/basicincomeday.org\/ubi\/warum-der-tag-des-grundeinkommens-am-1-mai\/","title":{"rendered":"Warum der Tag des Grundeinkommens am 1. Mai"},"content":{"rendered":"<h3><img loading=\"lazy\" decoding=\"async\" class=\"alignright size-medium wp-image-549\" src=\"https:\/\/basicincomeday.org\/ubi\/wp-content\/uploads\/2015\/05\/labor-300x225.jpg\" alt=\"\" width=\"300\" height=\"225\" srcset=\"https:\/\/basicincomeday.org\/ubi\/wp-content\/uploads\/2015\/05\/labor-300x225.jpg 300w, https:\/\/basicincomeday.org\/ubi\/wp-content\/uploads\/2015\/05\/labor.jpg 500w\" sizes=\"auto, (max-width: 300px) 100vw, 300px\" \/>Der Tag des Grundeinkommens ist eine gro\u00dfartige Idee, besonders am Maifeiertag!<\/h3>\n<p>In einem k\u00fcrzlich ver\u00f6ffentlichten Gutachten, das am 2. Mai hier ver\u00f6ffentlicht wurde, machte Jurgen De Wispelaere geltend, dass der Tag des Grundeinkommens auf ein anderes Datum als den 1. Mai ge\u00e4ndert werden m\u00fcsse. Als Organisator der Reddit Basic Income Community, die sich in den letzten zwei Jahren f\u00fcr die F\u00f6rderung des Basic Income Day eingesetzt hat, wurde ich eingeladen, auf seine Kritik zu antworten. Dies ist meine Antwort und ich werde mit einer Frage beginnen.<\/p>\n<p>Denken Sie einen Moment \u00fcber diese Frage nach.<\/p>\n<h3>Was ist das Endziel und der Zweck der gesamten Arbeiterbewegung?<\/h3>\n<p>Woher ist es entstanden? Wo ist es jetzt? Wo wird es in 50 Jahren sein? Und wie respektieren wir die Geschichte der Bewegung im Laufe der Zeit am besten?<\/p>\n<p>In einem k\u00fcrzlich erschienenen St\u00fcck mit dem Titel &#8220;Ours to Master&#8221; macht Peter Frase, der f\u00fcr das Jacobin-Magazin schreibt, den Grund f\u00fcr das, was er als &#8220;aufgekl\u00e4rten Luddismus&#8221; bezeichnet, wo es in der Logik der Arbeit keinen kurzsichtigen Vorsto\u00df gegen innovative Neue Tecnologien mehr geben sollte.\u00a0 Fortschrittliche Technologie sollte f\u00fcr alles, was sie erreichen kann, angenommen werden. Das Problem besteht darin, die daraus resultierenden Gewinne nicht richtig\u00a0 zu verteilen. Wie soll die Arbeit dann am besten gehen? Nun, laut Frase\u2026<\/p>\n<p>\u201eEinen Teil der Fr\u00fcchte der Automatisierung f\u00fcr den Rest von uns zu gewinnen, erfordert den Sieg auf staatlicher Ebene und nicht den einzelnen Arbeitsplatz. Dies k\u00f6nnte durch ein universelles Grundeinkommen erreicht werden, eine Mindestzahlung, die allen B\u00fcrgern v\u00f6llig unabh\u00e4ngig von der Arbeit garantiert wird. Wenn sie von progressiven Kr\u00e4ften angetrieben wird, w\u00e4re dieses eine nichtreformistische Reform, die auch die Automatisierung beschleunigen w\u00fcrde, indem Maschinen wettbewerbsf\u00e4higer gegen Arbeiter werden, die besser positioniert sind, um niedrige L\u00f6hne abzulehnen. Es w\u00fcrde auch die Arbeitsorganisation erleichtern, indem es als eine Art Streikfonds fungiert und die Bedrohung der Arbeitslosigkeit abfedert. Ein universelles Grundeinkommen k\u00f6nnte die Arbeitnehmer verteidigen und das Potenzial einer hochentwickelten Wirtschaft nach Knappheit erkennen; dies k\u00f6nnte die falsche Wahl zwischen gutbezahlten Arbeitern oder arbeitssparenden Maschinen, starken Gewerkschaften oder technologischem Fortschritt st\u00f6ren. \u201c<\/p>\n<p>Einige sehr wichtige Ideen m\u00fcssen hier verstanden werden. Im 21. Jahrhundert wird die Arbeiterbewegung einen Grundsieg als wichtigen Sieg erringen m\u00fcssen, um nicht nur die technologischen Errungenschaften davon abzulenken, dass sie weiterhin in die H\u00e4nde der Kapitalbesitzer geraten, sondern die Arbeiterbewegung tats\u00e4chlich weiter st\u00e4rken selbst durch die Erm\u00f6glichung eines massiven Generalstreikpotenzials, wie es es in der Geschichte noch nie gegeben hat. Dar\u00fcber hinaus wird die Verhandlungsmacht jedes einzelnen Arbeitnehmers erh\u00f6ht, wenn alle Arbeitnehmer die M\u00f6glichkeit erhalten, zu unbefriedigenden L\u00f6hnen und Arbeitsbedingungen \u201eNein\u201c zu sagen.<\/p>\n<blockquote><p>Mit anderen Worten, das Grundeinkommen ist nicht der Feind der Arbeiterbewegung. Es ist sein bester Freund.<\/p><\/blockquote>\n<p>Aus diesem Grund sollte ein Tag wie der Tag der Arbeit in den kommenden Jahren die Arbeit um die Idee forcieren, Technik f\u00fcr alle &#8211; auch f\u00fcr alle Formen unbezahlter Arbeit, die Betreuungsarbeit erfordern &#8211; wie Elternschaft (wie Sie wissen) Art der Arbeit, die neue Arbeitnehmer macht). Dies sollte durch einen Kampf des 21. Jahrhunderts um das universelle Grundeinkommen erreicht werden.<\/p>\n<p>&nbsp;<\/p>\n<p>Der Tag des Grundeinkommens steht dem Tag der Arbeit nicht entgegen. Es ist synergistisch. Ihr Zweck besteht nicht darin, auf die Errungenschaften der Arbeit in fr\u00fcheren Jahrhunderten zu sto\u00dfen, sondern sie zu ehren und die Bewegung in eine Zukunft mit noch gr\u00f6\u00dferen Erfolgen zu bringen. Ja, Menschen sind f\u00fcr die Arbeiterbewegung gestorben. Am 1. Mai 1929 starben Menschen, die ebenfalls f\u00fcr die Rechte der Arbeiter k\u00e4mpften. Und aus demselben Grund streikte eine Gruppe Bergarbeiter am 1. Mai 1926. Aus demselben Grund wurde auch der 1. Internationale Arbeitertag am 1. Mai 1889 veranstaltet. Aus demselben Grund arbeiteten Arbeiter aus demselben Grund In den USA wurde am 1. Mai 1886, Tage vor dem Bombenanschlag am 4. Mai in Chicago, ein Generalstreik f\u00fcr einen achtst\u00fcndigen Arbeitstag gefordert. Und sie waren im Wesentlichen aus demselben Grund dort, wie die American Equal Rights Association am 1. Mai 1866 gegr\u00fcndet wurde.<\/p>\n<p>Was ist das f\u00fcr ein Grund? Der letzte Grund ist die Antwort auf die Frage, die ich zu Beginn gestellt hatte: &#8220;Warum gibt es die Arbeiterbewegung?&#8221;<\/p>\n<p>Die Arbeiterbewegung existiert, weil es ihr Existenzrecht ist, weil der Mensch ein Existenzrecht hat. Die Arbeiterbewegung existiert, weil die Arbeit nicht nur den einzelnen Arbeitnehmern zugute kommen sollte, sondern allen Arbeitern in Solidarit\u00e4t und sogar der gesamten Menschheit in letzter Solidarit\u00e4t, nicht nur den Eigent\u00fcmern des Kapitals. Und die Arbeiterbewegung wird aufh\u00f6ren zu existieren, wenn sie nicht auf die Idee einer Grundeinkommensgarantie f\u00fcr alle aufbaut. Die Eigent\u00fcmer der Technologie werden sich darum k\u00fcmmern, und so muss die Arbeiterbewegung es auch sehen. Dies ist eine Frage der gleichen wirtschaftlichen Rechte, und diese Rechte m\u00fcssen bek\u00e4mpft und gewonnen werden.<\/p>\n<p>Ohne daf\u00fcr zu k\u00e4mpfen und ein Grundeinkommen f\u00fcr alle zu gewinnen, werden die Gewerkschaften durch die fortschreitende Verschiebung unserer Arbeitsweise immer weniger an Macht verlieren. Zeitarbeitspl\u00e4tze und globalisierte freiberufliche Arbeit mit Zero-Hour-Vertr\u00e4gen und st\u00e4ndig unterschiedlichen Zeitpl\u00e4nen. Durch die Verlagerung der Arbeit wird es \u00e4u\u00dferst schwierig, eine Hebelwirkung auf das Kapital zu erzielen.<\/p>\n<p>Die Arbeiterbewegung braucht ein Grundeinkommen, um nicht nur zu \u00fcberleben, sondern auch zu gedeihen. Arbeitnehmer m\u00fcssen die F\u00e4higkeit haben, f\u00fcr sich selbst zu arbeiten und die Arbeit f\u00fcr andere zu verweigern. Dies ist nur durch das Grundeinkommen m\u00f6glich. Arbeitnehmer sollten auch in der Lage sein, von den technologischen Errungenschaften zu profitieren, entweder durch h\u00f6here Einkommen oder geringere Arbeitszeiten oder mehr Nutzen oder sogar durch Eigentum. Die Arbeit f\u00fcr andere sollte eine Wahl sein, und diese Wahl muss von den Arbeitern f\u00fcr alle Arbeitnehmer gewonnen werden, unabh\u00e4ngig davon, ob sie traditionell als Arbeit angesehen werden oder nicht.<\/p>\n<blockquote><p>Das ist universelle Solidarit\u00e4t und das ist der Tag des Grundeinkommens.<\/p><\/blockquote>\n<p>Ich halte den Basic Income Day auch pers\u00f6nlich f\u00fcr viel mehr Respekt vor allem, wof\u00fcr die Arbeiter \u00fcber die Jahre gek\u00e4mpft haben &#8211; und manche sogar gestorben sind &#8211; als zu sehen, wie die moderne Arbeiterbewegung k\u00e4mpft, statt f\u00fcr die Arbeitsfreiheit zu arbeiten oder zu lassen Die Arbeiterbewegung verblasst vollst\u00e4ndig, da die menschliche Arbeitskraft durch Maschinenarbeit ersetzt wird.<\/p>\n<p>Was ist \u00fcberhaupt der Zweck einer Gewerkschaft? Ich meine, wenn wir zum Kernziel kommen. Nun, was ist der Zweck einer Autofirma? Der CEO, der der Ansicht ist, dass die Absicht eines Autokonzerns darin besteht, Autos herzustellen, ist sowohl falsch als auch kurzsichtig. Der eigentliche Zweck eines Automobilunternehmens besteht darin, den Transport seiner Kunden auf immer bessere Weise zu erm\u00f6glichen. Ein bestehendes Transportmittel, beispielsweise ein Auto, stecken zu lassen, ist ein Hindernis f\u00fcr den Fortschritt. Ein Unternehmen sollte immer nach Wegen suchen, die Qualit\u00e4t f\u00fcr seine Verbraucher zu verbessern. Autos sind nicht der Endpunkt f\u00fcr die Frage, wie man einen Verbraucher von einem Punkt A nach einem Punkt B bringt, und das Unternehmen, das dies nicht erkennt, wird als Unternehmen scheitern, weil ein anderes Unternehmen einen neuen und besseren Weg einstellt.<\/p>\n<p>Aus demselben Grund sollten Gewerkschaften aufh\u00f6ren, ihren eigenen Zweck zu ber\u00fccksichtigen. Ist es der Zweck der Gewerkschaften, sich in der gegenw\u00e4rtigen Form zu verewigen? Ist es ihr Zweck, die L\u00f6hne zu erh\u00f6hen und die Stunden durch eine st\u00e4rkere Verhandlungsmacht nur f\u00fcr die Mitglieder zu verk\u00fcrzen? Was passiert mit Gewerkschaften in einer Welt, die keine menschliche Arbeitskraft mehr erfordert? Gibt es einen Wunsch, den 1. Mai 2050 zu feiern und zu blicken, wie die Menschen fr\u00fcher gut leben konnten, als es noch Gewerkschaften gab?<\/p>\n<p>Die Arbeiterbewegung muss erkennen, welches Jahr sie ist, genau wie alle anderen von uns. Technologie und Globalisierung gibt es, und wir m\u00fcssen die Auswirkungen erkennen, die diese bereits f\u00fcr uns alle haben. Das Grundeinkommen ist der wahre \u201eKampf des Jahrhunderts\u201c, und die Arbeitskraft muss sich nicht nur dem Kampf anschlie\u00dfen, sondern sie f\u00fchren. Wenn ein wirklich universelles Grundeinkommen erzielt werden soll, das im Laufe der Zeit mehr als nur ein Grundeinkommen darstellt, muss es von links kommen. Das Recht, obwohl es auch das Grundeinkommen unterst\u00fctzt, scheint eher eine Version zu unterst\u00fctzen, die Kapital gegen\u00fcber Arbeit bevorzugt. In progressiver Form zu gewinnen, da ein wachsender Anteil der kontinuierlich steigenden nationalen Produktivit\u00e4t ein Kampf um die Linken sein wird.<\/p>\n<p>Diesen Kampf f\u00fcr ein universelles Grundeinkommen zu gewinnen, beginnt im ersten Schritt, und das bedeutet, dass die Arbeiterbewegung eigentlich immer nur das Grundeinkommen erk\u00e4mpft hat, ohne es zu wissen &#8211; das Recht eines Menschen auf die Fr\u00fcchte seiner eigenen Arbeit und zum Leben selbst.<\/p>\n<p>Wir alle haben das Recht auf gr\u00f6\u00dfere Verhandlungsmacht. Wir alle haben das Recht, sich nie wieder um die n\u00e4chste Mahlzeit oder ein Dach \u00fcber dem Kopf sorgen zu m\u00fcssen. Wir alle haben das Recht, dass unsere Arbeitskr\u00e4fte durch Maschinen ersetzt werden und von diesem Ersatz profitieren. Und so haben wir alle das Recht auf ein Grundeinkommen.<\/p>\n<p>Das ist die Botschaft des Grundeinkommenstages, und es ist eine Botschaft an alle Arbeiterinnen und Arbeiter der Vergangenheit und Gegenwart, jeden Arbeitstag und jeden internationalen Arbeitertag sowie den ersten Mai-Tag bis zum Tag zu vermitteln, an dem wir uns alle daran erinnern, wie wir alle einmal waren gezwungen, f\u00fcr andere zu arbeiten, um zu leben.<\/p>\n<p><img loading=\"lazy\" decoding=\"async\" class=\"alignleft wp-image-525 size-thumbnail\" src=\"https:\/\/basicincomeday.org\/ubi\/wp-content\/uploads\/2014\/11\/ScottSantens-150x150.jpg\" alt=\"\" width=\"150\" height=\"150\" srcset=\"https:\/\/basicincomeday.org\/ubi\/wp-content\/uploads\/2014\/11\/ScottSantens-150x150.jpg 150w, https:\/\/basicincomeday.org\/ubi\/wp-content\/uploads\/2014\/11\/ScottSantens.jpg 240w\" sizes=\"auto, (max-width: 150px) 100vw, 150px\" \/><strong>Schriftsteller<\/strong>: Scott Santens<br \/>\nSchriftsteller, der in New Orleans, Louisiana, lebt. Moderator der<a href=\"http:\/\/www.reddit.com\/r\/BasicIncome\" target=\"_blank\" rel=\"noopener noreferrer\"> \/ r \/ BasicIncome-Community auf Reddit<\/a> und Gr\u00fcnder von The BIG Patreon Creator Pledge f\u00fcr das Online-Crowdsourcing von Grundeinkommen.<\/p>\n<p>Brunnenreferenz: <a href=\"https:\/\/basicincome.org\/news\/2015\/05\/opinion-basic-income-day-is-a-great-idea-and-especially-on-may-day\">https:\/\/basicincome.org\/news\/2015\/05\/opinion-basic-income-day-is-a-great-idea-and-especially-on-may-day<\/a><\/p>\n<p><strong>Freie \u00dcbersetzung<\/strong>\u00a0 Christina Lambrecht<\/p>\n<p>Peter Frase: <a href=\"http:\/\/zehnplusfuenf.info\/node\/32\">http:\/\/zehnplusfuenf.info\/node\/32<\/a><\/p>\n<p>Erste Mai wird als Tag der Arbeit, Tag der <a href=\"https:\/\/de.wikipedia.org\/wiki\/Arbeiterbewegung\">Arbeiterbewegung<\/a>, Internationaler Kampftag der Arbeiterklasse oder auch als Maifeiertag bezeichnet. <a href=\"https:\/\/de.wikipedia.org\/wiki\/Erster_Mai\">https:\/\/de.wikipedia.org\/wiki\/Erster_Mai<\/a><\/p>\n","protected":false},"excerpt":{"rendered":"<p>Der Tag des Grundeinkommens ist eine gro\u00dfartige Idee, besonders am Maifeiertag! In einem k\u00fcrzlich ver\u00f6ffentlichten Gutachten, das am 2. Mai hier ver\u00f6ffentlicht wurde, machte Jurgen De Wispelaere geltend, dass der [&hellip;]<\/p>\n","protected":false},"author":1,"featured_media":549,"parent":0,"menu_order":0,"comment_status":"closed","ping_status":"closed","template":"","meta":{"footnotes":""},"class_list":["post-1001","page","type-page","status-publish","has-post-thumbnail","hentry"],"yoast_head":"<!-- This site is optimized with the Yoast SEO plugin v27.3 - https:\/\/yoast.com\/product\/yoast-seo-wordpress\/ -->\n<title>Warum der Tag des Grundeinkommens am 1. Mai - Basic Income Day<\/title>\n<meta name=\"robots\" content=\"index, follow, max-snippet:-1, max-image-preview:large, max-video-preview:-1\" \/>\n<link rel=\"canonical\" href=\"https:\/\/basicincomeday.org\/ubi\/warum-der-tag-des-grundeinkommens-am-1-mai\/\" \/>\n<meta property=\"og:locale\" content=\"en_US\" \/>\n<meta property=\"og:type\" content=\"article\" \/>\n<meta property=\"og:title\" content=\"Warum der Tag des Grundeinkommens am 1. Mai - Basic Income Day\" \/>\n<meta property=\"og:description\" content=\"Der Tag des Grundeinkommens ist eine gro\u00dfartige Idee, besonders am Maifeiertag! In einem k\u00fcrzlich ver\u00f6ffentlichten Gutachten, das am 2. Mai hier ver\u00f6ffentlicht wurde, machte Jurgen De Wispelaere geltend, dass der [&hellip;]\" \/>\n<meta property=\"og:url\" content=\"https:\/\/basicincomeday.org\/ubi\/warum-der-tag-des-grundeinkommens-am-1-mai\/\" \/>\n<meta property=\"og:site_name\" content=\"Basic Income Day\" \/>\n<meta property=\"og:image\" content=\"https:\/\/basicincomeday.org\/ubi\/wp-content\/uploads\/2015\/05\/labor.jpg\" \/>\n\t<meta property=\"og:image:width\" content=\"500\" \/>\n\t<meta property=\"og:image:height\" content=\"375\" \/>\n\t<meta property=\"og:image:type\" content=\"image\/jpeg\" \/>\n<meta name=\"twitter:label1\" content=\"Est. reading time\" \/>\n\t<meta name=\"twitter:data1\" content=\"8 minutes\" \/>\n<script type=\"application\/ld+json\" class=\"yoast-schema-graph\">{\"@context\":\"https:\\\/\\\/schema.org\",\"@graph\":[{\"@type\":\"WebPage\",\"@id\":\"https:\\\/\\\/basicincomeday.org\\\/ubi\\\/warum-der-tag-des-grundeinkommens-am-1-mai\\\/\",\"url\":\"https:\\\/\\\/basicincomeday.org\\\/ubi\\\/warum-der-tag-des-grundeinkommens-am-1-mai\\\/\",\"name\":\"Warum der Tag des Grundeinkommens am 1. Mai - Basic Income Day\",\"isPartOf\":{\"@id\":\"https:\\\/\\\/basicincomeday.org\\\/ubi\\\/#website\"},\"primaryImageOfPage\":{\"@id\":\"https:\\\/\\\/basicincomeday.org\\\/ubi\\\/warum-der-tag-des-grundeinkommens-am-1-mai\\\/#primaryimage\"},\"image\":{\"@id\":\"https:\\\/\\\/basicincomeday.org\\\/ubi\\\/warum-der-tag-des-grundeinkommens-am-1-mai\\\/#primaryimage\"},\"thumbnailUrl\":\"https:\\\/\\\/basicincomeday.org\\\/ubi\\\/wp-content\\\/uploads\\\/2015\\\/05\\\/labor.jpg\",\"datePublished\":\"2019-04-10T06:42:20+00:00\",\"breadcrumb\":{\"@id\":\"https:\\\/\\\/basicincomeday.org\\\/ubi\\\/warum-der-tag-des-grundeinkommens-am-1-mai\\\/#breadcrumb\"},\"inLanguage\":\"en-US\",\"potentialAction\":[{\"@type\":\"ReadAction\",\"target\":[\"https:\\\/\\\/basicincomeday.org\\\/ubi\\\/warum-der-tag-des-grundeinkommens-am-1-mai\\\/\"]}]},{\"@type\":\"ImageObject\",\"inLanguage\":\"en-US\",\"@id\":\"https:\\\/\\\/basicincomeday.org\\\/ubi\\\/warum-der-tag-des-grundeinkommens-am-1-mai\\\/#primaryimage\",\"url\":\"https:\\\/\\\/basicincomeday.org\\\/ubi\\\/wp-content\\\/uploads\\\/2015\\\/05\\\/labor.jpg\",\"contentUrl\":\"https:\\\/\\\/basicincomeday.org\\\/ubi\\\/wp-content\\\/uploads\\\/2015\\\/05\\\/labor.jpg\",\"width\":500,\"height\":375},{\"@type\":\"BreadcrumbList\",\"@id\":\"https:\\\/\\\/basicincomeday.org\\\/ubi\\\/warum-der-tag-des-grundeinkommens-am-1-mai\\\/#breadcrumb\",\"itemListElement\":[{\"@type\":\"ListItem\",\"position\":1,\"name\":\"Home\",\"item\":\"https:\\\/\\\/basicincomeday.org\\\/ubi\\\/\"},{\"@type\":\"ListItem\",\"position\":2,\"name\":\"Warum der Tag des Grundeinkommens am 1. Mai\"}]},{\"@type\":\"WebSite\",\"@id\":\"https:\\\/\\\/basicincomeday.org\\\/ubi\\\/#website\",\"url\":\"https:\\\/\\\/basicincomeday.org\\\/ubi\\\/\",\"name\":\"Basic Income Day\",\"description\":\"Basic Income is a Human Right\",\"potentialAction\":[{\"@type\":\"SearchAction\",\"target\":{\"@type\":\"EntryPoint\",\"urlTemplate\":\"https:\\\/\\\/basicincomeday.org\\\/ubi\\\/?s={search_term_string}\"},\"query-input\":{\"@type\":\"PropertyValueSpecification\",\"valueRequired\":true,\"valueName\":\"search_term_string\"}}],\"inLanguage\":\"en-US\"}]}<\/script>\n<!-- \/ Yoast SEO plugin. -->","yoast_head_json":{"title":"Warum der Tag des Grundeinkommens am 1. Mai - Basic Income Day","robots":{"index":"index","follow":"follow","max-snippet":"max-snippet:-1","max-image-preview":"max-image-preview:large","max-video-preview":"max-video-preview:-1"},"canonical":"https:\/\/basicincomeday.org\/ubi\/warum-der-tag-des-grundeinkommens-am-1-mai\/","og_locale":"en_US","og_type":"article","og_title":"Warum der Tag des Grundeinkommens am 1. Mai - Basic Income Day","og_description":"Der Tag des Grundeinkommens ist eine gro\u00dfartige Idee, besonders am Maifeiertag! In einem k\u00fcrzlich ver\u00f6ffentlichten Gutachten, das am 2. Mai hier ver\u00f6ffentlicht wurde, machte Jurgen De Wispelaere geltend, dass der [&hellip;]","og_url":"https:\/\/basicincomeday.org\/ubi\/warum-der-tag-des-grundeinkommens-am-1-mai\/","og_site_name":"Basic Income Day","og_image":[{"width":500,"height":375,"url":"https:\/\/basicincomeday.org\/ubi\/wp-content\/uploads\/2015\/05\/labor.jpg","type":"image\/jpeg"}],"twitter_misc":{"Est. reading time":"8 minutes"},"schema":{"@context":"https:\/\/schema.org","@graph":[{"@type":"WebPage","@id":"https:\/\/basicincomeday.org\/ubi\/warum-der-tag-des-grundeinkommens-am-1-mai\/","url":"https:\/\/basicincomeday.org\/ubi\/warum-der-tag-des-grundeinkommens-am-1-mai\/","name":"Warum der Tag des Grundeinkommens am 1. Mai - Basic Income Day","isPartOf":{"@id":"https:\/\/basicincomeday.org\/ubi\/#website"},"primaryImageOfPage":{"@id":"https:\/\/basicincomeday.org\/ubi\/warum-der-tag-des-grundeinkommens-am-1-mai\/#primaryimage"},"image":{"@id":"https:\/\/basicincomeday.org\/ubi\/warum-der-tag-des-grundeinkommens-am-1-mai\/#primaryimage"},"thumbnailUrl":"https:\/\/basicincomeday.org\/ubi\/wp-content\/uploads\/2015\/05\/labor.jpg","datePublished":"2019-04-10T06:42:20+00:00","breadcrumb":{"@id":"https:\/\/basicincomeday.org\/ubi\/warum-der-tag-des-grundeinkommens-am-1-mai\/#breadcrumb"},"inLanguage":"en-US","potentialAction":[{"@type":"ReadAction","target":["https:\/\/basicincomeday.org\/ubi\/warum-der-tag-des-grundeinkommens-am-1-mai\/"]}]},{"@type":"ImageObject","inLanguage":"en-US","@id":"https:\/\/basicincomeday.org\/ubi\/warum-der-tag-des-grundeinkommens-am-1-mai\/#primaryimage","url":"https:\/\/basicincomeday.org\/ubi\/wp-content\/uploads\/2015\/05\/labor.jpg","contentUrl":"https:\/\/basicincomeday.org\/ubi\/wp-content\/uploads\/2015\/05\/labor.jpg","width":500,"height":375},{"@type":"BreadcrumbList","@id":"https:\/\/basicincomeday.org\/ubi\/warum-der-tag-des-grundeinkommens-am-1-mai\/#breadcrumb","itemListElement":[{"@type":"ListItem","position":1,"name":"Home","item":"https:\/\/basicincomeday.org\/ubi\/"},{"@type":"ListItem","position":2,"name":"Warum der Tag des Grundeinkommens am 1. Mai"}]},{"@type":"WebSite","@id":"https:\/\/basicincomeday.org\/ubi\/#website","url":"https:\/\/basicincomeday.org\/ubi\/","name":"Basic Income Day","description":"Basic Income is a Human Right","potentialAction":[{"@type":"SearchAction","target":{"@type":"EntryPoint","urlTemplate":"https:\/\/basicincomeday.org\/ubi\/?s={search_term_string}"},"query-input":{"@type":"PropertyValueSpecification","valueRequired":true,"valueName":"search_term_string"}}],"inLanguage":"en-US"}]}},"_links":{"self":[{"href":"https:\/\/basicincomeday.org\/ubi\/wp-json\/wp\/v2\/pages\/1001","targetHints":{"allow":["GET"]}}],"collection":[{"href":"https:\/\/basicincomeday.org\/ubi\/wp-json\/wp\/v2\/pages"}],"about":[{"href":"https:\/\/basicincomeday.org\/ubi\/wp-json\/wp\/v2\/types\/page"}],"author":[{"embeddable":true,"href":"https:\/\/basicincomeday.org\/ubi\/wp-json\/wp\/v2\/users\/1"}],"replies":[{"embeddable":true,"href":"https:\/\/basicincomeday.org\/ubi\/wp-json\/wp\/v2\/comments?post=1001"}],"version-history":[{"count":1,"href":"https:\/\/basicincomeday.org\/ubi\/wp-json\/wp\/v2\/pages\/1001\/revisions"}],"predecessor-version":[{"id":1002,"href":"https:\/\/basicincomeday.org\/ubi\/wp-json\/wp\/v2\/pages\/1001\/revisions\/1002"}],"wp:featuredmedia":[{"embeddable":true,"href":"https:\/\/basicincomeday.org\/ubi\/wp-json\/wp\/v2\/media\/549"}],"wp:attachment":[{"href":"https:\/\/basicincomeday.org\/ubi\/wp-json\/wp\/v2\/media?parent=1001"}],"curies":[{"name":"wp","href":"https:\/\/api.w.org\/{rel}","templated":true}]}}